{"id":5873,"date":"2025-07-02T12:58:19","date_gmt":"2025-07-02T12:58:19","guid":{"rendered":"https:\/\/tunderiportekak.hu\/?post_type=product&#038;p=5873"},"modified":"2026-04-08T11:33:02","modified_gmt":"2026-04-08T09:33:02","slug":"panni-barefoot-mezitlabas-cipotalp-fekete-szinben","status":"publish","type":"product","link":"https:\/\/tunderiportekak.hu\/en\/product\/panni-barefoot-mezitlabas-cipotalp-fekete-szinben\/","title":{"rendered":"Panni barefoot (mez\u00edtl\u00e1bas) cip\u0151talp fekete sz\u00ednben"},"content":{"rendered":"<p>N\u00e9zz\u00fck, hogy mi\u00e9rt jobb egy nemezcip\u0151h\u00f6z a \u201ePanni\u201d talp:<\/p>\n<ul>\n<li>It is sufficiently widened at the front of the foot, and the rim, slightly angled outwards, so it does not cut into the fabric.<\/li>\n<li>J\u00f3l illeszkedik a l\u00e1bfej anat\u00f3mi\u00e1j\u00e1hoz, a sarok is lapos, \u00edgy val\u00f3ban olyan \u00e9rz\u00e9sed lehet, mintha mez\u00edtl\u00e1b j\u00e1rn\u00e1l.<\/li>\n<li>V\u00e9gre egy cip\u0151talp, ami term\u00e9szetesen illeszkedik egy olyan term\u00e9szetes anyaghoz, mint a nemez.<\/li>\n<li>A sarok-r\u00e9sz feljebb emelkedik, hogy aut\u00f3vezet\u00e9s k\u00f6zben a nemezcip\u0151nk sarka ne koszol\u00f3djon.<\/li>\n<li>A talp anyag\u00e1nak, \u00e9s az azon tal\u00e1lhat\u00f3 cs\u00fasz\u00e1sg\u00e1tl\u00f3 mint\u00e1nak k\u00f6sz\u00f6nhet\u0151en, l\u00e1bbelink t\u00e9len is hordhat\u00f3, hiszen j\u00f3l t\u0171ri a fagyos id\u0151j\u00e1r\u00e1st is.<\/li>\n<li>A varr\u00e1s\u00e1rok seg\u00edts\u00e9g\u00e9vel egyszer\u0171bben varrhatjuk fel a talpat a nemezfels\u0151r\u00e9szre.<\/li>\n<li>A talp fekete \u00e9s vil\u00e1gos m\u00e9z sz\u00ednben el\u00e9rhet\u0151.<\/li>\n<li>Mivel a talp bels\u0151 fel\u00fclet\u00e9n\u00a0 az anyag v\u00e9konys\u00e1ga miatt nem tal\u00e1lhat\u00f3 k\u00f6nny\u00edt\u00e9s, ez\u00e9rt EVA k\u00f6nny\u00edt\u00e9st lefed\u0151 gumianyagot sem kell tenni bele.<\/li>\n<\/ul>\n<p>M\u00e9ret, talp bels\u0151 hossza,\u00a0 sz\u00e9less\u00e9ge<\/p>\n<ul>\n<li>35-\u00f6s:\u00a0 23,5 cm, 8,5 cm<\/li>\n<li><span style=\"vertical-align: inherit;\"><span style=\"vertical-align: inherit;\"><span style=\"vertical-align: inherit;\"><span style=\"vertical-align: inherit;\">36-os: 24,3 cm, 9 cm<\/span><\/span><\/span><\/span><\/li>\n<li><span style=\"vertical-align: inherit;\"><span style=\"vertical-align: inherit;\"><span style=\"vertical-align: inherit;\"><span style=\"vertical-align: inherit;\">37-es: 25 cm, 9 cm<\/span><\/span><\/span><\/span><\/li>\n<li><span style=\"vertical-align: inherit;\"><span style=\"vertical-align: inherit;\"><span style=\"vertical-align: inherit;\"><span style=\"vertical-align: inherit;\">38-as: 25,5 cm, 9,5 cm<\/span><\/span><\/span><\/span><\/li>\n<li><span style=\"vertical-align: inherit;\"><span style=\"vertical-align: inherit;\"><span style=\"vertical-align: inherit;\"><span style=\"vertical-align: inherit;\">39-es: 26,3cm, 9,5 cm<\/span><\/span><\/span><\/span><\/li>\n<li><span style=\"vertical-align: inherit;\"><span style=\"vertical-align: inherit;\"><span style=\"vertical-align: inherit;\"><span style=\"vertical-align: inherit;\">40-es: 27 cm, 9,5 cm<\/span><\/span><\/span><\/span><\/li>\n<li style=\"text-align: left;\"><span style=\"vertical-align: inherit;\"><span style=\"vertical-align: inherit;\"><span style=\"vertical-align: inherit;\"><span style=\"vertical-align: inherit;\">41-es: 27,5 cm, 9,8 cm<\/span><\/span><\/span><\/span><\/li>\n<li>42-es: 28 cm, 10 cm<\/li>\n<li>43-as: 28,5 cm, 10 cm<\/li>\n<li>44-es: 29,3 cm, 10,3 cm<\/li>\n<li>45-\u00f6s: 30 cm, 10,5 cm<\/li>\n<\/ul>","protected":false},"excerpt":{"rendered":"<p>Over the years of making felt shoes, I have experienced that the durability of footwear often depends on the shape and quality of the sole that is sewn onto it.<\/p>\n<p>Most v\u00e9gre a nemezl\u00e1bbeliket barefoot (mez\u00edtl\u00e1bas) cip\u0151k\u00e9nt is elk\u00e9sz\u00edtheted.<\/p>\n<h6 style=\"text-align: left;\"><\/h6>","protected":false},"featured_media":5861,"template":"","meta":{"site-sidebar-layout":"default","site-content-layout":"","ast-site-content-layout":"default","site-content-style":"default","site-sidebar-style":"default","ast-global-header-display":"","ast-banner-title-visibility":"","ast-main-header-display":"","ast-hfb-above-header-display":"","ast-hfb-below-header-display":"","ast-hfb-mobile-header-display":"","site-post-title":"","ast-breadcrumbs-content":"","ast-featured-img":"","footer-sml-layout":"","ast-disable-related-posts":"","theme-transparent-header-meta":"default","adv-header-id-meta":"","stick-header-meta":"","header-above-stick-meta":"","header-main-stick-meta":"","header-below-stick-meta":"","astra-migrate-meta-layouts":"set","ast-page-background-enabled":"default","ast-page-background-meta":{"desktop":{"background-color":"","background-image":"","background-repeat":"repeat","background-position":"center center","background-size":"auto","background-attachment":"scroll","background-type":"","background-media":"","overlay-type":"","overlay-color":"","overlay-opacity":"","overlay-gradient":""},"tablet":{"background-color":"","background-image":"","background-repeat":"repeat","background-position":"center center","background-size":"auto","background-attachment":"scroll","background-type":"","background-media":"","overlay-type":"","overlay-color":"","overlay-opacity":"","overlay-gradient":""},"mobile":{"background-color":"","background-image":"","background-repeat":"repeat","background-position":"center center","background-size":"auto","background-attachment":"scroll","background-type":"","background-media":"","overlay-type":"","overlay-color":"","overlay-opacity":"","overlay-gradient":""}},"ast-content-background-meta":{"desktop":{"background-color":"var(--ast-global-color-5)","background-image":"","background-repeat":"repeat","background-position":"center center","background-size":"auto","background-attachment":"scroll","background-type":"","background-media":"","overlay-type":"","overlay-color":"","overlay-opacity":"","overlay-gradient":""},"tablet":{"background-color":"var(--ast-global-color-5)","background-image":"","background-repeat":"repeat","background-position":"center center","background-size":"auto","background-attachment":"scroll","background-type":"","background-media":"","overlay-type":"","overlay-color":"","overlay-opacity":"","overlay-gradient":""},"mobile":{"background-color":"var(--ast-global-color-5)","background-image":"","background-repeat":"repeat","background-position":"center center","background-size":"auto","background-attachment":"scroll","background-type":"","background-media":"","overlay-type":"","overlay-color":"","overlay-opacity":"","overlay-gradient":""}}},"product_brand":[],"product_cat":[93,32],"product_tag":[47],"class_list":{"0":"post-5873","1":"product","2":"type-product","3":"status-publish","4":"has-post-thumbnail","6":"product_cat-cipotalpak-cipotalpak","7":"product_cat-cipotalpak","8":"product_tag-cipotalp","9":"desktop-align-left","10":"tablet-align-left","11":"mobile-align-left","13":"first","14":"instock","15":"taxable","16":"shipping-taxable","17":"purchasable","18":"product-type-variable"},"yoast_head":"<!-- This site is optimized with the Yoast SEO Premium plugin v27.3 (Yoast SEO v27.3) - https:\/\/yoast.com\/product\/yoast-seo-premium-wordpress\/ -->\n<title>Panni barefoot (mez\u00edtl\u00e1bas) cip\u0151talp fekete sz\u00ednben -<\/title>\n<meta name=\"description\" content=\"Barefoot cip\u0151talp nemezcip\u0151kh\u00f6z \u2013 term\u00e9szetes mozg\u00e1s, val\u00f3di k\u00e9nyelem.K\u00f6nny\u0171, rugalmas barefoot cip\u0151talp, ami t\u00f6k\u00e9letess\u00e9 teszi a term\u00e9szetes nemezl\u00e1bbelik visel\u00e9s\u00e9t \u2013 k\u00e9nyelmes, tart\u00f3s, term\u00e9szetk\u00f6zeli.\" \/>\n<meta name=\"robots\" content=\"index, follow, max-snippet:-1, max-image-preview:large, max-video-preview:-1\" \/>\n<link rel=\"canonical\" href=\"https:\/\/tunderiportekak.hu\/en\/product\/panni-barefoot-mezitlabas-cipotalp-fekete-szinben\/\" \/>\n<meta property=\"og:locale\" content=\"en_US\" \/>\n<meta property=\"og:type\" content=\"article\" \/>\n<meta property=\"og:title\" content=\"Panni barefoot (mez\u00edtl\u00e1bas) cip\u0151talp fekete sz\u00ednben\" \/>\n<meta property=\"og:description\" content=\"Barefoot cip\u0151talp nemezcip\u0151kh\u00f6z \u2013 term\u00e9szetes mozg\u00e1s, val\u00f3di k\u00e9nyelem.K\u00f6nny\u0171, rugalmas barefoot cip\u0151talp, ami t\u00f6k\u00e9letess\u00e9 teszi a term\u00e9szetes nemezl\u00e1bbelik visel\u00e9s\u00e9t \u2013 k\u00e9nyelmes, tart\u00f3s, term\u00e9szetk\u00f6zeli.\" \/>\n<meta property=\"og:url\" content=\"https:\/\/tunderiportekak.hu\/en\/product\/panni-barefoot-mezitlabas-cipotalp-fekete-szinben\/\" \/>\n<meta property=\"article:modified_time\" content=\"2026-04-08T09:33:02+00:00\" \/>\n<meta property=\"og:image\" content=\"https:\/\/tunderiportekak.hu\/wp-content\/uploads\/2025\/07\/20250702_094215.jpg\" \/>\n\t<meta property=\"og:image:width\" content=\"2122\" \/>\n\t<meta property=\"og:image:height\" content=\"1884\" \/>\n\t<meta property=\"og:image:type\" content=\"image\/jpeg\" \/>\n<meta name=\"twitter:card\" content=\"summary_large_image\" \/>\n<meta name=\"twitter:label1\" content=\"Est. reading time\" \/>\n\t<meta name=\"twitter:data1\" content=\"2 minutes\" \/>\n<script type=\"application\/ld+json\" class=\"yoast-schema-graph\">{\"@context\":\"https:\\\/\\\/schema.org\",\"@graph\":[{\"@type\":\"WebPage\",\"@id\":\"https:\\\/\\\/tunderiportekak.hu\\\/termek\\\/panni-barefoot-mezitlabas-cipotalp-fekete-szinben\\\/\",\"url\":\"https:\\\/\\\/tunderiportekak.hu\\\/termek\\\/panni-barefoot-mezitlabas-cipotalp-fekete-szinben\\\/\",\"name\":\"Panni barefoot (mez\u00edtl\u00e1bas) cip\u0151talp fekete sz\u00ednben -\",\"isPartOf\":{\"@id\":\"https:\\\/\\\/tunderiportekak.hu\\\/#website\"},\"primaryImageOfPage\":{\"@id\":\"https:\\\/\\\/tunderiportekak.hu\\\/termek\\\/panni-barefoot-mezitlabas-cipotalp-fekete-szinben\\\/#primaryimage\"},\"image\":{\"@id\":\"https:\\\/\\\/tunderiportekak.hu\\\/termek\\\/panni-barefoot-mezitlabas-cipotalp-fekete-szinben\\\/#primaryimage\"},\"thumbnailUrl\":\"https:\\\/\\\/tunderiportekak.hu\\\/wp-content\\\/uploads\\\/2025\\\/07\\\/20250702_094215.jpg\",\"datePublished\":\"2025-07-02T12:58:19+00:00\",\"dateModified\":\"2026-04-08T09:33:02+00:00\",\"description\":\"Barefoot cip\u0151talp nemezcip\u0151kh\u00f6z \u2013 term\u00e9szetes mozg\u00e1s, val\u00f3di k\u00e9nyelem.K\u00f6nny\u0171, rugalmas barefoot cip\u0151talp, ami t\u00f6k\u00e9letess\u00e9 teszi a term\u00e9szetes nemezl\u00e1bbelik visel\u00e9s\u00e9t \u2013 k\u00e9nyelmes, tart\u00f3s, term\u00e9szetk\u00f6zeli.\",\"breadcrumb\":{\"@id\":\"https:\\\/\\\/tunderiportekak.hu\\\/termek\\\/panni-barefoot-mezitlabas-cipotalp-fekete-szinben\\\/#breadcrumb\"},\"inLanguage\":\"en-US\",\"potentialAction\":[{\"@type\":\"ReadAction\",\"target\":[\"https:\\\/\\\/tunderiportekak.hu\\\/termek\\\/panni-barefoot-mezitlabas-cipotalp-fekete-szinben\\\/\"]}]},{\"@type\":\"ImageObject\",\"inLanguage\":\"en-US\",\"@id\":\"https:\\\/\\\/tunderiportekak.hu\\\/termek\\\/panni-barefoot-mezitlabas-cipotalp-fekete-szinben\\\/#primaryimage\",\"url\":\"https:\\\/\\\/tunderiportekak.hu\\\/wp-content\\\/uploads\\\/2025\\\/07\\\/20250702_094215.jpg\",\"contentUrl\":\"https:\\\/\\\/tunderiportekak.hu\\\/wp-content\\\/uploads\\\/2025\\\/07\\\/20250702_094215.jpg\",\"width\":2122,\"height\":1884},{\"@type\":\"BreadcrumbList\",\"@id\":\"https:\\\/\\\/tunderiportekak.hu\\\/termek\\\/panni-barefoot-mezitlabas-cipotalp-fekete-szinben\\\/#breadcrumb\",\"itemListElement\":[{\"@type\":\"ListItem\",\"position\":1,\"name\":\"Home\",\"item\":\"https:\\\/\\\/tunderiportekak.hu\\\/\"},{\"@type\":\"ListItem\",\"position\":2,\"name\":\"Bolt\",\"item\":\"https:\\\/\\\/tunderiportekak.hu\\\/bolt\\\/\"},{\"@type\":\"ListItem\",\"position\":3,\"name\":\"Panni barefoot (mez\u00edtl\u00e1bas) cip\u0151talp fekete sz\u00ednben\"}]},{\"@type\":\"WebSite\",\"@id\":\"https:\\\/\\\/tunderiportekak.hu\\\/#website\",\"url\":\"https:\\\/\\\/tunderiportekak.hu\\\/\",\"name\":\"\",\"description\":\"Nemezcip\u0151 k\u00e9sz\u00edt\u0151 \u00e9lm\u00e9nyprogramok\",\"potentialAction\":[{\"@type\":\"SearchAction\",\"target\":{\"@type\":\"EntryPoint\",\"urlTemplate\":\"https:\\\/\\\/tunderiportekak.hu\\\/?s={search_term_string}\"},\"query-input\":{\"@type\":\"PropertyValueSpecification\",\"valueRequired\":true,\"valueName\":\"search_term_string\"}}],\"inLanguage\":\"en-US\"}]}<\/script>\n<!-- \/ Yoast SEO Premium plugin. -->","yoast_head_json":{"title":"Panni barefoot (mez\u00edtl\u00e1bas) cip\u0151talp fekete sz\u00ednben -","description":"Barefoot cip\u0151talp nemezcip\u0151kh\u00f6z \u2013 term\u00e9szetes mozg\u00e1s, val\u00f3di k\u00e9nyelem.K\u00f6nny\u0171, rugalmas barefoot cip\u0151talp, ami t\u00f6k\u00e9letess\u00e9 teszi a term\u00e9szetes nemezl\u00e1bbelik visel\u00e9s\u00e9t \u2013 k\u00e9nyelmes, tart\u00f3s, term\u00e9szetk\u00f6zeli.","robots":{"index":"index","follow":"follow","max-snippet":"max-snippet:-1","max-image-preview":"max-image-preview:large","max-video-preview":"max-video-preview:-1"},"canonical":"https:\/\/tunderiportekak.hu\/en\/product\/panni-barefoot-mezitlabas-cipotalp-fekete-szinben\/","og_locale":"en_US","og_type":"article","og_title":"Panni barefoot (mez\u00edtl\u00e1bas) cip\u0151talp fekete sz\u00ednben","og_description":"Barefoot cip\u0151talp nemezcip\u0151kh\u00f6z \u2013 term\u00e9szetes mozg\u00e1s, val\u00f3di k\u00e9nyelem.K\u00f6nny\u0171, rugalmas barefoot cip\u0151talp, ami t\u00f6k\u00e9letess\u00e9 teszi a term\u00e9szetes nemezl\u00e1bbelik visel\u00e9s\u00e9t \u2013 k\u00e9nyelmes, tart\u00f3s, term\u00e9szetk\u00f6zeli.","og_url":"https:\/\/tunderiportekak.hu\/en\/product\/panni-barefoot-mezitlabas-cipotalp-fekete-szinben\/","article_modified_time":"2026-04-08T09:33:02+00:00","og_image":[{"width":2122,"height":1884,"url":"https:\/\/tunderiportekak.hu\/wp-content\/uploads\/2025\/07\/20250702_094215.jpg","type":"image\/jpeg"}],"twitter_card":"summary_large_image","twitter_misc":{"Est. reading time":"2 minutes"},"schema":{"@context":"https:\/\/schema.org","@graph":[{"@type":"WebPage","@id":"https:\/\/tunderiportekak.hu\/termek\/panni-barefoot-mezitlabas-cipotalp-fekete-szinben\/","url":"https:\/\/tunderiportekak.hu\/termek\/panni-barefoot-mezitlabas-cipotalp-fekete-szinben\/","name":"Panni barefoot (mez\u00edtl\u00e1bas) cip\u0151talp fekete sz\u00ednben -","isPartOf":{"@id":"https:\/\/tunderiportekak.hu\/#website"},"primaryImageOfPage":{"@id":"https:\/\/tunderiportekak.hu\/termek\/panni-barefoot-mezitlabas-cipotalp-fekete-szinben\/#primaryimage"},"image":{"@id":"https:\/\/tunderiportekak.hu\/termek\/panni-barefoot-mezitlabas-cipotalp-fekete-szinben\/#primaryimage"},"thumbnailUrl":"https:\/\/tunderiportekak.hu\/wp-content\/uploads\/2025\/07\/20250702_094215.jpg","datePublished":"2025-07-02T12:58:19+00:00","dateModified":"2026-04-08T09:33:02+00:00","description":"Barefoot cip\u0151talp nemezcip\u0151kh\u00f6z \u2013 term\u00e9szetes mozg\u00e1s, val\u00f3di k\u00e9nyelem.K\u00f6nny\u0171, rugalmas barefoot cip\u0151talp, ami t\u00f6k\u00e9letess\u00e9 teszi a term\u00e9szetes nemezl\u00e1bbelik visel\u00e9s\u00e9t \u2013 k\u00e9nyelmes, tart\u00f3s, term\u00e9szetk\u00f6zeli.","breadcrumb":{"@id":"https:\/\/tunderiportekak.hu\/termek\/panni-barefoot-mezitlabas-cipotalp-fekete-szinben\/#breadcrumb"},"inLanguage":"en-US","potentialAction":[{"@type":"ReadAction","target":["https:\/\/tunderiportekak.hu\/termek\/panni-barefoot-mezitlabas-cipotalp-fekete-szinben\/"]}]},{"@type":"ImageObject","inLanguage":"en-US","@id":"https:\/\/tunderiportekak.hu\/termek\/panni-barefoot-mezitlabas-cipotalp-fekete-szinben\/#primaryimage","url":"https:\/\/tunderiportekak.hu\/wp-content\/uploads\/2025\/07\/20250702_094215.jpg","contentUrl":"https:\/\/tunderiportekak.hu\/wp-content\/uploads\/2025\/07\/20250702_094215.jpg","width":2122,"height":1884},{"@type":"BreadcrumbList","@id":"https:\/\/tunderiportekak.hu\/termek\/panni-barefoot-mezitlabas-cipotalp-fekete-szinben\/#breadcrumb","itemListElement":[{"@type":"ListItem","position":1,"name":"Home","item":"https:\/\/tunderiportekak.hu\/"},{"@type":"ListItem","position":2,"name":"Bolt","item":"https:\/\/tunderiportekak.hu\/bolt\/"},{"@type":"ListItem","position":3,"name":"Panni barefoot (mez\u00edtl\u00e1bas) cip\u0151talp fekete sz\u00ednben"}]},{"@type":"WebSite","@id":"https:\/\/tunderiportekak.hu\/#website","url":"https:\/\/tunderiportekak.hu\/","name":"","description":"Felt shoe making programmes","potentialAction":[{"@type":"SearchAction","target":{"@type":"EntryPoint","urlTemplate":"https:\/\/tunderiportekak.hu\/?s={search_term_string}"},"query-input":{"@type":"PropertyValueSpecification","valueRequired":true,"valueName":"search_term_string"}}],"inLanguage":"en-US"}]}},"_links":{"self":[{"href":"https:\/\/tunderiportekak.hu\/en\/wp-json\/wp\/v2\/product\/5873","targetHints":{"allow":["GET"]}}],"collection":[{"href":"https:\/\/tunderiportekak.hu\/en\/wp-json\/wp\/v2\/product"}],"about":[{"href":"https:\/\/tunderiportekak.hu\/en\/wp-json\/wp\/v2\/types\/product"}],"wp:featuredmedia":[{"embeddable":true,"href":"https:\/\/tunderiportekak.hu\/en\/wp-json\/wp\/v2\/media\/5861"}],"wp:attachment":[{"href":"https:\/\/tunderiportekak.hu\/en\/wp-json\/wp\/v2\/media?parent=5873"}],"wp:term":[{"taxonomy":"product_brand","embeddable":true,"href":"https:\/\/tunderiportekak.hu\/en\/wp-json\/wp\/v2\/product_brand?post=5873"},{"taxonomy":"product_cat","embeddable":true,"href":"https:\/\/tunderiportekak.hu\/en\/wp-json\/wp\/v2\/product_cat?post=5873"},{"taxonomy":"product_tag","embeddable":true,"href":"https:\/\/tunderiportekak.hu\/en\/wp-json\/wp\/v2\/product_tag?post=5873"}],"curies":[{"name":"wp","href":"https:\/\/api.w.org\/{rel}","templated":true}]}}