{"id":3909,"date":"2024-06-15T13:42:40","date_gmt":"2024-06-15T13:42:40","guid":{"rendered":"https:\/\/tunderiportekak.hu\/?post_type=product&#038;p=3909"},"modified":"2026-04-08T11:50:12","modified_gmt":"2026-04-08T09:50:12","slug":"ajandekutalvany-nemezcipo-keszito-programra","status":"publish","type":"product","link":"https:\/\/tunderiportekak.hu\/en\/product\/ajandekutalvany-nemezcipo-keszito-programra\/","title":{"rendered":"Aj\u00e1nd\u00e9kutalv\u00e1ny &#8211; Nemezcip\u0151 k\u00e9sz\u00edt\u0151 programra"},"content":{"rendered":"<p class=\"\" data-start=\"276\" data-end=\"327\"><strong data-start=\"276\" data-end=\"327\">Aj\u00e1nd\u00e9kozz \u00e9lm\u00e9nyt, alkot\u00e1st \u00e9s kikapcsol\u00f3d\u00e1st!<\/strong><\/p>\n<p class=\"\" data-start=\"329\" data-end=\"618\">A m\u0171helyfoglalkoz\u00e1sokat R\u00e1kospalota kertv\u00e1ros\u00e1ban tartom. Fontosnak \u00e9rzem, hogy id\u0151t sz\u00e1njunk arra, hogy kikapcsol\u00f3djunk, \u00faj dolgokat fedezz\u00fcnk fel, \u00e9s szabadj\u00e1ra engedj\u00fck a k\u00e9pzelet\u00fcnket. \u00c9n csup\u00e1n a keretet adom az alkot\u00f3v\u00e1gyad mell\u00e9 \u2013 t\u00e1mogatva az \u00faj \u00e9s eredeti \u00f6tleteket, megold\u00e1sokat.<\/p>\n<p class=\"\" data-start=\"620\" data-end=\"935\">Mik\u00f6zben elk\u00e9sz\u00edtj\u00fck a saj\u00e1t nemezcip\u0151nket, besz\u00e9lget\u00fcnk, nevetg\u00e9l\u00fcnk \u2013 egysz\u00f3val felszabadultan alkotunk. Igaz, hogy egy ilyen cip\u0151 elk\u00e9sz\u00edt\u00e9se komoly fizikai munka, m\u00e9gis a program v\u00e9g\u00e9n kipihent l\u00e9lekkel t\u00e1voznak a r\u00e9sztvev\u0151k. Az alkot\u00e1s \u00f6r\u00f6met, el\u00e9gedetts\u00e9get hoz, \u00e9s k\u00f6zben a gondok is h\u00e1tt\u00e9rbe szorulnak.<\/p>","protected":false},"excerpt":{"rendered":"<p class=\"\" data-start=\"114\" data-end=\"435\"><strong data-start=\"117\" data-end=\"177\">Aj\u00e1nd\u00e9kozz alkot\u00e1st, pihen\u00e9st \u00e9s egy k\u00fcl\u00f6nleges \u00e9lm\u00e9nyt!<\/strong><br data-start=\"177\" data-end=\"180\" \/>Az utalv\u00e1ny felmutat\u00e1s\u00e1val r\u00e9szt vehetsz egy nemezcip\u0151-k\u00e9sz\u00edt\u0151 programon a T\u00fcnd\u00e9ri Port\u00e9k\u00e1k M\u0171hely\u00e9ben, el\u0151zetesen egyeztetett id\u0151pontban. Az utalv\u00e1ny \u00e9rt\u00e9ke tartalmazza a 2 napos foglalkoz\u00e1st, az \u00f6sszes sz\u00fcks\u00e9ges alapanyagot \u00e9s az eszk\u00f6zhaszn\u00e1latot is.<\/p>\n<p class=\"\" data-start=\"437\" data-end=\"568\">Egy nap, amikor lelassulunk, alkotunk, nevet\u00fcnk \u2013 \u00e9s a v\u00e9g\u00e9n hazavisz\u00fcnk egy k\u00e9nyelmes, meleg, saj\u00e1t kez\u0171leg k\u00e9sz\u00fclt nemezcip\u0151t.<\/p>","protected":false},"featured_media":3910,"template":"","meta":{"site-sidebar-layout":"default","site-content-layout":"","ast-site-content-layout":"default","site-content-style":"default","site-sidebar-style":"default","ast-global-header-display":"","ast-banner-title-visibility":"","ast-main-header-display":"","ast-hfb-above-header-display":"","ast-hfb-below-header-display":"","ast-hfb-mobile-header-display":"","site-post-title":"","ast-breadcrumbs-content":"","ast-featured-img":"","footer-sml-layout":"","ast-disable-related-posts":"","theme-transparent-header-meta":"default","adv-header-id-meta":"","stick-header-meta":"","header-above-stick-meta":"","header-main-stick-meta":"","header-below-stick-meta":"","astra-migrate-meta-layouts":"set","ast-page-background-enabled":"default","ast-page-background-meta":{"desktop":{"background-color":"","background-image":"","background-repeat":"repeat","background-position":"center center","background-size":"auto","background-attachment":"scroll","background-type":"","background-media":"","overlay-type":"","overlay-color":"","overlay-opacity":"","overlay-gradient":""},"tablet":{"background-color":"","background-image":"","background-repeat":"repeat","background-position":"center center","background-size":"auto","background-attachment":"scroll","background-type":"","background-media":"","overlay-type":"","overlay-color":"","overlay-opacity":"","overlay-gradient":""},"mobile":{"background-color":"","background-image":"","background-repeat":"repeat","background-position":"center center","background-size":"auto","background-attachment":"scroll","background-type":"","background-media":"","overlay-type":"","overlay-color":"","overlay-opacity":"","overlay-gradient":""}},"ast-content-background-meta":{"desktop":{"background-color":"var(--ast-global-color-5)","background-image":"","background-repeat":"repeat","background-position":"center center","background-size":"auto","background-attachment":"scroll","background-type":"","background-media":"","overlay-type":"","overlay-color":"","overlay-opacity":"","overlay-gradient":""},"tablet":{"background-color":"var(--ast-global-color-5)","background-image":"","background-repeat":"repeat","background-position":"center center","background-size":"auto","background-attachment":"scroll","background-type":"","background-media":"","overlay-type":"","overlay-color":"","overlay-opacity":"","overlay-gradient":""},"mobile":{"background-color":"var(--ast-global-color-5)","background-image":"","background-repeat":"repeat","background-position":"center center","background-size":"auto","background-attachment":"scroll","background-type":"","background-media":"","overlay-type":"","overlay-color":"","overlay-opacity":"","overlay-gradient":""}}},"product_brand":[],"product_cat":[45],"product_tag":[],"class_list":{"0":"post-3909","1":"product","2":"type-product","3":"status-publish","4":"has-post-thumbnail","6":"product_cat-elmenyprogramok","7":"desktop-align-left","8":"tablet-align-left","9":"mobile-align-left","11":"first","12":"instock","13":"taxable","14":"shipping-taxable","15":"purchasable","16":"product-type-simple"},"yoast_head":"<!-- This site is optimized with the Yoast SEO Premium plugin v27.3 (Yoast SEO v27.3) - https:\/\/yoast.com\/product\/yoast-seo-premium-wordpress\/ -->\n<title>Aj\u00e1nd\u00e9kutalv\u00e1ny - Nemezcip\u0151 k\u00e9sz\u00edt\u0151 programra -<\/title>\n<meta name=\"robots\" content=\"index, follow, max-snippet:-1, max-image-preview:large, max-video-preview:-1\" \/>\n<link rel=\"canonical\" href=\"https:\/\/tunderiportekak.hu\/en\/product\/ajandekutalvany-nemezcipo-keszito-programra\/\" \/>\n<meta property=\"og:locale\" content=\"en_US\" \/>\n<meta property=\"og:type\" content=\"article\" \/>\n<meta property=\"og:title\" content=\"Aj\u00e1nd\u00e9kutalv\u00e1ny - Nemezcip\u0151 k\u00e9sz\u00edt\u0151 programra\" \/>\n<meta property=\"og:description\" content=\"Aj\u00e1nd\u00e9kozz alkot\u00e1st, pihen\u00e9st \u00e9s egy k\u00fcl\u00f6nleges \u00e9lm\u00e9nyt!Az utalv\u00e1ny felmutat\u00e1s\u00e1val r\u00e9szt vehetsz egy nemezcip\u0151-k\u00e9sz\u00edt\u0151 programon a T\u00fcnd\u00e9ri Port\u00e9k\u00e1k M\u0171hely\u00e9ben, el\u0151zetesen egyeztetett id\u0151pontban. Az utalv\u00e1ny \u00e9rt\u00e9ke tartalmazza a 2 napos foglalkoz\u00e1st, az \u00f6sszes sz\u00fcks\u00e9ges alapanyagot \u00e9s az eszk\u00f6zhaszn\u00e1latot is. Egy nap, amikor lelassulunk, alkotunk, nevet\u00fcnk \u2013 \u00e9s a v\u00e9g\u00e9n hazavisz\u00fcnk egy k\u00e9nyelmes, meleg, saj\u00e1t kez\u0171leg k\u00e9sz\u00fclt nemezcip\u0151t.\" \/>\n<meta property=\"og:url\" content=\"https:\/\/tunderiportekak.hu\/en\/product\/ajandekutalvany-nemezcipo-keszito-programra\/\" \/>\n<meta property=\"article:modified_time\" content=\"2026-04-08T09:50:12+00:00\" \/>\n<meta property=\"og:image\" content=\"https:\/\/tunderiportekak.hu\/wp-content\/uploads\/2024\/06\/Ajandekutalvany3-vebmeret.jpg\" \/>\n\t<meta property=\"og:image:width\" content=\"852\" \/>\n\t<meta property=\"og:image:height\" content=\"1024\" \/>\n\t<meta property=\"og:image:type\" content=\"image\/jpeg\" \/>\n<meta name=\"twitter:card\" content=\"summary_large_image\" \/>\n<meta name=\"twitter:label1\" content=\"Est. reading time\" \/>\n\t<meta name=\"twitter:data1\" content=\"1 minute\" \/>\n<script type=\"application\/ld+json\" class=\"yoast-schema-graph\">{\"@context\":\"https:\\\/\\\/schema.org\",\"@graph\":[{\"@type\":\"WebPage\",\"@id\":\"https:\\\/\\\/tunderiportekak.hu\\\/termek\\\/ajandekutalvany-nemezcipo-keszito-programra\\\/\",\"url\":\"https:\\\/\\\/tunderiportekak.hu\\\/termek\\\/ajandekutalvany-nemezcipo-keszito-programra\\\/\",\"name\":\"Aj\u00e1nd\u00e9kutalv\u00e1ny - Nemezcip\u0151 k\u00e9sz\u00edt\u0151 programra -\",\"isPartOf\":{\"@id\":\"https:\\\/\\\/tunderiportekak.hu\\\/#website\"},\"primaryImageOfPage\":{\"@id\":\"https:\\\/\\\/tunderiportekak.hu\\\/termek\\\/ajandekutalvany-nemezcipo-keszito-programra\\\/#primaryimage\"},\"image\":{\"@id\":\"https:\\\/\\\/tunderiportekak.hu\\\/termek\\\/ajandekutalvany-nemezcipo-keszito-programra\\\/#primaryimage\"},\"thumbnailUrl\":\"https:\\\/\\\/tunderiportekak.hu\\\/wp-content\\\/uploads\\\/2024\\\/06\\\/Ajandekutalvany3-vebmeret.jpg\",\"datePublished\":\"2024-06-15T13:42:40+00:00\",\"dateModified\":\"2026-04-08T09:50:12+00:00\",\"breadcrumb\":{\"@id\":\"https:\\\/\\\/tunderiportekak.hu\\\/termek\\\/ajandekutalvany-nemezcipo-keszito-programra\\\/#breadcrumb\"},\"inLanguage\":\"en-US\",\"potentialAction\":[{\"@type\":\"ReadAction\",\"target\":[\"https:\\\/\\\/tunderiportekak.hu\\\/termek\\\/ajandekutalvany-nemezcipo-keszito-programra\\\/\"]}]},{\"@type\":\"ImageObject\",\"inLanguage\":\"en-US\",\"@id\":\"https:\\\/\\\/tunderiportekak.hu\\\/termek\\\/ajandekutalvany-nemezcipo-keszito-programra\\\/#primaryimage\",\"url\":\"https:\\\/\\\/tunderiportekak.hu\\\/wp-content\\\/uploads\\\/2024\\\/06\\\/Ajandekutalvany3-vebmeret.jpg\",\"contentUrl\":\"https:\\\/\\\/tunderiportekak.hu\\\/wp-content\\\/uploads\\\/2024\\\/06\\\/Ajandekutalvany3-vebmeret.jpg\",\"width\":852,\"height\":1024},{\"@type\":\"BreadcrumbList\",\"@id\":\"https:\\\/\\\/tunderiportekak.hu\\\/termek\\\/ajandekutalvany-nemezcipo-keszito-programra\\\/#breadcrumb\",\"itemListElement\":[{\"@type\":\"ListItem\",\"position\":1,\"name\":\"Home\",\"item\":\"https:\\\/\\\/tunderiportekak.hu\\\/\"},{\"@type\":\"ListItem\",\"position\":2,\"name\":\"Bolt\",\"item\":\"https:\\\/\\\/tunderiportekak.hu\\\/bolt\\\/\"},{\"@type\":\"ListItem\",\"position\":3,\"name\":\"Aj\u00e1nd\u00e9kutalv\u00e1ny &#8211; Nemezcip\u0151 k\u00e9sz\u00edt\u0151 programra\"}]},{\"@type\":\"WebSite\",\"@id\":\"https:\\\/\\\/tunderiportekak.hu\\\/#website\",\"url\":\"https:\\\/\\\/tunderiportekak.hu\\\/\",\"name\":\"\",\"description\":\"Nemezcip\u0151 k\u00e9sz\u00edt\u0151 \u00e9lm\u00e9nyprogramok\",\"potentialAction\":[{\"@type\":\"SearchAction\",\"target\":{\"@type\":\"EntryPoint\",\"urlTemplate\":\"https:\\\/\\\/tunderiportekak.hu\\\/?s={search_term_string}\"},\"query-input\":{\"@type\":\"PropertyValueSpecification\",\"valueRequired\":true,\"valueName\":\"search_term_string\"}}],\"inLanguage\":\"en-US\"}]}<\/script>\n<!-- \/ Yoast SEO Premium plugin. -->","yoast_head_json":{"title":"Aj\u00e1nd\u00e9kutalv\u00e1ny - Nemezcip\u0151 k\u00e9sz\u00edt\u0151 programra -","robots":{"index":"index","follow":"follow","max-snippet":"max-snippet:-1","max-image-preview":"max-image-preview:large","max-video-preview":"max-video-preview:-1"},"canonical":"https:\/\/tunderiportekak.hu\/en\/product\/ajandekutalvany-nemezcipo-keszito-programra\/","og_locale":"en_US","og_type":"article","og_title":"Aj\u00e1nd\u00e9kutalv\u00e1ny - Nemezcip\u0151 k\u00e9sz\u00edt\u0151 programra","og_description":"Aj\u00e1nd\u00e9kozz alkot\u00e1st, pihen\u00e9st \u00e9s egy k\u00fcl\u00f6nleges \u00e9lm\u00e9nyt!Az utalv\u00e1ny felmutat\u00e1s\u00e1val r\u00e9szt vehetsz egy nemezcip\u0151-k\u00e9sz\u00edt\u0151 programon a T\u00fcnd\u00e9ri Port\u00e9k\u00e1k M\u0171hely\u00e9ben, el\u0151zetesen egyeztetett id\u0151pontban. Az utalv\u00e1ny \u00e9rt\u00e9ke tartalmazza a 2 napos foglalkoz\u00e1st, az \u00f6sszes sz\u00fcks\u00e9ges alapanyagot \u00e9s az eszk\u00f6zhaszn\u00e1latot is. Egy nap, amikor lelassulunk, alkotunk, nevet\u00fcnk \u2013 \u00e9s a v\u00e9g\u00e9n hazavisz\u00fcnk egy k\u00e9nyelmes, meleg, saj\u00e1t kez\u0171leg k\u00e9sz\u00fclt nemezcip\u0151t.","og_url":"https:\/\/tunderiportekak.hu\/en\/product\/ajandekutalvany-nemezcipo-keszito-programra\/","article_modified_time":"2026-04-08T09:50:12+00:00","og_image":[{"width":852,"height":1024,"url":"https:\/\/tunderiportekak.hu\/wp-content\/uploads\/2024\/06\/Ajandekutalvany3-vebmeret.jpg","type":"image\/jpeg"}],"twitter_card":"summary_large_image","twitter_misc":{"Est. reading time":"1 minute"},"schema":{"@context":"https:\/\/schema.org","@graph":[{"@type":"WebPage","@id":"https:\/\/tunderiportekak.hu\/termek\/ajandekutalvany-nemezcipo-keszito-programra\/","url":"https:\/\/tunderiportekak.hu\/termek\/ajandekutalvany-nemezcipo-keszito-programra\/","name":"Aj\u00e1nd\u00e9kutalv\u00e1ny - Nemezcip\u0151 k\u00e9sz\u00edt\u0151 programra -","isPartOf":{"@id":"https:\/\/tunderiportekak.hu\/#website"},"primaryImageOfPage":{"@id":"https:\/\/tunderiportekak.hu\/termek\/ajandekutalvany-nemezcipo-keszito-programra\/#primaryimage"},"image":{"@id":"https:\/\/tunderiportekak.hu\/termek\/ajandekutalvany-nemezcipo-keszito-programra\/#primaryimage"},"thumbnailUrl":"https:\/\/tunderiportekak.hu\/wp-content\/uploads\/2024\/06\/Ajandekutalvany3-vebmeret.jpg","datePublished":"2024-06-15T13:42:40+00:00","dateModified":"2026-04-08T09:50:12+00:00","breadcrumb":{"@id":"https:\/\/tunderiportekak.hu\/termek\/ajandekutalvany-nemezcipo-keszito-programra\/#breadcrumb"},"inLanguage":"en-US","potentialAction":[{"@type":"ReadAction","target":["https:\/\/tunderiportekak.hu\/termek\/ajandekutalvany-nemezcipo-keszito-programra\/"]}]},{"@type":"ImageObject","inLanguage":"en-US","@id":"https:\/\/tunderiportekak.hu\/termek\/ajandekutalvany-nemezcipo-keszito-programra\/#primaryimage","url":"https:\/\/tunderiportekak.hu\/wp-content\/uploads\/2024\/06\/Ajandekutalvany3-vebmeret.jpg","contentUrl":"https:\/\/tunderiportekak.hu\/wp-content\/uploads\/2024\/06\/Ajandekutalvany3-vebmeret.jpg","width":852,"height":1024},{"@type":"BreadcrumbList","@id":"https:\/\/tunderiportekak.hu\/termek\/ajandekutalvany-nemezcipo-keszito-programra\/#breadcrumb","itemListElement":[{"@type":"ListItem","position":1,"name":"Home","item":"https:\/\/tunderiportekak.hu\/"},{"@type":"ListItem","position":2,"name":"Bolt","item":"https:\/\/tunderiportekak.hu\/bolt\/"},{"@type":"ListItem","position":3,"name":"Aj\u00e1nd\u00e9kutalv\u00e1ny &#8211; Nemezcip\u0151 k\u00e9sz\u00edt\u0151 programra"}]},{"@type":"WebSite","@id":"https:\/\/tunderiportekak.hu\/#website","url":"https:\/\/tunderiportekak.hu\/","name":"","description":"Felt shoe making programmes","potentialAction":[{"@type":"SearchAction","target":{"@type":"EntryPoint","urlTemplate":"https:\/\/tunderiportekak.hu\/?s={search_term_string}"},"query-input":{"@type":"PropertyValueSpecification","valueRequired":true,"valueName":"search_term_string"}}],"inLanguage":"en-US"}]}},"_links":{"self":[{"href":"https:\/\/tunderiportekak.hu\/en\/wp-json\/wp\/v2\/product\/3909","targetHints":{"allow":["GET"]}}],"collection":[{"href":"https:\/\/tunderiportekak.hu\/en\/wp-json\/wp\/v2\/product"}],"about":[{"href":"https:\/\/tunderiportekak.hu\/en\/wp-json\/wp\/v2\/types\/product"}],"wp:featuredmedia":[{"embeddable":true,"href":"https:\/\/tunderiportekak.hu\/en\/wp-json\/wp\/v2\/media\/3910"}],"wp:attachment":[{"href":"https:\/\/tunderiportekak.hu\/en\/wp-json\/wp\/v2\/media?parent=3909"}],"wp:term":[{"taxonomy":"product_brand","embeddable":true,"href":"https:\/\/tunderiportekak.hu\/en\/wp-json\/wp\/v2\/product_brand?post=3909"},{"taxonomy":"product_cat","embeddable":true,"href":"https:\/\/tunderiportekak.hu\/en\/wp-json\/wp\/v2\/product_cat?post=3909"},{"taxonomy":"product_tag","embeddable":true,"href":"https:\/\/tunderiportekak.hu\/en\/wp-json\/wp\/v2\/product_tag?post=3909"}],"curies":[{"name":"wp","href":"https:\/\/api.w.org\/{rel}","templated":true}]}}