{"id":3870,"date":"2024-06-10T19:44:09","date_gmt":"2024-06-10T19:44:09","guid":{"rendered":"https:\/\/tunderiportekak.hu\/?post_type=product&#038;p=3870"},"modified":"2026-04-08T11:50:43","modified_gmt":"2026-04-08T09:50:43","slug":"nemezcipo-keszito-konyv","status":"publish","type":"product","link":"https:\/\/tunderiportekak.hu\/en\/product\/nemezcipo-keszito-konyv\/","title":{"rendered":"NEMEZL\u00c1BBELIK K\u00f6nny\u0171 ny\u00e1ri napokra, \u00e1tmeneti h\u0171v\u00f6s id\u0151re \u00e9s otthoni haszn\u00e1latra"},"content":{"rendered":"<p class=\"\" data-start=\"292\" data-end=\"425\"><strong data-start=\"292\" data-end=\"425\">Fedezd fel a nemezcip\u0151 k\u00e9sz\u00edt\u00e9s\u00e9nek m\u0171v\u00e9szet\u00e9t ezzel a r\u00e9szletes, gyakorlati k\u00e9zik\u00f6nyvvel, amely minden l\u00e9p\u00e9st vil\u00e1gosan bemutat!<\/strong><\/p>\n<p class=\"\" data-start=\"427\" data-end=\"849\">A &#8222;Nemezl\u00e1bbelik&#8221; k\u00f6nyv t\u00f6bb mint 200 fot\u00f3val \u00e9s 70 \u00e1br\u00e1val seg\u00edt abban, hogy elsaj\u00e1t\u00edthasd a nemezcip\u0151k k\u00e9sz\u00edt\u00e9s\u00e9nek minden apr\u00f3 r\u00e9szlet\u00e9t, l\u00e9p\u00e9sr\u0151l l\u00e9p\u00e9sre. A k\u00f6nyvben tal\u00e1lhat\u00f3 \u00fatmutat\u00f3k, tr\u00fckk\u00f6k \u00e9s technikai r\u00e9szletek seg\u00edts\u00e9g\u00e9vel \u00fagy \u00e9rezheted, mintha melletted \u00fcln\u00e9k, mik\u00f6zben k\u00f6z\u00f6sen alkotunk. Ak\u00e1r kezd\u0151k\u00e9nt, ak\u00e1r tapasztalt k\u00e9zm\u0171vesk\u00e9nt v\u00e1gsz neki a nemezk\u00e9sz\u00edt\u00e9snek, ez a k\u00f6nyv t\u00f6k\u00e9letes v\u00e1laszt\u00e1s lesz sz\u00e1modra.<\/p>\n<p class=\"\" data-start=\"851\" data-end=\"1296\">A k\u00f6nyvben bemutatom az \u00e1tmeneti id\u0151szakokra \u00e9s a tavaszi-ny\u00e1ri id\u0151szakra sz\u00e1nt k\u00f6nny\u0171, de tart\u00f3s nemezcip\u0151k, bokacip\u0151k \u00e9s top\u00e1nok k\u00e9sz\u00edt\u00e9s\u00e9t. A k\u00f6nyvben megtal\u00e1lhatod az alapanyagok \u00e9s eszk\u00f6z\u00f6k r\u00e9szletes le\u00edr\u00e1s\u00e1t, valamint a nemezel\u00e9s technik\u00e1j\u00e1t, hogy meg\u00e9rtsd a mesters\u00e9g minden apr\u00f3 fort\u00e9ly\u00e1t. A saj\u00e1t l\u00e1badra k\u00e9sz\u00fcl\u0151 nemezcip\u0151k k\u00e9nyelm\u00e9t \u00e9s term\u00e9szetes, l\u00e9g\u00e1tereszt\u0151 jellemz\u0151it garant\u00e1lhatod az \u00fatmutat\u00f3k \u00e9s a prec\u00edz megold\u00e1sok k\u00f6vet\u00e9s\u00e9vel.<\/p>\n<p class=\"\" data-start=\"1298\" data-end=\"1694\">A k\u00f6nyv tank\u00f6nyvszer\u0171en rendszerezett, m\u00e9gis sz\u00f3rakoztat\u00f3 \u00e9s k\u00f6nnyen k\u00f6vethet\u0151. A l\u00e9p\u00e9sr\u0151l l\u00e9p\u00e9sre t\u00f6rt\u00e9n\u0151 bemutat\u00f3kat gyakorlati tan\u00e1csok, apr\u00f3 tr\u00fckk\u00f6k \u00e9s m\u0171helyhangulatot id\u00e9z\u0151 r\u00e9szletek gazdag\u00edtj\u00e1k, mint a szappanos v\u00edz \u00e9s a gyapj\u00fa illata, mik\u00f6zben a macsk\u00e1k dorombol\u00e1sa a h\u00e1tt\u00e9rben sz\u00f3l. Az alkot\u00e1s \u00f6r\u00f6m\u00e9t \u00e9s a kreat\u00edv folyamatot magad\u00e9nak \u00e9rezheted, mik\u00f6zben egyed\u00fcl\u00e1ll\u00f3 darabokat k\u00e9sz\u00edtesz.<\/p>\n<p class=\"\" data-start=\"1696\" data-end=\"2049\">A nemezcip\u0151k k\u00e9nyelme semmihez sem hasonl\u00edthat\u00f3. Ezt mindenk\u00e9pp \u00e9rdemes kiemelni: minden darab teljes m\u00e9rt\u00e9kben a saj\u00e1t l\u00e1badra k\u00e9sz\u00fcl, figyelembe v\u00e9ve annak form\u00e1j\u00e1t \u00e9s ig\u00e9nyeit. A k\u00f6nyvben bemutatott modellekhez a sz\u00fcks\u00e9ges talpakat \u00e9s eszk\u00f6z\u00f6ket megtal\u00e1lod a webshopomban, \u00edgy biztos lehetsz abban, hogy a legjobb min\u0151s\u00e9g\u0171 alapanyagokkal dolgozhatsz.<\/p>\n<p class=\"\" data-start=\"2051\" data-end=\"2351\">Ez a k\u00f6nyv azok sz\u00e1m\u00e1ra k\u00e9sz\u00fclt, akik szeretnek alkotni, \u00e9rt\u00e9kelik a k\u00e9zm\u0171ves munk\u00e1t, \u00e9s szeretn\u00e9k felfedezni a nemez csod\u00e1latos vil\u00e1g\u00e1t. A k\u00f6nyv seg\u00edts\u00e9g\u00e9vel lehet\u0151s\u00e9ged ny\u00edlik arra, hogy saj\u00e1t, val\u00f3ban egyedi l\u00e1bbelit k\u00e9sz\u00edts, amely nemcsak st\u00edlusos, de k\u00e9nyelmes \u00e9s term\u00e9szetes anyagokb\u00f3l k\u00e9sz\u00fclt.<\/p>\n<p data-start=\"2051\" data-end=\"2351\"><a href=\"https:\/\/tunderiportekak.hu\/en\/elementor-konyv\/\"><span style=\"vertical-align: inherit;\"><span style=\"vertical-align: inherit;\">https:\/\/tunderiportekak.hu\/elementor-konyv\/<\/span><\/span><\/a><\/p>","protected":false},"excerpt":{"rendered":"<p class=\"\" data-start=\"121\" data-end=\"555\">Szeretn\u00e9l nemezcip\u0151t k\u00e9sz\u00edteni, de nem tudod, hogyan kezdj hozz\u00e1? Ez a k\u00f6nyv nem csup\u00e1n \u00fatmutat\u00f3, hanem megh\u00edv\u00e1s egy k\u00fcl\u00f6nleges alkot\u00f3i kalandra. L\u00e9p\u00e9sr\u0151l l\u00e9p\u00e9sre vezet be a nemezcip\u0151k k\u00e9sz\u00edt\u00e9s\u00e9nek vil\u00e1g\u00e1ba, mintha csak egy\u00fctt dolgozn\u00e1nk a m\u0171helyemben \u2013 kuty\u00e1k, macsk\u00e1k, g\u0151z\u00f6lg\u0151 te\u00e1k \u00e9s gyapj\u00faillat k\u00f6z\u00f6tt. T\u00f6bb mint 200 fot\u00f3val \u00e9s 70 \u00e1br\u00e1val, rengeteg gyakorlati tan\u00e1ccsal seg\u00edti a kezd\u0151ket \u00e9s halad\u00f3kat is.<br data-start=\"463\" data-end=\"466\" \/>Nem kell m\u00e1st tenned, csak kinyitni \u2013 \u00e9s hagyni, hogy kezed alatt \u00e9letre keljen a gyapj\u00fa.<\/p>\n<p data-start=\"121\" data-end=\"555\"><a href=\"https:\/\/tunderiportekak.hu\/en\/elementor-konyv\/\"><span style=\"vertical-align: inherit;\"><span style=\"vertical-align: inherit;\"><span style=\"vertical-align: inherit;\"><span style=\"vertical-align: inherit;\">https:\/\/tunderiportekak.hu\/elementor-konyv\/<\/span><\/span><\/span><\/span><\/a><\/p>","protected":false},"featured_media":3214,"template":"","meta":{"site-sidebar-layout":"default","site-content-layout":"","ast-site-content-layout":"default","site-content-style":"default","site-sidebar-style":"default","ast-global-header-display":"","ast-banner-title-visibility":"","ast-main-header-display":"","ast-hfb-above-header-display":"","ast-hfb-below-header-display":"","ast-hfb-mobile-header-display":"","site-post-title":"","ast-breadcrumbs-content":"","ast-featured-img":"","footer-sml-layout":"","ast-disable-related-posts":"","theme-transparent-header-meta":"default","adv-header-id-meta":"","stick-header-meta":"","header-above-stick-meta":"","header-main-stick-meta":"","header-below-stick-meta":"","astra-migrate-meta-layouts":"set","ast-page-background-enabled":"default","ast-page-background-meta":{"desktop":{"background-color":"","background-image":"","background-repeat":"repeat","background-position":"center center","background-size":"auto","background-attachment":"scroll","background-type":"","background-media":"","overlay-type":"","overlay-color":"","overlay-opacity":"","overlay-gradient":""},"tablet":{"background-color":"","background-image":"","background-repeat":"repeat","background-position":"center center","background-size":"auto","background-attachment":"scroll","background-type":"","background-media":"","overlay-type":"","overlay-color":"","overlay-opacity":"","overlay-gradient":""},"mobile":{"background-color":"","background-image":"","background-repeat":"repeat","background-position":"center center","background-size":"auto","background-attachment":"scroll","background-type":"","background-media":"","overlay-type":"","overlay-color":"","overlay-opacity":"","overlay-gradient":""}},"ast-content-background-meta":{"desktop":{"background-color":"var(--ast-global-color-5)","background-image":"","background-repeat":"repeat","background-position":"center center","background-size":"auto","background-attachment":"scroll","background-type":"","background-media":"","overlay-type":"","overlay-color":"","overlay-opacity":"","overlay-gradient":""},"tablet":{"background-color":"var(--ast-global-color-5)","background-image":"","background-repeat":"repeat","background-position":"center center","background-size":"auto","background-attachment":"scroll","background-type":"","background-media":"","overlay-type":"","overlay-color":"","overlay-opacity":"","overlay-gradient":""},"mobile":{"background-color":"var(--ast-global-color-5)","background-image":"","background-repeat":"repeat","background-position":"center center","background-size":"auto","background-attachment":"scroll","background-type":"","background-media":"","overlay-type":"","overlay-color":"","overlay-opacity":"","overlay-gradient":""}}},"product_brand":[],"product_cat":[35],"product_tag":[],"class_list":{"0":"post-3870","1":"product","2":"type-product","3":"status-publish","4":"has-post-thumbnail","6":"product_cat-oktatoanyagok","7":"desktop-align-left","8":"tablet-align-left","9":"mobile-align-left","11":"first","12":"instock","13":"taxable","14":"shipping-taxable","15":"purchasable","16":"product-type-simple"},"yoast_head":"<!-- This site is optimized with the Yoast SEO Premium plugin v27.3 (Yoast SEO v27.3) - https:\/\/yoast.com\/product\/yoast-seo-premium-wordpress\/ -->\n<title>Nemezcip\u0151 k\u00e9sz\u00edt\u0151 k\u00f6nyv<\/title>\n<meta name=\"description\" content=\"Fedezd fel a nemezcip\u0151-k\u00e9sz\u00edt\u00e9s vil\u00e1g\u00e1t! T\u00f6bb mint 200 fot\u00f3val \u00e9s 70 \u00e1br\u00e1val seg\u00edt ez a r\u00e9szletes, gyakorlatias k\u00e9zik\u00f6nyv \u2013 inspir\u00e1l\u00f3 m\u0171helyhangulattal.\" \/>\n<meta name=\"robots\" content=\"index, follow, max-snippet:-1, max-image-preview:large, max-video-preview:-1\" \/>\n<link rel=\"canonical\" href=\"https:\/\/tunderiportekak.hu\/en\/product\/nemezcipo-keszito-konyv\/\" \/>\n<meta property=\"og:locale\" content=\"en_US\" \/>\n<meta property=\"og:type\" content=\"article\" \/>\n<meta property=\"og:title\" content=\"NEMEZL\u00c1BBELIK K\u00f6nny\u0171 ny\u00e1ri napokra, \u00e1tmeneti h\u0171v\u00f6s id\u0151re \u00e9s otthoni haszn\u00e1latra\" \/>\n<meta property=\"og:description\" content=\"Fedezd fel a nemezcip\u0151-k\u00e9sz\u00edt\u00e9s vil\u00e1g\u00e1t! T\u00f6bb mint 200 fot\u00f3val \u00e9s 70 \u00e1br\u00e1val seg\u00edt ez a r\u00e9szletes, gyakorlatias k\u00e9zik\u00f6nyv \u2013 inspir\u00e1l\u00f3 m\u0171helyhangulattal.\" \/>\n<meta property=\"og:url\" content=\"https:\/\/tunderiportekak.hu\/en\/product\/nemezcipo-keszito-konyv\/\" \/>\n<meta property=\"article:modified_time\" content=\"2026-04-08T09:50:43+00:00\" \/>\n<meta property=\"og:image\" content=\"https:\/\/tunderiportekak.hu\/wp-content\/uploads\/2024\/01\/Cimlap.jpg\" \/>\n\t<meta property=\"og:image:width\" content=\"1024\" \/>\n\t<meta property=\"og:image:height\" content=\"1015\" \/>\n\t<meta property=\"og:image:type\" content=\"image\/jpeg\" \/>\n<meta name=\"twitter:card\" content=\"summary_large_image\" \/>\n<meta name=\"twitter:label1\" content=\"Est. reading time\" \/>\n\t<meta name=\"twitter:data1\" content=\"2 minutes\" \/>\n<script type=\"application\/ld+json\" class=\"yoast-schema-graph\">{\"@context\":\"https:\\\/\\\/schema.org\",\"@graph\":[{\"@type\":\"WebPage\",\"@id\":\"https:\\\/\\\/tunderiportekak.hu\\\/termek\\\/nemezcipo-keszito-konyv\\\/\",\"url\":\"https:\\\/\\\/tunderiportekak.hu\\\/termek\\\/nemezcipo-keszito-konyv\\\/\",\"name\":\"Nemezcip\u0151 k\u00e9sz\u00edt\u0151 k\u00f6nyv\",\"isPartOf\":{\"@id\":\"https:\\\/\\\/tunderiportekak.hu\\\/#website\"},\"primaryImageOfPage\":{\"@id\":\"https:\\\/\\\/tunderiportekak.hu\\\/termek\\\/nemezcipo-keszito-konyv\\\/#primaryimage\"},\"image\":{\"@id\":\"https:\\\/\\\/tunderiportekak.hu\\\/termek\\\/nemezcipo-keszito-konyv\\\/#primaryimage\"},\"thumbnailUrl\":\"https:\\\/\\\/tunderiportekak.hu\\\/wp-content\\\/uploads\\\/2024\\\/01\\\/Cimlap.jpg\",\"datePublished\":\"2024-06-10T19:44:09+00:00\",\"dateModified\":\"2026-04-08T09:50:43+00:00\",\"description\":\"Fedezd fel a nemezcip\u0151-k\u00e9sz\u00edt\u00e9s vil\u00e1g\u00e1t! T\u00f6bb mint 200 fot\u00f3val \u00e9s 70 \u00e1br\u00e1val seg\u00edt ez a r\u00e9szletes, gyakorlatias k\u00e9zik\u00f6nyv \u2013 inspir\u00e1l\u00f3 m\u0171helyhangulattal.\",\"breadcrumb\":{\"@id\":\"https:\\\/\\\/tunderiportekak.hu\\\/termek\\\/nemezcipo-keszito-konyv\\\/#breadcrumb\"},\"inLanguage\":\"en-US\",\"potentialAction\":[{\"@type\":\"ReadAction\",\"target\":[\"https:\\\/\\\/tunderiportekak.hu\\\/termek\\\/nemezcipo-keszito-konyv\\\/\"]}]},{\"@type\":\"ImageObject\",\"inLanguage\":\"en-US\",\"@id\":\"https:\\\/\\\/tunderiportekak.hu\\\/termek\\\/nemezcipo-keszito-konyv\\\/#primaryimage\",\"url\":\"https:\\\/\\\/tunderiportekak.hu\\\/wp-content\\\/uploads\\\/2024\\\/01\\\/Cimlap.jpg\",\"contentUrl\":\"https:\\\/\\\/tunderiportekak.hu\\\/wp-content\\\/uploads\\\/2024\\\/01\\\/Cimlap.jpg\",\"width\":1024,\"height\":1015},{\"@type\":\"BreadcrumbList\",\"@id\":\"https:\\\/\\\/tunderiportekak.hu\\\/termek\\\/nemezcipo-keszito-konyv\\\/#breadcrumb\",\"itemListElement\":[{\"@type\":\"ListItem\",\"position\":1,\"name\":\"Home\",\"item\":\"https:\\\/\\\/tunderiportekak.hu\\\/\"},{\"@type\":\"ListItem\",\"position\":2,\"name\":\"Bolt\",\"item\":\"https:\\\/\\\/tunderiportekak.hu\\\/bolt\\\/\"},{\"@type\":\"ListItem\",\"position\":3,\"name\":\"NEMEZL\u00c1BBELIK K\u00f6nny\u0171 ny\u00e1ri napokra, \u00e1tmeneti h\u0171v\u00f6s id\u0151re \u00e9s otthoni haszn\u00e1latra\"}]},{\"@type\":\"WebSite\",\"@id\":\"https:\\\/\\\/tunderiportekak.hu\\\/#website\",\"url\":\"https:\\\/\\\/tunderiportekak.hu\\\/\",\"name\":\"\",\"description\":\"Nemezcip\u0151 k\u00e9sz\u00edt\u0151 \u00e9lm\u00e9nyprogramok\",\"potentialAction\":[{\"@type\":\"SearchAction\",\"target\":{\"@type\":\"EntryPoint\",\"urlTemplate\":\"https:\\\/\\\/tunderiportekak.hu\\\/?s={search_term_string}\"},\"query-input\":{\"@type\":\"PropertyValueSpecification\",\"valueRequired\":true,\"valueName\":\"search_term_string\"}}],\"inLanguage\":\"en-US\"}]}<\/script>\n<!-- \/ Yoast SEO Premium plugin. -->","yoast_head_json":{"title":"Nemezcip\u0151 k\u00e9sz\u00edt\u0151 k\u00f6nyv","description":"Fedezd fel a nemezcip\u0151-k\u00e9sz\u00edt\u00e9s vil\u00e1g\u00e1t! T\u00f6bb mint 200 fot\u00f3val \u00e9s 70 \u00e1br\u00e1val seg\u00edt ez a r\u00e9szletes, gyakorlatias k\u00e9zik\u00f6nyv \u2013 inspir\u00e1l\u00f3 m\u0171helyhangulattal.","robots":{"index":"index","follow":"follow","max-snippet":"max-snippet:-1","max-image-preview":"max-image-preview:large","max-video-preview":"max-video-preview:-1"},"canonical":"https:\/\/tunderiportekak.hu\/en\/product\/nemezcipo-keszito-konyv\/","og_locale":"en_US","og_type":"article","og_title":"NEMEZL\u00c1BBELIK K\u00f6nny\u0171 ny\u00e1ri napokra, \u00e1tmeneti h\u0171v\u00f6s id\u0151re \u00e9s otthoni haszn\u00e1latra","og_description":"Fedezd fel a nemezcip\u0151-k\u00e9sz\u00edt\u00e9s vil\u00e1g\u00e1t! T\u00f6bb mint 200 fot\u00f3val \u00e9s 70 \u00e1br\u00e1val seg\u00edt ez a r\u00e9szletes, gyakorlatias k\u00e9zik\u00f6nyv \u2013 inspir\u00e1l\u00f3 m\u0171helyhangulattal.","og_url":"https:\/\/tunderiportekak.hu\/en\/product\/nemezcipo-keszito-konyv\/","article_modified_time":"2026-04-08T09:50:43+00:00","og_image":[{"width":1024,"height":1015,"url":"https:\/\/tunderiportekak.hu\/wp-content\/uploads\/2024\/01\/Cimlap.jpg","type":"image\/jpeg"}],"twitter_card":"summary_large_image","twitter_misc":{"Est. reading time":"2 minutes"},"schema":{"@context":"https:\/\/schema.org","@graph":[{"@type":"WebPage","@id":"https:\/\/tunderiportekak.hu\/termek\/nemezcipo-keszito-konyv\/","url":"https:\/\/tunderiportekak.hu\/termek\/nemezcipo-keszito-konyv\/","name":"Nemezcip\u0151 k\u00e9sz\u00edt\u0151 k\u00f6nyv","isPartOf":{"@id":"https:\/\/tunderiportekak.hu\/#website"},"primaryImageOfPage":{"@id":"https:\/\/tunderiportekak.hu\/termek\/nemezcipo-keszito-konyv\/#primaryimage"},"image":{"@id":"https:\/\/tunderiportekak.hu\/termek\/nemezcipo-keszito-konyv\/#primaryimage"},"thumbnailUrl":"https:\/\/tunderiportekak.hu\/wp-content\/uploads\/2024\/01\/Cimlap.jpg","datePublished":"2024-06-10T19:44:09+00:00","dateModified":"2026-04-08T09:50:43+00:00","description":"Fedezd fel a nemezcip\u0151-k\u00e9sz\u00edt\u00e9s vil\u00e1g\u00e1t! T\u00f6bb mint 200 fot\u00f3val \u00e9s 70 \u00e1br\u00e1val seg\u00edt ez a r\u00e9szletes, gyakorlatias k\u00e9zik\u00f6nyv \u2013 inspir\u00e1l\u00f3 m\u0171helyhangulattal.","breadcrumb":{"@id":"https:\/\/tunderiportekak.hu\/termek\/nemezcipo-keszito-konyv\/#breadcrumb"},"inLanguage":"en-US","potentialAction":[{"@type":"ReadAction","target":["https:\/\/tunderiportekak.hu\/termek\/nemezcipo-keszito-konyv\/"]}]},{"@type":"ImageObject","inLanguage":"en-US","@id":"https:\/\/tunderiportekak.hu\/termek\/nemezcipo-keszito-konyv\/#primaryimage","url":"https:\/\/tunderiportekak.hu\/wp-content\/uploads\/2024\/01\/Cimlap.jpg","contentUrl":"https:\/\/tunderiportekak.hu\/wp-content\/uploads\/2024\/01\/Cimlap.jpg","width":1024,"height":1015},{"@type":"BreadcrumbList","@id":"https:\/\/tunderiportekak.hu\/termek\/nemezcipo-keszito-konyv\/#breadcrumb","itemListElement":[{"@type":"ListItem","position":1,"name":"Home","item":"https:\/\/tunderiportekak.hu\/"},{"@type":"ListItem","position":2,"name":"Bolt","item":"https:\/\/tunderiportekak.hu\/bolt\/"},{"@type":"ListItem","position":3,"name":"NEMEZL\u00c1BBELIK K\u00f6nny\u0171 ny\u00e1ri napokra, \u00e1tmeneti h\u0171v\u00f6s id\u0151re \u00e9s otthoni haszn\u00e1latra"}]},{"@type":"WebSite","@id":"https:\/\/tunderiportekak.hu\/#website","url":"https:\/\/tunderiportekak.hu\/","name":"","description":"Felt shoe making programmes","potentialAction":[{"@type":"SearchAction","target":{"@type":"EntryPoint","urlTemplate":"https:\/\/tunderiportekak.hu\/?s={search_term_string}"},"query-input":{"@type":"PropertyValueSpecification","valueRequired":true,"valueName":"search_term_string"}}],"inLanguage":"en-US"}]}},"_links":{"self":[{"href":"https:\/\/tunderiportekak.hu\/en\/wp-json\/wp\/v2\/product\/3870","targetHints":{"allow":["GET"]}}],"collection":[{"href":"https:\/\/tunderiportekak.hu\/en\/wp-json\/wp\/v2\/product"}],"about":[{"href":"https:\/\/tunderiportekak.hu\/en\/wp-json\/wp\/v2\/types\/product"}],"wp:featuredmedia":[{"embeddable":true,"href":"https:\/\/tunderiportekak.hu\/en\/wp-json\/wp\/v2\/media\/3214"}],"wp:attachment":[{"href":"https:\/\/tunderiportekak.hu\/en\/wp-json\/wp\/v2\/media?parent=3870"}],"wp:term":[{"taxonomy":"product_brand","embeddable":true,"href":"https:\/\/tunderiportekak.hu\/en\/wp-json\/wp\/v2\/product_brand?post=3870"},{"taxonomy":"product_cat","embeddable":true,"href":"https:\/\/tunderiportekak.hu\/en\/wp-json\/wp\/v2\/product_cat?post=3870"},{"taxonomy":"product_tag","embeddable":true,"href":"https:\/\/tunderiportekak.hu\/en\/wp-json\/wp\/v2\/product_tag?post=3870"}],"curies":[{"name":"wp","href":"https:\/\/api.w.org\/{rel}","templated":true}]}}