{"id":3699,"date":"2024-03-21T15:13:09","date_gmt":"2024-03-21T15:13:09","guid":{"rendered":"https:\/\/tunderiportekak.hu\/?post_type=product&#038;p=3699"},"modified":"2026-04-28T11:07:16","modified_gmt":"2026-04-28T09:07:16","slug":"nyeles-orrszukito-fa","status":"publish","type":"product","link":"https:\/\/tunderiportekak.hu\/en\/product\/nyeles-orrszukito-fa\/","title":{"rendered":"Toe area reducer"},"content":{"rendered":"<p>When your footwear has reached the right length and is approximately on the last, you can use this handle tool to narrow the toe. This way, you don't have to rub the felt shoe on the last or on the foot as much.<\/p>","protected":false},"excerpt":{"rendered":"<p><span style=\"vertical-align: inherit;\"><span style=\"vertical-align: inherit;\"><span style=\"vertical-align: inherit;\"><span style=\"vertical-align: inherit;\">When your footwear has reached the right length and is approximately on the last, you can use this handle tool to narrow the toe. This way, you don't have to rub the felt shoe on the last or on the foot as much.<\/span><\/span><\/span><\/span><\/p>","protected":false},"featured_media":3685,"template":"","meta":{"site-sidebar-layout":"default","site-content-layout":"","ast-site-content-layout":"default","site-content-style":"default","site-sidebar-style":"default","ast-global-header-display":"","ast-banner-title-visibility":"","ast-main-header-display":"","ast-hfb-above-header-display":"","ast-hfb-below-header-display":"","ast-hfb-mobile-header-display":"","site-post-title":"","ast-breadcrumbs-content":"","ast-featured-img":"","footer-sml-layout":"","ast-disable-related-posts":"","theme-transparent-header-meta":"default","adv-header-id-meta":"","stick-header-meta":"","header-above-stick-meta":"","header-main-stick-meta":"","header-below-stick-meta":"","astra-migrate-meta-layouts":"set","ast-page-background-enabled":"default","ast-page-background-meta":{"desktop":{"background-color":"","background-image":"","background-repeat":"repeat","background-position":"center center","background-size":"auto","background-attachment":"scroll","background-type":"","background-media":"","overlay-type":"","overlay-color":"","overlay-opacity":"","overlay-gradient":""},"tablet":{"background-color":"","background-image":"","background-repeat":"repeat","background-position":"center center","background-size":"auto","background-attachment":"scroll","background-type":"","background-media":"","overlay-type":"","overlay-color":"","overlay-opacity":"","overlay-gradient":""},"mobile":{"background-color":"","background-image":"","background-repeat":"repeat","background-position":"center center","background-size":"auto","background-attachment":"scroll","background-type":"","background-media":"","overlay-type":"","overlay-color":"","overlay-opacity":"","overlay-gradient":""}},"ast-content-background-meta":{"desktop":{"background-color":"var(--ast-global-color-5)","background-image":"","background-repeat":"repeat","background-position":"center center","background-size":"auto","background-attachment":"scroll","background-type":"","background-media":"","overlay-type":"","overlay-color":"","overlay-opacity":"","overlay-gradient":""},"tablet":{"background-color":"var(--ast-global-color-5)","background-image":"","background-repeat":"repeat","background-position":"center center","background-size":"auto","background-attachment":"scroll","background-type":"","background-media":"","overlay-type":"","overlay-color":"","overlay-opacity":"","overlay-gradient":""},"mobile":{"background-color":"var(--ast-global-color-5)","background-image":"","background-repeat":"repeat","background-position":"center center","background-size":"auto","background-attachment":"scroll","background-type":"","background-media":"","overlay-type":"","overlay-color":"","overlay-opacity":"","overlay-gradient":""}}},"product_brand":[],"product_cat":[80],"product_tag":[],"class_list":{"0":"post-3699","1":"product","2":"type-product","3":"status-publish","4":"has-post-thumbnail","6":"product_cat-eszkozok","7":"desktop-align-left","8":"tablet-align-left","9":"mobile-align-left","11":"first","12":"instock","13":"taxable","14":"shipping-taxable","15":"purchasable","16":"product-type-simple"},"yoast_head":"<!-- This site is optimized with the Yoast SEO Premium plugin v27.3 (Yoast SEO v27.3) - https:\/\/yoast.com\/product\/yoast-seo-premium-wordpress\/ -->\n<title>Nyeles orrsz\u0171k\u00edt\u0151 fa -<\/title>\n<meta name=\"robots\" content=\"index, follow, max-snippet:-1, max-image-preview:large, max-video-preview:-1\" \/>\n<link rel=\"canonical\" href=\"https:\/\/tunderiportekak.hu\/en\/product\/nyeles-orrszukito-fa\/\" \/>\n<meta property=\"og:locale\" content=\"en_US\" \/>\n<meta property=\"og:type\" content=\"article\" \/>\n<meta property=\"og:title\" content=\"Nyeles orrsz\u0171k\u00edt\u0151 fa\" \/>\n<meta property=\"og:description\" content=\"Amikor a l\u00e1bbelink m\u00e1r el\u00e9rte a kell\u0151 hossz\u00fas\u00e1got, \u00e9s nagyj\u00e1b\u00f3l rajta van a kaptaf\u00e1n, ezzel a nyeles eszk\u00f6zzel tudod sz\u0171k\u00edteni az orr r\u00e9szt. \u00cdgy kevesebbet kell a kaptaf\u00e1ra vagy a l\u00e1bra simogatni a nemezcip\u0151t.\" \/>\n<meta property=\"og:url\" content=\"https:\/\/tunderiportekak.hu\/en\/product\/nyeles-orrszukito-fa\/\" \/>\n<meta property=\"article:modified_time\" content=\"2026-04-28T09:07:16+00:00\" \/>\n<meta property=\"og:image\" content=\"https:\/\/tunderiportekak.hu\/wp-content\/uploads\/2024\/03\/Nyeles-szukito-scaled.jpg\" \/>\n\t<meta property=\"og:image:width\" content=\"2560\" \/>\n\t<meta property=\"og:image:height\" content=\"1887\" \/>\n\t<meta property=\"og:image:type\" content=\"image\/jpeg\" \/>\n<meta name=\"twitter:card\" content=\"summary_large_image\" \/>\n<meta name=\"twitter:label1\" content=\"Est. reading time\" \/>\n\t<meta name=\"twitter:data1\" content=\"1 minute\" \/>\n<script type=\"application\/ld+json\" class=\"yoast-schema-graph\">{\"@context\":\"https:\\\/\\\/schema.org\",\"@graph\":[{\"@type\":\"WebPage\",\"@id\":\"https:\\\/\\\/tunderiportekak.hu\\\/termek\\\/nyeles-orrszukito-fa\\\/\",\"url\":\"https:\\\/\\\/tunderiportekak.hu\\\/termek\\\/nyeles-orrszukito-fa\\\/\",\"name\":\"Nyeles orrsz\u0171k\u00edt\u0151 fa -\",\"isPartOf\":{\"@id\":\"https:\\\/\\\/tunderiportekak.hu\\\/#website\"},\"primaryImageOfPage\":{\"@id\":\"https:\\\/\\\/tunderiportekak.hu\\\/termek\\\/nyeles-orrszukito-fa\\\/#primaryimage\"},\"image\":{\"@id\":\"https:\\\/\\\/tunderiportekak.hu\\\/termek\\\/nyeles-orrszukito-fa\\\/#primaryimage\"},\"thumbnailUrl\":\"https:\\\/\\\/tunderiportekak.hu\\\/wp-content\\\/uploads\\\/2024\\\/03\\\/Nyeles-szukito-scaled.jpg\",\"datePublished\":\"2024-03-21T15:13:09+00:00\",\"dateModified\":\"2026-04-28T09:07:16+00:00\",\"breadcrumb\":{\"@id\":\"https:\\\/\\\/tunderiportekak.hu\\\/termek\\\/nyeles-orrszukito-fa\\\/#breadcrumb\"},\"inLanguage\":\"en-US\",\"potentialAction\":[{\"@type\":\"ReadAction\",\"target\":[\"https:\\\/\\\/tunderiportekak.hu\\\/termek\\\/nyeles-orrszukito-fa\\\/\"]}]},{\"@type\":\"ImageObject\",\"inLanguage\":\"en-US\",\"@id\":\"https:\\\/\\\/tunderiportekak.hu\\\/termek\\\/nyeles-orrszukito-fa\\\/#primaryimage\",\"url\":\"https:\\\/\\\/tunderiportekak.hu\\\/wp-content\\\/uploads\\\/2024\\\/03\\\/Nyeles-szukito-scaled.jpg\",\"contentUrl\":\"https:\\\/\\\/tunderiportekak.hu\\\/wp-content\\\/uploads\\\/2024\\\/03\\\/Nyeles-szukito-scaled.jpg\",\"width\":2560,\"height\":1887},{\"@type\":\"BreadcrumbList\",\"@id\":\"https:\\\/\\\/tunderiportekak.hu\\\/termek\\\/nyeles-orrszukito-fa\\\/#breadcrumb\",\"itemListElement\":[{\"@type\":\"ListItem\",\"position\":1,\"name\":\"Home\",\"item\":\"https:\\\/\\\/tunderiportekak.hu\\\/\"},{\"@type\":\"ListItem\",\"position\":2,\"name\":\"Bolt\",\"item\":\"https:\\\/\\\/tunderiportekak.hu\\\/bolt\\\/\"},{\"@type\":\"ListItem\",\"position\":3,\"name\":\"Nyeles orrsz\u0171k\u00edt\u0151 fa\"}]},{\"@type\":\"WebSite\",\"@id\":\"https:\\\/\\\/tunderiportekak.hu\\\/#website\",\"url\":\"https:\\\/\\\/tunderiportekak.hu\\\/\",\"name\":\"\",\"description\":\"Nemezcip\u0151 k\u00e9sz\u00edt\u0151 \u00e9lm\u00e9nyprogramok\",\"potentialAction\":[{\"@type\":\"SearchAction\",\"target\":{\"@type\":\"EntryPoint\",\"urlTemplate\":\"https:\\\/\\\/tunderiportekak.hu\\\/?s={search_term_string}\"},\"query-input\":{\"@type\":\"PropertyValueSpecification\",\"valueRequired\":true,\"valueName\":\"search_term_string\"}}],\"inLanguage\":\"en-US\"}]}<\/script>\n<!-- \/ Yoast SEO Premium plugin. -->","yoast_head_json":{"title":"Nyeles orrsz\u0171k\u00edt\u0151 fa -","robots":{"index":"index","follow":"follow","max-snippet":"max-snippet:-1","max-image-preview":"max-image-preview:large","max-video-preview":"max-video-preview:-1"},"canonical":"https:\/\/tunderiportekak.hu\/en\/product\/nyeles-orrszukito-fa\/","og_locale":"en_US","og_type":"article","og_title":"Nyeles orrsz\u0171k\u00edt\u0151 fa","og_description":"Amikor a l\u00e1bbelink m\u00e1r el\u00e9rte a kell\u0151 hossz\u00fas\u00e1got, \u00e9s nagyj\u00e1b\u00f3l rajta van a kaptaf\u00e1n, ezzel a nyeles eszk\u00f6zzel tudod sz\u0171k\u00edteni az orr r\u00e9szt. \u00cdgy kevesebbet kell a kaptaf\u00e1ra vagy a l\u00e1bra simogatni a nemezcip\u0151t.","og_url":"https:\/\/tunderiportekak.hu\/en\/product\/nyeles-orrszukito-fa\/","article_modified_time":"2026-04-28T09:07:16+00:00","og_image":[{"width":2560,"height":1887,"url":"https:\/\/tunderiportekak.hu\/wp-content\/uploads\/2024\/03\/Nyeles-szukito-scaled.jpg","type":"image\/jpeg"}],"twitter_card":"summary_large_image","twitter_misc":{"Est. reading time":"1 minute"},"schema":{"@context":"https:\/\/schema.org","@graph":[{"@type":"WebPage","@id":"https:\/\/tunderiportekak.hu\/termek\/nyeles-orrszukito-fa\/","url":"https:\/\/tunderiportekak.hu\/termek\/nyeles-orrszukito-fa\/","name":"Nyeles orrsz\u0171k\u00edt\u0151 fa -","isPartOf":{"@id":"https:\/\/tunderiportekak.hu\/#website"},"primaryImageOfPage":{"@id":"https:\/\/tunderiportekak.hu\/termek\/nyeles-orrszukito-fa\/#primaryimage"},"image":{"@id":"https:\/\/tunderiportekak.hu\/termek\/nyeles-orrszukito-fa\/#primaryimage"},"thumbnailUrl":"https:\/\/tunderiportekak.hu\/wp-content\/uploads\/2024\/03\/Nyeles-szukito-scaled.jpg","datePublished":"2024-03-21T15:13:09+00:00","dateModified":"2026-04-28T09:07:16+00:00","breadcrumb":{"@id":"https:\/\/tunderiportekak.hu\/termek\/nyeles-orrszukito-fa\/#breadcrumb"},"inLanguage":"en-US","potentialAction":[{"@type":"ReadAction","target":["https:\/\/tunderiportekak.hu\/termek\/nyeles-orrszukito-fa\/"]}]},{"@type":"ImageObject","inLanguage":"en-US","@id":"https:\/\/tunderiportekak.hu\/termek\/nyeles-orrszukito-fa\/#primaryimage","url":"https:\/\/tunderiportekak.hu\/wp-content\/uploads\/2024\/03\/Nyeles-szukito-scaled.jpg","contentUrl":"https:\/\/tunderiportekak.hu\/wp-content\/uploads\/2024\/03\/Nyeles-szukito-scaled.jpg","width":2560,"height":1887},{"@type":"BreadcrumbList","@id":"https:\/\/tunderiportekak.hu\/termek\/nyeles-orrszukito-fa\/#breadcrumb","itemListElement":[{"@type":"ListItem","position":1,"name":"Home","item":"https:\/\/tunderiportekak.hu\/"},{"@type":"ListItem","position":2,"name":"Bolt","item":"https:\/\/tunderiportekak.hu\/bolt\/"},{"@type":"ListItem","position":3,"name":"Nyeles orrsz\u0171k\u00edt\u0151 fa"}]},{"@type":"WebSite","@id":"https:\/\/tunderiportekak.hu\/#website","url":"https:\/\/tunderiportekak.hu\/","name":"","description":"Felt shoe making programmes","potentialAction":[{"@type":"SearchAction","target":{"@type":"EntryPoint","urlTemplate":"https:\/\/tunderiportekak.hu\/?s={search_term_string}"},"query-input":{"@type":"PropertyValueSpecification","valueRequired":true,"valueName":"search_term_string"}}],"inLanguage":"en-US"}]}},"_links":{"self":[{"href":"https:\/\/tunderiportekak.hu\/en\/wp-json\/wp\/v2\/product\/3699","targetHints":{"allow":["GET"]}}],"collection":[{"href":"https:\/\/tunderiportekak.hu\/en\/wp-json\/wp\/v2\/product"}],"about":[{"href":"https:\/\/tunderiportekak.hu\/en\/wp-json\/wp\/v2\/types\/product"}],"wp:featuredmedia":[{"embeddable":true,"href":"https:\/\/tunderiportekak.hu\/en\/wp-json\/wp\/v2\/media\/3685"}],"wp:attachment":[{"href":"https:\/\/tunderiportekak.hu\/en\/wp-json\/wp\/v2\/media?parent=3699"}],"wp:term":[{"taxonomy":"product_brand","embeddable":true,"href":"https:\/\/tunderiportekak.hu\/en\/wp-json\/wp\/v2\/product_brand?post=3699"},{"taxonomy":"product_cat","embeddable":true,"href":"https:\/\/tunderiportekak.hu\/en\/wp-json\/wp\/v2\/product_cat?post=3699"},{"taxonomy":"product_tag","embeddable":true,"href":"https:\/\/tunderiportekak.hu\/en\/wp-json\/wp\/v2\/product_tag?post=3699"}],"curies":[{"name":"wp","href":"https:\/\/api.w.org\/{rel}","templated":true}]}}