{"id":3078,"date":"2024-01-10T16:46:56","date_gmt":"2024-01-10T16:46:56","guid":{"rendered":"https:\/\/shop.tunderiportekak.hu\/?post_type=product&#038;p=3078"},"modified":"2026-04-08T11:58:07","modified_gmt":"2026-04-08T09:58:07","slug":"csinald-magad-doboz-atmeneti-nemezcipohoz","status":"publish","type":"product","link":"https:\/\/tunderiportekak.hu\/en\/product\/csinald-magad-doboz-atmeneti-nemezcipohoz\/","title":{"rendered":"&#8222;Csin\u00e1ld Magad&#8221; doboz &#8211; \u00c1tmeneti nemezcip\u0151h\u00f6z"},"content":{"rendered":"<p>Egy komoly meglepet\u00e9ssel k\u00e9sz\u00fcltem sz\u00e1motokra, az \u00e1ltalam kor\u00e1bban elk\u00e9sz\u00edtett nemezl\u00e1bbeli-k\u00e9sz\u00edt\u0151 vide\u00f3s oktat\u00f3anyagok mell\u00e9.<\/p>\n<p>Mivel t\u00f6bb olyan visszajelz\u00e9st kaptam, hogy neh\u00e9zs\u00e9gek mer\u00fcltek fel a l\u00e1bbeli-alapanyagok beszerz\u00e9sekor, \u00fagy gondoltam, \u00f6ssze\u00e1ll\u00edtok egy-egy \u201eCsin\u00e1ld magad doboz\u201d-t minden tanfolyamhoz.<\/p>\n<p>Amikor valaki szem\u00e9lyesen j\u00f6n hozz\u00e1m, akkor a l\u00e1bbelij\u00e9hez minden alapanyag rendelkez\u00e9sre \u00e1ll a M\u0171helyemben: ugyanezt a k\u00e9nyelmet szeretn\u00e9m biztos\u00edtani nektek a vide\u00f3s oktat\u00f3anyagok mell\u00e9 \u00f6sszek\u00e9sz\u00edtett tematikus dobozokkal.<\/p>\n<p>Egy alkot\u00f3doboz a szersz\u00e1mok kiv\u00e9tel\u00e9vel minden olyan alapanyagot tartalmaz, amely az adott l\u00e1bbeli elk\u00e9sz\u00edt\u00e9s\u00e9hez sz\u00fcks\u00e9ges, bele\u00e9rtve az \u00e1ltalad kiv\u00e1lasztott sz\u00edn\u0171 gyapj\u00fat, cip\u0151talpat vagy talpanyagokat is.<\/p>\n<p>A doboz tartalma:<\/p>\n<p>A fels\u0151r\u00e9szhez: 200 g Bergschaf gyapj\u00fa, ebb\u0151l 100 g nat\u00far, \u00e9s 100 g festett (vagy 200 g nat\u00far, amit v\u00e1lasztasz).<\/p>\n<p>A sablon elk\u00e9sz\u00edt\u00e9s\u00e9hez: nagym\u00e9ret\u0171 pap\u00edrlap, parketta al\u00e1t\u00e9t f\u00f3lia.<\/p>\n<p>A nemezel\u00e9shez: 2 p\u00e1r nejlon keszty\u0171.<\/p>\n<p>A talphoz: Cs\u00e9szetalp, EVA, ken\u0151ke a ragaszt\u00f3hoz, lap\u00edtott viaszolt cip\u0151varr\u00f3 c\u00e9rna. (A ragaszt\u00f3 nem r\u00e9sze a csomagnak, a Pattex er\u0151sragaszt\u00f3t javaslom, b\u00e1rmelyik bark\u00e1cs\u00e1ruh\u00e1zban kaphat\u00f3.)<\/p>\n<p>Ringlik a k\u00edv\u00e1nt mennyis\u00e9gben.<\/p>\n<p>A doboz megrendel\u00e9s\u00e9t k\u00f6vet\u0151en felveszem veled a kapcsolatot, \u00edgy tudjuk egyeztetni a r\u00e9szleteket, \u00e9s az ig\u00e9nyeket.<\/p>","protected":false},"excerpt":{"rendered":"<p>Az alkot\u00f3doboz tartalmaz minden alapanyagot, amire sz\u00fcks\u00e9ged lesz egy \u00e1tmeneti nemezcip\u0151 elk\u00e9sz\u00edt\u00e9s\u00e9hez.<\/p>\n<p><span style=\"color: #00ccff;\"><a style=\"color: #00ccff;\" href=\"https:\/\/www.youtube.com\/watch?v=bR43tDotULQ&amp;t=10s&amp;ab_channel=T%C3%BCnd%C3%A9riPort%C3%A9k%C3%A1k\" target=\"_blank\" rel=\"noopener\">Mi van a dobozban<\/a><\/span><\/p>","protected":false},"featured_media":3079,"template":"","meta":{"site-sidebar-layout":"default","site-content-layout":"","ast-site-content-layout":"default","site-content-style":"default","site-sidebar-style":"default","ast-global-header-display":"","ast-banner-title-visibility":"","ast-main-header-display":"","ast-hfb-above-header-display":"","ast-hfb-below-header-display":"","ast-hfb-mobile-header-display":"","site-post-title":"","ast-breadcrumbs-content":"","ast-featured-img":"","footer-sml-layout":"","ast-disable-related-posts":"","theme-transparent-header-meta":"default","adv-header-id-meta":"","stick-header-meta":"","header-above-stick-meta":"","header-main-stick-meta":"","header-below-stick-meta":"","astra-migrate-meta-layouts":"set","ast-page-background-enabled":"default","ast-page-background-meta":{"desktop":{"background-color":"","background-image":"","background-repeat":"repeat","background-position":"center center","background-size":"auto","background-attachment":"scroll","background-type":"","background-media":"","overlay-type":"","overlay-color":"","overlay-opacity":"","overlay-gradient":""},"tablet":{"background-color":"","background-image":"","background-repeat":"repeat","background-position":"center center","background-size":"auto","background-attachment":"scroll","background-type":"","background-media":"","overlay-type":"","overlay-color":"","overlay-opacity":"","overlay-gradient":""},"mobile":{"background-color":"","background-image":"","background-repeat":"repeat","background-position":"center center","background-size":"auto","background-attachment":"scroll","background-type":"","background-media":"","overlay-type":"","overlay-color":"","overlay-opacity":"","overlay-gradient":""}},"ast-content-background-meta":{"desktop":{"background-color":"var(--ast-global-color-5)","background-image":"","background-repeat":"repeat","background-position":"center center","background-size":"auto","background-attachment":"scroll","background-type":"","background-media":"","overlay-type":"","overlay-color":"","overlay-opacity":"","overlay-gradient":""},"tablet":{"background-color":"var(--ast-global-color-5)","background-image":"","background-repeat":"repeat","background-position":"center center","background-size":"auto","background-attachment":"scroll","background-type":"","background-media":"","overlay-type":"","overlay-color":"","overlay-opacity":"","overlay-gradient":""},"mobile":{"background-color":"var(--ast-global-color-5)","background-image":"","background-repeat":"repeat","background-position":"center center","background-size":"auto","background-attachment":"scroll","background-type":"","background-media":"","overlay-type":"","overlay-color":"","overlay-opacity":"","overlay-gradient":""}}},"product_brand":[],"product_cat":[35],"product_tag":[46],"class_list":{"0":"post-3078","1":"product","2":"type-product","3":"status-publish","4":"has-post-thumbnail","6":"product_cat-oktatoanyagok","7":"product_tag-oktatoanyagok","8":"desktop-align-left","9":"tablet-align-left","10":"mobile-align-left","12":"first","13":"instock","14":"taxable","15":"shipping-taxable","16":"purchasable","17":"product-type-simple"},"yoast_head":"<!-- This site is optimized with the Yoast SEO Premium plugin v27.3 (Yoast SEO v27.3) - https:\/\/yoast.com\/product\/yoast-seo-premium-wordpress\/ -->\n<title>&quot;Csin\u00e1ld Magad&quot; doboz - \u00c1tmeneti nemezcip\u0151h\u00f6z -<\/title>\n<meta name=\"robots\" content=\"index, follow, max-snippet:-1, max-image-preview:large, max-video-preview:-1\" \/>\n<link rel=\"canonical\" href=\"https:\/\/tunderiportekak.hu\/en\/product\/csinald-magad-doboz-atmeneti-nemezcipohoz\/\" \/>\n<meta property=\"og:locale\" content=\"en_US\" \/>\n<meta property=\"og:type\" content=\"article\" \/>\n<meta property=\"og:title\" content=\"&quot;Csin\u00e1ld Magad&quot; doboz - \u00c1tmeneti nemezcip\u0151h\u00f6z\" \/>\n<meta property=\"og:description\" content=\"Az alkot\u00f3doboz tartalmaz minden alapanyagot, amire sz\u00fcks\u00e9ged lesz egy \u00e1tmeneti nemezcip\u0151 elk\u00e9sz\u00edt\u00e9s\u00e9hez.  Mi van a dobozban\" \/>\n<meta property=\"og:url\" content=\"https:\/\/tunderiportekak.hu\/en\/product\/csinald-magad-doboz-atmeneti-nemezcipohoz\/\" \/>\n<meta property=\"article:modified_time\" content=\"2026-04-08T09:58:07+00:00\" \/>\n<meta property=\"og:image\" content=\"https:\/\/tunderiportekak.hu\/wp-content\/uploads\/2024\/01\/Atmeneti-scaled.jpg\" \/>\n\t<meta property=\"og:image:width\" content=\"2560\" \/>\n\t<meta property=\"og:image:height\" content=\"1153\" \/>\n\t<meta property=\"og:image:type\" content=\"image\/jpeg\" \/>\n<meta name=\"twitter:card\" content=\"summary_large_image\" \/>\n<meta name=\"twitter:label1\" content=\"Est. reading time\" \/>\n\t<meta name=\"twitter:data1\" content=\"2 minutes\" \/>\n<script type=\"application\/ld+json\" class=\"yoast-schema-graph\">{\"@context\":\"https:\\\/\\\/schema.org\",\"@graph\":[{\"@type\":\"WebPage\",\"@id\":\"https:\\\/\\\/tunderiportekak.hu\\\/termek\\\/csinald-magad-doboz-atmeneti-nemezcipohoz\\\/\",\"url\":\"https:\\\/\\\/tunderiportekak.hu\\\/termek\\\/csinald-magad-doboz-atmeneti-nemezcipohoz\\\/\",\"name\":\"\\\"Csin\u00e1ld Magad\\\" doboz - \u00c1tmeneti nemezcip\u0151h\u00f6z -\",\"isPartOf\":{\"@id\":\"https:\\\/\\\/tunderiportekak.hu\\\/#website\"},\"primaryImageOfPage\":{\"@id\":\"https:\\\/\\\/tunderiportekak.hu\\\/termek\\\/csinald-magad-doboz-atmeneti-nemezcipohoz\\\/#primaryimage\"},\"image\":{\"@id\":\"https:\\\/\\\/tunderiportekak.hu\\\/termek\\\/csinald-magad-doboz-atmeneti-nemezcipohoz\\\/#primaryimage\"},\"thumbnailUrl\":\"https:\\\/\\\/tunderiportekak.hu\\\/wp-content\\\/uploads\\\/2024\\\/01\\\/Atmeneti-scaled.jpg\",\"datePublished\":\"2024-01-10T16:46:56+00:00\",\"dateModified\":\"2026-04-08T09:58:07+00:00\",\"breadcrumb\":{\"@id\":\"https:\\\/\\\/tunderiportekak.hu\\\/termek\\\/csinald-magad-doboz-atmeneti-nemezcipohoz\\\/#breadcrumb\"},\"inLanguage\":\"en-US\",\"potentialAction\":[{\"@type\":\"ReadAction\",\"target\":[\"https:\\\/\\\/tunderiportekak.hu\\\/termek\\\/csinald-magad-doboz-atmeneti-nemezcipohoz\\\/\"]}]},{\"@type\":\"ImageObject\",\"inLanguage\":\"en-US\",\"@id\":\"https:\\\/\\\/tunderiportekak.hu\\\/termek\\\/csinald-magad-doboz-atmeneti-nemezcipohoz\\\/#primaryimage\",\"url\":\"https:\\\/\\\/tunderiportekak.hu\\\/wp-content\\\/uploads\\\/2024\\\/01\\\/Atmeneti-scaled.jpg\",\"contentUrl\":\"https:\\\/\\\/tunderiportekak.hu\\\/wp-content\\\/uploads\\\/2024\\\/01\\\/Atmeneti-scaled.jpg\",\"width\":2560,\"height\":1153},{\"@type\":\"BreadcrumbList\",\"@id\":\"https:\\\/\\\/tunderiportekak.hu\\\/termek\\\/csinald-magad-doboz-atmeneti-nemezcipohoz\\\/#breadcrumb\",\"itemListElement\":[{\"@type\":\"ListItem\",\"position\":1,\"name\":\"Home\",\"item\":\"https:\\\/\\\/tunderiportekak.hu\\\/\"},{\"@type\":\"ListItem\",\"position\":2,\"name\":\"Bolt\",\"item\":\"https:\\\/\\\/tunderiportekak.hu\\\/bolt\\\/\"},{\"@type\":\"ListItem\",\"position\":3,\"name\":\"&#8222;Csin\u00e1ld Magad&#8221; doboz &#8211; \u00c1tmeneti nemezcip\u0151h\u00f6z\"}]},{\"@type\":\"WebSite\",\"@id\":\"https:\\\/\\\/tunderiportekak.hu\\\/#website\",\"url\":\"https:\\\/\\\/tunderiportekak.hu\\\/\",\"name\":\"\",\"description\":\"Nemezcip\u0151 k\u00e9sz\u00edt\u0151 \u00e9lm\u00e9nyprogramok\",\"potentialAction\":[{\"@type\":\"SearchAction\",\"target\":{\"@type\":\"EntryPoint\",\"urlTemplate\":\"https:\\\/\\\/tunderiportekak.hu\\\/?s={search_term_string}\"},\"query-input\":{\"@type\":\"PropertyValueSpecification\",\"valueRequired\":true,\"valueName\":\"search_term_string\"}}],\"inLanguage\":\"en-US\"}]}<\/script>\n<!-- \/ Yoast SEO Premium plugin. -->","yoast_head_json":{"title":"\"Csin\u00e1ld Magad\" doboz - \u00c1tmeneti nemezcip\u0151h\u00f6z -","robots":{"index":"index","follow":"follow","max-snippet":"max-snippet:-1","max-image-preview":"max-image-preview:large","max-video-preview":"max-video-preview:-1"},"canonical":"https:\/\/tunderiportekak.hu\/en\/product\/csinald-magad-doboz-atmeneti-nemezcipohoz\/","og_locale":"en_US","og_type":"article","og_title":"\"Csin\u00e1ld Magad\" doboz - \u00c1tmeneti nemezcip\u0151h\u00f6z","og_description":"Az alkot\u00f3doboz tartalmaz minden alapanyagot, amire sz\u00fcks\u00e9ged lesz egy \u00e1tmeneti nemezcip\u0151 elk\u00e9sz\u00edt\u00e9s\u00e9hez.  Mi van a dobozban","og_url":"https:\/\/tunderiportekak.hu\/en\/product\/csinald-magad-doboz-atmeneti-nemezcipohoz\/","article_modified_time":"2026-04-08T09:58:07+00:00","og_image":[{"width":2560,"height":1153,"url":"https:\/\/tunderiportekak.hu\/wp-content\/uploads\/2024\/01\/Atmeneti-scaled.jpg","type":"image\/jpeg"}],"twitter_card":"summary_large_image","twitter_misc":{"Est. reading time":"2 minutes"},"schema":{"@context":"https:\/\/schema.org","@graph":[{"@type":"WebPage","@id":"https:\/\/tunderiportekak.hu\/termek\/csinald-magad-doboz-atmeneti-nemezcipohoz\/","url":"https:\/\/tunderiportekak.hu\/termek\/csinald-magad-doboz-atmeneti-nemezcipohoz\/","name":"\"Csin\u00e1ld Magad\" doboz - \u00c1tmeneti nemezcip\u0151h\u00f6z -","isPartOf":{"@id":"https:\/\/tunderiportekak.hu\/#website"},"primaryImageOfPage":{"@id":"https:\/\/tunderiportekak.hu\/termek\/csinald-magad-doboz-atmeneti-nemezcipohoz\/#primaryimage"},"image":{"@id":"https:\/\/tunderiportekak.hu\/termek\/csinald-magad-doboz-atmeneti-nemezcipohoz\/#primaryimage"},"thumbnailUrl":"https:\/\/tunderiportekak.hu\/wp-content\/uploads\/2024\/01\/Atmeneti-scaled.jpg","datePublished":"2024-01-10T16:46:56+00:00","dateModified":"2026-04-08T09:58:07+00:00","breadcrumb":{"@id":"https:\/\/tunderiportekak.hu\/termek\/csinald-magad-doboz-atmeneti-nemezcipohoz\/#breadcrumb"},"inLanguage":"en-US","potentialAction":[{"@type":"ReadAction","target":["https:\/\/tunderiportekak.hu\/termek\/csinald-magad-doboz-atmeneti-nemezcipohoz\/"]}]},{"@type":"ImageObject","inLanguage":"en-US","@id":"https:\/\/tunderiportekak.hu\/termek\/csinald-magad-doboz-atmeneti-nemezcipohoz\/#primaryimage","url":"https:\/\/tunderiportekak.hu\/wp-content\/uploads\/2024\/01\/Atmeneti-scaled.jpg","contentUrl":"https:\/\/tunderiportekak.hu\/wp-content\/uploads\/2024\/01\/Atmeneti-scaled.jpg","width":2560,"height":1153},{"@type":"BreadcrumbList","@id":"https:\/\/tunderiportekak.hu\/termek\/csinald-magad-doboz-atmeneti-nemezcipohoz\/#breadcrumb","itemListElement":[{"@type":"ListItem","position":1,"name":"Home","item":"https:\/\/tunderiportekak.hu\/"},{"@type":"ListItem","position":2,"name":"Bolt","item":"https:\/\/tunderiportekak.hu\/bolt\/"},{"@type":"ListItem","position":3,"name":"&#8222;Csin\u00e1ld Magad&#8221; doboz &#8211; \u00c1tmeneti nemezcip\u0151h\u00f6z"}]},{"@type":"WebSite","@id":"https:\/\/tunderiportekak.hu\/#website","url":"https:\/\/tunderiportekak.hu\/","name":"","description":"Felt shoe making programmes","potentialAction":[{"@type":"SearchAction","target":{"@type":"EntryPoint","urlTemplate":"https:\/\/tunderiportekak.hu\/?s={search_term_string}"},"query-input":{"@type":"PropertyValueSpecification","valueRequired":true,"valueName":"search_term_string"}}],"inLanguage":"en-US"}]}},"_links":{"self":[{"href":"https:\/\/tunderiportekak.hu\/en\/wp-json\/wp\/v2\/product\/3078","targetHints":{"allow":["GET"]}}],"collection":[{"href":"https:\/\/tunderiportekak.hu\/en\/wp-json\/wp\/v2\/product"}],"about":[{"href":"https:\/\/tunderiportekak.hu\/en\/wp-json\/wp\/v2\/types\/product"}],"wp:featuredmedia":[{"embeddable":true,"href":"https:\/\/tunderiportekak.hu\/en\/wp-json\/wp\/v2\/media\/3079"}],"wp:attachment":[{"href":"https:\/\/tunderiportekak.hu\/en\/wp-json\/wp\/v2\/media?parent=3078"}],"wp:term":[{"taxonomy":"product_brand","embeddable":true,"href":"https:\/\/tunderiportekak.hu\/en\/wp-json\/wp\/v2\/product_brand?post=3078"},{"taxonomy":"product_cat","embeddable":true,"href":"https:\/\/tunderiportekak.hu\/en\/wp-json\/wp\/v2\/product_cat?post=3078"},{"taxonomy":"product_tag","embeddable":true,"href":"https:\/\/tunderiportekak.hu\/en\/wp-json\/wp\/v2\/product_tag?post=3078"}],"curies":[{"name":"wp","href":"https:\/\/api.w.org\/{rel}","templated":true}]}}