{"id":2260,"date":"2023-10-10T15:15:11","date_gmt":"2023-10-10T15:15:11","guid":{"rendered":"https:\/\/shop.tunderiportekak.hu\/?post_type=product&#038;p=2260"},"modified":"2026-04-18T23:14:53","modified_gmt":"2026-04-18T21:14:53","slug":"atmeneti-nemezcipo-keszito-oktatoanyag","status":"publish","type":"product","link":"https:\/\/tunderiportekak.hu\/en\/product\/atmeneti-nemezcipo-keszito-oktatoanyag\/","title":{"rendered":"\u00c1tmeneti nemezcip\u0151-k\u00e9sz\u00edt\u0151 oktat\u00f3anyag"},"content":{"rendered":"<p>Betekint\u00e9st nyerhetsz a m\u0171helymunk\u00e1mba, mutatok tr\u00fckk\u00f6ket, hogy minden egyszer\u0171bb legyen, mes\u00e9lek az alapanyagokr\u00f3l \u00e9s az eszk\u00f6zhaszn\u00e1latr\u00f3l. Megtanulhatsz velem elk\u00e9sz\u00edteni l\u00e9p\u00e9sr\u0151l-l\u00e9p\u00e9sre egy \u00e1tmeneti nemezcip\u0151t. Az alapanyagok kiv\u00e1laszt\u00e1s\u00e1t\u00f3l, a gyapj\u00fa kim\u00e9r\u00e9s\u00e9n \u00e1t, a nemezk\u00e9sz\u00edt\u00e9s fort\u00e9lyain kereszt\u00fcl a cip\u0151 talpal\u00e1s\u00e1ig, ringliz\u00e9s\u00e9ig. Mindent r\u00e9szletesen elmagyar\u00e1zok, \u00e9s bemutatok, hogy k\u00e9s\u0151bb az eg\u00e9sz csal\u00e1d az \u00e1ltalad k\u00e9sz\u00edtett nemezcip\u0151kben j\u00e1rhasson.<\/p>\n<p>Az aj\u00e1nl\u00f3 kisfilmet<span style=\"color: #00ccff;\">\u00a0<a style=\"color: #00ccff;\" href=\"https:\/\/www.youtube.com\/watch?v=jjJ-AMMCUH4&amp;ab_channel=T%C3%BCnd%C3%A9riPort%C3%A9k%C3%A1k\">itt l\u00e1thatod.<\/a><\/span><\/p>","protected":false},"excerpt":{"rendered":"<p class=\"ai-optimize-19\">Szeretn\u00e9m figyelmedbe aj\u00e1nlani a leg\u00fajabb, t\u00f6bb mint 4 \u00f3r\u00e1s oktat\u00f3anyagomat, seg\u00edts\u00e9get ny\u00fajt sz\u00e1modra, ha otthon szeretn\u00e9l elk\u00e9sz\u00edteni egy igaz\u00e1n k\u00e9nyelmes, \u00e9s sportos \u00e1tmeneti nemezcip\u0151t.<\/p>\n<p class=\"ai-optimize-20\">Ha m\u00e9g nem tudod, hogy mi mindenre van sz\u00fcks\u00e9ged egy nemezcip\u0151 elk\u00e9sz\u00edt\u00e9s\u00e9hez, keress bizalommal, vagy v\u00e1laszd ki a megfelel\u0151 alkot\u00f3dobozt a webshopban.<\/p>\n<p class=\"ai-optimize-21\"><span style=\"color: #00ccff;\"><a style=\"color: #00ccff;\" href=\"https:\/\/www.youtube.com\/watch?v=OeSgvyvZm3g&amp;t=1s&amp;ab_channel=T%C3%BCnd%C3%A9riPort%C3%A9k%C3%A1k\" target=\"_blank\" rel=\"noopener\">Aj\u00e1nl\u00f3<\/a><\/span><\/p>","protected":false},"featured_media":2261,"template":"","meta":{"site-sidebar-layout":"default","site-content-layout":"","ast-site-content-layout":"default","site-content-style":"default","site-sidebar-style":"default","ast-global-header-display":"","ast-banner-title-visibility":"","ast-main-header-display":"","ast-hfb-above-header-display":"","ast-hfb-below-header-display":"","ast-hfb-mobile-header-display":"","site-post-title":"","ast-breadcrumbs-content":"","ast-featured-img":"","footer-sml-layout":"","ast-disable-related-posts":"","theme-transparent-header-meta":"default","adv-header-id-meta":"","stick-header-meta":"","header-above-stick-meta":"","header-main-stick-meta":"","header-below-stick-meta":"","astra-migrate-meta-layouts":"set","ast-page-background-enabled":"default","ast-page-background-meta":{"desktop":{"background-color":"","background-image":"","background-repeat":"repeat","background-position":"center center","background-size":"auto","background-attachment":"scroll","background-type":"","background-media":"","overlay-type":"","overlay-color":"","overlay-opacity":"","overlay-gradient":""},"tablet":{"background-color":"","background-image":"","background-repeat":"repeat","background-position":"center center","background-size":"auto","background-attachment":"scroll","background-type":"","background-media":"","overlay-type":"","overlay-color":"","overlay-opacity":"","overlay-gradient":""},"mobile":{"background-color":"","background-image":"","background-repeat":"repeat","background-position":"center center","background-size":"auto","background-attachment":"scroll","background-type":"","background-media":"","overlay-type":"","overlay-color":"","overlay-opacity":"","overlay-gradient":""}},"ast-content-background-meta":{"desktop":{"background-color":"var(--ast-global-color-5)","background-image":"","background-repeat":"repeat","background-position":"center center","background-size":"auto","background-attachment":"scroll","background-type":"","background-media":"","overlay-type":"","overlay-color":"","overlay-opacity":"","overlay-gradient":""},"tablet":{"background-color":"var(--ast-global-color-5)","background-image":"","background-repeat":"repeat","background-position":"center center","background-size":"auto","background-attachment":"scroll","background-type":"","background-media":"","overlay-type":"","overlay-color":"","overlay-opacity":"","overlay-gradient":""},"mobile":{"background-color":"var(--ast-global-color-5)","background-image":"","background-repeat":"repeat","background-position":"center center","background-size":"auto","background-attachment":"scroll","background-type":"","background-media":"","overlay-type":"","overlay-color":"","overlay-opacity":"","overlay-gradient":""}}},"product_brand":[],"product_cat":[35],"product_tag":[46],"class_list":{"0":"post-2260","1":"product","2":"type-product","3":"status-publish","4":"has-post-thumbnail","6":"product_cat-oktatoanyagok","7":"product_tag-oktatoanyagok","8":"desktop-align-left","9":"tablet-align-left","10":"mobile-align-left","12":"first","13":"instock","14":"taxable","15":"shipping-taxable","16":"purchasable","17":"product-type-simple"},"yoast_head":"<!-- This site is optimized with the Yoast SEO Premium plugin v27.3 (Yoast SEO v27.3) - https:\/\/yoast.com\/product\/yoast-seo-premium-wordpress\/ -->\n<title>\u00c1tmeneti nemezcip\u0151-k\u00e9sz\u00edt\u0151 oktat\u00f3anyag -<\/title>\n<meta name=\"robots\" content=\"index, follow, max-snippet:-1, max-image-preview:large, max-video-preview:-1\" \/>\n<link rel=\"canonical\" href=\"https:\/\/tunderiportekak.hu\/en\/product\/atmeneti-nemezcipo-keszito-oktatoanyag\/\" \/>\n<meta property=\"og:locale\" content=\"en_US\" \/>\n<meta property=\"og:type\" content=\"article\" \/>\n<meta property=\"og:title\" content=\"\u00c1tmeneti nemezcip\u0151-k\u00e9sz\u00edt\u0151 oktat\u00f3anyag\" \/>\n<meta property=\"og:description\" content=\"Szeretn\u00e9m figyelmedbe aj\u00e1nlani a leg\u00fajabb, t\u00f6bb mint 4 \u00f3r\u00e1s oktat\u00f3anyagomat, seg\u00edts\u00e9get ny\u00fajt sz\u00e1modra, ha otthon szeretn\u00e9l elk\u00e9sz\u00edteni egy igaz\u00e1n k\u00e9nyelmes, \u00e9s sportos \u00e1tmeneti nemezcip\u0151t. Ha m\u00e9g nem tudod, hogy mi mindenre van sz\u00fcks\u00e9ged egy nemezcip\u0151 elk\u00e9sz\u00edt\u00e9s\u00e9hez, keress bizalommal, vagy v\u00e1laszd ki a megfelel\u0151 alkot\u00f3dobozt a webshopban. Aj\u00e1nl\u00f3\" \/>\n<meta property=\"og:url\" content=\"https:\/\/tunderiportekak.hu\/en\/product\/atmeneti-nemezcipo-keszito-oktatoanyag\/\" \/>\n<meta property=\"article:modified_time\" content=\"2026-04-18T21:14:53+00:00\" \/>\n<meta property=\"og:image\" content=\"https:\/\/tunderiportekak.hu\/wp-content\/uploads\/2023\/10\/20210420_135804-scaled-e1696950885557.jpg\" \/>\n\t<meta property=\"og:image:width\" content=\"1152\" \/>\n\t<meta property=\"og:image:height\" content=\"1911\" \/>\n\t<meta property=\"og:image:type\" content=\"image\/jpeg\" \/>\n<meta name=\"twitter:card\" content=\"summary_large_image\" \/>\n<meta name=\"twitter:label1\" content=\"Est. reading time\" \/>\n\t<meta name=\"twitter:data1\" content=\"1 minute\" \/>\n<script type=\"application\/ld+json\" class=\"yoast-schema-graph\">{\"@context\":\"https:\\\/\\\/schema.org\",\"@graph\":[{\"@type\":\"WebPage\",\"@id\":\"https:\\\/\\\/tunderiportekak.hu\\\/termek\\\/atmeneti-nemezcipo-keszito-oktatoanyag\\\/\",\"url\":\"https:\\\/\\\/tunderiportekak.hu\\\/termek\\\/atmeneti-nemezcipo-keszito-oktatoanyag\\\/\",\"name\":\"\u00c1tmeneti nemezcip\u0151-k\u00e9sz\u00edt\u0151 oktat\u00f3anyag -\",\"isPartOf\":{\"@id\":\"https:\\\/\\\/tunderiportekak.hu\\\/#website\"},\"primaryImageOfPage\":{\"@id\":\"https:\\\/\\\/tunderiportekak.hu\\\/termek\\\/atmeneti-nemezcipo-keszito-oktatoanyag\\\/#primaryimage\"},\"image\":{\"@id\":\"https:\\\/\\\/tunderiportekak.hu\\\/termek\\\/atmeneti-nemezcipo-keszito-oktatoanyag\\\/#primaryimage\"},\"thumbnailUrl\":\"https:\\\/\\\/tunderiportekak.hu\\\/wp-content\\\/uploads\\\/2023\\\/10\\\/20210420_135804-scaled-e1696950885557.jpg\",\"datePublished\":\"2023-10-10T15:15:11+00:00\",\"dateModified\":\"2026-04-18T21:14:53+00:00\",\"breadcrumb\":{\"@id\":\"https:\\\/\\\/tunderiportekak.hu\\\/termek\\\/atmeneti-nemezcipo-keszito-oktatoanyag\\\/#breadcrumb\"},\"inLanguage\":\"en-US\",\"potentialAction\":[{\"@type\":\"ReadAction\",\"target\":[\"https:\\\/\\\/tunderiportekak.hu\\\/termek\\\/atmeneti-nemezcipo-keszito-oktatoanyag\\\/\"]}]},{\"@type\":\"ImageObject\",\"inLanguage\":\"en-US\",\"@id\":\"https:\\\/\\\/tunderiportekak.hu\\\/termek\\\/atmeneti-nemezcipo-keszito-oktatoanyag\\\/#primaryimage\",\"url\":\"https:\\\/\\\/tunderiportekak.hu\\\/wp-content\\\/uploads\\\/2023\\\/10\\\/20210420_135804-scaled-e1696950885557.jpg\",\"contentUrl\":\"https:\\\/\\\/tunderiportekak.hu\\\/wp-content\\\/uploads\\\/2023\\\/10\\\/20210420_135804-scaled-e1696950885557.jpg\",\"width\":1152,\"height\":1911},{\"@type\":\"BreadcrumbList\",\"@id\":\"https:\\\/\\\/tunderiportekak.hu\\\/termek\\\/atmeneti-nemezcipo-keszito-oktatoanyag\\\/#breadcrumb\",\"itemListElement\":[{\"@type\":\"ListItem\",\"position\":1,\"name\":\"Home\",\"item\":\"https:\\\/\\\/tunderiportekak.hu\\\/\"},{\"@type\":\"ListItem\",\"position\":2,\"name\":\"Bolt\",\"item\":\"https:\\\/\\\/tunderiportekak.hu\\\/bolt\\\/\"},{\"@type\":\"ListItem\",\"position\":3,\"name\":\"\u00c1tmeneti nemezcip\u0151-k\u00e9sz\u00edt\u0151 oktat\u00f3anyag\"}]},{\"@type\":\"WebSite\",\"@id\":\"https:\\\/\\\/tunderiportekak.hu\\\/#website\",\"url\":\"https:\\\/\\\/tunderiportekak.hu\\\/\",\"name\":\"\",\"description\":\"Nemezcip\u0151 k\u00e9sz\u00edt\u0151 \u00e9lm\u00e9nyprogramok\",\"potentialAction\":[{\"@type\":\"SearchAction\",\"target\":{\"@type\":\"EntryPoint\",\"urlTemplate\":\"https:\\\/\\\/tunderiportekak.hu\\\/?s={search_term_string}\"},\"query-input\":{\"@type\":\"PropertyValueSpecification\",\"valueRequired\":true,\"valueName\":\"search_term_string\"}}],\"inLanguage\":\"en-US\"}]}<\/script>\n<!-- \/ Yoast SEO Premium plugin. -->","yoast_head_json":{"title":"\u00c1tmeneti nemezcip\u0151-k\u00e9sz\u00edt\u0151 oktat\u00f3anyag -","robots":{"index":"index","follow":"follow","max-snippet":"max-snippet:-1","max-image-preview":"max-image-preview:large","max-video-preview":"max-video-preview:-1"},"canonical":"https:\/\/tunderiportekak.hu\/en\/product\/atmeneti-nemezcipo-keszito-oktatoanyag\/","og_locale":"en_US","og_type":"article","og_title":"\u00c1tmeneti nemezcip\u0151-k\u00e9sz\u00edt\u0151 oktat\u00f3anyag","og_description":"Szeretn\u00e9m figyelmedbe aj\u00e1nlani a leg\u00fajabb, t\u00f6bb mint 4 \u00f3r\u00e1s oktat\u00f3anyagomat, seg\u00edts\u00e9get ny\u00fajt sz\u00e1modra, ha otthon szeretn\u00e9l elk\u00e9sz\u00edteni egy igaz\u00e1n k\u00e9nyelmes, \u00e9s sportos \u00e1tmeneti nemezcip\u0151t. Ha m\u00e9g nem tudod, hogy mi mindenre van sz\u00fcks\u00e9ged egy nemezcip\u0151 elk\u00e9sz\u00edt\u00e9s\u00e9hez, keress bizalommal, vagy v\u00e1laszd ki a megfelel\u0151 alkot\u00f3dobozt a webshopban. Aj\u00e1nl\u00f3","og_url":"https:\/\/tunderiportekak.hu\/en\/product\/atmeneti-nemezcipo-keszito-oktatoanyag\/","article_modified_time":"2026-04-18T21:14:53+00:00","og_image":[{"width":1152,"height":1911,"url":"https:\/\/tunderiportekak.hu\/wp-content\/uploads\/2023\/10\/20210420_135804-scaled-e1696950885557.jpg","type":"image\/jpeg"}],"twitter_card":"summary_large_image","twitter_misc":{"Est. reading time":"1 minute"},"schema":{"@context":"https:\/\/schema.org","@graph":[{"@type":"WebPage","@id":"https:\/\/tunderiportekak.hu\/termek\/atmeneti-nemezcipo-keszito-oktatoanyag\/","url":"https:\/\/tunderiportekak.hu\/termek\/atmeneti-nemezcipo-keszito-oktatoanyag\/","name":"\u00c1tmeneti nemezcip\u0151-k\u00e9sz\u00edt\u0151 oktat\u00f3anyag -","isPartOf":{"@id":"https:\/\/tunderiportekak.hu\/#website"},"primaryImageOfPage":{"@id":"https:\/\/tunderiportekak.hu\/termek\/atmeneti-nemezcipo-keszito-oktatoanyag\/#primaryimage"},"image":{"@id":"https:\/\/tunderiportekak.hu\/termek\/atmeneti-nemezcipo-keszito-oktatoanyag\/#primaryimage"},"thumbnailUrl":"https:\/\/tunderiportekak.hu\/wp-content\/uploads\/2023\/10\/20210420_135804-scaled-e1696950885557.jpg","datePublished":"2023-10-10T15:15:11+00:00","dateModified":"2026-04-18T21:14:53+00:00","breadcrumb":{"@id":"https:\/\/tunderiportekak.hu\/termek\/atmeneti-nemezcipo-keszito-oktatoanyag\/#breadcrumb"},"inLanguage":"en-US","potentialAction":[{"@type":"ReadAction","target":["https:\/\/tunderiportekak.hu\/termek\/atmeneti-nemezcipo-keszito-oktatoanyag\/"]}]},{"@type":"ImageObject","inLanguage":"en-US","@id":"https:\/\/tunderiportekak.hu\/termek\/atmeneti-nemezcipo-keszito-oktatoanyag\/#primaryimage","url":"https:\/\/tunderiportekak.hu\/wp-content\/uploads\/2023\/10\/20210420_135804-scaled-e1696950885557.jpg","contentUrl":"https:\/\/tunderiportekak.hu\/wp-content\/uploads\/2023\/10\/20210420_135804-scaled-e1696950885557.jpg","width":1152,"height":1911},{"@type":"BreadcrumbList","@id":"https:\/\/tunderiportekak.hu\/termek\/atmeneti-nemezcipo-keszito-oktatoanyag\/#breadcrumb","itemListElement":[{"@type":"ListItem","position":1,"name":"Home","item":"https:\/\/tunderiportekak.hu\/"},{"@type":"ListItem","position":2,"name":"Bolt","item":"https:\/\/tunderiportekak.hu\/bolt\/"},{"@type":"ListItem","position":3,"name":"\u00c1tmeneti nemezcip\u0151-k\u00e9sz\u00edt\u0151 oktat\u00f3anyag"}]},{"@type":"WebSite","@id":"https:\/\/tunderiportekak.hu\/#website","url":"https:\/\/tunderiportekak.hu\/","name":"","description":"Felt shoe making programmes","potentialAction":[{"@type":"SearchAction","target":{"@type":"EntryPoint","urlTemplate":"https:\/\/tunderiportekak.hu\/?s={search_term_string}"},"query-input":{"@type":"PropertyValueSpecification","valueRequired":true,"valueName":"search_term_string"}}],"inLanguage":"en-US"}]}},"_links":{"self":[{"href":"https:\/\/tunderiportekak.hu\/en\/wp-json\/wp\/v2\/product\/2260","targetHints":{"allow":["GET"]}}],"collection":[{"href":"https:\/\/tunderiportekak.hu\/en\/wp-json\/wp\/v2\/product"}],"about":[{"href":"https:\/\/tunderiportekak.hu\/en\/wp-json\/wp\/v2\/types\/product"}],"wp:featuredmedia":[{"embeddable":true,"href":"https:\/\/tunderiportekak.hu\/en\/wp-json\/wp\/v2\/media\/2261"}],"wp:attachment":[{"href":"https:\/\/tunderiportekak.hu\/en\/wp-json\/wp\/v2\/media?parent=2260"}],"wp:term":[{"taxonomy":"product_brand","embeddable":true,"href":"https:\/\/tunderiportekak.hu\/en\/wp-json\/wp\/v2\/product_brand?post=2260"},{"taxonomy":"product_cat","embeddable":true,"href":"https:\/\/tunderiportekak.hu\/en\/wp-json\/wp\/v2\/product_cat?post=2260"},{"taxonomy":"product_tag","embeddable":true,"href":"https:\/\/tunderiportekak.hu\/en\/wp-json\/wp\/v2\/product_tag?post=2260"}],"curies":[{"name":"wp","href":"https:\/\/api.w.org\/{rel}","templated":true}]}}