{"id":2258,"date":"2023-10-10T15:05:32","date_gmt":"2023-10-10T15:05:32","guid":{"rendered":"https:\/\/shop.tunderiportekak.hu\/?post_type=product&#038;p=2258"},"modified":"2026-04-15T22:47:04","modified_gmt":"2026-04-15T20:47:04","slug":"nemezbakancs-keszito-oktatoanyag","status":"publish","type":"product","link":"https:\/\/tunderiportekak.hu\/en\/product\/nemezbakancs-keszito-oktatoanyag\/","title":{"rendered":"Nemezbakancs-k\u00e9sz\u00edt\u0151 oktat\u00f3anyag"},"content":{"rendered":"<p>A folyamat bemutat\u00e1sa k\u00f6zben, hasznos tan\u00e1csokkal l\u00e1tlak el, \u00faj technik\u00e1kat \u00e9s ir\u00e1nyzatokat mutatok be. S ha valaki csizm\u00e1t is szeretne k\u00e9sz\u00edteni, egy m\u00e1sf\u00e9l \u00f3r\u00e1s aj\u00e1nd\u00e9k filmben bemutatom, hogy egy szerkeszt\u00e9si rajz alapj\u00e1n az hogyan lehets\u00e9ges. A filmek al\u00e1fest\u0151 zen\u00e9j\u00e9\u00fcl, ez\u00fattal, ismert magyar n\u00e9pdalok, l\u00e9gies hangv\u00e9tel\u0171, jazz feldolgoz\u00e1sait hallgatj\u00e1tok, a csod\u00e1latos Toczauer R\u00e9ka tolm\u00e1csol\u00e1s\u00e1ban.<\/p>\n<p>9 r\u00e9szes, t\u00f6bb mint 5 \u00f3r\u00e1s oktat\u00f3vide\u00f3-sorozat, aj\u00e1nd\u00e9k\u00a0 m\u00e1sf\u00e9l \u00f3r\u00e1s csizmak\u00e9sz\u00edt\u0151 anyaggal.<\/p>\n<p>Az aj\u00e1nl\u00f3 kisfilmet <span style=\"color: #00ccff;\"><a style=\"color: #00ccff;\" href=\"https:\/\/www.youtube.com\/watch?v=-NRP2sioWJ0&amp;ab_channel=T%C3%BCnd%C3%A9riPort%C3%A9k%C3%A1k\" target=\"_blank\" rel=\"noopener\">itt tal\u00e1lod.<\/a><\/span><\/p>","protected":false},"excerpt":{"rendered":"<p class=\"ai-optimize-19 ai-optimize-introduction\">Elk\u00e9sz\u00fclt a nemezbakancs k\u00e9sz\u00edt\u00e9s\u00e9t, teljes k\u00f6r\u0171en bemutat\u00f3 oktat\u00f3filmem. A t\u00f6bb mint 5 \u00f3r\u00e1s anyagban, l\u00e9p\u00e9sr\u0151l-l\u00e9p\u00e9sre megmutatom, hogyan tudsz elk\u00e9sz\u00edteni egy, a saj\u00e1t \u00edzl\u00e9sednek megfelel\u0151 k\u00e9nyelmes \u00e9s meleg nemezbakancsot, mely v\u00e1rosi k\u00f6r\u00fclm\u00e9nyek k\u00f6z\u00f6tt is meg\u00e1llja a hely\u00e9t.<\/p>\n<p class=\"ai-optimize-20\"><span style=\"color: #00ccff;\"><a style=\"color: #00ccff;\" href=\"https:\/\/www.youtube.com\/watch?v=-NRP2sioWJ0&amp;ab_channel=T%C3%BCnd%C3%A9riPort%C3%A9k%C3%A1k\" target=\"_blank\" rel=\"noopener\">Aj\u00e1nl\u00f3<\/a><\/span><\/p>\n<p class=\"ai-optimize-21\">Ha m\u00e9g nem tudod, hogy mi mindenre van sz\u00fcks\u00e9ged egy nemezcip\u0151 elk\u00e9sz\u00edt\u00e9s\u00e9hez, keress bizalommal, vagy v\u00e1laszd ki a megfelel\u0151 alkot\u00f3dobozt a webshopban.<\/p>\n<p>&nbsp;<\/p>\n<p>&nbsp;<\/p>","protected":false},"featured_media":2259,"template":"","meta":{"site-sidebar-layout":"default","site-content-layout":"","ast-site-content-layout":"default","site-content-style":"default","site-sidebar-style":"default","ast-global-header-display":"","ast-banner-title-visibility":"","ast-main-header-display":"","ast-hfb-above-header-display":"","ast-hfb-below-header-display":"","ast-hfb-mobile-header-display":"","site-post-title":"","ast-breadcrumbs-content":"","ast-featured-img":"","footer-sml-layout":"","ast-disable-related-posts":"","theme-transparent-header-meta":"default","adv-header-id-meta":"","stick-header-meta":"","header-above-stick-meta":"","header-main-stick-meta":"","header-below-stick-meta":"","astra-migrate-meta-layouts":"set","ast-page-background-enabled":"default","ast-page-background-meta":{"desktop":{"background-color":"","background-image":"","background-repeat":"repeat","background-position":"center center","background-size":"auto","background-attachment":"scroll","background-type":"","background-media":"","overlay-type":"","overlay-color":"","overlay-opacity":"","overlay-gradient":""},"tablet":{"background-color":"","background-image":"","background-repeat":"repeat","background-position":"center center","background-size":"auto","background-attachment":"scroll","background-type":"","background-media":"","overlay-type":"","overlay-color":"","overlay-opacity":"","overlay-gradient":""},"mobile":{"background-color":"","background-image":"","background-repeat":"repeat","background-position":"center center","background-size":"auto","background-attachment":"scroll","background-type":"","background-media":"","overlay-type":"","overlay-color":"","overlay-opacity":"","overlay-gradient":""}},"ast-content-background-meta":{"desktop":{"background-color":"var(--ast-global-color-5)","background-image":"","background-repeat":"repeat","background-position":"center center","background-size":"auto","background-attachment":"scroll","background-type":"","background-media":"","overlay-type":"","overlay-color":"","overlay-opacity":"","overlay-gradient":""},"tablet":{"background-color":"var(--ast-global-color-5)","background-image":"","background-repeat":"repeat","background-position":"center center","background-size":"auto","background-attachment":"scroll","background-type":"","background-media":"","overlay-type":"","overlay-color":"","overlay-opacity":"","overlay-gradient":""},"mobile":{"background-color":"var(--ast-global-color-5)","background-image":"","background-repeat":"repeat","background-position":"center center","background-size":"auto","background-attachment":"scroll","background-type":"","background-media":"","overlay-type":"","overlay-color":"","overlay-opacity":"","overlay-gradient":""}}},"product_brand":[],"product_cat":[35],"product_tag":[46],"class_list":{"0":"post-2258","1":"product","2":"type-product","3":"status-publish","4":"has-post-thumbnail","6":"product_cat-oktatoanyagok","7":"product_tag-oktatoanyagok","8":"desktop-align-left","9":"tablet-align-left","10":"mobile-align-left","12":"first","13":"instock","14":"virtual","15":"taxable","16":"purchasable","17":"product-type-simple"},"yoast_head":"<!-- This site is optimized with the Yoast SEO Premium plugin v27.3 (Yoast SEO v27.3) - https:\/\/yoast.com\/product\/yoast-seo-premium-wordpress\/ -->\n<title>Nemezbakancs-k\u00e9sz\u00edt\u0151 oktat\u00f3anyag -<\/title>\n<meta name=\"robots\" content=\"index, follow, max-snippet:-1, max-image-preview:large, max-video-preview:-1\" \/>\n<link rel=\"canonical\" href=\"https:\/\/tunderiportekak.hu\/en\/product\/nemezbakancs-keszito-oktatoanyag\/\" \/>\n<meta property=\"og:locale\" content=\"en_US\" \/>\n<meta property=\"og:type\" content=\"article\" \/>\n<meta property=\"og:title\" content=\"Nemezbakancs-k\u00e9sz\u00edt\u0151 oktat\u00f3anyag\" \/>\n<meta property=\"og:description\" content=\"Elk\u00e9sz\u00fclt a nemezbakancs k\u00e9sz\u00edt\u00e9s\u00e9t, teljes k\u00f6r\u0171en bemutat\u00f3 oktat\u00f3filmem. A t\u00f6bb mint 5 \u00f3r\u00e1s anyagban, l\u00e9p\u00e9sr\u0151l-l\u00e9p\u00e9sre megmutatom, hogyan tudsz elk\u00e9sz\u00edteni egy, a saj\u00e1t \u00edzl\u00e9sednek megfelel\u0151 k\u00e9nyelmes \u00e9s meleg nemezbakancsot, mely v\u00e1rosi k\u00f6r\u00fclm\u00e9nyek k\u00f6z\u00f6tt is meg\u00e1llja a hely\u00e9t. Aj\u00e1nl\u00f3 Ha m\u00e9g nem tudod, hogy mi mindenre van sz\u00fcks\u00e9ged egy nemezcip\u0151 elk\u00e9sz\u00edt\u00e9s\u00e9hez, keress bizalommal, vagy v\u00e1laszd ki a megfelel\u0151 alkot\u00f3dobozt a webshopban. &nbsp;  &nbsp;\" \/>\n<meta property=\"og:url\" content=\"https:\/\/tunderiportekak.hu\/en\/product\/nemezbakancs-keszito-oktatoanyag\/\" \/>\n<meta property=\"article:modified_time\" content=\"2026-04-15T20:47:04+00:00\" \/>\n<meta property=\"og:image\" content=\"https:\/\/tunderiportekak.hu\/wp-content\/uploads\/2023\/10\/20201122_093845-scaled.jpg\" \/>\n\t<meta property=\"og:image:width\" content=\"2560\" \/>\n\t<meta property=\"og:image:height\" content=\"1920\" \/>\n\t<meta property=\"og:image:type\" content=\"image\/jpeg\" \/>\n<meta name=\"twitter:card\" content=\"summary_large_image\" \/>\n<meta name=\"twitter:label1\" content=\"Est. reading time\" \/>\n\t<meta name=\"twitter:data1\" content=\"1 minute\" \/>\n<script type=\"application\/ld+json\" class=\"yoast-schema-graph\">{\"@context\":\"https:\\\/\\\/schema.org\",\"@graph\":[{\"@type\":\"WebPage\",\"@id\":\"https:\\\/\\\/tunderiportekak.hu\\\/termek\\\/nemezbakancs-keszito-oktatoanyag\\\/\",\"url\":\"https:\\\/\\\/tunderiportekak.hu\\\/termek\\\/nemezbakancs-keszito-oktatoanyag\\\/\",\"name\":\"Nemezbakancs-k\u00e9sz\u00edt\u0151 oktat\u00f3anyag -\",\"isPartOf\":{\"@id\":\"https:\\\/\\\/tunderiportekak.hu\\\/#website\"},\"primaryImageOfPage\":{\"@id\":\"https:\\\/\\\/tunderiportekak.hu\\\/termek\\\/nemezbakancs-keszito-oktatoanyag\\\/#primaryimage\"},\"image\":{\"@id\":\"https:\\\/\\\/tunderiportekak.hu\\\/termek\\\/nemezbakancs-keszito-oktatoanyag\\\/#primaryimage\"},\"thumbnailUrl\":\"https:\\\/\\\/tunderiportekak.hu\\\/wp-content\\\/uploads\\\/2023\\\/10\\\/20201122_093845-scaled.jpg\",\"datePublished\":\"2023-10-10T15:05:32+00:00\",\"dateModified\":\"2026-04-15T20:47:04+00:00\",\"breadcrumb\":{\"@id\":\"https:\\\/\\\/tunderiportekak.hu\\\/termek\\\/nemezbakancs-keszito-oktatoanyag\\\/#breadcrumb\"},\"inLanguage\":\"en-US\",\"potentialAction\":[{\"@type\":\"ReadAction\",\"target\":[\"https:\\\/\\\/tunderiportekak.hu\\\/termek\\\/nemezbakancs-keszito-oktatoanyag\\\/\"]}]},{\"@type\":\"ImageObject\",\"inLanguage\":\"en-US\",\"@id\":\"https:\\\/\\\/tunderiportekak.hu\\\/termek\\\/nemezbakancs-keszito-oktatoanyag\\\/#primaryimage\",\"url\":\"https:\\\/\\\/tunderiportekak.hu\\\/wp-content\\\/uploads\\\/2023\\\/10\\\/20201122_093845-scaled.jpg\",\"contentUrl\":\"https:\\\/\\\/tunderiportekak.hu\\\/wp-content\\\/uploads\\\/2023\\\/10\\\/20201122_093845-scaled.jpg\",\"width\":2560,\"height\":1920},{\"@type\":\"BreadcrumbList\",\"@id\":\"https:\\\/\\\/tunderiportekak.hu\\\/termek\\\/nemezbakancs-keszito-oktatoanyag\\\/#breadcrumb\",\"itemListElement\":[{\"@type\":\"ListItem\",\"position\":1,\"name\":\"Home\",\"item\":\"https:\\\/\\\/tunderiportekak.hu\\\/\"},{\"@type\":\"ListItem\",\"position\":2,\"name\":\"Bolt\",\"item\":\"https:\\\/\\\/tunderiportekak.hu\\\/bolt\\\/\"},{\"@type\":\"ListItem\",\"position\":3,\"name\":\"Nemezbakancs-k\u00e9sz\u00edt\u0151 oktat\u00f3anyag\"}]},{\"@type\":\"WebSite\",\"@id\":\"https:\\\/\\\/tunderiportekak.hu\\\/#website\",\"url\":\"https:\\\/\\\/tunderiportekak.hu\\\/\",\"name\":\"\",\"description\":\"Nemezcip\u0151 k\u00e9sz\u00edt\u0151 \u00e9lm\u00e9nyprogramok\",\"potentialAction\":[{\"@type\":\"SearchAction\",\"target\":{\"@type\":\"EntryPoint\",\"urlTemplate\":\"https:\\\/\\\/tunderiportekak.hu\\\/?s={search_term_string}\"},\"query-input\":{\"@type\":\"PropertyValueSpecification\",\"valueRequired\":true,\"valueName\":\"search_term_string\"}}],\"inLanguage\":\"en-US\"}]}<\/script>\n<!-- \/ Yoast SEO Premium plugin. -->","yoast_head_json":{"title":"Nemezbakancs-k\u00e9sz\u00edt\u0151 oktat\u00f3anyag -","robots":{"index":"index","follow":"follow","max-snippet":"max-snippet:-1","max-image-preview":"max-image-preview:large","max-video-preview":"max-video-preview:-1"},"canonical":"https:\/\/tunderiportekak.hu\/en\/product\/nemezbakancs-keszito-oktatoanyag\/","og_locale":"en_US","og_type":"article","og_title":"Nemezbakancs-k\u00e9sz\u00edt\u0151 oktat\u00f3anyag","og_description":"Elk\u00e9sz\u00fclt a nemezbakancs k\u00e9sz\u00edt\u00e9s\u00e9t, teljes k\u00f6r\u0171en bemutat\u00f3 oktat\u00f3filmem. A t\u00f6bb mint 5 \u00f3r\u00e1s anyagban, l\u00e9p\u00e9sr\u0151l-l\u00e9p\u00e9sre megmutatom, hogyan tudsz elk\u00e9sz\u00edteni egy, a saj\u00e1t \u00edzl\u00e9sednek megfelel\u0151 k\u00e9nyelmes \u00e9s meleg nemezbakancsot, mely v\u00e1rosi k\u00f6r\u00fclm\u00e9nyek k\u00f6z\u00f6tt is meg\u00e1llja a hely\u00e9t. Aj\u00e1nl\u00f3 Ha m\u00e9g nem tudod, hogy mi mindenre van sz\u00fcks\u00e9ged egy nemezcip\u0151 elk\u00e9sz\u00edt\u00e9s\u00e9hez, keress bizalommal, vagy v\u00e1laszd ki a megfelel\u0151 alkot\u00f3dobozt a webshopban. &nbsp;  &nbsp;","og_url":"https:\/\/tunderiportekak.hu\/en\/product\/nemezbakancs-keszito-oktatoanyag\/","article_modified_time":"2026-04-15T20:47:04+00:00","og_image":[{"width":2560,"height":1920,"url":"https:\/\/tunderiportekak.hu\/wp-content\/uploads\/2023\/10\/20201122_093845-scaled.jpg","type":"image\/jpeg"}],"twitter_card":"summary_large_image","twitter_misc":{"Est. reading time":"1 minute"},"schema":{"@context":"https:\/\/schema.org","@graph":[{"@type":"WebPage","@id":"https:\/\/tunderiportekak.hu\/termek\/nemezbakancs-keszito-oktatoanyag\/","url":"https:\/\/tunderiportekak.hu\/termek\/nemezbakancs-keszito-oktatoanyag\/","name":"Nemezbakancs-k\u00e9sz\u00edt\u0151 oktat\u00f3anyag -","isPartOf":{"@id":"https:\/\/tunderiportekak.hu\/#website"},"primaryImageOfPage":{"@id":"https:\/\/tunderiportekak.hu\/termek\/nemezbakancs-keszito-oktatoanyag\/#primaryimage"},"image":{"@id":"https:\/\/tunderiportekak.hu\/termek\/nemezbakancs-keszito-oktatoanyag\/#primaryimage"},"thumbnailUrl":"https:\/\/tunderiportekak.hu\/wp-content\/uploads\/2023\/10\/20201122_093845-scaled.jpg","datePublished":"2023-10-10T15:05:32+00:00","dateModified":"2026-04-15T20:47:04+00:00","breadcrumb":{"@id":"https:\/\/tunderiportekak.hu\/termek\/nemezbakancs-keszito-oktatoanyag\/#breadcrumb"},"inLanguage":"en-US","potentialAction":[{"@type":"ReadAction","target":["https:\/\/tunderiportekak.hu\/termek\/nemezbakancs-keszito-oktatoanyag\/"]}]},{"@type":"ImageObject","inLanguage":"en-US","@id":"https:\/\/tunderiportekak.hu\/termek\/nemezbakancs-keszito-oktatoanyag\/#primaryimage","url":"https:\/\/tunderiportekak.hu\/wp-content\/uploads\/2023\/10\/20201122_093845-scaled.jpg","contentUrl":"https:\/\/tunderiportekak.hu\/wp-content\/uploads\/2023\/10\/20201122_093845-scaled.jpg","width":2560,"height":1920},{"@type":"BreadcrumbList","@id":"https:\/\/tunderiportekak.hu\/termek\/nemezbakancs-keszito-oktatoanyag\/#breadcrumb","itemListElement":[{"@type":"ListItem","position":1,"name":"Home","item":"https:\/\/tunderiportekak.hu\/"},{"@type":"ListItem","position":2,"name":"Bolt","item":"https:\/\/tunderiportekak.hu\/bolt\/"},{"@type":"ListItem","position":3,"name":"Nemezbakancs-k\u00e9sz\u00edt\u0151 oktat\u00f3anyag"}]},{"@type":"WebSite","@id":"https:\/\/tunderiportekak.hu\/#website","url":"https:\/\/tunderiportekak.hu\/","name":"","description":"Felt shoe making programmes","potentialAction":[{"@type":"SearchAction","target":{"@type":"EntryPoint","urlTemplate":"https:\/\/tunderiportekak.hu\/?s={search_term_string}"},"query-input":{"@type":"PropertyValueSpecification","valueRequired":true,"valueName":"search_term_string"}}],"inLanguage":"en-US"}]}},"_links":{"self":[{"href":"https:\/\/tunderiportekak.hu\/en\/wp-json\/wp\/v2\/product\/2258","targetHints":{"allow":["GET"]}}],"collection":[{"href":"https:\/\/tunderiportekak.hu\/en\/wp-json\/wp\/v2\/product"}],"about":[{"href":"https:\/\/tunderiportekak.hu\/en\/wp-json\/wp\/v2\/types\/product"}],"wp:featuredmedia":[{"embeddable":true,"href":"https:\/\/tunderiportekak.hu\/en\/wp-json\/wp\/v2\/media\/2259"}],"wp:attachment":[{"href":"https:\/\/tunderiportekak.hu\/en\/wp-json\/wp\/v2\/media?parent=2258"}],"wp:term":[{"taxonomy":"product_brand","embeddable":true,"href":"https:\/\/tunderiportekak.hu\/en\/wp-json\/wp\/v2\/product_brand?post=2258"},{"taxonomy":"product_cat","embeddable":true,"href":"https:\/\/tunderiportekak.hu\/en\/wp-json\/wp\/v2\/product_cat?post=2258"},{"taxonomy":"product_tag","embeddable":true,"href":"https:\/\/tunderiportekak.hu\/en\/wp-json\/wp\/v2\/product_tag?post=2258"}],"curies":[{"name":"wp","href":"https:\/\/api.w.org\/{rel}","templated":true}]}}