{"id":2251,"date":"2023-10-10T14:28:09","date_gmt":"2023-10-10T14:28:09","guid":{"rendered":"https:\/\/shop.tunderiportekak.hu\/?post_type=product&#038;p=2251"},"modified":"2026-04-08T12:08:32","modified_gmt":"2026-04-08T10:08:32","slug":"eva-konnyitest-lefedo-gumianyag","status":"publish","type":"product","link":"https:\/\/tunderiportekak.hu\/en\/product\/eva-konnyitest-lefedo-gumianyag\/","title":{"rendered":"EVA \u2013 Covering rubber sheet"},"content":{"rendered":"<p>Whatever sole is selected, the inner part is either ribbed or perforated. This is necessary in the manufacturing process because if the soles were made of solid rubber material, they would become too heavy. So it's a kind of lightening, which is why you also need a material called EVA to cover the grid, to make your shoes more comfortable. EVA is 2 mm thick and is enough for one pair of soles up to size 42. If you would like a larger size, please contact me.<\/p>","protected":false},"excerpt":{"rendered":"<p>B\u00e1rmilyen cs\u00e9szetalpat v\u00e1lasztunk, annak a bels\u0151 kik\u00e9pz\u00e9se bord\u00e1zott, vagy lyukacsos. A gy\u00e1rt\u00e1si folyamat sor\u00e1n erre az\u00e9rt van sz\u00fcks\u00e9g, mert ha t\u00f6m\u00f6r gumianyagb\u00f3l k\u00e9sz\u00fcln\u00e9nek a talpak, nagyon elnehez\u00fcln\u00e9nek. \u00cdgy ez egyfajta k\u00f6nny\u00edt\u00e9s, amely miatt sz\u00fcks\u00e9g\u00fcnk lesz m\u00e9g egy EVA nev\u0171 anyagra is, amellyel lefedhetj\u00fck a r\u00e1csozatot, k\u00e9nyelmesebb\u00e9 tehetj\u00fck a cip\u0151nket. Az EVA 2 mm vastags\u00e1g\u00fa, \u00e9s [&hellip;]<\/p>\n","protected":false},"featured_media":2253,"template":"","meta":{"site-sidebar-layout":"default","site-content-layout":"","ast-site-content-layout":"default","site-content-style":"default","site-sidebar-style":"default","ast-global-header-display":"","ast-banner-title-visibility":"","ast-main-header-display":"","ast-hfb-above-header-display":"","ast-hfb-below-header-display":"","ast-hfb-mobile-header-display":"","site-post-title":"","ast-breadcrumbs-content":"","ast-featured-img":"","footer-sml-layout":"","ast-disable-related-posts":"","theme-transparent-header-meta":"default","adv-header-id-meta":"","stick-header-meta":"","header-above-stick-meta":"","header-main-stick-meta":"","header-below-stick-meta":"","astra-migrate-meta-layouts":"set","ast-page-background-enabled":"default","ast-page-background-meta":{"desktop":{"background-color":"","background-image":"","background-repeat":"repeat","background-position":"center center","background-size":"auto","background-attachment":"scroll","background-type":"","background-media":"","overlay-type":"","overlay-color":"","overlay-opacity":"","overlay-gradient":""},"tablet":{"background-color":"","background-image":"","background-repeat":"repeat","background-position":"center center","background-size":"auto","background-attachment":"scroll","background-type":"","background-media":"","overlay-type":"","overlay-color":"","overlay-opacity":"","overlay-gradient":""},"mobile":{"background-color":"","background-image":"","background-repeat":"repeat","background-position":"center center","background-size":"auto","background-attachment":"scroll","background-type":"","background-media":"","overlay-type":"","overlay-color":"","overlay-opacity":"","overlay-gradient":""}},"ast-content-background-meta":{"desktop":{"background-color":"var(--ast-global-color-5)","background-image":"","background-repeat":"repeat","background-position":"center center","background-size":"auto","background-attachment":"scroll","background-type":"","background-media":"","overlay-type":"","overlay-color":"","overlay-opacity":"","overlay-gradient":""},"tablet":{"background-color":"var(--ast-global-color-5)","background-image":"","background-repeat":"repeat","background-position":"center center","background-size":"auto","background-attachment":"scroll","background-type":"","background-media":"","overlay-type":"","overlay-color":"","overlay-opacity":"","overlay-gradient":""},"mobile":{"background-color":"var(--ast-global-color-5)","background-image":"","background-repeat":"repeat","background-position":"center center","background-size":"auto","background-attachment":"scroll","background-type":"","background-media":"","overlay-type":"","overlay-color":"","overlay-opacity":"","overlay-gradient":""}}},"product_brand":[],"product_cat":[32,92],"product_tag":[47],"class_list":{"0":"post-2251","1":"product","2":"type-product","3":"status-publish","4":"has-post-thumbnail","6":"product_cat-cipotalpak","7":"product_cat-konnyitest-lefedo","8":"product_tag-cipotalp","9":"desktop-align-left","10":"tablet-align-left","11":"mobile-align-left","13":"first","14":"instock","15":"taxable","16":"shipping-taxable","17":"purchasable","18":"product-type-simple"},"yoast_head":"<!-- This site is optimized with the Yoast SEO Premium plugin v27.3 (Yoast SEO v27.3) - https:\/\/yoast.com\/product\/yoast-seo-premium-wordpress\/ -->\n<title>EVA - k\u00f6nny\u00edt\u00e9st lefed\u0151 gumianyag -<\/title>\n<meta name=\"robots\" content=\"index, follow, max-snippet:-1, max-image-preview:large, max-video-preview:-1\" \/>\n<link rel=\"canonical\" href=\"https:\/\/tunderiportekak.hu\/en\/product\/eva-konnyitest-lefedo-gumianyag\/\" \/>\n<meta property=\"og:locale\" content=\"en_US\" \/>\n<meta property=\"og:type\" content=\"article\" \/>\n<meta property=\"og:title\" content=\"EVA - k\u00f6nny\u00edt\u00e9st lefed\u0151 gumianyag\" \/>\n<meta property=\"og:description\" content=\"B\u00e1rmilyen cs\u00e9szetalpat v\u00e1lasztunk, annak a bels\u0151 kik\u00e9pz\u00e9se bord\u00e1zott, vagy lyukacsos. A gy\u00e1rt\u00e1si folyamat sor\u00e1n erre az\u00e9rt van sz\u00fcks\u00e9g, mert ha t\u00f6m\u00f6r gumianyagb\u00f3l k\u00e9sz\u00fcln\u00e9nek a talpak, nagyon elnehez\u00fcln\u00e9nek. \u00cdgy ez egyfajta k\u00f6nny\u00edt\u00e9s, amely miatt sz\u00fcks\u00e9g\u00fcnk lesz m\u00e9g egy EVA nev\u0171 anyagra is, amellyel lefedhetj\u00fck a r\u00e1csozatot, k\u00e9nyelmesebb\u00e9 tehetj\u00fck a cip\u0151nket. Az EVA 2 mm vastags\u00e1g\u00fa, \u00e9s [&hellip;]\" \/>\n<meta property=\"og:url\" content=\"https:\/\/tunderiportekak.hu\/en\/product\/eva-konnyitest-lefedo-gumianyag\/\" \/>\n<meta property=\"article:modified_time\" content=\"2026-04-08T10:08:32+00:00\" \/>\n<meta property=\"og:image\" content=\"https:\/\/tunderiportekak.hu\/wp-content\/uploads\/2023\/10\/EVA2.jpg\" \/>\n\t<meta property=\"og:image:width\" content=\"1148\" \/>\n\t<meta property=\"og:image:height\" content=\"1440\" \/>\n\t<meta property=\"og:image:type\" content=\"image\/jpeg\" \/>\n<meta name=\"twitter:card\" content=\"summary_large_image\" \/>\n<meta name=\"twitter:label1\" content=\"Est. reading time\" \/>\n\t<meta name=\"twitter:data1\" content=\"1 minute\" \/>\n<script type=\"application\/ld+json\" class=\"yoast-schema-graph\">{\"@context\":\"https:\\\/\\\/schema.org\",\"@graph\":[{\"@type\":\"WebPage\",\"@id\":\"https:\\\/\\\/tunderiportekak.hu\\\/termek\\\/eva-konnyitest-lefedo-gumianyag\\\/\",\"url\":\"https:\\\/\\\/tunderiportekak.hu\\\/termek\\\/eva-konnyitest-lefedo-gumianyag\\\/\",\"name\":\"EVA - k\u00f6nny\u00edt\u00e9st lefed\u0151 gumianyag -\",\"isPartOf\":{\"@id\":\"https:\\\/\\\/tunderiportekak.hu\\\/#website\"},\"primaryImageOfPage\":{\"@id\":\"https:\\\/\\\/tunderiportekak.hu\\\/termek\\\/eva-konnyitest-lefedo-gumianyag\\\/#primaryimage\"},\"image\":{\"@id\":\"https:\\\/\\\/tunderiportekak.hu\\\/termek\\\/eva-konnyitest-lefedo-gumianyag\\\/#primaryimage\"},\"thumbnailUrl\":\"https:\\\/\\\/tunderiportekak.hu\\\/wp-content\\\/uploads\\\/2023\\\/10\\\/EVA2.jpg\",\"datePublished\":\"2023-10-10T14:28:09+00:00\",\"dateModified\":\"2026-04-08T10:08:32+00:00\",\"breadcrumb\":{\"@id\":\"https:\\\/\\\/tunderiportekak.hu\\\/termek\\\/eva-konnyitest-lefedo-gumianyag\\\/#breadcrumb\"},\"inLanguage\":\"en-US\",\"potentialAction\":[{\"@type\":\"ReadAction\",\"target\":[\"https:\\\/\\\/tunderiportekak.hu\\\/termek\\\/eva-konnyitest-lefedo-gumianyag\\\/\"]}]},{\"@type\":\"ImageObject\",\"inLanguage\":\"en-US\",\"@id\":\"https:\\\/\\\/tunderiportekak.hu\\\/termek\\\/eva-konnyitest-lefedo-gumianyag\\\/#primaryimage\",\"url\":\"https:\\\/\\\/tunderiportekak.hu\\\/wp-content\\\/uploads\\\/2023\\\/10\\\/EVA2.jpg\",\"contentUrl\":\"https:\\\/\\\/tunderiportekak.hu\\\/wp-content\\\/uploads\\\/2023\\\/10\\\/EVA2.jpg\",\"width\":1148,\"height\":1440},{\"@type\":\"BreadcrumbList\",\"@id\":\"https:\\\/\\\/tunderiportekak.hu\\\/termek\\\/eva-konnyitest-lefedo-gumianyag\\\/#breadcrumb\",\"itemListElement\":[{\"@type\":\"ListItem\",\"position\":1,\"name\":\"Home\",\"item\":\"https:\\\/\\\/tunderiportekak.hu\\\/\"},{\"@type\":\"ListItem\",\"position\":2,\"name\":\"Bolt\",\"item\":\"https:\\\/\\\/tunderiportekak.hu\\\/bolt\\\/\"},{\"@type\":\"ListItem\",\"position\":3,\"name\":\"EVA &#8211; k\u00f6nny\u00edt\u00e9st lefed\u0151 gumianyag\"}]},{\"@type\":\"WebSite\",\"@id\":\"https:\\\/\\\/tunderiportekak.hu\\\/#website\",\"url\":\"https:\\\/\\\/tunderiportekak.hu\\\/\",\"name\":\"\",\"description\":\"Nemezcip\u0151 k\u00e9sz\u00edt\u0151 \u00e9lm\u00e9nyprogramok\",\"potentialAction\":[{\"@type\":\"SearchAction\",\"target\":{\"@type\":\"EntryPoint\",\"urlTemplate\":\"https:\\\/\\\/tunderiportekak.hu\\\/?s={search_term_string}\"},\"query-input\":{\"@type\":\"PropertyValueSpecification\",\"valueRequired\":true,\"valueName\":\"search_term_string\"}}],\"inLanguage\":\"en-US\"}]}<\/script>\n<!-- \/ Yoast SEO Premium plugin. -->","yoast_head_json":{"title":"EVA - k\u00f6nny\u00edt\u00e9st lefed\u0151 gumianyag -","robots":{"index":"index","follow":"follow","max-snippet":"max-snippet:-1","max-image-preview":"max-image-preview:large","max-video-preview":"max-video-preview:-1"},"canonical":"https:\/\/tunderiportekak.hu\/en\/product\/eva-konnyitest-lefedo-gumianyag\/","og_locale":"en_US","og_type":"article","og_title":"EVA - k\u00f6nny\u00edt\u00e9st lefed\u0151 gumianyag","og_description":"B\u00e1rmilyen cs\u00e9szetalpat v\u00e1lasztunk, annak a bels\u0151 kik\u00e9pz\u00e9se bord\u00e1zott, vagy lyukacsos. A gy\u00e1rt\u00e1si folyamat sor\u00e1n erre az\u00e9rt van sz\u00fcks\u00e9g, mert ha t\u00f6m\u00f6r gumianyagb\u00f3l k\u00e9sz\u00fcln\u00e9nek a talpak, nagyon elnehez\u00fcln\u00e9nek. \u00cdgy ez egyfajta k\u00f6nny\u00edt\u00e9s, amely miatt sz\u00fcks\u00e9g\u00fcnk lesz m\u00e9g egy EVA nev\u0171 anyagra is, amellyel lefedhetj\u00fck a r\u00e1csozatot, k\u00e9nyelmesebb\u00e9 tehetj\u00fck a cip\u0151nket. Az EVA 2 mm vastags\u00e1g\u00fa, \u00e9s [&hellip;]","og_url":"https:\/\/tunderiportekak.hu\/en\/product\/eva-konnyitest-lefedo-gumianyag\/","article_modified_time":"2026-04-08T10:08:32+00:00","og_image":[{"width":1148,"height":1440,"url":"https:\/\/tunderiportekak.hu\/wp-content\/uploads\/2023\/10\/EVA2.jpg","type":"image\/jpeg"}],"twitter_card":"summary_large_image","twitter_misc":{"Est. reading time":"1 minute"},"schema":{"@context":"https:\/\/schema.org","@graph":[{"@type":"WebPage","@id":"https:\/\/tunderiportekak.hu\/termek\/eva-konnyitest-lefedo-gumianyag\/","url":"https:\/\/tunderiportekak.hu\/termek\/eva-konnyitest-lefedo-gumianyag\/","name":"EVA - k\u00f6nny\u00edt\u00e9st lefed\u0151 gumianyag -","isPartOf":{"@id":"https:\/\/tunderiportekak.hu\/#website"},"primaryImageOfPage":{"@id":"https:\/\/tunderiportekak.hu\/termek\/eva-konnyitest-lefedo-gumianyag\/#primaryimage"},"image":{"@id":"https:\/\/tunderiportekak.hu\/termek\/eva-konnyitest-lefedo-gumianyag\/#primaryimage"},"thumbnailUrl":"https:\/\/tunderiportekak.hu\/wp-content\/uploads\/2023\/10\/EVA2.jpg","datePublished":"2023-10-10T14:28:09+00:00","dateModified":"2026-04-08T10:08:32+00:00","breadcrumb":{"@id":"https:\/\/tunderiportekak.hu\/termek\/eva-konnyitest-lefedo-gumianyag\/#breadcrumb"},"inLanguage":"en-US","potentialAction":[{"@type":"ReadAction","target":["https:\/\/tunderiportekak.hu\/termek\/eva-konnyitest-lefedo-gumianyag\/"]}]},{"@type":"ImageObject","inLanguage":"en-US","@id":"https:\/\/tunderiportekak.hu\/termek\/eva-konnyitest-lefedo-gumianyag\/#primaryimage","url":"https:\/\/tunderiportekak.hu\/wp-content\/uploads\/2023\/10\/EVA2.jpg","contentUrl":"https:\/\/tunderiportekak.hu\/wp-content\/uploads\/2023\/10\/EVA2.jpg","width":1148,"height":1440},{"@type":"BreadcrumbList","@id":"https:\/\/tunderiportekak.hu\/termek\/eva-konnyitest-lefedo-gumianyag\/#breadcrumb","itemListElement":[{"@type":"ListItem","position":1,"name":"Home","item":"https:\/\/tunderiportekak.hu\/"},{"@type":"ListItem","position":2,"name":"Bolt","item":"https:\/\/tunderiportekak.hu\/bolt\/"},{"@type":"ListItem","position":3,"name":"EVA &#8211; k\u00f6nny\u00edt\u00e9st lefed\u0151 gumianyag"}]},{"@type":"WebSite","@id":"https:\/\/tunderiportekak.hu\/#website","url":"https:\/\/tunderiportekak.hu\/","name":"","description":"Felt shoe making programmes","potentialAction":[{"@type":"SearchAction","target":{"@type":"EntryPoint","urlTemplate":"https:\/\/tunderiportekak.hu\/?s={search_term_string}"},"query-input":{"@type":"PropertyValueSpecification","valueRequired":true,"valueName":"search_term_string"}}],"inLanguage":"en-US"}]}},"_links":{"self":[{"href":"https:\/\/tunderiportekak.hu\/en\/wp-json\/wp\/v2\/product\/2251","targetHints":{"allow":["GET"]}}],"collection":[{"href":"https:\/\/tunderiportekak.hu\/en\/wp-json\/wp\/v2\/product"}],"about":[{"href":"https:\/\/tunderiportekak.hu\/en\/wp-json\/wp\/v2\/types\/product"}],"wp:featuredmedia":[{"embeddable":true,"href":"https:\/\/tunderiportekak.hu\/en\/wp-json\/wp\/v2\/media\/2253"}],"wp:attachment":[{"href":"https:\/\/tunderiportekak.hu\/en\/wp-json\/wp\/v2\/media?parent=2251"}],"wp:term":[{"taxonomy":"product_brand","embeddable":true,"href":"https:\/\/tunderiportekak.hu\/en\/wp-json\/wp\/v2\/product_brand?post=2251"},{"taxonomy":"product_cat","embeddable":true,"href":"https:\/\/tunderiportekak.hu\/en\/wp-json\/wp\/v2\/product_cat?post=2251"},{"taxonomy":"product_tag","embeddable":true,"href":"https:\/\/tunderiportekak.hu\/en\/wp-json\/wp\/v2\/product_tag?post=2251"}],"curies":[{"name":"wp","href":"https:\/\/api.w.org\/{rel}","templated":true}]}}