{"id":2250,"date":"2023-10-10T14:16:13","date_gmt":"2023-10-10T14:16:13","guid":{"rendered":"https:\/\/shop.tunderiportekak.hu\/?post_type=product&#038;p=2250"},"modified":"2026-04-08T12:10:06","modified_gmt":"2026-04-08T10:10:06","slug":"fabio-talp-mez-szinben","status":"publish","type":"product","link":"https:\/\/tunderiportekak.hu\/en\/product\/fabio-talp-mez-szinben\/","title":{"rendered":"Fabio sole in honey colour"},"content":{"rendered":"<p>Its durable material is designed for winter conditions, with extremely good slip resistance. Available in black and honey colours.<\/p>\n<p>Internal measurements of the soles:<\/p>\n<ul>\n<li>36-os: 23,5 cm<\/li>\n<li>37-es: 24,5 cm<\/li>\n<li>38-as: 25 cm<\/li>\n<li>39-es: 26 cm<\/li>\n<li>40-es: 26,5 cm<\/li>\n<li>41-es: 27 cm<\/li>\n<\/ul>","protected":false},"excerpt":{"rendered":"<p>I recommend it for people with wide feet, who would like to make a truly comfortable felt boot.<\/p>","protected":false},"featured_media":1935,"template":"","meta":{"site-sidebar-layout":"default","site-content-layout":"","ast-site-content-layout":"default","site-content-style":"default","site-sidebar-style":"default","ast-global-header-display":"","ast-banner-title-visibility":"","ast-main-header-display":"","ast-hfb-above-header-display":"","ast-hfb-below-header-display":"","ast-hfb-mobile-header-display":"","site-post-title":"","ast-breadcrumbs-content":"","ast-featured-img":"","footer-sml-layout":"","ast-disable-related-posts":"","theme-transparent-header-meta":"default","adv-header-id-meta":"","stick-header-meta":"","header-above-stick-meta":"","header-main-stick-meta":"","header-below-stick-meta":"","astra-migrate-meta-layouts":"set","ast-page-background-enabled":"default","ast-page-background-meta":{"desktop":{"background-color":"","background-image":"","background-repeat":"repeat","background-position":"center center","background-size":"auto","background-attachment":"scroll","background-type":"","background-media":"","overlay-type":"","overlay-color":"","overlay-opacity":"","overlay-gradient":""},"tablet":{"background-color":"","background-image":"","background-repeat":"repeat","background-position":"center center","background-size":"auto","background-attachment":"scroll","background-type":"","background-media":"","overlay-type":"","overlay-color":"","overlay-opacity":"","overlay-gradient":""},"mobile":{"background-color":"","background-image":"","background-repeat":"repeat","background-position":"center center","background-size":"auto","background-attachment":"scroll","background-type":"","background-media":"","overlay-type":"","overlay-color":"","overlay-opacity":"","overlay-gradient":""}},"ast-content-background-meta":{"desktop":{"background-color":"var(--ast-global-color-5)","background-image":"","background-repeat":"repeat","background-position":"center center","background-size":"auto","background-attachment":"scroll","background-type":"","background-media":"","overlay-type":"","overlay-color":"","overlay-opacity":"","overlay-gradient":""},"tablet":{"background-color":"var(--ast-global-color-5)","background-image":"","background-repeat":"repeat","background-position":"center center","background-size":"auto","background-attachment":"scroll","background-type":"","background-media":"","overlay-type":"","overlay-color":"","overlay-opacity":"","overlay-gradient":""},"mobile":{"background-color":"var(--ast-global-color-5)","background-image":"","background-repeat":"repeat","background-position":"center center","background-size":"auto","background-attachment":"scroll","background-type":"","background-media":"","overlay-type":"","overlay-color":"","overlay-opacity":"","overlay-gradient":""}}},"product_brand":[],"product_cat":[93,32],"product_tag":[47],"class_list":{"0":"post-2250","1":"product","2":"type-product","3":"status-publish","4":"has-post-thumbnail","6":"product_cat-cipotalpak-cipotalpak","7":"product_cat-cipotalpak","8":"product_tag-cipotalp","9":"desktop-align-left","10":"tablet-align-left","11":"mobile-align-left","13":"first","14":"instock","15":"taxable","16":"shipping-taxable","17":"purchasable","18":"product-type-variable"},"yoast_head":"<!-- This site is optimized with the Yoast SEO Premium plugin v27.3 (Yoast SEO v27.3) - https:\/\/yoast.com\/product\/yoast-seo-premium-wordpress\/ -->\n<title>F\u00e1bi\u00f3 talp m\u00e9z sz\u00ednben -<\/title>\n<meta name=\"robots\" content=\"index, follow, max-snippet:-1, max-image-preview:large, max-video-preview:-1\" \/>\n<link rel=\"canonical\" href=\"https:\/\/tunderiportekak.hu\/en\/product\/fabio-talp-mez-szinben\/\" \/>\n<meta property=\"og:locale\" content=\"en_US\" \/>\n<meta property=\"og:type\" content=\"article\" \/>\n<meta property=\"og:title\" content=\"F\u00e1bi\u00f3 talp m\u00e9z sz\u00ednben\" \/>\n<meta property=\"og:description\" content=\"Azoknak aj\u00e1nlom, akiknek sz\u00e9les a l\u00e1ba, \u00e9s egy igaz\u00e1n k\u00e9nyelmes nemezbakancsot szeretn\u00e9nek k\u00e9sz\u00edteni.\" \/>\n<meta property=\"og:url\" content=\"https:\/\/tunderiportekak.hu\/en\/product\/fabio-talp-mez-szinben\/\" \/>\n<meta property=\"article:modified_time\" content=\"2026-04-08T10:10:06+00:00\" \/>\n<meta property=\"og:image\" content=\"https:\/\/tunderiportekak.hu\/wp-content\/uploads\/2023\/09\/IMG_0031.webp\" \/>\n\t<meta property=\"og:image:width\" content=\"1075\" \/>\n\t<meta property=\"og:image:height\" content=\"1075\" \/>\n\t<meta property=\"og:image:type\" content=\"image\/webp\" \/>\n<meta name=\"twitter:card\" content=\"summary_large_image\" \/>\n<meta name=\"twitter:label1\" content=\"Est. reading time\" \/>\n\t<meta name=\"twitter:data1\" content=\"1 minute\" \/>\n<script type=\"application\/ld+json\" class=\"yoast-schema-graph\">{\"@context\":\"https:\\\/\\\/schema.org\",\"@graph\":[{\"@type\":\"WebPage\",\"@id\":\"https:\\\/\\\/tunderiportekak.hu\\\/termek\\\/fabio-talp-mez-szinben\\\/\",\"url\":\"https:\\\/\\\/tunderiportekak.hu\\\/termek\\\/fabio-talp-mez-szinben\\\/\",\"name\":\"F\u00e1bi\u00f3 talp m\u00e9z sz\u00ednben -\",\"isPartOf\":{\"@id\":\"https:\\\/\\\/tunderiportekak.hu\\\/#website\"},\"primaryImageOfPage\":{\"@id\":\"https:\\\/\\\/tunderiportekak.hu\\\/termek\\\/fabio-talp-mez-szinben\\\/#primaryimage\"},\"image\":{\"@id\":\"https:\\\/\\\/tunderiportekak.hu\\\/termek\\\/fabio-talp-mez-szinben\\\/#primaryimage\"},\"thumbnailUrl\":\"https:\\\/\\\/tunderiportekak.hu\\\/wp-content\\\/uploads\\\/2023\\\/09\\\/IMG_0031.webp\",\"datePublished\":\"2023-10-10T14:16:13+00:00\",\"dateModified\":\"2026-04-08T10:10:06+00:00\",\"breadcrumb\":{\"@id\":\"https:\\\/\\\/tunderiportekak.hu\\\/termek\\\/fabio-talp-mez-szinben\\\/#breadcrumb\"},\"inLanguage\":\"en-US\",\"potentialAction\":[{\"@type\":\"ReadAction\",\"target\":[\"https:\\\/\\\/tunderiportekak.hu\\\/termek\\\/fabio-talp-mez-szinben\\\/\"]}]},{\"@type\":\"ImageObject\",\"inLanguage\":\"en-US\",\"@id\":\"https:\\\/\\\/tunderiportekak.hu\\\/termek\\\/fabio-talp-mez-szinben\\\/#primaryimage\",\"url\":\"https:\\\/\\\/tunderiportekak.hu\\\/wp-content\\\/uploads\\\/2023\\\/09\\\/IMG_0031.webp\",\"contentUrl\":\"https:\\\/\\\/tunderiportekak.hu\\\/wp-content\\\/uploads\\\/2023\\\/09\\\/IMG_0031.webp\",\"width\":1075,\"height\":1075},{\"@type\":\"BreadcrumbList\",\"@id\":\"https:\\\/\\\/tunderiportekak.hu\\\/termek\\\/fabio-talp-mez-szinben\\\/#breadcrumb\",\"itemListElement\":[{\"@type\":\"ListItem\",\"position\":1,\"name\":\"Home\",\"item\":\"https:\\\/\\\/tunderiportekak.hu\\\/\"},{\"@type\":\"ListItem\",\"position\":2,\"name\":\"Bolt\",\"item\":\"https:\\\/\\\/tunderiportekak.hu\\\/bolt\\\/\"},{\"@type\":\"ListItem\",\"position\":3,\"name\":\"F\u00e1bi\u00f3 talp m\u00e9z sz\u00ednben\"}]},{\"@type\":\"WebSite\",\"@id\":\"https:\\\/\\\/tunderiportekak.hu\\\/#website\",\"url\":\"https:\\\/\\\/tunderiportekak.hu\\\/\",\"name\":\"\",\"description\":\"Nemezcip\u0151 k\u00e9sz\u00edt\u0151 \u00e9lm\u00e9nyprogramok\",\"potentialAction\":[{\"@type\":\"SearchAction\",\"target\":{\"@type\":\"EntryPoint\",\"urlTemplate\":\"https:\\\/\\\/tunderiportekak.hu\\\/?s={search_term_string}\"},\"query-input\":{\"@type\":\"PropertyValueSpecification\",\"valueRequired\":true,\"valueName\":\"search_term_string\"}}],\"inLanguage\":\"en-US\"}]}<\/script>\n<!-- \/ Yoast SEO Premium plugin. -->","yoast_head_json":{"title":"F\u00e1bi\u00f3 talp m\u00e9z sz\u00ednben -","robots":{"index":"index","follow":"follow","max-snippet":"max-snippet:-1","max-image-preview":"max-image-preview:large","max-video-preview":"max-video-preview:-1"},"canonical":"https:\/\/tunderiportekak.hu\/en\/product\/fabio-talp-mez-szinben\/","og_locale":"en_US","og_type":"article","og_title":"F\u00e1bi\u00f3 talp m\u00e9z sz\u00ednben","og_description":"Azoknak aj\u00e1nlom, akiknek sz\u00e9les a l\u00e1ba, \u00e9s egy igaz\u00e1n k\u00e9nyelmes nemezbakancsot szeretn\u00e9nek k\u00e9sz\u00edteni.","og_url":"https:\/\/tunderiportekak.hu\/en\/product\/fabio-talp-mez-szinben\/","article_modified_time":"2026-04-08T10:10:06+00:00","og_image":[{"width":1075,"height":1075,"url":"https:\/\/tunderiportekak.hu\/wp-content\/uploads\/2023\/09\/IMG_0031.webp","type":"image\/webp"}],"twitter_card":"summary_large_image","twitter_misc":{"Est. reading time":"1 minute"},"schema":{"@context":"https:\/\/schema.org","@graph":[{"@type":"WebPage","@id":"https:\/\/tunderiportekak.hu\/termek\/fabio-talp-mez-szinben\/","url":"https:\/\/tunderiportekak.hu\/termek\/fabio-talp-mez-szinben\/","name":"F\u00e1bi\u00f3 talp m\u00e9z sz\u00ednben -","isPartOf":{"@id":"https:\/\/tunderiportekak.hu\/#website"},"primaryImageOfPage":{"@id":"https:\/\/tunderiportekak.hu\/termek\/fabio-talp-mez-szinben\/#primaryimage"},"image":{"@id":"https:\/\/tunderiportekak.hu\/termek\/fabio-talp-mez-szinben\/#primaryimage"},"thumbnailUrl":"https:\/\/tunderiportekak.hu\/wp-content\/uploads\/2023\/09\/IMG_0031.webp","datePublished":"2023-10-10T14:16:13+00:00","dateModified":"2026-04-08T10:10:06+00:00","breadcrumb":{"@id":"https:\/\/tunderiportekak.hu\/termek\/fabio-talp-mez-szinben\/#breadcrumb"},"inLanguage":"en-US","potentialAction":[{"@type":"ReadAction","target":["https:\/\/tunderiportekak.hu\/termek\/fabio-talp-mez-szinben\/"]}]},{"@type":"ImageObject","inLanguage":"en-US","@id":"https:\/\/tunderiportekak.hu\/termek\/fabio-talp-mez-szinben\/#primaryimage","url":"https:\/\/tunderiportekak.hu\/wp-content\/uploads\/2023\/09\/IMG_0031.webp","contentUrl":"https:\/\/tunderiportekak.hu\/wp-content\/uploads\/2023\/09\/IMG_0031.webp","width":1075,"height":1075},{"@type":"BreadcrumbList","@id":"https:\/\/tunderiportekak.hu\/termek\/fabio-talp-mez-szinben\/#breadcrumb","itemListElement":[{"@type":"ListItem","position":1,"name":"Home","item":"https:\/\/tunderiportekak.hu\/"},{"@type":"ListItem","position":2,"name":"Bolt","item":"https:\/\/tunderiportekak.hu\/bolt\/"},{"@type":"ListItem","position":3,"name":"F\u00e1bi\u00f3 talp m\u00e9z sz\u00ednben"}]},{"@type":"WebSite","@id":"https:\/\/tunderiportekak.hu\/#website","url":"https:\/\/tunderiportekak.hu\/","name":"","description":"Felt shoe making programmes","potentialAction":[{"@type":"SearchAction","target":{"@type":"EntryPoint","urlTemplate":"https:\/\/tunderiportekak.hu\/?s={search_term_string}"},"query-input":{"@type":"PropertyValueSpecification","valueRequired":true,"valueName":"search_term_string"}}],"inLanguage":"en-US"}]}},"_links":{"self":[{"href":"https:\/\/tunderiportekak.hu\/en\/wp-json\/wp\/v2\/product\/2250","targetHints":{"allow":["GET"]}}],"collection":[{"href":"https:\/\/tunderiportekak.hu\/en\/wp-json\/wp\/v2\/product"}],"about":[{"href":"https:\/\/tunderiportekak.hu\/en\/wp-json\/wp\/v2\/types\/product"}],"wp:featuredmedia":[{"embeddable":true,"href":"https:\/\/tunderiportekak.hu\/en\/wp-json\/wp\/v2\/media\/1935"}],"wp:attachment":[{"href":"https:\/\/tunderiportekak.hu\/en\/wp-json\/wp\/v2\/media?parent=2250"}],"wp:term":[{"taxonomy":"product_brand","embeddable":true,"href":"https:\/\/tunderiportekak.hu\/en\/wp-json\/wp\/v2\/product_brand?post=2250"},{"taxonomy":"product_cat","embeddable":true,"href":"https:\/\/tunderiportekak.hu\/en\/wp-json\/wp\/v2\/product_cat?post=2250"},{"taxonomy":"product_tag","embeddable":true,"href":"https:\/\/tunderiportekak.hu\/en\/wp-json\/wp\/v2\/product_tag?post=2250"}],"curies":[{"name":"wp","href":"https:\/\/api.w.org\/{rel}","templated":true}]}}