{"id":6070,"date":"2025-09-29T13:58:07","date_gmt":"2025-09-29T13:58:07","guid":{"rendered":"https:\/\/tunderiportekak.hu\/?page_id=6070"},"modified":"2025-09-29T14:26:43","modified_gmt":"2025-09-29T14:26:43","slug":"elementor-6070","status":"publish","type":"page","link":"https:\/\/tunderiportekak.hu\/en\/elementor-6070\/","title":{"rendered":"Nemezcip\u0151 k\u00e9sz\u00edt\u0151 programok vid\u00e9ken \u00e9s k\u00fclf\u00f6ld\u00f6n"},"content":{"rendered":"<div data-elementor-type=\"wp-page\" data-elementor-id=\"6070\" class=\"elementor elementor-6070\" data-elementor-post-type=\"page\">\n\t\t\t\t\t\t<section class=\"elementor-section elementor-top-section elementor-element elementor-element-419ef656 elementor-section-boxed elementor-section-height-default elementor-section-height-default\" data-id=\"419ef656\" data-element_type=\"section\" data-e-type=\"section\">\n\t\t\t\t\t\t<div class=\"elementor-container elementor-column-gap-wide\">\n\t\t\t\t\t<div class=\"elementor-column elementor-col-50 elementor-top-column elementor-element elementor-element-20e2c7e3\" data-id=\"20e2c7e3\" data-element_type=\"column\" data-e-type=\"column\">\n\t\t\t<div class=\"elementor-widget-wrap elementor-element-populated\">\n\t\t\t\t\t\t<div class=\"elementor-element elementor-element-6532cbd4 elementor-widget elementor-widget-text-editor\" data-id=\"6532cbd4\" data-element_type=\"widget\" data-e-type=\"widget\" data-widget_type=\"text-editor.default\">\n\t\t\t\t<div class=\"elementor-widget-container\">\n\t\t\t\t\t\t\t\t\t<h2><span style=\"color: #99cc00;\">Nemezcip\u0151-k\u00e9sz\u00edt\u0151 programok vid\u00e9ken \u00e9s k\u00fclf\u00f6ld\u00f6n<\/span><\/h2><p data-start=\"193\" data-end=\"255\"><span style=\"font-style: inherit; font-weight: inherit; letter-spacing: 0px;\">Szeretn\u00e9d megtapasztalni a nemezel\u00e9s \u0151si var\u00e1zs\u00e1t \u00e9s saj\u00e1t kez\u0171leg elk\u00e9sz\u00edteni egy p\u00e1r nemezcip\u0151t? Sz\u00edvesen elj\u00f6v\u00f6k hozz\u00e1tok, legyen sz\u00f3 vid\u00e9ki helysz\u00ednr\u0151l vagy ak\u00e1r k\u00fclf\u00f6ldr\u0151l! Ti biztos\u00edtj\u00e1tok a helysz\u00ednt \u00e9n pedig minden m\u00e1st.<\/span><\/p><p data-start=\"438\" data-end=\"679\">A programhoz minden sz\u00fcks\u00e9ges eszk\u00f6zt \u00e9s alapanyagot magammal viszek \u2013 ha kell, az eg\u00e9sz m\u0171helyt is. A r\u00e9sztvev\u0151k egy k\u00fcl\u00f6nleges, k\u00e9zzel k\u00e9sz\u00edtett l\u00e1bbelivel t\u00e9rhetnek haza, mik\u00f6zben megismerik a nemezel\u00e9s technik\u00e1it \u00e9s k\u00f6z\u00f6ss\u00e9gi \u00e9lm\u00e9ny\u00e9t.<\/p><p data-start=\"778\" data-end=\"820\" data-is-only-node=\"\">\u00a0<\/p>\t\t\t\t\t\t\t\t<\/div>\n\t\t\t\t<\/div>\n\t\t\t\t\t<\/div>\n\t\t<\/div>\n\t\t\t\t<div class=\"elementor-column elementor-col-50 elementor-top-column elementor-element elementor-element-2753bcb5\" data-id=\"2753bcb5\" data-element_type=\"column\" data-e-type=\"column\">\n\t\t\t<div class=\"elementor-widget-wrap elementor-element-populated\">\n\t\t\t\t\t\t<div class=\"elementor-element elementor-element-680a1e66 elementor-cta--layout-image-above elementor-cta--skin-classic elementor-animated-content elementor-bg-transform elementor-bg-transform-zoom-in elementor-widget elementor-widget-call-to-action\" data-id=\"680a1e66\" data-element_type=\"widget\" data-e-type=\"widget\" data-widget_type=\"call-to-action.default\">\n\t\t\t\t<div class=\"elementor-widget-container\">\n\t\t\t\t\t\t\t<div class=\"elementor-cta\">\n\t\t\t\t\t<div class=\"elementor-cta__bg-wrapper\">\n\t\t\t\t<div class=\"elementor-cta__bg elementor-bg\" style=\"background-image: url(https:\/\/tunderiportekak.hu\/wp-content\/uploads\/2025\/09\/20211120_111728-1024x574.jpg);\" role=\"img\" aria-label=\"20211120_111728\"><\/div>\n\t\t\t\t<div class=\"elementor-cta__bg-overlay\"><\/div>\n\t\t\t<\/div>\n\t\t\t\t\t\t\t<div class=\"elementor-cta__content\">\n\t\t\t\t\n\t\t\t\t\t\t\t\t\t<h1 class=\"elementor-cta__title elementor-cta__content-item elementor-content-item\">\n\t\t\t\t\t\t<span style=\"font-family: Lora, serif;font-size: 16px;text-align: start\">Ha szeretn\u00e9l ilyen programot szervezni, k\u00e9rlek, keress bizalommal \u00e9s k\u00e9rj egyedi \u00e1raj\u00e1nlatot!<\/span>\t\t\t\t\t<\/h1>\n\t\t\t\t\n\t\t\t\t\n\t\t\t\t\t\t\t\t\t<div class=\"elementor-cta__button-wrapper elementor-cta__content-item elementor-content-item\">\n\t\t\t\t\t<a class=\"elementor-cta__button elementor-button elementor-size-lg\" href=\"\/en\/nemezcipo-keszito-programok-videken-es-kulfoldon\/\">\n\t\t\t\t\t\tKit\u00f6lt\u00f6m az \u00e1raj\u00e1nlat k\u00e9r\u0151t\t\t\t\t\t<\/a>\n\t\t\t\t\t<\/div>\n\t\t\t\t\t\t\t<\/div>\n\t\t\t\t\t\t\t<div class=\"elementor-ribbon elementor-ribbon-right\">\n\t\t\t\t<div class=\"elementor-ribbon-inner\">\n\t\t\t\t\t2 napos\t\t\t\t<\/div>\n\t\t\t<\/div>\n\t\t\t\t<\/div>\n\t\t\t\t\t\t<\/div>\n\t\t\t\t<\/div>\n\t\t\t\t\t<\/div>\n\t\t<\/div>\n\t\t\t\t\t<\/div>\n\t\t<\/section>\n\t\t\t\t<\/div>","protected":false},"excerpt":{"rendered":"<p>Nemezcip\u0151-k\u00e9sz\u00edt\u0151 programok vid\u00e9ken \u00e9s k\u00fclf\u00f6ld\u00f6n Szeretn\u00e9d megtapasztalni a nemezel\u00e9s \u0151si var\u00e1zs\u00e1t \u00e9s saj\u00e1t kez\u0171leg elk\u00e9sz\u00edteni egy p\u00e1r nemezcip\u0151t? Sz\u00edvesen elj\u00f6v\u00f6k hozz\u00e1tok, legyen sz\u00f3 vid\u00e9ki helysz\u00ednr\u0151l vagy ak\u00e1r k\u00fclf\u00f6ldr\u0151l! Ti biztos\u00edtj\u00e1tok a helysz\u00ednt \u00e9n pedig minden m\u00e1st. A programhoz minden sz\u00fcks\u00e9ges eszk\u00f6zt \u00e9s alapanyagot magammal viszek \u2013 ha kell, az eg\u00e9sz m\u0171helyt is. A r\u00e9sztvev\u0151k egy [&hellip;]<\/p>\n","protected":false},"author":1,"featured_media":0,"parent":0,"menu_order":0,"comment_status":"closed","ping_status":"closed","template":"","meta":{"site-sidebar-layout":"no-sidebar","site-content-layout":"page-builder","ast-site-content-layout":"full-width-container","site-content-style":"default","site-sidebar-style":"default","ast-global-header-display":"","ast-banner-title-visibility":"","ast-main-header-display":"","ast-hfb-above-header-display":"","ast-hfb-below-header-display":"","ast-hfb-mobile-header-display":"","site-post-title":"disabled","ast-breadcrumbs-content":"","ast-featured-img":"disabled","footer-sml-layout":"","ast-disable-related-posts":"","theme-transparent-header-meta":"","adv-header-id-meta":"","stick-header-meta":"","header-above-stick-meta":"","header-main-stick-meta":"","header-below-stick-meta":"","astra-migrate-meta-layouts":"set","ast-page-background-enabled":"default","ast-page-background-meta":{"desktop":{"background-color":"","background-image":"","background-repeat":"repeat","background-position":"center center","background-size":"auto","background-attachment":"scroll","background-type":"","background-media":"","overlay-type":"","overlay-color":"","overlay-opacity":"","overlay-gradient":""},"tablet":{"background-color":"","background-image":"","background-repeat":"repeat","background-position":"center center","background-size":"auto","background-attachment":"scroll","background-type":"","background-media":"","overlay-type":"","overlay-color":"","overlay-opacity":"","overlay-gradient":""},"mobile":{"background-color":"","background-image":"","background-repeat":"repeat","background-position":"center center","background-size":"auto","background-attachment":"scroll","background-type":"","background-media":"","overlay-type":"","overlay-color":"","overlay-opacity":"","overlay-gradient":""}},"ast-content-background-meta":{"desktop":{"background-color":"var(--ast-global-color-5)","background-image":"","background-repeat":"repeat","background-position":"center center","background-size":"auto","background-attachment":"scroll","background-type":"","background-media":"","overlay-type":"","overlay-color":"","overlay-opacity":"","overlay-gradient":""},"tablet":{"background-color":"var(--ast-global-color-5)","background-image":"","background-repeat":"repeat","background-position":"center center","background-size":"auto","background-attachment":"scroll","background-type":"","background-media":"","overlay-type":"","overlay-color":"","overlay-opacity":"","overlay-gradient":""},"mobile":{"background-color":"var(--ast-global-color-5)","background-image":"","background-repeat":"repeat","background-position":"center center","background-size":"auto","background-attachment":"scroll","background-type":"","background-media":"","overlay-type":"","overlay-color":"","overlay-opacity":"","overlay-gradient":""}},"footnotes":""},"class_list":["post-6070","page","type-page","status-publish","hentry"],"yoast_head":"<!-- This site is optimized with the Yoast SEO Premium plugin v27.3 (Yoast SEO v27.3) - https:\/\/yoast.com\/product\/yoast-seo-premium-wordpress\/ -->\n<title>Nemezcip\u0151 k\u00e9sz\u00edt\u0151 programok vid\u00e9ken \u00e9s k\u00fclf\u00f6ld\u00f6n -<\/title>\n<meta name=\"robots\" content=\"index, follow, max-snippet:-1, max-image-preview:large, max-video-preview:-1\" \/>\n<link rel=\"canonical\" href=\"https:\/\/tunderiportekak.hu\/en\/elementor-6070\/\" \/>\n<meta property=\"og:locale\" content=\"en_US\" \/>\n<meta property=\"og:type\" content=\"article\" \/>\n<meta property=\"og:title\" content=\"Nemezcip\u0151 k\u00e9sz\u00edt\u0151 programok vid\u00e9ken \u00e9s k\u00fclf\u00f6ld\u00f6n\" \/>\n<meta property=\"og:description\" content=\"Nemezcip\u0151-k\u00e9sz\u00edt\u0151 programok vid\u00e9ken \u00e9s k\u00fclf\u00f6ld\u00f6n Szeretn\u00e9d megtapasztalni a nemezel\u00e9s \u0151si var\u00e1zs\u00e1t \u00e9s saj\u00e1t kez\u0171leg elk\u00e9sz\u00edteni egy p\u00e1r nemezcip\u0151t? Sz\u00edvesen elj\u00f6v\u00f6k hozz\u00e1tok, legyen sz\u00f3 vid\u00e9ki helysz\u00ednr\u0151l vagy ak\u00e1r k\u00fclf\u00f6ldr\u0151l! Ti biztos\u00edtj\u00e1tok a helysz\u00ednt \u00e9n pedig minden m\u00e1st. A programhoz minden sz\u00fcks\u00e9ges eszk\u00f6zt \u00e9s alapanyagot magammal viszek \u2013 ha kell, az eg\u00e9sz m\u0171helyt is. A r\u00e9sztvev\u0151k egy [&hellip;]\" \/>\n<meta property=\"og:url\" content=\"https:\/\/tunderiportekak.hu\/en\/elementor-6070\/\" \/>\n<meta property=\"article:modified_time\" content=\"2025-09-29T14:26:43+00:00\" \/>\n<meta name=\"twitter:card\" content=\"summary_large_image\" \/>\n<meta name=\"twitter:label1\" content=\"Est. reading time\" \/>\n\t<meta name=\"twitter:data1\" content=\"1 minute\" \/>\n<script type=\"application\/ld+json\" class=\"yoast-schema-graph\">{\"@context\":\"https:\\\/\\\/schema.org\",\"@graph\":[{\"@type\":\"WebPage\",\"@id\":\"https:\\\/\\\/tunderiportekak.hu\\\/elementor-6070\\\/\",\"url\":\"https:\\\/\\\/tunderiportekak.hu\\\/elementor-6070\\\/\",\"name\":\"Nemezcip\u0151 k\u00e9sz\u00edt\u0151 programok vid\u00e9ken \u00e9s k\u00fclf\u00f6ld\u00f6n -\",\"isPartOf\":{\"@id\":\"https:\\\/\\\/tunderiportekak.hu\\\/#website\"},\"datePublished\":\"2025-09-29T13:58:07+00:00\",\"dateModified\":\"2025-09-29T14:26:43+00:00\",\"breadcrumb\":{\"@id\":\"https:\\\/\\\/tunderiportekak.hu\\\/elementor-6070\\\/#breadcrumb\"},\"inLanguage\":\"en-US\",\"potentialAction\":[{\"@type\":\"ReadAction\",\"target\":[\"https:\\\/\\\/tunderiportekak.hu\\\/elementor-6070\\\/\"]}]},{\"@type\":\"BreadcrumbList\",\"@id\":\"https:\\\/\\\/tunderiportekak.hu\\\/elementor-6070\\\/#breadcrumb\",\"itemListElement\":[{\"@type\":\"ListItem\",\"position\":1,\"name\":\"Home\",\"item\":\"https:\\\/\\\/tunderiportekak.hu\\\/\"},{\"@type\":\"ListItem\",\"position\":2,\"name\":\"Nemezcip\u0151 k\u00e9sz\u00edt\u0151 programok vid\u00e9ken \u00e9s k\u00fclf\u00f6ld\u00f6n\"}]},{\"@type\":\"WebSite\",\"@id\":\"https:\\\/\\\/tunderiportekak.hu\\\/#website\",\"url\":\"https:\\\/\\\/tunderiportekak.hu\\\/\",\"name\":\"\",\"description\":\"Nemezcip\u0151 k\u00e9sz\u00edt\u0151 \u00e9lm\u00e9nyprogramok\",\"potentialAction\":[{\"@type\":\"SearchAction\",\"target\":{\"@type\":\"EntryPoint\",\"urlTemplate\":\"https:\\\/\\\/tunderiportekak.hu\\\/?s={search_term_string}\"},\"query-input\":{\"@type\":\"PropertyValueSpecification\",\"valueRequired\":true,\"valueName\":\"search_term_string\"}}],\"inLanguage\":\"en-US\"}]}<\/script>\n<!-- \/ Yoast SEO Premium plugin. -->","yoast_head_json":{"title":"Nemezcip\u0151 k\u00e9sz\u00edt\u0151 programok vid\u00e9ken \u00e9s k\u00fclf\u00f6ld\u00f6n -","robots":{"index":"index","follow":"follow","max-snippet":"max-snippet:-1","max-image-preview":"max-image-preview:large","max-video-preview":"max-video-preview:-1"},"canonical":"https:\/\/tunderiportekak.hu\/en\/elementor-6070\/","og_locale":"en_US","og_type":"article","og_title":"Nemezcip\u0151 k\u00e9sz\u00edt\u0151 programok vid\u00e9ken \u00e9s k\u00fclf\u00f6ld\u00f6n","og_description":"Nemezcip\u0151-k\u00e9sz\u00edt\u0151 programok vid\u00e9ken \u00e9s k\u00fclf\u00f6ld\u00f6n Szeretn\u00e9d megtapasztalni a nemezel\u00e9s \u0151si var\u00e1zs\u00e1t \u00e9s saj\u00e1t kez\u0171leg elk\u00e9sz\u00edteni egy p\u00e1r nemezcip\u0151t? Sz\u00edvesen elj\u00f6v\u00f6k hozz\u00e1tok, legyen sz\u00f3 vid\u00e9ki helysz\u00ednr\u0151l vagy ak\u00e1r k\u00fclf\u00f6ldr\u0151l! Ti biztos\u00edtj\u00e1tok a helysz\u00ednt \u00e9n pedig minden m\u00e1st. A programhoz minden sz\u00fcks\u00e9ges eszk\u00f6zt \u00e9s alapanyagot magammal viszek \u2013 ha kell, az eg\u00e9sz m\u0171helyt is. A r\u00e9sztvev\u0151k egy [&hellip;]","og_url":"https:\/\/tunderiportekak.hu\/en\/elementor-6070\/","article_modified_time":"2025-09-29T14:26:43+00:00","twitter_card":"summary_large_image","twitter_misc":{"Est. reading time":"1 minute"},"schema":{"@context":"https:\/\/schema.org","@graph":[{"@type":"WebPage","@id":"https:\/\/tunderiportekak.hu\/elementor-6070\/","url":"https:\/\/tunderiportekak.hu\/elementor-6070\/","name":"Nemezcip\u0151 k\u00e9sz\u00edt\u0151 programok vid\u00e9ken \u00e9s k\u00fclf\u00f6ld\u00f6n -","isPartOf":{"@id":"https:\/\/tunderiportekak.hu\/#website"},"datePublished":"2025-09-29T13:58:07+00:00","dateModified":"2025-09-29T14:26:43+00:00","breadcrumb":{"@id":"https:\/\/tunderiportekak.hu\/elementor-6070\/#breadcrumb"},"inLanguage":"en-US","potentialAction":[{"@type":"ReadAction","target":["https:\/\/tunderiportekak.hu\/elementor-6070\/"]}]},{"@type":"BreadcrumbList","@id":"https:\/\/tunderiportekak.hu\/elementor-6070\/#breadcrumb","itemListElement":[{"@type":"ListItem","position":1,"name":"Home","item":"https:\/\/tunderiportekak.hu\/"},{"@type":"ListItem","position":2,"name":"Nemezcip\u0151 k\u00e9sz\u00edt\u0151 programok vid\u00e9ken \u00e9s k\u00fclf\u00f6ld\u00f6n"}]},{"@type":"WebSite","@id":"https:\/\/tunderiportekak.hu\/#website","url":"https:\/\/tunderiportekak.hu\/","name":"","description":"Felt shoe making programmes","potentialAction":[{"@type":"SearchAction","target":{"@type":"EntryPoint","urlTemplate":"https:\/\/tunderiportekak.hu\/?s={search_term_string}"},"query-input":{"@type":"PropertyValueSpecification","valueRequired":true,"valueName":"search_term_string"}}],"inLanguage":"en-US"}]}},"_links":{"self":[{"href":"https:\/\/tunderiportekak.hu\/en\/wp-json\/wp\/v2\/pages\/6070","targetHints":{"allow":["GET"]}}],"collection":[{"href":"https:\/\/tunderiportekak.hu\/en\/wp-json\/wp\/v2\/pages"}],"about":[{"href":"https:\/\/tunderiportekak.hu\/en\/wp-json\/wp\/v2\/types\/page"}],"author":[{"embeddable":true,"href":"https:\/\/tunderiportekak.hu\/en\/wp-json\/wp\/v2\/users\/1"}],"replies":[{"embeddable":true,"href":"https:\/\/tunderiportekak.hu\/en\/wp-json\/wp\/v2\/comments?post=6070"}],"version-history":[{"count":11,"href":"https:\/\/tunderiportekak.hu\/en\/wp-json\/wp\/v2\/pages\/6070\/revisions"}],"predecessor-version":[{"id":6096,"href":"https:\/\/tunderiportekak.hu\/en\/wp-json\/wp\/v2\/pages\/6070\/revisions\/6096"}],"wp:attachment":[{"href":"https:\/\/tunderiportekak.hu\/en\/wp-json\/wp\/v2\/media?parent=6070"}],"curies":[{"name":"wp","href":"https:\/\/api.w.org\/{rel}","templated":true}]}}