{"id":3255,"date":"2024-01-14T18:48:11","date_gmt":"2024-01-14T18:48:11","guid":{"rendered":"https:\/\/shop.tunderiportekak.hu\/?page_id=3255"},"modified":"2024-08-11T14:10:45","modified_gmt":"2024-08-11T14:10:45","slug":"vizallo-a-nemezcipo-2","status":"publish","type":"page","link":"https:\/\/tunderiportekak.hu\/en\/vizallo-a-nemezcipo-2\/","title":{"rendered":"V\u00edz\u00e1ll\u00f3 a nemezcip\u0151?"},"content":{"rendered":"<div data-elementor-type=\"wp-page\" data-elementor-id=\"3255\" class=\"elementor elementor-3255\" data-elementor-post-type=\"page\">\n\t\t\t\t\t\t<section class=\"elementor-section elementor-top-section elementor-element elementor-element-c298c2 elementor-section-boxed elementor-section-height-default elementor-section-height-default\" data-id=\"c298c2\" data-element_type=\"section\" data-e-type=\"section\">\n\t\t\t\t\t\t<div class=\"elementor-container elementor-column-gap-wide\">\n\t\t\t\t\t<div class=\"elementor-column elementor-col-50 elementor-top-column elementor-element elementor-element-7ed8fc1\" data-id=\"7ed8fc1\" data-element_type=\"column\" data-e-type=\"column\">\n\t\t\t<div class=\"elementor-widget-wrap elementor-element-populated\">\n\t\t\t\t\t\t<div class=\"elementor-element elementor-element-2fc15c7a elementor-widget elementor-widget-text-editor\" data-id=\"2fc15c7a\" data-element_type=\"widget\" data-e-type=\"widget\" data-widget_type=\"text-editor.default\">\n\t\t\t\t<div class=\"elementor-widget-container\">\n\t\t\t\t\t\t\t\t\t<h2 style=\"text-align: center;\"><span style=\"color: #70c732;\">Mennyire v\u00edz\u00e1ll\u00f3 a nemezcip\u0151?<\/span><\/h2><p style=\"font-size: 16px; font-style: normal; font-weight: 400;\">Ez a leggyakoribb k\u00e9rd\u00e9s, amit egy nemezcip\u0151 l\u00e1tt\u00e1n felmer\u00fcl, hiszen egy textil l\u00e1bbelir\u0151l besz\u00e9l\u00fcnk. A v\u00e1lasz pedig igen \u00f6sszetett.<\/p><p style=\"font-size: 16px; font-style: normal; font-weight: 400;\">Egyszer\u0171en tal\u00e1n \u00fagy v\u00e1laszoln\u00e1k a k\u00e9rd\u00e9sre, hogy annyira v\u00edz\u00e1ll\u00f3, mint egy b\u0151rcip\u0151, ha p\u00e9ld\u00e1ul havas latyakba, vagy m\u00e9ly pocsoly\u00e1ba l\u00e9p\u00fcnk vele.\u00a0<\/p><p style=\"font-size: 16px; font-style: normal; font-weight: 400;\">A havat azonban sokkal jobban b\u00edrja, hiszen egy nemezbakancsnak p\u00e9ld\u00e1ul az anyag vastags\u00e1g\u00e1b\u00f3l ered\u0151en nagyon j\u00f3 a h\u0151tart\u00e1sa. \u00cdgy szell\u0151zik a l\u00e1bunk \u00e9s nem izzad be, mik\u00f6zben a h\u0151 nem sziv\u00e1rog ki a cip\u0151b\u0151l. Ha m\u00e9ly h\u00f3ban m\u00e1szk\u00e1lunk, vagy h\u00f3es\u00e9sben s\u00e9t\u00e1lunk, a h\u00f3, apr\u00f3 kis goly\u00f3csk\u00e1kk\u00e1 \u00e1ll \u00f6ssze a cip\u0151nk tetej\u00e9n, \u00e9s nem olvad meg. Ennek k\u00f6vetkezt\u00e9ben az anyaga sz\u00e1raz marad.<\/p><p style=\"font-size: 16px; font-style: normal; font-weight: 400;\">Velem is el\u0151fordult, hogy azt hittem h\u00f3ba l\u00e9pek, de egy havas, latyakos pocsolya volt, amiben bok\u00e1ig elmer\u00fcltem. \u00c9reztem, hogy &#8222;Na, most be\u00e1zott!&#8221; Azonban 5-6 l\u00e9p\u00e9s ut\u00e1n nem \u00e9reztem hidegnek, nedvesnek \u00e9s kellemetlennek. Ez annak k\u00f6sz\u00f6nhet\u0151, hogy a gyapj\u00fa, a saj\u00e1t t\u00f6mege kb. 70 %-\u00e1t k\u00e9pes folyad\u00e9kb\u00f3l felsz\u00edvni, \u00e9s eloszlatni. Amikor haza\u00e9rtem, csak kisz\u00e1r\u00edtottam a radi\u00e1tor tetej\u00e9n.<\/p><p style=\"font-size: 16px; font-style: normal; font-weight: 400;\">Az es\u0151cseppek &#8211; nem arr\u00f3l az \u00e1ztat\u00f3s zivatarr\u00f3l besz\u00e9lek &#8211; a gyapj\u00fa lanolin tartalm\u00e1nak k\u00f6sz\u00f6nhet\u0151en sz\u00e9pen leperegnek a cip\u0151nk fel\u00fclet\u00e9r\u0151l. Nagyobb es\u0151ben \u00fagyis csak a gumicsizma v\u00e9d!\u00a0<\/p><p style=\"font-size: 16px; font-style: normal; font-weight: 400;\"><span style=\"font-family: var( --e-global-typography-secondary-font-family ), Sans-serif; background-color: var(--ast-global-color-4); color: var(--ast-global-color-3); letter-spacing: 0px;\">A n\u00e1lam k\u00e9sz\u00fclt nemezcip\u0151k Bergschaf juh gyapj\u00e1b\u00f3l k\u00e9sz\u00fclnek, mely egy alpesi fajta.\u00a0<\/span><\/p><p style=\"margin-top: 12.0pt; text-align: justify; text-indent: 1.0cm; line-height: 115%;\">Ezeket juhokat nagyon er\u0151s fajt\u00e1nak tartj\u00e1k, melyek optim\u00e1lisan alkalmazkodtak a hegyvid\u00e9ki, csapad\u00e9kban gazdag ter\u00fcletek k\u00f6r\u00fclm\u00e9nyeihez.\u00a0<\/p><p style=\"margin-top: 12.0pt; text-align: justify; text-indent: 1.0cm; line-height: 115%;\">Ezen tulajdons\u00e1gok miatt is ez a legjobb gyapj\u00fafajta a nemezcip\u0151 elk\u00e9sz\u00edt\u00e9s\u00e9hez.<\/p><div style=\"text-align: justify; text-indent: 37.7953px;\">\u00a0<\/div><p style=\"font-size: 16px; font-style: normal; font-weight: 400;\">\u00a0<\/p>\t\t\t\t\t\t\t\t<\/div>\n\t\t\t\t<\/div>\n\t\t\t\t\t<\/div>\n\t\t<\/div>\n\t\t\t\t<div class=\"elementor-column elementor-col-50 elementor-top-column elementor-element elementor-element-5de02a77\" data-id=\"5de02a77\" data-element_type=\"column\" data-e-type=\"column\">\n\t\t\t<div class=\"elementor-widget-wrap elementor-element-populated\">\n\t\t\t\t\t\t<div class=\"elementor-element elementor-element-2d636d6d elementor-cta--valign-bottom elementor-cta--layout-image-above elementor-widget__width-initial elementor-cta--skin-classic elementor-animated-content elementor-bg-transform elementor-bg-transform-zoom-in elementor-widget elementor-widget-call-to-action\" data-id=\"2d636d6d\" data-element_type=\"widget\" data-e-type=\"widget\" data-widget_type=\"call-to-action.default\">\n\t\t\t\t<div class=\"elementor-widget-container\">\n\t\t\t\t\t\t\t<div class=\"elementor-cta\">\n\t\t\t\t\t<div class=\"elementor-cta__bg-wrapper\">\n\t\t\t\t<div class=\"elementor-cta__bg elementor-bg\" style=\"background-image: url(https:\/\/tunderiportekak.hu\/wp-content\/uploads\/2024\/01\/Nemezbakancs-hoesesben-1024x835.jpg);\" role=\"img\" aria-label=\"Nemezbakancs h\u00f3es\u00e9sben\"><\/div>\n\t\t\t\t<div class=\"elementor-cta__bg-overlay\"><\/div>\n\t\t\t<\/div>\n\t\t\t\t\t\t\t<div class=\"elementor-cta__content\">\n\t\t\t\t\n\t\t\t\t\t\t\t\t\t<h1 class=\"elementor-cta__title elementor-cta__content-item elementor-content-item\">\n\t\t\t\t\t\tA h\u00f3pelyhek apr\u00f3 goly\u00f3csk\u00e1kk\u00e1 \u00e1llnak \u00f6ssze a nemezcip\u0151 tetej\u00e9n.\t\t\t\t\t<\/h1>\n\t\t\t\t\n\t\t\t\t\n\t\t\t\t\t\t\t<\/div>\n\t\t\t\t\t\t<\/div>\n\t\t\t\t\t\t<\/div>\n\t\t\t\t<\/div>\n\t\t\t\t\t<\/div>\n\t\t<\/div>\n\t\t\t\t\t<\/div>\n\t\t<\/section>\n\t\t\t\t<\/div>","protected":false},"excerpt":{"rendered":"<p>Mennyire v\u00edz\u00e1ll\u00f3 a nemezcip\u0151? Ez a leggyakoribb k\u00e9rd\u00e9s, amit egy nemezcip\u0151 l\u00e1tt\u00e1n felmer\u00fcl, hiszen egy textil l\u00e1bbelir\u0151l besz\u00e9l\u00fcnk. A v\u00e1lasz pedig igen \u00f6sszetett. Egyszer\u0171en tal\u00e1n \u00fagy v\u00e1laszoln\u00e1k a k\u00e9rd\u00e9sre, hogy annyira v\u00edz\u00e1ll\u00f3, mint egy b\u0151rcip\u0151, ha p\u00e9ld\u00e1ul havas latyakba, vagy m\u00e9ly pocsoly\u00e1ba l\u00e9p\u00fcnk vele.\u00a0 A havat azonban sokkal jobban b\u00edrja, hiszen egy nemezbakancsnak p\u00e9ld\u00e1ul az [&hellip;]<\/p>\n","protected":false},"author":1,"featured_media":0,"parent":0,"menu_order":0,"comment_status":"closed","ping_status":"closed","template":"","meta":{"site-sidebar-layout":"no-sidebar","site-content-layout":"page-builder","ast-site-content-layout":"full-width-container","site-content-style":"default","site-sidebar-style":"default","ast-global-header-display":"","ast-banner-title-visibility":"","ast-main-header-display":"","ast-hfb-above-header-display":"","ast-hfb-below-header-display":"","ast-hfb-mobile-header-display":"","site-post-title":"disabled","ast-breadcrumbs-content":"","ast-featured-img":"disabled","footer-sml-layout":"","ast-disable-related-posts":"","theme-transparent-header-meta":"","adv-header-id-meta":"","stick-header-meta":"","header-above-stick-meta":"","header-main-stick-meta":"","header-below-stick-meta":"","astra-migrate-meta-layouts":"set","ast-page-background-enabled":"default","ast-page-background-meta":{"desktop":{"background-color":"","background-image":"","background-repeat":"repeat","background-position":"center center","background-size":"auto","background-attachment":"scroll","background-type":"","background-media":"","overlay-type":"","overlay-color":"","overlay-opacity":"","overlay-gradient":""},"tablet":{"background-color":"","background-image":"","background-repeat":"repeat","background-position":"center center","background-size":"auto","background-attachment":"scroll","background-type":"","background-media":"","overlay-type":"","overlay-color":"","overlay-opacity":"","overlay-gradient":""},"mobile":{"background-color":"","background-image":"","background-repeat":"repeat","background-position":"center center","background-size":"auto","background-attachment":"scroll","background-type":"","background-media":"","overlay-type":"","overlay-color":"","overlay-opacity":"","overlay-gradient":""}},"ast-content-background-meta":{"desktop":{"background-color":"var(--ast-global-color-5)","background-image":"","background-repeat":"repeat","background-position":"center center","background-size":"auto","background-attachment":"scroll","background-type":"","background-media":"","overlay-type":"","overlay-color":"","overlay-opacity":"","overlay-gradient":""},"tablet":{"background-color":"var(--ast-global-color-5)","background-image":"","background-repeat":"repeat","background-position":"center center","background-size":"auto","background-attachment":"scroll","background-type":"","background-media":"","overlay-type":"","overlay-color":"","overlay-opacity":"","overlay-gradient":""},"mobile":{"background-color":"var(--ast-global-color-5)","background-image":"","background-repeat":"repeat","background-position":"center center","background-size":"auto","background-attachment":"scroll","background-type":"","background-media":"","overlay-type":"","overlay-color":"","overlay-opacity":"","overlay-gradient":""}},"footnotes":""},"class_list":["post-3255","page","type-page","status-publish","hentry"],"yoast_head":"<!-- This site is optimized with the Yoast SEO Premium plugin v27.3 (Yoast SEO v27.3) - https:\/\/yoast.com\/product\/yoast-seo-premium-wordpress\/ -->\n<title>V\u00edz\u00e1ll\u00f3 a nemezcip\u0151? -<\/title>\n<meta name=\"robots\" content=\"index, follow, max-snippet:-1, max-image-preview:large, max-video-preview:-1\" \/>\n<link rel=\"canonical\" href=\"https:\/\/tunderiportekak.hu\/en\/vizallo-a-nemezcipo-2\/\" \/>\n<meta property=\"og:locale\" content=\"en_US\" \/>\n<meta property=\"og:type\" content=\"article\" \/>\n<meta property=\"og:title\" content=\"V\u00edz\u00e1ll\u00f3 a nemezcip\u0151?\" \/>\n<meta property=\"og:description\" content=\"Mennyire v\u00edz\u00e1ll\u00f3 a nemezcip\u0151? Ez a leggyakoribb k\u00e9rd\u00e9s, amit egy nemezcip\u0151 l\u00e1tt\u00e1n felmer\u00fcl, hiszen egy textil l\u00e1bbelir\u0151l besz\u00e9l\u00fcnk. A v\u00e1lasz pedig igen \u00f6sszetett. Egyszer\u0171en tal\u00e1n \u00fagy v\u00e1laszoln\u00e1k a k\u00e9rd\u00e9sre, hogy annyira v\u00edz\u00e1ll\u00f3, mint egy b\u0151rcip\u0151, ha p\u00e9ld\u00e1ul havas latyakba, vagy m\u00e9ly pocsoly\u00e1ba l\u00e9p\u00fcnk vele.\u00a0 A havat azonban sokkal jobban b\u00edrja, hiszen egy nemezbakancsnak p\u00e9ld\u00e1ul az [&hellip;]\" \/>\n<meta property=\"og:url\" content=\"https:\/\/tunderiportekak.hu\/en\/vizallo-a-nemezcipo-2\/\" \/>\n<meta property=\"article:modified_time\" content=\"2024-08-11T14:10:45+00:00\" \/>\n<meta name=\"twitter:card\" content=\"summary_large_image\" \/>\n<meta name=\"twitter:label1\" content=\"Est. reading time\" \/>\n\t<meta name=\"twitter:data1\" content=\"2 minutes\" \/>\n<script type=\"application\/ld+json\" class=\"yoast-schema-graph\">{\"@context\":\"https:\\\/\\\/schema.org\",\"@graph\":[{\"@type\":\"WebPage\",\"@id\":\"https:\\\/\\\/tunderiportekak.hu\\\/vizallo-a-nemezcipo-2\\\/\",\"url\":\"https:\\\/\\\/tunderiportekak.hu\\\/vizallo-a-nemezcipo-2\\\/\",\"name\":\"V\u00edz\u00e1ll\u00f3 a nemezcip\u0151? -\",\"isPartOf\":{\"@id\":\"https:\\\/\\\/tunderiportekak.hu\\\/#website\"},\"datePublished\":\"2024-01-14T18:48:11+00:00\",\"dateModified\":\"2024-08-11T14:10:45+00:00\",\"breadcrumb\":{\"@id\":\"https:\\\/\\\/tunderiportekak.hu\\\/vizallo-a-nemezcipo-2\\\/#breadcrumb\"},\"inLanguage\":\"en-US\",\"potentialAction\":[{\"@type\":\"ReadAction\",\"target\":[\"https:\\\/\\\/tunderiportekak.hu\\\/vizallo-a-nemezcipo-2\\\/\"]}]},{\"@type\":\"BreadcrumbList\",\"@id\":\"https:\\\/\\\/tunderiportekak.hu\\\/vizallo-a-nemezcipo-2\\\/#breadcrumb\",\"itemListElement\":[{\"@type\":\"ListItem\",\"position\":1,\"name\":\"Home\",\"item\":\"https:\\\/\\\/tunderiportekak.hu\\\/\"},{\"@type\":\"ListItem\",\"position\":2,\"name\":\"V\u00edz\u00e1ll\u00f3 a nemezcip\u0151?\"}]},{\"@type\":\"WebSite\",\"@id\":\"https:\\\/\\\/tunderiportekak.hu\\\/#website\",\"url\":\"https:\\\/\\\/tunderiportekak.hu\\\/\",\"name\":\"\",\"description\":\"Nemezcip\u0151 k\u00e9sz\u00edt\u0151 \u00e9lm\u00e9nyprogramok\",\"potentialAction\":[{\"@type\":\"SearchAction\",\"target\":{\"@type\":\"EntryPoint\",\"urlTemplate\":\"https:\\\/\\\/tunderiportekak.hu\\\/?s={search_term_string}\"},\"query-input\":{\"@type\":\"PropertyValueSpecification\",\"valueRequired\":true,\"valueName\":\"search_term_string\"}}],\"inLanguage\":\"en-US\"}]}<\/script>\n<!-- \/ Yoast SEO Premium plugin. -->","yoast_head_json":{"title":"V\u00edz\u00e1ll\u00f3 a nemezcip\u0151? -","robots":{"index":"index","follow":"follow","max-snippet":"max-snippet:-1","max-image-preview":"max-image-preview:large","max-video-preview":"max-video-preview:-1"},"canonical":"https:\/\/tunderiportekak.hu\/en\/vizallo-a-nemezcipo-2\/","og_locale":"en_US","og_type":"article","og_title":"V\u00edz\u00e1ll\u00f3 a nemezcip\u0151?","og_description":"Mennyire v\u00edz\u00e1ll\u00f3 a nemezcip\u0151? Ez a leggyakoribb k\u00e9rd\u00e9s, amit egy nemezcip\u0151 l\u00e1tt\u00e1n felmer\u00fcl, hiszen egy textil l\u00e1bbelir\u0151l besz\u00e9l\u00fcnk. A v\u00e1lasz pedig igen \u00f6sszetett. Egyszer\u0171en tal\u00e1n \u00fagy v\u00e1laszoln\u00e1k a k\u00e9rd\u00e9sre, hogy annyira v\u00edz\u00e1ll\u00f3, mint egy b\u0151rcip\u0151, ha p\u00e9ld\u00e1ul havas latyakba, vagy m\u00e9ly pocsoly\u00e1ba l\u00e9p\u00fcnk vele.\u00a0 A havat azonban sokkal jobban b\u00edrja, hiszen egy nemezbakancsnak p\u00e9ld\u00e1ul az [&hellip;]","og_url":"https:\/\/tunderiportekak.hu\/en\/vizallo-a-nemezcipo-2\/","article_modified_time":"2024-08-11T14:10:45+00:00","twitter_card":"summary_large_image","twitter_misc":{"Est. reading time":"2 minutes"},"schema":{"@context":"https:\/\/schema.org","@graph":[{"@type":"WebPage","@id":"https:\/\/tunderiportekak.hu\/vizallo-a-nemezcipo-2\/","url":"https:\/\/tunderiportekak.hu\/vizallo-a-nemezcipo-2\/","name":"V\u00edz\u00e1ll\u00f3 a nemezcip\u0151? -","isPartOf":{"@id":"https:\/\/tunderiportekak.hu\/#website"},"datePublished":"2024-01-14T18:48:11+00:00","dateModified":"2024-08-11T14:10:45+00:00","breadcrumb":{"@id":"https:\/\/tunderiportekak.hu\/vizallo-a-nemezcipo-2\/#breadcrumb"},"inLanguage":"en-US","potentialAction":[{"@type":"ReadAction","target":["https:\/\/tunderiportekak.hu\/vizallo-a-nemezcipo-2\/"]}]},{"@type":"BreadcrumbList","@id":"https:\/\/tunderiportekak.hu\/vizallo-a-nemezcipo-2\/#breadcrumb","itemListElement":[{"@type":"ListItem","position":1,"name":"Home","item":"https:\/\/tunderiportekak.hu\/"},{"@type":"ListItem","position":2,"name":"V\u00edz\u00e1ll\u00f3 a nemezcip\u0151?"}]},{"@type":"WebSite","@id":"https:\/\/tunderiportekak.hu\/#website","url":"https:\/\/tunderiportekak.hu\/","name":"","description":"Felt shoe making programmes","potentialAction":[{"@type":"SearchAction","target":{"@type":"EntryPoint","urlTemplate":"https:\/\/tunderiportekak.hu\/?s={search_term_string}"},"query-input":{"@type":"PropertyValueSpecification","valueRequired":true,"valueName":"search_term_string"}}],"inLanguage":"en-US"}]}},"_links":{"self":[{"href":"https:\/\/tunderiportekak.hu\/en\/wp-json\/wp\/v2\/pages\/3255","targetHints":{"allow":["GET"]}}],"collection":[{"href":"https:\/\/tunderiportekak.hu\/en\/wp-json\/wp\/v2\/pages"}],"about":[{"href":"https:\/\/tunderiportekak.hu\/en\/wp-json\/wp\/v2\/types\/page"}],"author":[{"embeddable":true,"href":"https:\/\/tunderiportekak.hu\/en\/wp-json\/wp\/v2\/users\/1"}],"replies":[{"embeddable":true,"href":"https:\/\/tunderiportekak.hu\/en\/wp-json\/wp\/v2\/comments?post=3255"}],"version-history":[{"count":3,"href":"https:\/\/tunderiportekak.hu\/en\/wp-json\/wp\/v2\/pages\/3255\/revisions"}],"predecessor-version":[{"id":4478,"href":"https:\/\/tunderiportekak.hu\/en\/wp-json\/wp\/v2\/pages\/3255\/revisions\/4478"}],"wp:attachment":[{"href":"https:\/\/tunderiportekak.hu\/en\/wp-json\/wp\/v2\/media?parent=3255"}],"curies":[{"name":"wp","href":"https:\/\/api.w.org\/{rel}","templated":true}]}}