{"id":3179,"date":"2024-01-12T12:49:15","date_gmt":"2024-01-12T12:49:15","guid":{"rendered":"https:\/\/shop.tunderiportekak.hu\/?page_id=3179"},"modified":"2024-01-12T13:18:15","modified_gmt":"2024-01-12T13:18:15","slug":"rolam","status":"publish","type":"page","link":"https:\/\/tunderiportekak.hu\/en\/rolam\/","title":{"rendered":"About me"},"content":{"rendered":"<div data-elementor-type=\"wp-page\" data-elementor-id=\"3179\" class=\"elementor elementor-3179\" data-elementor-post-type=\"page\">\n\t\t\t\t\t\t<section class=\"elementor-section elementor-top-section elementor-element elementor-element-5efbb61f elementor-section-boxed elementor-section-height-default elementor-section-height-default\" data-id=\"5efbb61f\" data-element_type=\"section\" data-e-type=\"section\">\n\t\t\t\t\t\t<div class=\"elementor-container elementor-column-gap-wide\">\n\t\t\t\t\t<div class=\"elementor-column elementor-col-50 elementor-top-column elementor-element elementor-element-2e2f2dc3\" data-id=\"2e2f2dc3\" data-element_type=\"column\" data-e-type=\"column\">\n\t\t\t<div class=\"elementor-widget-wrap elementor-element-populated\">\n\t\t\t\t\t\t<div class=\"elementor-element elementor-element-51baaa04 elementor-widget elementor-widget-text-editor\" data-id=\"51baaa04\" data-element_type=\"widget\" data-e-type=\"widget\" data-widget_type=\"text-editor.default\">\n\t\t\t\t<div class=\"elementor-widget-container\">\n\t\t\t\t\t\t\t\t\t<p style=\"margin-bottom: 12pt; line-height: normal;\"><span style=\"font-size: 14.0pt; font-family: 'Times New Roman',serif; mso-fareast-font-family: 'Times New Roman'; mso-fareast-language: HU;\">I am M\u00f3nika Szabolcsi, a feltmaker, but I'm most interested in making felt footwear. It is very important for me to pass on the knowledge and to preserve the traditional techniques for the next generations.<\/span><\/p><p style=\"margin-bottom: 12pt; line-height: normal;\"><span style=\"font-size: 14.0pt; font-family: 'Times New Roman',serif; mso-fareast-font-family: 'Times New Roman'; mso-fareast-language: HU;\">For me, feltmaking started as a hobby, which developed into a love of creating, later into the art of creating, and now it has become my passion. Feltmaking is about continuous learning, expanding knowledge, and experimenting. Felt itself is the potential. The wonder is that you can make anything from it, whether it is a child's toy, a bag, a garment, an accessory or even shoes. So one is constantly on the lookout for possibilities, and of course tries everything. At the professional training at the House of Heritage, I learnt the basic techniques, traditional shapes and patterns. Whenever I could, I went to masters at home and abroad, from whom I learned a lot: N\u00e9meth Bea, Vetr\u00f3 Mih\u00e1ly, Vid\u00e1k Istv\u00e1n, Nagy Mari, P\u00f3cs Judit, Viktoria and Szergej Zsezsera, Csille M\u00e1rti, Szab\u00f3 Nadia, Kov\u00e1cs Gabriella, Kosty\u00e1l Erika, Corinna Nitschmann.<\/span><\/p><p style=\"margin-bottom: 12pt; line-height: normal;\"><span style=\"font-size: 14.0pt; font-family: 'Times New Roman',serif; mso-fareast-font-family: 'Times New Roman'; mso-fareast-language: HU;\">I also had the opportunity to learn about today's more modern techniques, but for me the biggest catharsis was boot making. I met my Ukrainian instructors for the first time in January 2017 and they introduced me to making shoes, and boots from felt. The boots - which I have been wearing in winter ever since - are fantastic because they have rubber soles, so they are insulated and warm in wet weather even in urban conditions. It's particularly handy for those whose foot shape is different from the average for some reason, as in this case you can felt the footwear directly onto the foot of the model. <\/span><\/p><p><span style=\"font-size: 14.0pt; font-family: 'Times New Roman',serif; mso-fareast-font-family: 'Times New Roman'; mso-fareast-language: HU;\">It takes at least a week to make a pair of felt shoes, not only because of the time needed for the work, but also because of the importance of the drying time (you can only sew the sole on dry shoes). I pay great attention to the design. The usability and aesthetics of the objects are very important to me. Most importantly, I want these two things to be in harmony with each other. <\/span><\/p><p><span style=\"font-size: 14.0pt; font-family: 'Times New Roman',serif; mso-fareast-font-family: 'Times New Roman'; mso-fareast-language: HU;\">Exhibitions:<\/span><\/p><p><span style=\"font-size: 14.0pt; font-family: 'Times New Roman',serif; mso-fareast-font-family: 'Times New Roman'; mso-fareast-language: HU;\">In recent years, my works have been exhibited at the \"N\u00e9pi Iparm\u0171v\u00e9szeti\" museum in the exhibition \"J\u00e1t\u00e9kt\u00f3l a nesters\u00e9gig\", and I have been a solo exhibitor at the \"P\u00f3tkulcs\", where the main focus was female diversity, and feminine symbols on felt. Some of my work was taken to Serbia for a travelling exhibition, organised by the Hungarian Heritage House, as part of a programme to promote folk arts and crafts. I have also participated several times in the \"Mesters\u00e9gek \u00fcnnepe\", running a folk playhouse and giving felting demonstrations. Some of my works were shown at the M\u0171csarnok, \"Hand-M\u0171-Remek\" exhibition, and most recently at the\u00a0<span style=\"color: #1c1e21; background: white;\">\"XVII. Orsz\u00e1gos N\u00e9pm\u0171v\u00e9szeti\" central-hungarian region exhibition at the Zichy Castle, Zs\u00e1mb\u00e9k, and at the Hungarian Heritage House, at the \"\u00c9l\u0151 n\u00e9pm\u0171v\u00e9szet\" Exhibition.<\/span><\/span><\/p>\t\t\t\t\t\t\t\t<\/div>\n\t\t\t\t<\/div>\n\t\t\t\t\t<\/div>\n\t\t<\/div>\n\t\t\t\t<div class=\"elementor-column elementor-col-50 elementor-top-column elementor-element elementor-element-53bca77a\" data-id=\"53bca77a\" data-element_type=\"column\" data-e-type=\"column\">\n\t\t\t<div class=\"elementor-widget-wrap elementor-element-populated\">\n\t\t\t\t\t\t<div class=\"elementor-element elementor-element-17ec289 elementor-cta--skin-classic elementor-animated-content elementor-bg-transform elementor-bg-transform-zoom-in elementor-widget elementor-widget-call-to-action\" data-id=\"17ec289\" data-element_type=\"widget\" data-e-type=\"widget\" data-widget_type=\"call-to-action.default\">\n\t\t\t\t<div class=\"elementor-widget-container\">\n\t\t\t\t\t\t\t<div class=\"elementor-cta\">\n\t\t\t\t\t<div class=\"elementor-cta__bg-wrapper\">\n\t\t\t\t<div class=\"elementor-cta__bg elementor-bg\" style=\"background-image: url(https:\/\/tunderiportekak.hu\/wp-content\/uploads\/2024\/01\/Portre.jpg);\" role=\"img\" aria-label=\"Portr\u00e9\"><\/div>\n\t\t\t\t<div class=\"elementor-cta__bg-overlay\"><\/div>\n\t\t\t<\/div>\n\t\t\t\t\t\t\t<div class=\"elementor-cta__content\">\n\t\t\t\t\n\t\t\t\t\n\t\t\t\t\t\t\t\t\t<div class=\"elementor-cta__description elementor-cta__content-item elementor-content-item\">\n\t\t\t\t\t\tSzeretettel v\u00e1rlak egy \u00e1ltalad v\u00e1lasztott \u00e9lm\u00e9nyprogramon.\t\t\t\t\t<\/div>\n\t\t\t\t\n\t\t\t\t\t\t\t\t\t<div class=\"elementor-cta__button-wrapper elementor-cta__content-item elementor-content-item\">\n\t\t\t\t\t<a class=\"elementor-cta__button elementor-button elementor-size-\" href=\"\/en\/idopontok\/\">\n\t\t\t\t\t\tId\u0151pontok\t\t\t\t\t<\/a>\n\t\t\t\t\t<\/div>\n\t\t\t\t\t\t\t<\/div>\n\t\t\t\t\t\t<\/div>\n\t\t\t\t\t\t<\/div>\n\t\t\t\t<\/div>\n\t\t\t\t\t<\/div>\n\t\t<\/div>\n\t\t\t\t\t<\/div>\n\t\t<\/section>\n\t\t\t\t<\/div>","protected":false},"excerpt":{"rendered":"<p>Szabolcsi M\u00f3nika vagyok, nemezk\u00e9sz\u00edt\u0151, de legkin\u00e1bb nemezl\u00e1bbelik k\u00e9sz\u00edt\u00e9s\u00e9vel foglalkozom. Nagyon fontos sz\u00e1momra a tud\u00e1s \u00e1tad\u00e1sa, a hagyom\u00e1nyos technik\u00e1k meg\u0151rz\u00e9se a k\u00f6vetkez\u0151 nemzed\u00e9kek r\u00e9sz\u00e9re. Sz\u00e1momra a nemezk\u00e9sz\u00edt\u00e9s hobbik\u00e9nt indult, amelyb\u0151l kialakult az alkot\u00e1s szeretete, k\u00e9s\u0151bb az alkot\u00e1s m\u0171v\u00e9szete, m\u00e1ra pedig szenved\u00e9lyemm\u00e9 v\u00e1lt. A nemezk\u00e9sz\u00edt\u00e9s folyamatos tanul\u00e1s, a tud\u00e1s b\u0151v\u00edt\u00e9se, k\u00eds\u00e9rletez\u00e9s. A nemez, maga a lehet\u0151s\u00e9g. Csod\u00e1ja [&hellip;]<\/p>\n","protected":false},"author":1,"featured_media":0,"parent":0,"menu_order":0,"comment_status":"closed","ping_status":"closed","template":"","meta":{"site-sidebar-layout":"no-sidebar","site-content-layout":"page-builder","ast-site-content-layout":"full-width-container","site-content-style":"default","site-sidebar-style":"default","ast-global-header-display":"","ast-banner-title-visibility":"","ast-main-header-display":"","ast-hfb-above-header-display":"","ast-hfb-below-header-display":"","ast-hfb-mobile-header-display":"","site-post-title":"disabled","ast-breadcrumbs-content":"","ast-featured-img":"disabled","footer-sml-layout":"","ast-disable-related-posts":"","theme-transparent-header-meta":"","adv-header-id-meta":"","stick-header-meta":"","header-above-stick-meta":"","header-main-stick-meta":"","header-below-stick-meta":"","astra-migrate-meta-layouts":"set","ast-page-background-enabled":"default","ast-page-background-meta":{"desktop":{"background-color":"","background-image":"","background-repeat":"repeat","background-position":"center center","background-size":"auto","background-attachment":"scroll","background-type":"","background-media":"","overlay-type":"","overlay-color":"","overlay-opacity":"","overlay-gradient":""},"tablet":{"background-color":"","background-image":"","background-repeat":"repeat","background-position":"center center","background-size":"auto","background-attachment":"scroll","background-type":"","background-media":"","overlay-type":"","overlay-color":"","overlay-opacity":"","overlay-gradient":""},"mobile":{"background-color":"","background-image":"","background-repeat":"repeat","background-position":"center center","background-size":"auto","background-attachment":"scroll","background-type":"","background-media":"","overlay-type":"","overlay-color":"","overlay-opacity":"","overlay-gradient":""}},"ast-content-background-meta":{"desktop":{"background-color":"var(--ast-global-color-5)","background-image":"","background-repeat":"repeat","background-position":"center center","background-size":"auto","background-attachment":"scroll","background-type":"","background-media":"","overlay-type":"","overlay-color":"","overlay-opacity":"","overlay-gradient":""},"tablet":{"background-color":"var(--ast-global-color-5)","background-image":"","background-repeat":"repeat","background-position":"center center","background-size":"auto","background-attachment":"scroll","background-type":"","background-media":"","overlay-type":"","overlay-color":"","overlay-opacity":"","overlay-gradient":""},"mobile":{"background-color":"var(--ast-global-color-5)","background-image":"","background-repeat":"repeat","background-position":"center center","background-size":"auto","background-attachment":"scroll","background-type":"","background-media":"","overlay-type":"","overlay-color":"","overlay-opacity":"","overlay-gradient":""}},"footnotes":""},"class_list":["post-3179","page","type-page","status-publish","hentry"],"yoast_head":"<!-- This site is optimized with the Yoast SEO Premium plugin v27.3 (Yoast SEO v27.3) - https:\/\/yoast.com\/product\/yoast-seo-premium-wordpress\/ -->\n<title>R\u00f3lam -<\/title>\n<meta name=\"robots\" content=\"index, follow, max-snippet:-1, max-image-preview:large, max-video-preview:-1\" \/>\n<link rel=\"canonical\" href=\"https:\/\/tunderiportekak.hu\/en\/rolam\/\" \/>\n<meta property=\"og:locale\" content=\"en_US\" \/>\n<meta property=\"og:type\" content=\"article\" \/>\n<meta property=\"og:title\" content=\"R\u00f3lam\" \/>\n<meta property=\"og:description\" content=\"Szabolcsi M\u00f3nika vagyok, nemezk\u00e9sz\u00edt\u0151, de legkin\u00e1bb nemezl\u00e1bbelik k\u00e9sz\u00edt\u00e9s\u00e9vel foglalkozom. Nagyon fontos sz\u00e1momra a tud\u00e1s \u00e1tad\u00e1sa, a hagyom\u00e1nyos technik\u00e1k meg\u0151rz\u00e9se a k\u00f6vetkez\u0151 nemzed\u00e9kek r\u00e9sz\u00e9re. Sz\u00e1momra a nemezk\u00e9sz\u00edt\u00e9s hobbik\u00e9nt indult, amelyb\u0151l kialakult az alkot\u00e1s szeretete, k\u00e9s\u0151bb az alkot\u00e1s m\u0171v\u00e9szete, m\u00e1ra pedig szenved\u00e9lyemm\u00e9 v\u00e1lt. A nemezk\u00e9sz\u00edt\u00e9s folyamatos tanul\u00e1s, a tud\u00e1s b\u0151v\u00edt\u00e9se, k\u00eds\u00e9rletez\u00e9s. A nemez, maga a lehet\u0151s\u00e9g. Csod\u00e1ja [&hellip;]\" \/>\n<meta property=\"og:url\" content=\"https:\/\/tunderiportekak.hu\/en\/rolam\/\" \/>\n<meta property=\"article:modified_time\" content=\"2024-01-12T13:18:15+00:00\" \/>\n<meta name=\"twitter:card\" content=\"summary_large_image\" \/>\n<meta name=\"twitter:label1\" content=\"Est. reading time\" \/>\n\t<meta name=\"twitter:data1\" content=\"3 minutes\" \/>\n<script type=\"application\/ld+json\" class=\"yoast-schema-graph\">{\"@context\":\"https:\\\/\\\/schema.org\",\"@graph\":[{\"@type\":\"WebPage\",\"@id\":\"https:\\\/\\\/tunderiportekak.hu\\\/rolam\\\/\",\"url\":\"https:\\\/\\\/tunderiportekak.hu\\\/rolam\\\/\",\"name\":\"R\u00f3lam -\",\"isPartOf\":{\"@id\":\"https:\\\/\\\/tunderiportekak.hu\\\/#website\"},\"datePublished\":\"2024-01-12T12:49:15+00:00\",\"dateModified\":\"2024-01-12T13:18:15+00:00\",\"breadcrumb\":{\"@id\":\"https:\\\/\\\/tunderiportekak.hu\\\/rolam\\\/#breadcrumb\"},\"inLanguage\":\"en-US\",\"potentialAction\":[{\"@type\":\"ReadAction\",\"target\":[\"https:\\\/\\\/tunderiportekak.hu\\\/rolam\\\/\"]}]},{\"@type\":\"BreadcrumbList\",\"@id\":\"https:\\\/\\\/tunderiportekak.hu\\\/rolam\\\/#breadcrumb\",\"itemListElement\":[{\"@type\":\"ListItem\",\"position\":1,\"name\":\"Home\",\"item\":\"https:\\\/\\\/tunderiportekak.hu\\\/\"},{\"@type\":\"ListItem\",\"position\":2,\"name\":\"R\u00f3lam\"}]},{\"@type\":\"WebSite\",\"@id\":\"https:\\\/\\\/tunderiportekak.hu\\\/#website\",\"url\":\"https:\\\/\\\/tunderiportekak.hu\\\/\",\"name\":\"\",\"description\":\"Nemezcip\u0151 k\u00e9sz\u00edt\u0151 \u00e9lm\u00e9nyprogramok\",\"potentialAction\":[{\"@type\":\"SearchAction\",\"target\":{\"@type\":\"EntryPoint\",\"urlTemplate\":\"https:\\\/\\\/tunderiportekak.hu\\\/?s={search_term_string}\"},\"query-input\":{\"@type\":\"PropertyValueSpecification\",\"valueRequired\":true,\"valueName\":\"search_term_string\"}}],\"inLanguage\":\"en-US\"}]}<\/script>\n<!-- \/ Yoast SEO Premium plugin. -->","yoast_head_json":{"title":"R\u00f3lam -","robots":{"index":"index","follow":"follow","max-snippet":"max-snippet:-1","max-image-preview":"max-image-preview:large","max-video-preview":"max-video-preview:-1"},"canonical":"https:\/\/tunderiportekak.hu\/en\/rolam\/","og_locale":"en_US","og_type":"article","og_title":"R\u00f3lam","og_description":"Szabolcsi M\u00f3nika vagyok, nemezk\u00e9sz\u00edt\u0151, de legkin\u00e1bb nemezl\u00e1bbelik k\u00e9sz\u00edt\u00e9s\u00e9vel foglalkozom. Nagyon fontos sz\u00e1momra a tud\u00e1s \u00e1tad\u00e1sa, a hagyom\u00e1nyos technik\u00e1k meg\u0151rz\u00e9se a k\u00f6vetkez\u0151 nemzed\u00e9kek r\u00e9sz\u00e9re. Sz\u00e1momra a nemezk\u00e9sz\u00edt\u00e9s hobbik\u00e9nt indult, amelyb\u0151l kialakult az alkot\u00e1s szeretete, k\u00e9s\u0151bb az alkot\u00e1s m\u0171v\u00e9szete, m\u00e1ra pedig szenved\u00e9lyemm\u00e9 v\u00e1lt. A nemezk\u00e9sz\u00edt\u00e9s folyamatos tanul\u00e1s, a tud\u00e1s b\u0151v\u00edt\u00e9se, k\u00eds\u00e9rletez\u00e9s. A nemez, maga a lehet\u0151s\u00e9g. Csod\u00e1ja [&hellip;]","og_url":"https:\/\/tunderiportekak.hu\/en\/rolam\/","article_modified_time":"2024-01-12T13:18:15+00:00","twitter_card":"summary_large_image","twitter_misc":{"Est. reading time":"3 minutes"},"schema":{"@context":"https:\/\/schema.org","@graph":[{"@type":"WebPage","@id":"https:\/\/tunderiportekak.hu\/rolam\/","url":"https:\/\/tunderiportekak.hu\/rolam\/","name":"R\u00f3lam -","isPartOf":{"@id":"https:\/\/tunderiportekak.hu\/#website"},"datePublished":"2024-01-12T12:49:15+00:00","dateModified":"2024-01-12T13:18:15+00:00","breadcrumb":{"@id":"https:\/\/tunderiportekak.hu\/rolam\/#breadcrumb"},"inLanguage":"en-US","potentialAction":[{"@type":"ReadAction","target":["https:\/\/tunderiportekak.hu\/rolam\/"]}]},{"@type":"BreadcrumbList","@id":"https:\/\/tunderiportekak.hu\/rolam\/#breadcrumb","itemListElement":[{"@type":"ListItem","position":1,"name":"Home","item":"https:\/\/tunderiportekak.hu\/"},{"@type":"ListItem","position":2,"name":"R\u00f3lam"}]},{"@type":"WebSite","@id":"https:\/\/tunderiportekak.hu\/#website","url":"https:\/\/tunderiportekak.hu\/","name":"","description":"Felt shoe making programmes","potentialAction":[{"@type":"SearchAction","target":{"@type":"EntryPoint","urlTemplate":"https:\/\/tunderiportekak.hu\/?s={search_term_string}"},"query-input":{"@type":"PropertyValueSpecification","valueRequired":true,"valueName":"search_term_string"}}],"inLanguage":"en-US"}]}},"_links":{"self":[{"href":"https:\/\/tunderiportekak.hu\/en\/wp-json\/wp\/v2\/pages\/3179","targetHints":{"allow":["GET"]}}],"collection":[{"href":"https:\/\/tunderiportekak.hu\/en\/wp-json\/wp\/v2\/pages"}],"about":[{"href":"https:\/\/tunderiportekak.hu\/en\/wp-json\/wp\/v2\/types\/page"}],"author":[{"embeddable":true,"href":"https:\/\/tunderiportekak.hu\/en\/wp-json\/wp\/v2\/users\/1"}],"replies":[{"embeddable":true,"href":"https:\/\/tunderiportekak.hu\/en\/wp-json\/wp\/v2\/comments?post=3179"}],"version-history":[{"count":0,"href":"https:\/\/tunderiportekak.hu\/en\/wp-json\/wp\/v2\/pages\/3179\/revisions"}],"wp:attachment":[{"href":"https:\/\/tunderiportekak.hu\/en\/wp-json\/wp\/v2\/media?parent=3179"}],"curies":[{"name":"wp","href":"https:\/\/api.w.org\/{rel}","templated":true}]}}