{"id":3141,"date":"2024-01-11T14:41:54","date_gmt":"2024-01-11T14:41:54","guid":{"rendered":"https:\/\/shop.tunderiportekak.hu\/?page_id=3141"},"modified":"2024-05-07T12:00:49","modified_gmt":"2024-05-07T12:00:49","slug":"hogyan-vegyunk-meretet","status":"publish","type":"page","link":"https:\/\/tunderiportekak.hu\/en\/hogyan-vegyunk-meretet\/","title":{"rendered":"Hogyan vegy\u00fcnk m\u00e9retet?"},"content":{"rendered":"<div data-elementor-type=\"wp-page\" data-elementor-id=\"3141\" class=\"elementor elementor-3141\" data-elementor-post-type=\"page\">\n\t\t\t\t\t\t<section class=\"elementor-section elementor-top-section elementor-element elementor-element-446da3f0 elementor-section-boxed elementor-section-height-default elementor-section-height-default\" data-id=\"446da3f0\" data-element_type=\"section\" data-e-type=\"section\">\n\t\t\t\t\t\t<div class=\"elementor-container elementor-column-gap-wide\">\n\t\t\t\t\t<div class=\"elementor-column elementor-col-50 elementor-top-column elementor-element elementor-element-552d2924\" data-id=\"552d2924\" data-element_type=\"column\" data-e-type=\"column\">\n\t\t\t<div class=\"elementor-widget-wrap elementor-element-populated\">\n\t\t\t\t\t\t<div class=\"elementor-element elementor-element-f0a2656 elementor-cta--valign-bottom elementor-cta--skin-classic elementor-animated-content elementor-bg-transform elementor-bg-transform-zoom-in elementor-widget elementor-widget-call-to-action\" data-id=\"f0a2656\" data-element_type=\"widget\" data-e-type=\"widget\" data-widget_type=\"call-to-action.default\">\n\t\t\t\t<div class=\"elementor-widget-container\">\n\t\t\t\t\t\t\t<div class=\"elementor-cta\">\n\t\t\t\t\t<div class=\"elementor-cta__bg-wrapper\">\n\t\t\t\t<div class=\"elementor-cta__bg elementor-bg\" style=\"background-image: url(https:\/\/tunderiportekak.hu\/wp-content\/uploads\/2024\/01\/Labfej-korberajzolasa-1024x576.jpg);\" role=\"img\" aria-label=\"L\u00e1bfej k\u00f6rberajzol\u00e1sa\"><\/div>\n\t\t\t\t<div class=\"elementor-cta__bg-overlay\"><\/div>\n\t\t\t<\/div>\n\t\t\t\t\t\t\t<div class=\"elementor-cta__content\">\n\t\t\t\t\n\t\t\t\t\t\t\t\t\t<h1 class=\"elementor-cta__title elementor-cta__content-item elementor-content-item\">\n\t\t\t\t\t\tHogyan vegy\u00fcnk m\u00e9retet?\t\t\t\t\t<\/h1>\n\t\t\t\t\n\t\t\t\t\t\t\t\t\t<div class=\"elementor-cta__description elementor-cta__content-item elementor-content-item\">\n\t\t\t\t\t\tA talp kiv\u00e1laszt\u00e1s\u00e1hoz, els\u0151 l\u00e9p\u00e9sk\u00e9nt a talp hossz\u00fas\u00e1g\u00e1t kell lem\u00e9rni. Akinek k\u00e9sz\u00fcl a cip\u0151, az \u00e1lljon r\u00e1 egy A\/4-es lapra, \u00e9s egy f\u00fcgg\u0151legesen tartott ceruz\u00e1val k\u00f6rbe kell rajzolni a l\u00e1bfej\u00e9t. K\u00e9t helyen jel\u00f6lj\u00fck a talp felez\u0151pontjait, \u00e9s rajzoljuk meg a talp felez\u0151vonal\u00e1t. A l\u00e1bujjakn\u00e1l, \u00e9s a sarok cs\u00facspontj\u00e1n\u00e1l egy-egy mer\u0151legest h\u00fazzunk a talpfelez\u0151re. A k\u00e9t mer\u0151leges t\u00e1vols\u00e1ga adja a talp t\u00e9nyleges hossz\u00e1t.\t\t\t\t\t<\/div>\n\t\t\t\t\n\t\t\t\t\t\t\t<\/div>\n\t\t\t\t\t\t<\/div>\n\t\t\t\t\t\t<\/div>\n\t\t\t\t<\/div>\n\t\t\t\t\t<\/div>\n\t\t<\/div>\n\t\t\t\t<div class=\"elementor-column elementor-col-50 elementor-top-column elementor-element elementor-element-906b1f\" data-id=\"906b1f\" data-element_type=\"column\" data-e-type=\"column\">\n\t\t\t<div class=\"elementor-widget-wrap elementor-element-populated\">\n\t\t\t\t\t\t<div class=\"elementor-element elementor-element-5486b4c9 elementor-cta--valign-bottom elementor-cta--skin-classic elementor-animated-content elementor-bg-transform elementor-bg-transform-zoom-in elementor-widget elementor-widget-call-to-action\" data-id=\"5486b4c9\" data-element_type=\"widget\" data-e-type=\"widget\" data-widget_type=\"call-to-action.default\">\n\t\t\t\t<div class=\"elementor-widget-container\">\n\t\t\t\t\t\t\t<div class=\"elementor-cta\">\n\t\t\t\t\t<div class=\"elementor-cta__bg-wrapper\">\n\t\t\t\t<div class=\"elementor-cta__bg elementor-bg\" style=\"background-image: url(https:\/\/tunderiportekak.hu\/wp-content\/uploads\/2024\/01\/3.-Abra-A-talp-hossza-1.jpg);\" role=\"img\" aria-label=\"Untitled-3\"><\/div>\n\t\t\t\t<div class=\"elementor-cta__bg-overlay\"><\/div>\n\t\t\t<\/div>\n\t\t\t\t\t\t\t<div class=\"elementor-cta__content\">\n\t\t\t\t\n\t\t\t\t\n\t\t\t\t\t\t\t\t\t<div class=\"elementor-cta__description elementor-cta__content-item elementor-content-item\">\n\t\t\t\t\t\t<br><br>A kapott \u00f6sszeghez hozz\u00e1 kell adnunk 0,5-1 cm-t. Ez a gyapj\u00fa vastags\u00e1ga. A p\u00e9lda szerinti talphosszhoz, v\u00e9konyabb cip\u0151 eset\u00e9n 27 cm bels\u0151 hosszal rendelkez\u0151 talpat, vastagabb cip\u0151 eset\u00e9n pedig 27,5 cm bels\u0151 hosszal rendelkez\u0151 talpat kell v\u00e1lasztani.<br>\t\t\t\t\t<\/div>\n\t\t\t\t\n\t\t\t\t\t\t\t\t\t<div class=\"elementor-cta__button-wrapper elementor-cta__content-item elementor-content-item\">\n\t\t\t\t\t<a class=\"elementor-cta__button elementor-button elementor-size-lg\" href=\"\/en\/cipotalpak\/\">\n\t\t\t\t\t\tMegn\u00e9zem a talpakat\t\t\t\t\t<\/a>\n\t\t\t\t\t<\/div>\n\t\t\t\t\t\t\t<\/div>\n\t\t\t\t\t\t<\/div>\n\t\t\t\t\t\t<\/div>\n\t\t\t\t<\/div>\n\t\t\t\t\t<\/div>\n\t\t<\/div>\n\t\t\t\t\t<\/div>\n\t\t<\/section>\n\t\t\t\t<\/div>","protected":false},"excerpt":{"rendered":"<p>Hogyan vegy\u00fcnk m\u00e9retet? A talp kiv\u00e1laszt\u00e1s\u00e1hoz, els\u0151 l\u00e9p\u00e9sk\u00e9nt a talp hossz\u00fas\u00e1g\u00e1t kell lem\u00e9rni. Akinek k\u00e9sz\u00fcl a cip\u0151, az \u00e1lljon r\u00e1 egy A\/4-es lapra, \u00e9s egy f\u00fcgg\u0151legesen tartott ceruz\u00e1val k\u00f6rbe kell rajzolni a l\u00e1bfej\u00e9t. K\u00e9t helyen jel\u00f6lj\u00fck a talp felez\u0151pontjait, \u00e9s rajzoljuk meg a talp felez\u0151vonal\u00e1t. A l\u00e1bujjakn\u00e1l, \u00e9s a sarok cs\u00facspontj\u00e1n\u00e1l egy-egy mer\u0151legest h\u00fazzunk a [&hellip;]<\/p>\n","protected":false},"author":1,"featured_media":0,"parent":0,"menu_order":0,"comment_status":"closed","ping_status":"closed","template":"","meta":{"site-sidebar-layout":"no-sidebar","site-content-layout":"page-builder","ast-site-content-layout":"full-width-container","site-content-style":"default","site-sidebar-style":"default","ast-global-header-display":"","ast-banner-title-visibility":"","ast-main-header-display":"","ast-hfb-above-header-display":"","ast-hfb-below-header-display":"","ast-hfb-mobile-header-display":"","site-post-title":"disabled","ast-breadcrumbs-content":"","ast-featured-img":"disabled","footer-sml-layout":"","ast-disable-related-posts":"","theme-transparent-header-meta":"","adv-header-id-meta":"","stick-header-meta":"","header-above-stick-meta":"","header-main-stick-meta":"","header-below-stick-meta":"","astra-migrate-meta-layouts":"set","ast-page-background-enabled":"default","ast-page-background-meta":{"desktop":{"background-color":"","background-image":"","background-repeat":"repeat","background-position":"center center","background-size":"auto","background-attachment":"scroll","background-type":"","background-media":"","overlay-type":"","overlay-color":"","overlay-opacity":"","overlay-gradient":""},"tablet":{"background-color":"","background-image":"","background-repeat":"repeat","background-position":"center center","background-size":"auto","background-attachment":"scroll","background-type":"","background-media":"","overlay-type":"","overlay-color":"","overlay-opacity":"","overlay-gradient":""},"mobile":{"background-color":"","background-image":"","background-repeat":"repeat","background-position":"center center","background-size":"auto","background-attachment":"scroll","background-type":"","background-media":"","overlay-type":"","overlay-color":"","overlay-opacity":"","overlay-gradient":""}},"ast-content-background-meta":{"desktop":{"background-color":"var(--ast-global-color-5)","background-image":"","background-repeat":"repeat","background-position":"center center","background-size":"auto","background-attachment":"scroll","background-type":"","background-media":"","overlay-type":"","overlay-color":"","overlay-opacity":"","overlay-gradient":""},"tablet":{"background-color":"var(--ast-global-color-5)","background-image":"","background-repeat":"repeat","background-position":"center center","background-size":"auto","background-attachment":"scroll","background-type":"","background-media":"","overlay-type":"","overlay-color":"","overlay-opacity":"","overlay-gradient":""},"mobile":{"background-color":"var(--ast-global-color-5)","background-image":"","background-repeat":"repeat","background-position":"center center","background-size":"auto","background-attachment":"scroll","background-type":"","background-media":"","overlay-type":"","overlay-color":"","overlay-opacity":"","overlay-gradient":""}},"footnotes":""},"class_list":["post-3141","page","type-page","status-publish","hentry"],"yoast_head":"<!-- This site is optimized with the Yoast SEO Premium plugin v27.3 (Yoast SEO v27.3) - https:\/\/yoast.com\/product\/yoast-seo-premium-wordpress\/ -->\n<title>Hogyan vegy\u00fcnk m\u00e9retet? -<\/title>\n<meta name=\"robots\" content=\"index, follow, max-snippet:-1, max-image-preview:large, max-video-preview:-1\" \/>\n<link rel=\"canonical\" href=\"https:\/\/tunderiportekak.hu\/en\/hogyan-vegyunk-meretet\/\" \/>\n<meta property=\"og:locale\" content=\"en_US\" \/>\n<meta property=\"og:type\" content=\"article\" \/>\n<meta property=\"og:title\" content=\"Hogyan vegy\u00fcnk m\u00e9retet?\" \/>\n<meta property=\"og:description\" content=\"Hogyan vegy\u00fcnk m\u00e9retet? A talp kiv\u00e1laszt\u00e1s\u00e1hoz, els\u0151 l\u00e9p\u00e9sk\u00e9nt a talp hossz\u00fas\u00e1g\u00e1t kell lem\u00e9rni. Akinek k\u00e9sz\u00fcl a cip\u0151, az \u00e1lljon r\u00e1 egy A\/4-es lapra, \u00e9s egy f\u00fcgg\u0151legesen tartott ceruz\u00e1val k\u00f6rbe kell rajzolni a l\u00e1bfej\u00e9t. K\u00e9t helyen jel\u00f6lj\u00fck a talp felez\u0151pontjait, \u00e9s rajzoljuk meg a talp felez\u0151vonal\u00e1t. A l\u00e1bujjakn\u00e1l, \u00e9s a sarok cs\u00facspontj\u00e1n\u00e1l egy-egy mer\u0151legest h\u00fazzunk a [&hellip;]\" \/>\n<meta property=\"og:url\" content=\"https:\/\/tunderiportekak.hu\/en\/hogyan-vegyunk-meretet\/\" \/>\n<meta property=\"article:modified_time\" content=\"2024-05-07T12:00:49+00:00\" \/>\n<meta name=\"twitter:card\" content=\"summary_large_image\" \/>\n<meta name=\"twitter:label1\" content=\"Est. reading time\" \/>\n\t<meta name=\"twitter:data1\" content=\"1 minute\" \/>\n<script type=\"application\/ld+json\" class=\"yoast-schema-graph\">{\"@context\":\"https:\\\/\\\/schema.org\",\"@graph\":[{\"@type\":\"WebPage\",\"@id\":\"https:\\\/\\\/tunderiportekak.hu\\\/hogyan-vegyunk-meretet\\\/\",\"url\":\"https:\\\/\\\/tunderiportekak.hu\\\/hogyan-vegyunk-meretet\\\/\",\"name\":\"Hogyan vegy\u00fcnk m\u00e9retet? -\",\"isPartOf\":{\"@id\":\"https:\\\/\\\/tunderiportekak.hu\\\/#website\"},\"datePublished\":\"2024-01-11T14:41:54+00:00\",\"dateModified\":\"2024-05-07T12:00:49+00:00\",\"breadcrumb\":{\"@id\":\"https:\\\/\\\/tunderiportekak.hu\\\/hogyan-vegyunk-meretet\\\/#breadcrumb\"},\"inLanguage\":\"en-US\",\"potentialAction\":[{\"@type\":\"ReadAction\",\"target\":[\"https:\\\/\\\/tunderiportekak.hu\\\/hogyan-vegyunk-meretet\\\/\"]}]},{\"@type\":\"BreadcrumbList\",\"@id\":\"https:\\\/\\\/tunderiportekak.hu\\\/hogyan-vegyunk-meretet\\\/#breadcrumb\",\"itemListElement\":[{\"@type\":\"ListItem\",\"position\":1,\"name\":\"Home\",\"item\":\"https:\\\/\\\/tunderiportekak.hu\\\/\"},{\"@type\":\"ListItem\",\"position\":2,\"name\":\"Hogyan vegy\u00fcnk m\u00e9retet?\"}]},{\"@type\":\"WebSite\",\"@id\":\"https:\\\/\\\/tunderiportekak.hu\\\/#website\",\"url\":\"https:\\\/\\\/tunderiportekak.hu\\\/\",\"name\":\"\",\"description\":\"Nemezcip\u0151 k\u00e9sz\u00edt\u0151 \u00e9lm\u00e9nyprogramok\",\"potentialAction\":[{\"@type\":\"SearchAction\",\"target\":{\"@type\":\"EntryPoint\",\"urlTemplate\":\"https:\\\/\\\/tunderiportekak.hu\\\/?s={search_term_string}\"},\"query-input\":{\"@type\":\"PropertyValueSpecification\",\"valueRequired\":true,\"valueName\":\"search_term_string\"}}],\"inLanguage\":\"en-US\"}]}<\/script>\n<!-- \/ Yoast SEO Premium plugin. -->","yoast_head_json":{"title":"Hogyan vegy\u00fcnk m\u00e9retet? -","robots":{"index":"index","follow":"follow","max-snippet":"max-snippet:-1","max-image-preview":"max-image-preview:large","max-video-preview":"max-video-preview:-1"},"canonical":"https:\/\/tunderiportekak.hu\/en\/hogyan-vegyunk-meretet\/","og_locale":"en_US","og_type":"article","og_title":"Hogyan vegy\u00fcnk m\u00e9retet?","og_description":"Hogyan vegy\u00fcnk m\u00e9retet? A talp kiv\u00e1laszt\u00e1s\u00e1hoz, els\u0151 l\u00e9p\u00e9sk\u00e9nt a talp hossz\u00fas\u00e1g\u00e1t kell lem\u00e9rni. Akinek k\u00e9sz\u00fcl a cip\u0151, az \u00e1lljon r\u00e1 egy A\/4-es lapra, \u00e9s egy f\u00fcgg\u0151legesen tartott ceruz\u00e1val k\u00f6rbe kell rajzolni a l\u00e1bfej\u00e9t. K\u00e9t helyen jel\u00f6lj\u00fck a talp felez\u0151pontjait, \u00e9s rajzoljuk meg a talp felez\u0151vonal\u00e1t. A l\u00e1bujjakn\u00e1l, \u00e9s a sarok cs\u00facspontj\u00e1n\u00e1l egy-egy mer\u0151legest h\u00fazzunk a [&hellip;]","og_url":"https:\/\/tunderiportekak.hu\/en\/hogyan-vegyunk-meretet\/","article_modified_time":"2024-05-07T12:00:49+00:00","twitter_card":"summary_large_image","twitter_misc":{"Est. reading time":"1 minute"},"schema":{"@context":"https:\/\/schema.org","@graph":[{"@type":"WebPage","@id":"https:\/\/tunderiportekak.hu\/hogyan-vegyunk-meretet\/","url":"https:\/\/tunderiportekak.hu\/hogyan-vegyunk-meretet\/","name":"Hogyan vegy\u00fcnk m\u00e9retet? -","isPartOf":{"@id":"https:\/\/tunderiportekak.hu\/#website"},"datePublished":"2024-01-11T14:41:54+00:00","dateModified":"2024-05-07T12:00:49+00:00","breadcrumb":{"@id":"https:\/\/tunderiportekak.hu\/hogyan-vegyunk-meretet\/#breadcrumb"},"inLanguage":"en-US","potentialAction":[{"@type":"ReadAction","target":["https:\/\/tunderiportekak.hu\/hogyan-vegyunk-meretet\/"]}]},{"@type":"BreadcrumbList","@id":"https:\/\/tunderiportekak.hu\/hogyan-vegyunk-meretet\/#breadcrumb","itemListElement":[{"@type":"ListItem","position":1,"name":"Home","item":"https:\/\/tunderiportekak.hu\/"},{"@type":"ListItem","position":2,"name":"Hogyan vegy\u00fcnk m\u00e9retet?"}]},{"@type":"WebSite","@id":"https:\/\/tunderiportekak.hu\/#website","url":"https:\/\/tunderiportekak.hu\/","name":"","description":"Felt shoe making programmes","potentialAction":[{"@type":"SearchAction","target":{"@type":"EntryPoint","urlTemplate":"https:\/\/tunderiportekak.hu\/?s={search_term_string}"},"query-input":{"@type":"PropertyValueSpecification","valueRequired":true,"valueName":"search_term_string"}}],"inLanguage":"en-US"}]}},"_links":{"self":[{"href":"https:\/\/tunderiportekak.hu\/en\/wp-json\/wp\/v2\/pages\/3141","targetHints":{"allow":["GET"]}}],"collection":[{"href":"https:\/\/tunderiportekak.hu\/en\/wp-json\/wp\/v2\/pages"}],"about":[{"href":"https:\/\/tunderiportekak.hu\/en\/wp-json\/wp\/v2\/types\/page"}],"author":[{"embeddable":true,"href":"https:\/\/tunderiportekak.hu\/en\/wp-json\/wp\/v2\/users\/1"}],"replies":[{"embeddable":true,"href":"https:\/\/tunderiportekak.hu\/en\/wp-json\/wp\/v2\/comments?post=3141"}],"version-history":[{"count":1,"href":"https:\/\/tunderiportekak.hu\/en\/wp-json\/wp\/v2\/pages\/3141\/revisions"}],"predecessor-version":[{"id":3832,"href":"https:\/\/tunderiportekak.hu\/en\/wp-json\/wp\/v2\/pages\/3141\/revisions\/3832"}],"wp:attachment":[{"href":"https:\/\/tunderiportekak.hu\/en\/wp-json\/wp\/v2\/media?parent=3141"}],"curies":[{"name":"wp","href":"https:\/\/api.w.org\/{rel}","templated":true}]}}