{"id":2828,"date":"2024-01-09T14:06:26","date_gmt":"2024-01-09T14:06:26","guid":{"rendered":"https:\/\/shop.tunderiportekak.hu\/?page_id=2828"},"modified":"2026-02-16T08:16:28","modified_gmt":"2026-02-16T08:16:28","slug":"nemezbakancs-keszito-elmenyprogram","status":"publish","type":"page","link":"https:\/\/tunderiportekak.hu\/en\/nemezbakancs-keszito-elmenyprogram\/","title":{"rendered":"Nemezbakancs k\u00e9sz\u00edt\u0151 \u00e9lm\u00e9nyprogram"},"content":{"rendered":"<div data-elementor-type=\"wp-page\" data-elementor-id=\"2828\" class=\"elementor elementor-2828\" data-elementor-post-type=\"page\">\n\t\t\t\t\t\t<section class=\"elementor-section elementor-top-section elementor-element elementor-element-714dcd14 elementor-section-boxed elementor-section-height-default elementor-section-height-default\" data-id=\"714dcd14\" data-element_type=\"section\" data-e-type=\"section\">\n\t\t\t\t\t\t<div class=\"elementor-container elementor-column-gap-wide\">\n\t\t\t\t\t<div class=\"elementor-column elementor-col-50 elementor-top-column elementor-element elementor-element-605e5929\" data-id=\"605e5929\" data-element_type=\"column\" data-e-type=\"column\">\n\t\t\t<div class=\"elementor-widget-wrap elementor-element-populated\">\n\t\t\t\t\t\t<div class=\"elementor-element elementor-element-5d54c6a elementor-widget elementor-widget-text-editor\" data-id=\"5d54c6a\" data-element_type=\"widget\" data-e-type=\"widget\" data-widget_type=\"text-editor.default\">\n\t\t\t\t<div class=\"elementor-widget-container\">\n\t\t\t\t\t\t\t\t\t<h1><span style=\"color: #99cc00;\">NEMEZBAKANCS K\u00c9SZ\u00cdT\u0150 \u00c9LM\u00c9NYPROGRAM<\/span><\/h1><p><strong><span style=\"color: #99cc00;\">Betelt<\/span><\/strong><\/p><p>2026. augusztus 8-11. szombat-kedd, 10.00-18.00 \u00f3r\u00e1ig<\/p><p>A program d\u00edja 57.000 forint, mely az alapanyagok k\u00f6lts\u00e9g\u00e9t is tartalmazza. Semmit sem kell magaddal hozni, a m\u0171helyben minden rendelkez\u00e9sre \u00e1ll!<\/p><p>\u2013 Teljesen egyedi bakancs, amit te tervezel \u00e9s k\u00e9sz\u00edtesz el.<\/p><p>\u2013 Saj\u00e1t sablonk\u00e9sz\u00edt\u00e9s, hogy k\u00e9s\u0151bb is egyszer\u0171en elk\u00e9sz\u00edthesd.<\/p><p>\u2013 Kih\u00edv\u00e1s, alkot\u00e1s \u00e9s sok nevet\u00e9s a m\u0171helyben.<\/p><p>\u2013 Most m\u00e1r barefoot v\u00e1ltozatban is elk\u00e9sz\u00edtheted! Ha szereted a term\u00e9szetes mozg\u00e1st, \u00e9s \u00fagy j\u00e1rn\u00e1l, mintha egy puha felh\u0151n l\u00e9pkedn\u00e9l, itt a lehet\u0151s\u00e9g!<\/p><p>Ha k\u00e9szen \u00e1llsz arra, hogy saj\u00e1t l\u00e1badra szabott mesterm\u0171vet alkoss, jelentkezz most! K\u00e9sz\u00edts bakancsot \u00fagy, hogy senki m\u00e1snak ne legyen ugyanilyen \u2013 csak neked!<\/p><p>\u00a0A jelentkez\u00e9s, a r\u00e9szv\u00e9teli d\u00edj 50 %-\u00e1nak befizet\u00e9s\u00e9vel v\u00e1lik elfogadott\u00e1<\/p>\t\t\t\t\t\t\t\t<\/div>\n\t\t\t\t<\/div>\n\t\t\t\t\t<\/div>\n\t\t<\/div>\n\t\t\t\t<div class=\"elementor-column elementor-col-50 elementor-top-column elementor-element elementor-element-32e2a822\" data-id=\"32e2a822\" data-element_type=\"column\" data-e-type=\"column\">\n\t\t\t<div class=\"elementor-widget-wrap elementor-element-populated\">\n\t\t\t\t\t\t<div class=\"elementor-element elementor-element-78ec241f elementor-cta--valign-bottom elementor-cta--layout-image-above elementor-cta--skin-classic elementor-animated-content elementor-bg-transform elementor-bg-transform-zoom-in elementor-widget elementor-widget-call-to-action\" data-id=\"78ec241f\" data-element_type=\"widget\" data-e-type=\"widget\" data-widget_type=\"call-to-action.default\">\n\t\t\t\t<div class=\"elementor-widget-container\">\n\t\t\t\t\t\t\t<div class=\"elementor-cta\">\n\t\t\t\t\t<div class=\"elementor-cta__bg-wrapper\">\n\t\t\t\t<div class=\"elementor-cta__bg elementor-bg\" style=\"background-image: url(https:\/\/tunderiportekak.hu\/wp-content\/uploads\/2026\/02\/e83d538e-c225-4493-9122-cee057dc4e84-1024x946.webp);\" role=\"img\" aria-label=\"e83d538e-c225-4493-9122-cee057dc4e84\"><\/div>\n\t\t\t\t<div class=\"elementor-cta__bg-overlay\"><\/div>\n\t\t\t<\/div>\n\t\t\t\t\t\t\t<div class=\"elementor-cta__content\">\n\t\t\t\t\n\t\t\t\t\t\t\t\t\t<h1 class=\"elementor-cta__title elementor-cta__content-item elementor-content-item\">\n\t\t\t\t\t\tA gyapj\u00fa term\u00e9szetes anyag.\t\t\t\t\t<\/h1>\n\t\t\t\t\n\t\t\t\t\t\t\t\t\t<div class=\"elementor-cta__description elementor-cta__content-item elementor-content-item\">\n\t\t\t\t\t\tMelegen tart, de sosem izzad bele a l\u00e1bad.\t\t\t\t\t<\/div>\n\t\t\t\t\n\t\t\t\t\t\t\t\t\t<div class=\"elementor-cta__button-wrapper elementor-cta__content-item elementor-content-item\">\n\t\t\t\t\t<a class=\"elementor-cta__button elementor-button elementor-size-lg\" href=\"\/en\/jelentkezesilap\/\">\n\t\t\t\t\t\tJelentkezem\t\t\t\t\t<\/a>\n\t\t\t\t\t<\/div>\n\t\t\t\t\t\t\t<\/div>\n\t\t\t\t\t\t\t<div class=\"elementor-ribbon\">\n\t\t\t\t<div class=\"elementor-ribbon-inner\">\n\t\t\t\t\t4 napos\t\t\t\t<\/div>\n\t\t\t<\/div>\n\t\t\t\t<\/div>\n\t\t\t\t\t\t<\/div>\n\t\t\t\t<\/div>\n\t\t\t\t\t<\/div>\n\t\t<\/div>\n\t\t\t\t\t<\/div>\n\t\t<\/section>\n\t\t\t\t<\/div>","protected":false},"excerpt":{"rendered":"<p>NEMEZBAKANCS K\u00c9SZ\u00cdT\u0150 \u00c9LM\u00c9NYPROGRAM Betelt 2026. augusztus 8-11. szombat-kedd, 10.00-18.00 \u00f3r\u00e1ig A program d\u00edja 57.000 forint, mely az alapanyagok k\u00f6lts\u00e9g\u00e9t is tartalmazza. Semmit sem kell magaddal hozni, a m\u0171helyben minden rendelkez\u00e9sre \u00e1ll! \u2013 Teljesen egyedi bakancs, amit te tervezel \u00e9s k\u00e9sz\u00edtesz el. \u2013 Saj\u00e1t sablonk\u00e9sz\u00edt\u00e9s, hogy k\u00e9s\u0151bb is egyszer\u0171en elk\u00e9sz\u00edthesd. \u2013 Kih\u00edv\u00e1s, alkot\u00e1s \u00e9s sok nevet\u00e9s [&hellip;]<\/p>\n","protected":false},"author":1,"featured_media":0,"parent":0,"menu_order":0,"comment_status":"closed","ping_status":"closed","template":"","meta":{"site-sidebar-layout":"no-sidebar","site-content-layout":"page-builder","ast-site-content-layout":"full-width-container","site-content-style":"default","site-sidebar-style":"default","ast-global-header-display":"","ast-banner-title-visibility":"","ast-main-header-display":"","ast-hfb-above-header-display":"","ast-hfb-below-header-display":"","ast-hfb-mobile-header-display":"","site-post-title":"disabled","ast-breadcrumbs-content":"","ast-featured-img":"disabled","footer-sml-layout":"","ast-disable-related-posts":"","theme-transparent-header-meta":"","adv-header-id-meta":"","stick-header-meta":"","header-above-stick-meta":"","header-main-stick-meta":"","header-below-stick-meta":"","astra-migrate-meta-layouts":"set","ast-page-background-enabled":"default","ast-page-background-meta":{"desktop":{"background-color":"","background-image":"","background-repeat":"repeat","background-position":"center center","background-size":"auto","background-attachment":"scroll","background-type":"","background-media":"","overlay-type":"","overlay-color":"","overlay-opacity":"","overlay-gradient":""},"tablet":{"background-color":"","background-image":"","background-repeat":"repeat","background-position":"center center","background-size":"auto","background-attachment":"scroll","background-type":"","background-media":"","overlay-type":"","overlay-color":"","overlay-opacity":"","overlay-gradient":""},"mobile":{"background-color":"","background-image":"","background-repeat":"repeat","background-position":"center center","background-size":"auto","background-attachment":"scroll","background-type":"","background-media":"","overlay-type":"","overlay-color":"","overlay-opacity":"","overlay-gradient":""}},"ast-content-background-meta":{"desktop":{"background-color":"var(--ast-global-color-5)","background-image":"","background-repeat":"repeat","background-position":"center center","background-size":"auto","background-attachment":"scroll","background-type":"","background-media":"","overlay-type":"","overlay-color":"","overlay-opacity":"","overlay-gradient":""},"tablet":{"background-color":"var(--ast-global-color-5)","background-image":"","background-repeat":"repeat","background-position":"center center","background-size":"auto","background-attachment":"scroll","background-type":"","background-media":"","overlay-type":"","overlay-color":"","overlay-opacity":"","overlay-gradient":""},"mobile":{"background-color":"var(--ast-global-color-5)","background-image":"","background-repeat":"repeat","background-position":"center center","background-size":"auto","background-attachment":"scroll","background-type":"","background-media":"","overlay-type":"","overlay-color":"","overlay-opacity":"","overlay-gradient":""}},"footnotes":""},"class_list":["post-2828","page","type-page","status-publish","hentry"],"yoast_head":"<!-- This site is optimized with the Yoast SEO Premium plugin v27.3 (Yoast SEO v27.3) - https:\/\/yoast.com\/product\/yoast-seo-premium-wordpress\/ -->\n<title>Nemezbakancs k\u00e9sz\u00edt\u0151 \u00e9lm\u00e9nyprogram -<\/title>\n<meta name=\"robots\" content=\"index, follow, max-snippet:-1, max-image-preview:large, max-video-preview:-1\" \/>\n<link rel=\"canonical\" href=\"https:\/\/tunderiportekak.hu\/en\/nemezbakancs-keszito-elmenyprogram\/\" \/>\n<meta property=\"og:locale\" content=\"en_US\" \/>\n<meta property=\"og:type\" content=\"article\" \/>\n<meta property=\"og:title\" content=\"Nemezbakancs k\u00e9sz\u00edt\u0151 \u00e9lm\u00e9nyprogram\" \/>\n<meta property=\"og:description\" content=\"NEMEZBAKANCS K\u00c9SZ\u00cdT\u0150 \u00c9LM\u00c9NYPROGRAM Betelt 2026. augusztus 8-11. szombat-kedd, 10.00-18.00 \u00f3r\u00e1ig A program d\u00edja 57.000 forint, mely az alapanyagok k\u00f6lts\u00e9g\u00e9t is tartalmazza. Semmit sem kell magaddal hozni, a m\u0171helyben minden rendelkez\u00e9sre \u00e1ll! \u2013 Teljesen egyedi bakancs, amit te tervezel \u00e9s k\u00e9sz\u00edtesz el. \u2013 Saj\u00e1t sablonk\u00e9sz\u00edt\u00e9s, hogy k\u00e9s\u0151bb is egyszer\u0171en elk\u00e9sz\u00edthesd. \u2013 Kih\u00edv\u00e1s, alkot\u00e1s \u00e9s sok nevet\u00e9s [&hellip;]\" \/>\n<meta property=\"og:url\" content=\"https:\/\/tunderiportekak.hu\/en\/nemezbakancs-keszito-elmenyprogram\/\" \/>\n<meta property=\"article:modified_time\" content=\"2026-02-16T08:16:28+00:00\" \/>\n<meta name=\"twitter:card\" content=\"summary_large_image\" \/>\n<meta name=\"twitter:label1\" content=\"Est. reading time\" \/>\n\t<meta name=\"twitter:data1\" content=\"1 minute\" \/>\n<script type=\"application\/ld+json\" class=\"yoast-schema-graph\">{\"@context\":\"https:\\\/\\\/schema.org\",\"@graph\":[{\"@type\":\"WebPage\",\"@id\":\"https:\\\/\\\/tunderiportekak.hu\\\/nemezbakancs-keszito-elmenyprogram\\\/\",\"url\":\"https:\\\/\\\/tunderiportekak.hu\\\/nemezbakancs-keszito-elmenyprogram\\\/\",\"name\":\"Nemezbakancs k\u00e9sz\u00edt\u0151 \u00e9lm\u00e9nyprogram -\",\"isPartOf\":{\"@id\":\"https:\\\/\\\/tunderiportekak.hu\\\/#website\"},\"datePublished\":\"2024-01-09T14:06:26+00:00\",\"dateModified\":\"2026-02-16T08:16:28+00:00\",\"breadcrumb\":{\"@id\":\"https:\\\/\\\/tunderiportekak.hu\\\/nemezbakancs-keszito-elmenyprogram\\\/#breadcrumb\"},\"inLanguage\":\"en-US\",\"potentialAction\":[{\"@type\":\"ReadAction\",\"target\":[\"https:\\\/\\\/tunderiportekak.hu\\\/nemezbakancs-keszito-elmenyprogram\\\/\"]}]},{\"@type\":\"BreadcrumbList\",\"@id\":\"https:\\\/\\\/tunderiportekak.hu\\\/nemezbakancs-keszito-elmenyprogram\\\/#breadcrumb\",\"itemListElement\":[{\"@type\":\"ListItem\",\"position\":1,\"name\":\"Home\",\"item\":\"https:\\\/\\\/tunderiportekak.hu\\\/\"},{\"@type\":\"ListItem\",\"position\":2,\"name\":\"Nemezbakancs k\u00e9sz\u00edt\u0151 \u00e9lm\u00e9nyprogram\"}]},{\"@type\":\"WebSite\",\"@id\":\"https:\\\/\\\/tunderiportekak.hu\\\/#website\",\"url\":\"https:\\\/\\\/tunderiportekak.hu\\\/\",\"name\":\"\",\"description\":\"Nemezcip\u0151 k\u00e9sz\u00edt\u0151 \u00e9lm\u00e9nyprogramok\",\"potentialAction\":[{\"@type\":\"SearchAction\",\"target\":{\"@type\":\"EntryPoint\",\"urlTemplate\":\"https:\\\/\\\/tunderiportekak.hu\\\/?s={search_term_string}\"},\"query-input\":{\"@type\":\"PropertyValueSpecification\",\"valueRequired\":true,\"valueName\":\"search_term_string\"}}],\"inLanguage\":\"en-US\"}]}<\/script>\n<!-- \/ Yoast SEO Premium plugin. -->","yoast_head_json":{"title":"Nemezbakancs k\u00e9sz\u00edt\u0151 \u00e9lm\u00e9nyprogram -","robots":{"index":"index","follow":"follow","max-snippet":"max-snippet:-1","max-image-preview":"max-image-preview:large","max-video-preview":"max-video-preview:-1"},"canonical":"https:\/\/tunderiportekak.hu\/en\/nemezbakancs-keszito-elmenyprogram\/","og_locale":"en_US","og_type":"article","og_title":"Nemezbakancs k\u00e9sz\u00edt\u0151 \u00e9lm\u00e9nyprogram","og_description":"NEMEZBAKANCS K\u00c9SZ\u00cdT\u0150 \u00c9LM\u00c9NYPROGRAM Betelt 2026. augusztus 8-11. szombat-kedd, 10.00-18.00 \u00f3r\u00e1ig A program d\u00edja 57.000 forint, mely az alapanyagok k\u00f6lts\u00e9g\u00e9t is tartalmazza. Semmit sem kell magaddal hozni, a m\u0171helyben minden rendelkez\u00e9sre \u00e1ll! \u2013 Teljesen egyedi bakancs, amit te tervezel \u00e9s k\u00e9sz\u00edtesz el. \u2013 Saj\u00e1t sablonk\u00e9sz\u00edt\u00e9s, hogy k\u00e9s\u0151bb is egyszer\u0171en elk\u00e9sz\u00edthesd. \u2013 Kih\u00edv\u00e1s, alkot\u00e1s \u00e9s sok nevet\u00e9s [&hellip;]","og_url":"https:\/\/tunderiportekak.hu\/en\/nemezbakancs-keszito-elmenyprogram\/","article_modified_time":"2026-02-16T08:16:28+00:00","twitter_card":"summary_large_image","twitter_misc":{"Est. reading time":"1 minute"},"schema":{"@context":"https:\/\/schema.org","@graph":[{"@type":"WebPage","@id":"https:\/\/tunderiportekak.hu\/nemezbakancs-keszito-elmenyprogram\/","url":"https:\/\/tunderiportekak.hu\/nemezbakancs-keszito-elmenyprogram\/","name":"Nemezbakancs k\u00e9sz\u00edt\u0151 \u00e9lm\u00e9nyprogram -","isPartOf":{"@id":"https:\/\/tunderiportekak.hu\/#website"},"datePublished":"2024-01-09T14:06:26+00:00","dateModified":"2026-02-16T08:16:28+00:00","breadcrumb":{"@id":"https:\/\/tunderiportekak.hu\/nemezbakancs-keszito-elmenyprogram\/#breadcrumb"},"inLanguage":"en-US","potentialAction":[{"@type":"ReadAction","target":["https:\/\/tunderiportekak.hu\/nemezbakancs-keszito-elmenyprogram\/"]}]},{"@type":"BreadcrumbList","@id":"https:\/\/tunderiportekak.hu\/nemezbakancs-keszito-elmenyprogram\/#breadcrumb","itemListElement":[{"@type":"ListItem","position":1,"name":"Home","item":"https:\/\/tunderiportekak.hu\/"},{"@type":"ListItem","position":2,"name":"Nemezbakancs k\u00e9sz\u00edt\u0151 \u00e9lm\u00e9nyprogram"}]},{"@type":"WebSite","@id":"https:\/\/tunderiportekak.hu\/#website","url":"https:\/\/tunderiportekak.hu\/","name":"","description":"Felt shoe making programmes","potentialAction":[{"@type":"SearchAction","target":{"@type":"EntryPoint","urlTemplate":"https:\/\/tunderiportekak.hu\/?s={search_term_string}"},"query-input":{"@type":"PropertyValueSpecification","valueRequired":true,"valueName":"search_term_string"}}],"inLanguage":"en-US"}]}},"_links":{"self":[{"href":"https:\/\/tunderiportekak.hu\/en\/wp-json\/wp\/v2\/pages\/2828","targetHints":{"allow":["GET"]}}],"collection":[{"href":"https:\/\/tunderiportekak.hu\/en\/wp-json\/wp\/v2\/pages"}],"about":[{"href":"https:\/\/tunderiportekak.hu\/en\/wp-json\/wp\/v2\/types\/page"}],"author":[{"embeddable":true,"href":"https:\/\/tunderiportekak.hu\/en\/wp-json\/wp\/v2\/users\/1"}],"replies":[{"embeddable":true,"href":"https:\/\/tunderiportekak.hu\/en\/wp-json\/wp\/v2\/comments?post=2828"}],"version-history":[{"count":99,"href":"https:\/\/tunderiportekak.hu\/en\/wp-json\/wp\/v2\/pages\/2828\/revisions"}],"predecessor-version":[{"id":6400,"href":"https:\/\/tunderiportekak.hu\/en\/wp-json\/wp\/v2\/pages\/2828\/revisions\/6400"}],"wp:attachment":[{"href":"https:\/\/tunderiportekak.hu\/en\/wp-json\/wp\/v2\/media?parent=2828"}],"curies":[{"name":"wp","href":"https:\/\/api.w.org\/{rel}","templated":true}]}}