{"id":2816,"date":"2024-01-09T14:02:21","date_gmt":"2024-01-09T14:02:21","guid":{"rendered":"https:\/\/shop.tunderiportekak.hu\/?page_id=2816"},"modified":"2025-12-29T16:35:08","modified_gmt":"2025-12-29T16:35:08","slug":"nemezpapucs-keszito-elmenyprogram","status":"publish","type":"page","link":"https:\/\/tunderiportekak.hu\/en\/nemezpapucs-keszito-elmenyprogram\/","title":{"rendered":"Nemezpapucs k\u00e9sz\u00edt\u0151 \u00e9lm\u00e9nyprogram"},"content":{"rendered":"<div data-elementor-type=\"wp-page\" data-elementor-id=\"2816\" class=\"elementor elementor-2816\" data-elementor-post-type=\"page\">\n\t\t\t\t\t\t<section class=\"elementor-section elementor-top-section elementor-element elementor-element-39cc7a5a elementor-section-boxed elementor-section-height-default elementor-section-height-default\" data-id=\"39cc7a5a\" data-element_type=\"section\" data-e-type=\"section\">\n\t\t\t\t\t\t<div class=\"elementor-container elementor-column-gap-wide\">\n\t\t\t\t\t<div class=\"elementor-column elementor-col-50 elementor-top-column elementor-element elementor-element-76437240\" data-id=\"76437240\" data-element_type=\"column\" data-e-type=\"column\">\n\t\t\t<div class=\"elementor-widget-wrap elementor-element-populated\">\n\t\t\t\t\t\t<div class=\"elementor-element elementor-element-1574ba7c elementor-widget elementor-widget-text-editor\" data-id=\"1574ba7c\" data-element_type=\"widget\" data-e-type=\"widget\" data-widget_type=\"text-editor.default\">\n\t\t\t\t<div class=\"elementor-widget-container\">\n\t\t\t\t\t\t\t\t\t<h1><span style=\"vertical-align: inherit; color: #99cc00;\"><span style=\"vertical-align: inherit;\">NEMEZPAPUCS K\u00c9SZ\u00cdT\u0150 \u00c9LM\u00c9NYPROGRAM<\/span><\/span><\/h1>\n<p>Jelenleg nincs el\u00e9rhet\u0151 program.<\/p>\n<p><span style=\"font-style: inherit; font-weight: inherit; background-color: var(--ast-global-color-4); color: var(--ast-global-color-3); letter-spacing: 0px;\">A program d\u00edja 42.000 forint, mely az alapanyagok k\u00f6lts\u00e9g\u00e9t is tartalmazza.<\/span><\/p>\n<p><span style=\"font-style: inherit; font-weight: inherit; background-color: var(--ast-global-color-4); color: var(--ast-global-color-3); letter-spacing: 0px;\">A program els\u0151 napj\u00e1n megszerkesztj\u00fck saj\u00e1t m\u00e9reteink alapj\u00e1n a sablonunkat, kim\u00e9rj\u00fck gondosan a gyapj\u00fat, \u00e9s kialak\u00edtjuk a r\u00e9tegeket, kiv\u00e1gjuk, \u00f6sszesimogatjuk, majd form\u00e1ra gy\u00farjuk. \u00c9n a k\u00f6vetkez\u0151 napra kisz\u00e1r\u00edtom a papucsokat.<\/span><\/p>\n<p><span style=\"vertical-align: inherit;\"><span style=\"vertical-align: inherit;\">A m\u00e1sodik napon a papucsok tart\u00f3s gumitalpat kapnak, melyet felragasztunk \u00e9s fel is varrunk.<\/span><\/span><\/p>\n<p><span style=\"vertical-align: inherit;\"><span style=\"vertical-align: inherit;\">Lehet h\u00edmz\u00e9ssel, vagy t\u0171z\u00e9ssel d\u00edsz\u00edteni.<\/span><\/span><\/p>\t\t\t\t\t\t\t\t<\/div>\n\t\t\t\t<\/div>\n\t\t\t\t\t<\/div>\n\t\t<\/div>\n\t\t\t\t<div class=\"elementor-column elementor-col-50 elementor-top-column elementor-element elementor-element-4e20bf94\" data-id=\"4e20bf94\" data-element_type=\"column\" data-e-type=\"column\">\n\t\t\t<div class=\"elementor-widget-wrap elementor-element-populated\">\n\t\t\t\t\t\t<div class=\"elementor-element elementor-element-46097ce elementor-cta--valign-bottom elementor-cta--skin-classic elementor-animated-content elementor-bg-transform elementor-bg-transform-zoom-in elementor-widget elementor-widget-call-to-action\" data-id=\"46097ce\" data-element_type=\"widget\" data-e-type=\"widget\" data-widget_type=\"call-to-action.default\">\n\t\t\t\t<div class=\"elementor-widget-container\">\n\t\t\t\t\t\t\t<div class=\"elementor-cta\">\n\t\t\t\t\t<div class=\"elementor-cta__bg-wrapper\">\n\t\t\t\t<div class=\"elementor-cta__bg elementor-bg\" style=\"background-image: url(https:\/\/tunderiportekak.hu\/wp-content\/uploads\/2023\/12\/Papucs2-1024x859.jpg);\" role=\"img\" aria-label=\"Papucs2\"><\/div>\n\t\t\t\t<div class=\"elementor-cta__bg-overlay\"><\/div>\n\t\t\t<\/div>\n\t\t\t\t\t\t\t<div class=\"elementor-cta__content\">\n\t\t\t\t\n\t\t\t\t\t\t\t\t\t<h1 class=\"elementor-cta__title elementor-cta__content-item elementor-content-item\">\n\t\t\t\t\t\tA gyapj\u00fa term\u00e9szetes anyag.\t\t\t\t\t<\/h1>\n\t\t\t\t\n\t\t\t\t\t\t\t\t\t<div class=\"elementor-cta__description elementor-cta__content-item elementor-content-item\">\n\t\t\t\t\t\tMelegen tart, de sosem izzad bele a l\u00e1bad.\t\t\t\t\t<\/div>\n\t\t\t\t\n\t\t\t\t\t\t\t\t\t<div class=\"elementor-cta__button-wrapper elementor-cta__content-item elementor-content-item\">\n\t\t\t\t\t<a class=\"elementor-cta__button elementor-button elementor-size-lg\" href=\"\/en\/jelentkezesilap\/\">\n\t\t\t\t\t\tJelentkezem\t\t\t\t\t<\/a>\n\t\t\t\t\t<\/div>\n\t\t\t\t\t\t\t<\/div>\n\t\t\t\t\t\t\t<div class=\"elementor-ribbon\">\n\t\t\t\t<div class=\"elementor-ribbon-inner\">\n\t\t\t\t\t2 napos\t\t\t\t<\/div>\n\t\t\t<\/div>\n\t\t\t\t<\/div>\n\t\t\t\t\t\t<\/div>\n\t\t\t\t<\/div>\n\t\t\t\t\t<\/div>\n\t\t<\/div>\n\t\t\t\t\t<\/div>\n\t\t<\/section>\n\t\t\t\t<\/div>","protected":false},"excerpt":{"rendered":"<p>NEMEZPAPUCS K\u00c9SZ\u00cdT\u0150 \u00c9LM\u00c9NYPROGRAM Jelenleg nincs el\u00e9rhet\u0151 program. A program d\u00edja 42.000 forint, mely az alapanyagok k\u00f6lts\u00e9g\u00e9t is tartalmazza. A program els\u0151 napj\u00e1n megszerkesztj\u00fck saj\u00e1t m\u00e9reteink alapj\u00e1n a sablonunkat, kim\u00e9rj\u00fck gondosan a gyapj\u00fat, \u00e9s kialak\u00edtjuk a r\u00e9tegeket, kiv\u00e1gjuk, \u00f6sszesimogatjuk, majd form\u00e1ra gy\u00farjuk. \u00c9n a k\u00f6vetkez\u0151 napra kisz\u00e1r\u00edtom a papucsokat. A m\u00e1sodik napon a papucsok tart\u00f3s gumitalpat [&hellip;]<\/p>\n","protected":false},"author":1,"featured_media":0,"parent":0,"menu_order":0,"comment_status":"closed","ping_status":"closed","template":"","meta":{"site-sidebar-layout":"no-sidebar","site-content-layout":"page-builder","ast-site-content-layout":"full-width-container","site-content-style":"default","site-sidebar-style":"default","ast-global-header-display":"","ast-banner-title-visibility":"","ast-main-header-display":"","ast-hfb-above-header-display":"","ast-hfb-below-header-display":"","ast-hfb-mobile-header-display":"","site-post-title":"disabled","ast-breadcrumbs-content":"","ast-featured-img":"disabled","footer-sml-layout":"","ast-disable-related-posts":"","theme-transparent-header-meta":"","adv-header-id-meta":"","stick-header-meta":"","header-above-stick-meta":"","header-main-stick-meta":"","header-below-stick-meta":"","astra-migrate-meta-layouts":"set","ast-page-background-enabled":"default","ast-page-background-meta":{"desktop":{"background-color":"","background-image":"","background-repeat":"repeat","background-position":"center center","background-size":"auto","background-attachment":"scroll","background-type":"","background-media":"","overlay-type":"","overlay-color":"","overlay-opacity":"","overlay-gradient":""},"tablet":{"background-color":"","background-image":"","background-repeat":"repeat","background-position":"center center","background-size":"auto","background-attachment":"scroll","background-type":"","background-media":"","overlay-type":"","overlay-color":"","overlay-opacity":"","overlay-gradient":""},"mobile":{"background-color":"","background-image":"","background-repeat":"repeat","background-position":"center center","background-size":"auto","background-attachment":"scroll","background-type":"","background-media":"","overlay-type":"","overlay-color":"","overlay-opacity":"","overlay-gradient":""}},"ast-content-background-meta":{"desktop":{"background-color":"var(--ast-global-color-5)","background-image":"","background-repeat":"repeat","background-position":"center center","background-size":"auto","background-attachment":"scroll","background-type":"","background-media":"","overlay-type":"","overlay-color":"","overlay-opacity":"","overlay-gradient":""},"tablet":{"background-color":"var(--ast-global-color-5)","background-image":"","background-repeat":"repeat","background-position":"center center","background-size":"auto","background-attachment":"scroll","background-type":"","background-media":"","overlay-type":"","overlay-color":"","overlay-opacity":"","overlay-gradient":""},"mobile":{"background-color":"var(--ast-global-color-5)","background-image":"","background-repeat":"repeat","background-position":"center center","background-size":"auto","background-attachment":"scroll","background-type":"","background-media":"","overlay-type":"","overlay-color":"","overlay-opacity":"","overlay-gradient":""}},"footnotes":""},"class_list":["post-2816","page","type-page","status-publish","hentry"],"yoast_head":"<!-- This site is optimized with the Yoast SEO Premium plugin v27.3 (Yoast SEO v27.3) - https:\/\/yoast.com\/product\/yoast-seo-premium-wordpress\/ -->\n<title>Nemezpapucs k\u00e9sz\u00edt\u0151 \u00e9lm\u00e9nyprogram -<\/title>\n<meta name=\"robots\" content=\"index, follow, max-snippet:-1, max-image-preview:large, max-video-preview:-1\" \/>\n<link rel=\"canonical\" href=\"https:\/\/tunderiportekak.hu\/en\/nemezpapucs-keszito-elmenyprogram\/\" \/>\n<meta property=\"og:locale\" content=\"en_US\" \/>\n<meta property=\"og:type\" content=\"article\" \/>\n<meta property=\"og:title\" content=\"Nemezpapucs k\u00e9sz\u00edt\u0151 \u00e9lm\u00e9nyprogram\" \/>\n<meta property=\"og:description\" content=\"NEMEZPAPUCS K\u00c9SZ\u00cdT\u0150 \u00c9LM\u00c9NYPROGRAM Jelenleg nincs el\u00e9rhet\u0151 program. A program d\u00edja 42.000 forint, mely az alapanyagok k\u00f6lts\u00e9g\u00e9t is tartalmazza. A program els\u0151 napj\u00e1n megszerkesztj\u00fck saj\u00e1t m\u00e9reteink alapj\u00e1n a sablonunkat, kim\u00e9rj\u00fck gondosan a gyapj\u00fat, \u00e9s kialak\u00edtjuk a r\u00e9tegeket, kiv\u00e1gjuk, \u00f6sszesimogatjuk, majd form\u00e1ra gy\u00farjuk. \u00c9n a k\u00f6vetkez\u0151 napra kisz\u00e1r\u00edtom a papucsokat. A m\u00e1sodik napon a papucsok tart\u00f3s gumitalpat [&hellip;]\" \/>\n<meta property=\"og:url\" content=\"https:\/\/tunderiportekak.hu\/en\/nemezpapucs-keszito-elmenyprogram\/\" \/>\n<meta property=\"article:modified_time\" content=\"2025-12-29T16:35:08+00:00\" \/>\n<meta name=\"twitter:card\" content=\"summary_large_image\" \/>\n<meta name=\"twitter:label1\" content=\"Est. reading time\" \/>\n\t<meta name=\"twitter:data1\" content=\"1 minute\" \/>\n<script type=\"application\/ld+json\" class=\"yoast-schema-graph\">{\"@context\":\"https:\\\/\\\/schema.org\",\"@graph\":[{\"@type\":\"WebPage\",\"@id\":\"https:\\\/\\\/tunderiportekak.hu\\\/nemezpapucs-keszito-elmenyprogram\\\/\",\"url\":\"https:\\\/\\\/tunderiportekak.hu\\\/nemezpapucs-keszito-elmenyprogram\\\/\",\"name\":\"Nemezpapucs k\u00e9sz\u00edt\u0151 \u00e9lm\u00e9nyprogram -\",\"isPartOf\":{\"@id\":\"https:\\\/\\\/tunderiportekak.hu\\\/#website\"},\"datePublished\":\"2024-01-09T14:02:21+00:00\",\"dateModified\":\"2025-12-29T16:35:08+00:00\",\"breadcrumb\":{\"@id\":\"https:\\\/\\\/tunderiportekak.hu\\\/nemezpapucs-keszito-elmenyprogram\\\/#breadcrumb\"},\"inLanguage\":\"en-US\",\"potentialAction\":[{\"@type\":\"ReadAction\",\"target\":[\"https:\\\/\\\/tunderiportekak.hu\\\/nemezpapucs-keszito-elmenyprogram\\\/\"]}]},{\"@type\":\"BreadcrumbList\",\"@id\":\"https:\\\/\\\/tunderiportekak.hu\\\/nemezpapucs-keszito-elmenyprogram\\\/#breadcrumb\",\"itemListElement\":[{\"@type\":\"ListItem\",\"position\":1,\"name\":\"Home\",\"item\":\"https:\\\/\\\/tunderiportekak.hu\\\/\"},{\"@type\":\"ListItem\",\"position\":2,\"name\":\"Nemezpapucs k\u00e9sz\u00edt\u0151 \u00e9lm\u00e9nyprogram\"}]},{\"@type\":\"WebSite\",\"@id\":\"https:\\\/\\\/tunderiportekak.hu\\\/#website\",\"url\":\"https:\\\/\\\/tunderiportekak.hu\\\/\",\"name\":\"\",\"description\":\"Nemezcip\u0151 k\u00e9sz\u00edt\u0151 \u00e9lm\u00e9nyprogramok\",\"potentialAction\":[{\"@type\":\"SearchAction\",\"target\":{\"@type\":\"EntryPoint\",\"urlTemplate\":\"https:\\\/\\\/tunderiportekak.hu\\\/?s={search_term_string}\"},\"query-input\":{\"@type\":\"PropertyValueSpecification\",\"valueRequired\":true,\"valueName\":\"search_term_string\"}}],\"inLanguage\":\"en-US\"}]}<\/script>\n<!-- \/ Yoast SEO Premium plugin. -->","yoast_head_json":{"title":"Nemezpapucs k\u00e9sz\u00edt\u0151 \u00e9lm\u00e9nyprogram -","robots":{"index":"index","follow":"follow","max-snippet":"max-snippet:-1","max-image-preview":"max-image-preview:large","max-video-preview":"max-video-preview:-1"},"canonical":"https:\/\/tunderiportekak.hu\/en\/nemezpapucs-keszito-elmenyprogram\/","og_locale":"en_US","og_type":"article","og_title":"Nemezpapucs k\u00e9sz\u00edt\u0151 \u00e9lm\u00e9nyprogram","og_description":"NEMEZPAPUCS K\u00c9SZ\u00cdT\u0150 \u00c9LM\u00c9NYPROGRAM Jelenleg nincs el\u00e9rhet\u0151 program. A program d\u00edja 42.000 forint, mely az alapanyagok k\u00f6lts\u00e9g\u00e9t is tartalmazza. A program els\u0151 napj\u00e1n megszerkesztj\u00fck saj\u00e1t m\u00e9reteink alapj\u00e1n a sablonunkat, kim\u00e9rj\u00fck gondosan a gyapj\u00fat, \u00e9s kialak\u00edtjuk a r\u00e9tegeket, kiv\u00e1gjuk, \u00f6sszesimogatjuk, majd form\u00e1ra gy\u00farjuk. \u00c9n a k\u00f6vetkez\u0151 napra kisz\u00e1r\u00edtom a papucsokat. A m\u00e1sodik napon a papucsok tart\u00f3s gumitalpat [&hellip;]","og_url":"https:\/\/tunderiportekak.hu\/en\/nemezpapucs-keszito-elmenyprogram\/","article_modified_time":"2025-12-29T16:35:08+00:00","twitter_card":"summary_large_image","twitter_misc":{"Est. reading time":"1 minute"},"schema":{"@context":"https:\/\/schema.org","@graph":[{"@type":"WebPage","@id":"https:\/\/tunderiportekak.hu\/nemezpapucs-keszito-elmenyprogram\/","url":"https:\/\/tunderiportekak.hu\/nemezpapucs-keszito-elmenyprogram\/","name":"Nemezpapucs k\u00e9sz\u00edt\u0151 \u00e9lm\u00e9nyprogram -","isPartOf":{"@id":"https:\/\/tunderiportekak.hu\/#website"},"datePublished":"2024-01-09T14:02:21+00:00","dateModified":"2025-12-29T16:35:08+00:00","breadcrumb":{"@id":"https:\/\/tunderiportekak.hu\/nemezpapucs-keszito-elmenyprogram\/#breadcrumb"},"inLanguage":"en-US","potentialAction":[{"@type":"ReadAction","target":["https:\/\/tunderiportekak.hu\/nemezpapucs-keszito-elmenyprogram\/"]}]},{"@type":"BreadcrumbList","@id":"https:\/\/tunderiportekak.hu\/nemezpapucs-keszito-elmenyprogram\/#breadcrumb","itemListElement":[{"@type":"ListItem","position":1,"name":"Home","item":"https:\/\/tunderiportekak.hu\/"},{"@type":"ListItem","position":2,"name":"Nemezpapucs k\u00e9sz\u00edt\u0151 \u00e9lm\u00e9nyprogram"}]},{"@type":"WebSite","@id":"https:\/\/tunderiportekak.hu\/#website","url":"https:\/\/tunderiportekak.hu\/","name":"","description":"Felt shoe making programmes","potentialAction":[{"@type":"SearchAction","target":{"@type":"EntryPoint","urlTemplate":"https:\/\/tunderiportekak.hu\/?s={search_term_string}"},"query-input":{"@type":"PropertyValueSpecification","valueRequired":true,"valueName":"search_term_string"}}],"inLanguage":"en-US"}]}},"_links":{"self":[{"href":"https:\/\/tunderiportekak.hu\/en\/wp-json\/wp\/v2\/pages\/2816","targetHints":{"allow":["GET"]}}],"collection":[{"href":"https:\/\/tunderiportekak.hu\/en\/wp-json\/wp\/v2\/pages"}],"about":[{"href":"https:\/\/tunderiportekak.hu\/en\/wp-json\/wp\/v2\/types\/page"}],"author":[{"embeddable":true,"href":"https:\/\/tunderiportekak.hu\/en\/wp-json\/wp\/v2\/users\/1"}],"replies":[{"embeddable":true,"href":"https:\/\/tunderiportekak.hu\/en\/wp-json\/wp\/v2\/comments?post=2816"}],"version-history":[{"count":49,"href":"https:\/\/tunderiportekak.hu\/en\/wp-json\/wp\/v2\/pages\/2816\/revisions"}],"predecessor-version":[{"id":6204,"href":"https:\/\/tunderiportekak.hu\/en\/wp-json\/wp\/v2\/pages\/2816\/revisions\/6204"}],"wp:attachment":[{"href":"https:\/\/tunderiportekak.hu\/en\/wp-json\/wp\/v2\/media?parent=2816"}],"curies":[{"name":"wp","href":"https:\/\/api.w.org\/{rel}","templated":true}]}}