{"id":2255,"date":"2023-10-10T14:56:07","date_gmt":"2023-10-10T14:56:07","guid":{"rendered":"https:\/\/shop.tunderiportekak.hu\/?post_type=product&#038;p=2255"},"modified":"2026-03-25T16:10:12","modified_gmt":"2026-03-25T15:10:12","slug":"epitett-talpu-nemezcipo-keszito-oktatoanyag","status":"publish","type":"product","link":"https:\/\/tunderiportekak.hu\/de\/produkt\/epitett-talpu-nemezcipo-keszito-oktatoanyag\/","title":{"rendered":"\u00c9p\u00edtett talp\u00fa nemezcip\u0151-k\u00e9sz\u00edt\u0151 oktat\u00f3anyag"},"content":{"rendered":"<p>Ha szeretn\u00e9d megtanulni, hogy hogyan k\u00e9sz\u00fcl az \u00e9p\u00edtett talp\u00fa nemezcip\u0151, akkor tarts velem. A filmben szerepel minden alapanyag \u00e9s eszk\u00f6z, amire sz\u00fcks\u00e9ged lehet. A sablonszerkeszt\u00e9ssel kezdem, majd a gyapj\u00fa kim\u00e9r\u00e9s\u00e9n \u00e1t, bemutatom, hogyan tudsz teljesen egyforma r\u00e9tegeket kialak\u00edtani. L\u00e9p\u00e9sr\u0151l-l\u00e9p\u00e9sre megmutatom, hogy a hatalmas sablonra r\u00e1simogatott gyapj\u00fab\u00f3l, hogyan lesz kecses, k\u00e9nyelmes cipell\u0151. A nemezel\u00e9s ut\u00e1n a talp fel\u00e9p\u00edt\u00e9se k\u00f6vetkezik. Ragasztunk, varrunk \u00e9s csiszolunk. s amikor m\u00e1r elk\u00e9sz\u00edtett\u00fck a cip\u0151 form\u00e1j\u00e1t, kezd\u0151dhet a d\u00edsz\u00edt\u00e9s. Szeretettel aj\u00e1nlom figyelmetekbe ezt a csaknem 5 \u00f3ra hossz\u00fa oktat\u00f3anyagot, mely l\u00e9p\u00e9sr\u0151l-l\u00e9p\u00e9sre halad a k\u00fcl\u00f6nb\u00f6z\u0151 munkaf\u00e1zisok bemutat\u00e1s\u00e1val. Ha felkeltettem az \u00e9rdekl\u0151d\u00e9sedet, n\u00e9zd v\u00e9gig az <span style=\"color: #00ccff;\"><a style=\"color: #00ccff;\" href=\"https:\/\/www.youtube.com\/watch?v=OeSgvyvZm3g&amp;ab_channel=T%C3%BCnd%C3%A9riPort%C3%A9k%C3%A1k\">aj\u00e1nl\u00f3 kisfilmet<\/a>.<\/span><\/p>","protected":false},"excerpt":{"rendered":"<p class=\"ai-optimize-19\">Bemutatom l\u00e9p\u00e9sr\u0151l-l\u00e9p\u00e9sre, hogyan tudsz elk\u00e9sz\u00edteni egy \u00e9p\u00edtett talp\u00fa nemezcip\u0151t.<\/p>\n<p class=\"ai-optimize-20\">Ha m\u00e9g nem tudod, hogy mi mindenre van sz\u00fcks\u00e9ged egy nemezcip\u0151 elk\u00e9sz\u00edt\u00e9s\u00e9hez, keress bizalommal, vagy v\u00e1laszd ki a megfelel\u0151 alkot\u00f3dobozt a webshopban.<\/p>\n<p class=\"ai-optimize-21\"><span style=\"color: #00ccff;\"><a style=\"color: #00ccff;\" href=\"https:\/\/www.youtube.com\/watch?v=OeSgvyvZm3g&amp;t=1s&amp;ab_channel=T%C3%BCnd%C3%A9riPort%C3%A9k%C3%A1k\" target=\"_blank\" rel=\"noopener\">Aj\u00e1nl\u00f3<\/a><\/span><\/p>","protected":false},"featured_media":2257,"template":"","meta":{"site-sidebar-layout":"default","site-content-layout":"","ast-site-content-layout":"default","site-content-style":"default","site-sidebar-style":"default","ast-global-header-display":"","ast-banner-title-visibility":"","ast-main-header-display":"","ast-hfb-above-header-display":"","ast-hfb-below-header-display":"","ast-hfb-mobile-header-display":"","site-post-title":"","ast-breadcrumbs-content":"","ast-featured-img":"","footer-sml-layout":"","ast-disable-related-posts":"","theme-transparent-header-meta":"default","adv-header-id-meta":"","stick-header-meta":"","header-above-stick-meta":"","header-main-stick-meta":"","header-below-stick-meta":"","astra-migrate-meta-layouts":"set","ast-page-background-enabled":"default","ast-page-background-meta":{"desktop":{"background-color":"","background-image":"","background-repeat":"repeat","background-position":"center center","background-size":"auto","background-attachment":"scroll","background-type":"","background-media":"","overlay-type":"","overlay-color":"","overlay-opacity":"","overlay-gradient":""},"tablet":{"background-color":"","background-image":"","background-repeat":"repeat","background-position":"center center","background-size":"auto","background-attachment":"scroll","background-type":"","background-media":"","overlay-type":"","overlay-color":"","overlay-opacity":"","overlay-gradient":""},"mobile":{"background-color":"","background-image":"","background-repeat":"repeat","background-position":"center center","background-size":"auto","background-attachment":"scroll","background-type":"","background-media":"","overlay-type":"","overlay-color":"","overlay-opacity":"","overlay-gradient":""}},"ast-content-background-meta":{"desktop":{"background-color":"var(--ast-global-color-5)","background-image":"","background-repeat":"repeat","background-position":"center center","background-size":"auto","background-attachment":"scroll","background-type":"","background-media":"","overlay-type":"","overlay-color":"","overlay-opacity":"","overlay-gradient":""},"tablet":{"background-color":"var(--ast-global-color-5)","background-image":"","background-repeat":"repeat","background-position":"center center","background-size":"auto","background-attachment":"scroll","background-type":"","background-media":"","overlay-type":"","overlay-color":"","overlay-opacity":"","overlay-gradient":""},"mobile":{"background-color":"var(--ast-global-color-5)","background-image":"","background-repeat":"repeat","background-position":"center center","background-size":"auto","background-attachment":"scroll","background-type":"","background-media":"","overlay-type":"","overlay-color":"","overlay-opacity":"","overlay-gradient":""}}},"product_brand":[],"product_cat":[35],"product_tag":[46],"class_list":{"0":"post-2255","1":"product","2":"type-product","3":"status-publish","4":"has-post-thumbnail","6":"product_cat-oktatoanyagok","7":"product_tag-oktatoanyagok","8":"desktop-align-left","9":"tablet-align-left","10":"mobile-align-left","12":"first","13":"instock","14":"virtual","15":"taxable","16":"purchasable","17":"product-type-simple"},"yoast_head":"<!-- This site is optimized with the Yoast SEO Premium plugin v27.3 (Yoast SEO v27.3) - https:\/\/yoast.com\/product\/yoast-seo-premium-wordpress\/ -->\n<title>\u00c9p\u00edtett talp\u00fa nemezcip\u0151-k\u00e9sz\u00edt\u0151 oktat\u00f3anyag -<\/title>\n<meta name=\"robots\" content=\"index, follow, max-snippet:-1, max-image-preview:large, max-video-preview:-1\" \/>\n<link rel=\"canonical\" href=\"https:\/\/tunderiportekak.hu\/de\/produkt\/epitett-talpu-nemezcipo-keszito-oktatoanyag\/\" \/>\n<meta property=\"og:locale\" content=\"de_DE\" \/>\n<meta property=\"og:type\" content=\"article\" \/>\n<meta property=\"og:title\" content=\"\u00c9p\u00edtett talp\u00fa nemezcip\u0151-k\u00e9sz\u00edt\u0151 oktat\u00f3anyag\" \/>\n<meta property=\"og:description\" content=\"Bemutatom l\u00e9p\u00e9sr\u0151l-l\u00e9p\u00e9sre, hogyan tudsz elk\u00e9sz\u00edteni egy \u00e9p\u00edtett talp\u00fa nemezcip\u0151t. Ha m\u00e9g nem tudod, hogy mi mindenre van sz\u00fcks\u00e9ged egy nemezcip\u0151 elk\u00e9sz\u00edt\u00e9s\u00e9hez, keress bizalommal, vagy v\u00e1laszd ki a megfelel\u0151 alkot\u00f3dobozt a webshopban. Aj\u00e1nl\u00f3\" \/>\n<meta property=\"og:url\" content=\"https:\/\/tunderiportekak.hu\/de\/produkt\/epitett-talpu-nemezcipo-keszito-oktatoanyag\/\" \/>\n<meta property=\"article:modified_time\" content=\"2026-03-25T15:10:12+00:00\" \/>\n<meta property=\"og:image\" content=\"https:\/\/tunderiportekak.hu\/wp-content\/uploads\/2023\/10\/20200510_092735-scaled.jpg\" \/>\n\t<meta property=\"og:image:width\" content=\"2560\" \/>\n\t<meta property=\"og:image:height\" content=\"1920\" \/>\n\t<meta property=\"og:image:type\" content=\"image\/jpeg\" \/>\n<meta name=\"twitter:card\" content=\"summary_large_image\" \/>\n<meta name=\"twitter:label1\" content=\"Gesch\u00e4tzte Lesezeit\" \/>\n\t<meta name=\"twitter:data1\" content=\"1\u00a0Minute\" \/>\n<script type=\"application\/ld+json\" class=\"yoast-schema-graph\">{\"@context\":\"https:\\\/\\\/schema.org\",\"@graph\":[{\"@type\":\"WebPage\",\"@id\":\"https:\\\/\\\/tunderiportekak.hu\\\/termek\\\/epitett-talpu-nemezcipo-keszito-oktatoanyag\\\/\",\"url\":\"https:\\\/\\\/tunderiportekak.hu\\\/termek\\\/epitett-talpu-nemezcipo-keszito-oktatoanyag\\\/\",\"name\":\"\u00c9p\u00edtett talp\u00fa nemezcip\u0151-k\u00e9sz\u00edt\u0151 oktat\u00f3anyag -\",\"isPartOf\":{\"@id\":\"https:\\\/\\\/tunderiportekak.hu\\\/#website\"},\"primaryImageOfPage\":{\"@id\":\"https:\\\/\\\/tunderiportekak.hu\\\/termek\\\/epitett-talpu-nemezcipo-keszito-oktatoanyag\\\/#primaryimage\"},\"image\":{\"@id\":\"https:\\\/\\\/tunderiportekak.hu\\\/termek\\\/epitett-talpu-nemezcipo-keszito-oktatoanyag\\\/#primaryimage\"},\"thumbnailUrl\":\"https:\\\/\\\/tunderiportekak.hu\\\/wp-content\\\/uploads\\\/2023\\\/10\\\/20200510_092735-scaled.jpg\",\"datePublished\":\"2023-10-10T14:56:07+00:00\",\"dateModified\":\"2026-03-25T15:10:12+00:00\",\"breadcrumb\":{\"@id\":\"https:\\\/\\\/tunderiportekak.hu\\\/termek\\\/epitett-talpu-nemezcipo-keszito-oktatoanyag\\\/#breadcrumb\"},\"inLanguage\":\"de\",\"potentialAction\":[{\"@type\":\"ReadAction\",\"target\":[\"https:\\\/\\\/tunderiportekak.hu\\\/termek\\\/epitett-talpu-nemezcipo-keszito-oktatoanyag\\\/\"]}]},{\"@type\":\"ImageObject\",\"inLanguage\":\"de\",\"@id\":\"https:\\\/\\\/tunderiportekak.hu\\\/termek\\\/epitett-talpu-nemezcipo-keszito-oktatoanyag\\\/#primaryimage\",\"url\":\"https:\\\/\\\/tunderiportekak.hu\\\/wp-content\\\/uploads\\\/2023\\\/10\\\/20200510_092735-scaled.jpg\",\"contentUrl\":\"https:\\\/\\\/tunderiportekak.hu\\\/wp-content\\\/uploads\\\/2023\\\/10\\\/20200510_092735-scaled.jpg\",\"width\":2560,\"height\":1920},{\"@type\":\"BreadcrumbList\",\"@id\":\"https:\\\/\\\/tunderiportekak.hu\\\/termek\\\/epitett-talpu-nemezcipo-keszito-oktatoanyag\\\/#breadcrumb\",\"itemListElement\":[{\"@type\":\"ListItem\",\"position\":1,\"name\":\"Home\",\"item\":\"https:\\\/\\\/tunderiportekak.hu\\\/\"},{\"@type\":\"ListItem\",\"position\":2,\"name\":\"Bolt\",\"item\":\"https:\\\/\\\/tunderiportekak.hu\\\/bolt\\\/\"},{\"@type\":\"ListItem\",\"position\":3,\"name\":\"\u00c9p\u00edtett talp\u00fa nemezcip\u0151-k\u00e9sz\u00edt\u0151 oktat\u00f3anyag\"}]},{\"@type\":\"WebSite\",\"@id\":\"https:\\\/\\\/tunderiportekak.hu\\\/#website\",\"url\":\"https:\\\/\\\/tunderiportekak.hu\\\/\",\"name\":\"\",\"description\":\"Nemezcip\u0151 k\u00e9sz\u00edt\u0151 \u00e9lm\u00e9nyprogramok\",\"potentialAction\":[{\"@type\":\"SearchAction\",\"target\":{\"@type\":\"EntryPoint\",\"urlTemplate\":\"https:\\\/\\\/tunderiportekak.hu\\\/?s={search_term_string}\"},\"query-input\":{\"@type\":\"PropertyValueSpecification\",\"valueRequired\":true,\"valueName\":\"search_term_string\"}}],\"inLanguage\":\"de\"}]}<\/script>\n<!-- \/ Yoast SEO Premium plugin. -->","yoast_head_json":{"title":"\u00c9p\u00edtett talp\u00fa nemezcip\u0151-k\u00e9sz\u00edt\u0151 oktat\u00f3anyag -","robots":{"index":"index","follow":"follow","max-snippet":"max-snippet:-1","max-image-preview":"max-image-preview:large","max-video-preview":"max-video-preview:-1"},"canonical":"https:\/\/tunderiportekak.hu\/de\/produkt\/epitett-talpu-nemezcipo-keszito-oktatoanyag\/","og_locale":"de_DE","og_type":"article","og_title":"\u00c9p\u00edtett talp\u00fa nemezcip\u0151-k\u00e9sz\u00edt\u0151 oktat\u00f3anyag","og_description":"Bemutatom l\u00e9p\u00e9sr\u0151l-l\u00e9p\u00e9sre, hogyan tudsz elk\u00e9sz\u00edteni egy \u00e9p\u00edtett talp\u00fa nemezcip\u0151t. Ha m\u00e9g nem tudod, hogy mi mindenre van sz\u00fcks\u00e9ged egy nemezcip\u0151 elk\u00e9sz\u00edt\u00e9s\u00e9hez, keress bizalommal, vagy v\u00e1laszd ki a megfelel\u0151 alkot\u00f3dobozt a webshopban. Aj\u00e1nl\u00f3","og_url":"https:\/\/tunderiportekak.hu\/de\/produkt\/epitett-talpu-nemezcipo-keszito-oktatoanyag\/","article_modified_time":"2026-03-25T15:10:12+00:00","og_image":[{"width":2560,"height":1920,"url":"https:\/\/tunderiportekak.hu\/wp-content\/uploads\/2023\/10\/20200510_092735-scaled.jpg","type":"image\/jpeg"}],"twitter_card":"summary_large_image","twitter_misc":{"Gesch\u00e4tzte Lesezeit":"1\u00a0Minute"},"schema":{"@context":"https:\/\/schema.org","@graph":[{"@type":"WebPage","@id":"https:\/\/tunderiportekak.hu\/termek\/epitett-talpu-nemezcipo-keszito-oktatoanyag\/","url":"https:\/\/tunderiportekak.hu\/termek\/epitett-talpu-nemezcipo-keszito-oktatoanyag\/","name":"\u00c9p\u00edtett talp\u00fa nemezcip\u0151-k\u00e9sz\u00edt\u0151 oktat\u00f3anyag -","isPartOf":{"@id":"https:\/\/tunderiportekak.hu\/#website"},"primaryImageOfPage":{"@id":"https:\/\/tunderiportekak.hu\/termek\/epitett-talpu-nemezcipo-keszito-oktatoanyag\/#primaryimage"},"image":{"@id":"https:\/\/tunderiportekak.hu\/termek\/epitett-talpu-nemezcipo-keszito-oktatoanyag\/#primaryimage"},"thumbnailUrl":"https:\/\/tunderiportekak.hu\/wp-content\/uploads\/2023\/10\/20200510_092735-scaled.jpg","datePublished":"2023-10-10T14:56:07+00:00","dateModified":"2026-03-25T15:10:12+00:00","breadcrumb":{"@id":"https:\/\/tunderiportekak.hu\/termek\/epitett-talpu-nemezcipo-keszito-oktatoanyag\/#breadcrumb"},"inLanguage":"de","potentialAction":[{"@type":"ReadAction","target":["https:\/\/tunderiportekak.hu\/termek\/epitett-talpu-nemezcipo-keszito-oktatoanyag\/"]}]},{"@type":"ImageObject","inLanguage":"de","@id":"https:\/\/tunderiportekak.hu\/termek\/epitett-talpu-nemezcipo-keszito-oktatoanyag\/#primaryimage","url":"https:\/\/tunderiportekak.hu\/wp-content\/uploads\/2023\/10\/20200510_092735-scaled.jpg","contentUrl":"https:\/\/tunderiportekak.hu\/wp-content\/uploads\/2023\/10\/20200510_092735-scaled.jpg","width":2560,"height":1920},{"@type":"BreadcrumbList","@id":"https:\/\/tunderiportekak.hu\/termek\/epitett-talpu-nemezcipo-keszito-oktatoanyag\/#breadcrumb","itemListElement":[{"@type":"ListItem","position":1,"name":"Home","item":"https:\/\/tunderiportekak.hu\/"},{"@type":"ListItem","position":2,"name":"Bolt","item":"https:\/\/tunderiportekak.hu\/bolt\/"},{"@type":"ListItem","position":3,"name":"\u00c9p\u00edtett talp\u00fa nemezcip\u0151-k\u00e9sz\u00edt\u0151 oktat\u00f3anyag"}]},{"@type":"WebSite","@id":"https:\/\/tunderiportekak.hu\/#website","url":"https:\/\/tunderiportekak.hu\/","name":"","description":"Erlebnisprogramme Filzschuhherstellung","potentialAction":[{"@type":"SearchAction","target":{"@type":"EntryPoint","urlTemplate":"https:\/\/tunderiportekak.hu\/?s={search_term_string}"},"query-input":{"@type":"PropertyValueSpecification","valueRequired":true,"valueName":"search_term_string"}}],"inLanguage":"de"}]}},"_links":{"self":[{"href":"https:\/\/tunderiportekak.hu\/de\/wp-json\/wp\/v2\/product\/2255","targetHints":{"allow":["GET"]}}],"collection":[{"href":"https:\/\/tunderiportekak.hu\/de\/wp-json\/wp\/v2\/product"}],"about":[{"href":"https:\/\/tunderiportekak.hu\/de\/wp-json\/wp\/v2\/types\/product"}],"wp:featuredmedia":[{"embeddable":true,"href":"https:\/\/tunderiportekak.hu\/de\/wp-json\/wp\/v2\/media\/2257"}],"wp:attachment":[{"href":"https:\/\/tunderiportekak.hu\/de\/wp-json\/wp\/v2\/media?parent=2255"}],"wp:term":[{"taxonomy":"product_brand","embeddable":true,"href":"https:\/\/tunderiportekak.hu\/de\/wp-json\/wp\/v2\/product_brand?post=2255"},{"taxonomy":"product_cat","embeddable":true,"href":"https:\/\/tunderiportekak.hu\/de\/wp-json\/wp\/v2\/product_cat?post=2255"},{"taxonomy":"product_tag","embeddable":true,"href":"https:\/\/tunderiportekak.hu\/de\/wp-json\/wp\/v2\/product_tag?post=2255"}],"curies":[{"name":"wp","href":"https:\/\/api.w.org\/{rel}","templated":true}]}}