{"id":6653,"date":"2026-04-29T16:46:11","date_gmt":"2026-04-29T14:46:11","guid":{"rendered":"https:\/\/tunderiportekak.hu\/?page_id=6653"},"modified":"2026-04-29T17:43:23","modified_gmt":"2026-04-29T15:43:23","slug":"jelentkezesi-lap-szatmarnemeti","status":"publish","type":"page","link":"https:\/\/tunderiportekak.hu\/de\/jelentkezesi-lap-szatmarnemeti\/","title":{"rendered":"Jelentkez\u00e9si lap, Szatm\u00e1rn\u00e9meti"},"content":{"rendered":"\t\t<div data-elementor-type=\"wp-page\" data-elementor-id=\"6653\" class=\"elementor elementor-6653\" data-elementor-post-type=\"page\">\n\t\t\t\t\t\t<section class=\"elementor-section elementor-top-section elementor-element elementor-element-761d70c3 elementor-section-boxed elementor-section-height-default elementor-section-height-default\" data-id=\"761d70c3\" data-element_type=\"section\" data-e-type=\"section\">\n\t\t\t\t\t\t<div class=\"elementor-container elementor-column-gap-default\">\n\t\t\t\t\t<div class=\"elementor-column elementor-col-100 elementor-top-column elementor-element elementor-element-379ae215\" data-id=\"379ae215\" data-element_type=\"column\" data-e-type=\"column\">\n\t\t\t<div class=\"elementor-widget-wrap elementor-element-populated\">\n\t\t\t\t\t\t<div class=\"elementor-element elementor-element-274ebabd elementor-widget elementor-widget-text-editor\" data-id=\"274ebabd\" data-element_type=\"widget\" data-e-type=\"widget\" data-widget_type=\"text-editor.default\">\n\t\t\t\t<div class=\"elementor-widget-container\">\n\t\t\t\t\t\t\t\t\t<h2 style=\"text-align: center;\">Itt tudsz jelentkezni \ud83d\ude42<\/h2>\t\t\t\t\t\t\t\t<\/div>\n\t\t\t\t<\/div>\n\t\t\t\t<div class=\"elementor-element elementor-element-77e41ffb elementor-widget elementor-widget-gallery\" data-id=\"77e41ffb\" data-element_type=\"widget\" data-e-type=\"widget\" data-settings=\"{&quot;gallery_layout&quot;:&quot;justified&quot;,&quot;gap&quot;:{&quot;unit&quot;:&quot;px&quot;,&quot;size&quot;:4,&quot;sizes&quot;:[]},&quot;lazyload&quot;:&quot;yes&quot;,&quot;ideal_row_height&quot;:{&quot;unit&quot;:&quot;px&quot;,&quot;size&quot;:200,&quot;sizes&quot;:[]},&quot;ideal_row_height_tablet&quot;:{&quot;unit&quot;:&quot;px&quot;,&quot;size&quot;:150,&quot;sizes&quot;:[]},&quot;ideal_row_height_mobile&quot;:{&quot;unit&quot;:&quot;px&quot;,&quot;size&quot;:150,&quot;sizes&quot;:[]},&quot;gap_tablet&quot;:{&quot;unit&quot;:&quot;px&quot;,&quot;size&quot;:10,&quot;sizes&quot;:[]},&quot;gap_mobile&quot;:{&quot;unit&quot;:&quot;px&quot;,&quot;size&quot;:10,&quot;sizes&quot;:[]},&quot;link_to&quot;:&quot;file&quot;,&quot;overlay_background&quot;:&quot;yes&quot;,&quot;content_hover_animation&quot;:&quot;fade-in&quot;}\" data-widget_type=\"gallery.default\">\n\t\t\t\t<div class=\"elementor-widget-container\">\n\t\t\t\t\t\t\t<div class=\"elementor-gallery__container\">\n\t\t\t\t\t\t\t<a class=\"e-gallery-item elementor-gallery-item elementor-animated-content\" href=\"https:\/\/tunderiportekak.hu\/wp-content\/uploads\/2023\/09\/IMG_0001_2.webp\" data-elementor-open-lightbox=\"yes\" data-elementor-lightbox-slideshow=\"77e41ffb\" data-elementor-lightbox-title=\"IMG_0001_2\" data-e-action-hash=\"#elementor-action%3Aaction%3Dlightbox%26settings%3DeyJpZCI6MTg5MCwidXJsIjoiaHR0cHM6XC9cL3R1bmRlcmlwb3J0ZWthay5odVwvd3AtY29udGVudFwvdXBsb2Fkc1wvMjAyM1wvMDlcL0lNR18wMDAxXzIud2VicCIsInNsaWRlc2hvdyI6Ijc3ZTQxZmZiIn0%3D\">\n\t\t\t\t\t<div class=\"e-gallery-image elementor-gallery-item__image\" data-thumbnail=\"https:\/\/tunderiportekak.hu\/wp-content\/uploads\/2023\/09\/IMG_0001_2-300x300.webp\" data-width=\"300\" data-height=\"300\" aria-label=\"\" role=\"img\" ><\/div>\n\t\t\t\t\t\t\t\t\t\t\t<div class=\"elementor-gallery-item__overlay\"><\/div>\n\t\t\t\t\t\t\t\t\t\t\t\t\t\t<\/a>\n\t\t\t\t\t\t\t<a class=\"e-gallery-item elementor-gallery-item elementor-animated-content\" href=\"https:\/\/tunderiportekak.hu\/wp-content\/uploads\/2023\/09\/IMG_0009_2.webp\" data-elementor-open-lightbox=\"yes\" data-elementor-lightbox-slideshow=\"77e41ffb\" data-elementor-lightbox-title=\"IMG_0009_2\" data-e-action-hash=\"#elementor-action%3Aaction%3Dlightbox%26settings%3DeyJpZCI6MTkwMSwidXJsIjoiaHR0cHM6XC9cL3R1bmRlcmlwb3J0ZWthay5odVwvd3AtY29udGVudFwvdXBsb2Fkc1wvMjAyM1wvMDlcL0lNR18wMDA5XzIud2VicCIsInNsaWRlc2hvdyI6Ijc3ZTQxZmZiIn0%3D\">\n\t\t\t\t\t<div class=\"e-gallery-image elementor-gallery-item__image\" data-thumbnail=\"https:\/\/tunderiportekak.hu\/wp-content\/uploads\/2023\/09\/IMG_0009_2-300x300.webp\" data-width=\"300\" data-height=\"300\" aria-label=\"\" role=\"img\" ><\/div>\n\t\t\t\t\t\t\t\t\t\t\t<div class=\"elementor-gallery-item__overlay\"><\/div>\n\t\t\t\t\t\t\t\t\t\t\t\t\t\t<\/a>\n\t\t\t\t\t\t\t<a class=\"e-gallery-item elementor-gallery-item elementor-animated-content\" href=\"https:\/\/tunderiportekak.hu\/wp-content\/uploads\/2023\/09\/IMG_0017_2.webp\" data-elementor-open-lightbox=\"yes\" data-elementor-lightbox-slideshow=\"77e41ffb\" data-elementor-lightbox-title=\"IMG_0017_2\" data-e-action-hash=\"#elementor-action%3Aaction%3Dlightbox%26settings%3DeyJpZCI6MTkxMiwidXJsIjoiaHR0cHM6XC9cL3R1bmRlcmlwb3J0ZWthay5odVwvd3AtY29udGVudFwvdXBsb2Fkc1wvMjAyM1wvMDlcL0lNR18wMDE3XzIud2VicCIsInNsaWRlc2hvdyI6Ijc3ZTQxZmZiIn0%3D\">\n\t\t\t\t\t<div class=\"e-gallery-image elementor-gallery-item__image\" data-thumbnail=\"https:\/\/tunderiportekak.hu\/wp-content\/uploads\/2023\/09\/IMG_0017_2-300x300.webp\" data-width=\"300\" data-height=\"300\" aria-label=\"\" role=\"img\" ><\/div>\n\t\t\t\t\t\t\t\t\t\t\t<div class=\"elementor-gallery-item__overlay\"><\/div>\n\t\t\t\t\t\t\t\t\t\t\t\t\t\t<\/a>\n\t\t\t\t\t\t\t<a class=\"e-gallery-item elementor-gallery-item elementor-animated-content\" href=\"https:\/\/tunderiportekak.hu\/wp-content\/uploads\/2023\/09\/IMG_0020_2.webp\" data-elementor-open-lightbox=\"yes\" data-elementor-lightbox-slideshow=\"77e41ffb\" data-elementor-lightbox-title=\"IMG_0020_2\" data-e-action-hash=\"#elementor-action%3Aaction%3Dlightbox%26settings%3DeyJpZCI6MTkxOCwidXJsIjoiaHR0cHM6XC9cL3R1bmRlcmlwb3J0ZWthay5odVwvd3AtY29udGVudFwvdXBsb2Fkc1wvMjAyM1wvMDlcL0lNR18wMDIwXzIud2VicCIsInNsaWRlc2hvdyI6Ijc3ZTQxZmZiIn0%3D\">\n\t\t\t\t\t<div class=\"e-gallery-image elementor-gallery-item__image\" data-thumbnail=\"https:\/\/tunderiportekak.hu\/wp-content\/uploads\/2023\/09\/IMG_0020_2-300x300.webp\" data-width=\"300\" data-height=\"300\" aria-label=\"\" role=\"img\" ><\/div>\n\t\t\t\t\t\t\t\t\t\t\t<div class=\"elementor-gallery-item__overlay\"><\/div>\n\t\t\t\t\t\t\t\t\t\t\t\t\t\t<\/a>\n\t\t\t\t\t\t\t<a class=\"e-gallery-item elementor-gallery-item elementor-animated-content\" href=\"https:\/\/tunderiportekak.hu\/wp-content\/uploads\/2023\/09\/IMG_0023_1.webp\" data-elementor-open-lightbox=\"yes\" data-elementor-lightbox-slideshow=\"77e41ffb\" data-elementor-lightbox-title=\"IMG_0023_1\" data-e-action-hash=\"#elementor-action%3Aaction%3Dlightbox%26settings%3DeyJpZCI6MTkyMiwidXJsIjoiaHR0cHM6XC9cL3R1bmRlcmlwb3J0ZWthay5odVwvd3AtY29udGVudFwvdXBsb2Fkc1wvMjAyM1wvMDlcL0lNR18wMDIzXzEud2VicCIsInNsaWRlc2hvdyI6Ijc3ZTQxZmZiIn0%3D\">\n\t\t\t\t\t<div class=\"e-gallery-image elementor-gallery-item__image\" data-thumbnail=\"https:\/\/tunderiportekak.hu\/wp-content\/uploads\/2023\/09\/IMG_0023_1-300x300.webp\" data-width=\"300\" data-height=\"300\" aria-label=\"\" role=\"img\" ><\/div>\n\t\t\t\t\t\t\t\t\t\t\t<div class=\"elementor-gallery-item__overlay\"><\/div>\n\t\t\t\t\t\t\t\t\t\t\t\t\t\t<\/a>\n\t\t\t\t\t\t\t<a class=\"e-gallery-item elementor-gallery-item elementor-animated-content\" href=\"https:\/\/tunderiportekak.hu\/wp-content\/uploads\/2023\/09\/IMG_0048.webp\" data-elementor-open-lightbox=\"yes\" data-elementor-lightbox-slideshow=\"77e41ffb\" data-elementor-lightbox-title=\"IMG_0048\" data-e-action-hash=\"#elementor-action%3Aaction%3Dlightbox%26settings%3DeyJpZCI6MTk1MiwidXJsIjoiaHR0cHM6XC9cL3R1bmRlcmlwb3J0ZWthay5odVwvd3AtY29udGVudFwvdXBsb2Fkc1wvMjAyM1wvMDlcL0lNR18wMDQ4LndlYnAiLCJzbGlkZXNob3ciOiI3N2U0MWZmYiJ9\">\n\t\t\t\t\t<div class=\"e-gallery-image elementor-gallery-item__image\" data-thumbnail=\"https:\/\/tunderiportekak.hu\/wp-content\/uploads\/2023\/09\/IMG_0048-300x300.webp\" data-width=\"300\" data-height=\"300\" aria-label=\"\" role=\"img\" ><\/div>\n\t\t\t\t\t\t\t\t\t\t\t<div class=\"elementor-gallery-item__overlay\"><\/div>\n\t\t\t\t\t\t\t\t\t\t\t\t\t\t<\/a>\n\t\t\t\t\t<\/div>\n\t\t\t\t\t<\/div>\n\t\t\t\t<\/div>\n\t\t\t\t\t<\/div>\n\t\t<\/div>\n\t\t\t\t\t<\/div>\n\t\t<\/section>\n\t\t\t\t<section class=\"elementor-section elementor-top-section elementor-element elementor-element-179f0e06 elementor-section-boxed elementor-section-height-default elementor-section-height-default\" data-id=\"179f0e06\" data-element_type=\"section\" data-e-type=\"section\">\n\t\t\t\t\t\t<div class=\"elementor-container elementor-column-gap-default\">\n\t\t\t\t\t<div class=\"elementor-column elementor-col-100 elementor-top-column elementor-element elementor-element-4789ddad\" data-id=\"4789ddad\" data-element_type=\"column\" data-e-type=\"column\">\n\t\t\t<div class=\"elementor-widget-wrap elementor-element-populated\">\n\t\t\t\t\t\t<div class=\"elementor-element elementor-element-7cd54833 elementor-button-align-center elementor-widget__width-auto elementor-widget elementor-widget-form\" data-id=\"7cd54833\" data-element_type=\"widget\" data-e-type=\"widget\" data-settings=\"{&quot;step_next_label&quot;:&quot;K\\u00f6vetkez\\u0151&quot;,&quot;step_previous_label&quot;:&quot;El\\u0151z\\u0151&quot;,&quot;button_width&quot;:&quot;100&quot;,&quot;step_type&quot;:&quot;number_text&quot;,&quot;step_icon_shape&quot;:&quot;circle&quot;}\" data-widget_type=\"form.default\">\n\t\t\t\t<div class=\"elementor-widget-container\">\n\t\t\t\t\t\t\t<form class=\"elementor-form\" method=\"post\" name=\"Szatm\u00e1rn\u00e9meti\" aria-label=\"Szatm\u00e1rn\u00e9meti\">\n\t\t\t<input type=\"hidden\" name=\"post_id\" value=\"6653\"\/>\n\t\t\t<input type=\"hidden\" name=\"form_id\" value=\"7cd54833\"\/>\n\t\t\t<input type=\"hidden\" name=\"referer_title\" value=\"Jelentkez\u00e9si lap, Szatm\u00e1rn\u00e9meti -\" \/>\n\n\t\t\t\t\t\t\t<input type=\"hidden\" name=\"queried_id\" value=\"6653\"\/>\n\t\t\t\n\t\t\t<div class=\"elementor-form-fields-wrapper elementor-labels-above\">\n\t\t\t\t\t\t\t\t<div class=\"elementor-field-type-text elementor-field-group elementor-column elementor-field-group-name elementor-col-100\">\n\t\t\t\t\t\t\t\t\t\t\t\t<label for=\"form-field-name\" class=\"elementor-field-label\">\n\t\t\t\t\t\t\t\tN\u00e9v\t\t\t\t\t\t\t<\/label>\n\t\t\t\t\t\t\t\t\t\t\t\t\t\t<input size=\"1\" type=\"text\" name=\"form_fields[name]\" id=\"form-field-name\" class=\"elementor-field elementor-size-sm  elementor-field-textual\" placeholder=\"N\u00e9v\">\n\t\t\t\t\t\t\t\t\t\t\t<\/div>\n\t\t\t\t\t\t\t\t<div class=\"elementor-field-type-text elementor-field-group elementor-column elementor-field-group-field_a5b0d27 elementor-col-100\">\n\t\t\t\t\t\t\t\t\t\t\t\t<label for=\"form-field-field_a5b0d27\" class=\"elementor-field-label\">\n\t\t\t\t\t\t\t\tLakc\u00edm\t\t\t\t\t\t\t<\/label>\n\t\t\t\t\t\t\t\t\t\t\t\t\t\t<input size=\"1\" type=\"text\" name=\"form_fields[field_a5b0d27]\" id=\"form-field-field_a5b0d27\" class=\"elementor-field elementor-size-sm  elementor-field-textual\" placeholder=\"V\u00e1ros, ir\u00e1ny\u00edt\u00f3sz\u00e1m, utca, h\u00e1zsz\u00e1m, emelet, ajt\u00f3\">\n\t\t\t\t\t\t\t\t\t\t\t<\/div>\n\t\t\t\t\t\t\t\t<div class=\"elementor-field-type-textarea elementor-field-group elementor-column elementor-field-group-message elementor-col-100\">\n\t\t\t\t\t\t\t\t\t\t\t\t<label for=\"form-field-message\" class=\"elementor-field-label\">\n\t\t\t\t\t\t\t\tTelefonsz\u00e1m\t\t\t\t\t\t\t<\/label>\n\t\t\t\t\t\t<textarea class=\"elementor-field-textual elementor-field  elementor-size-sm\" name=\"form_fields[message]\" id=\"form-field-message\" rows=\"1\" placeholder=\"Telefonsz\u00e1m\"><\/textarea>\t\t\t\t<\/div>\n\t\t\t\t\t\t\t\t<div class=\"elementor-field-type-email elementor-field-group elementor-column elementor-field-group-email elementor-col-100 elementor-field-required\">\n\t\t\t\t\t\t\t\t\t\t\t\t<label for=\"form-field-email\" class=\"elementor-field-label\">\n\t\t\t\t\t\t\t\tEmail\t\t\t\t\t\t\t<\/label>\n\t\t\t\t\t\t\t\t\t\t\t\t\t\t<input size=\"1\" type=\"email\" name=\"form_fields[email]\" id=\"form-field-email\" class=\"elementor-field elementor-size-sm  elementor-field-textual\" placeholder=\"Email\" required=\"required\">\n\t\t\t\t\t\t\t\t\t\t\t<\/div>\n\t\t\t\t\t\t\t\t<div class=\"elementor-field-type-textarea elementor-field-group elementor-column elementor-field-group-field_875ed31 elementor-col-100\">\n\t\t\t\t\t\t\t\t\t\t\t\t<label for=\"form-field-field_875ed31\" class=\"elementor-field-label\">\n\t\t\t\t\t\t\t\t\u00c9tkez\u00e9s\t\t\t\t\t\t\t<\/label>\n\t\t\t\t\t\t<textarea class=\"elementor-field-textual elementor-field  elementor-size-sm\" name=\"form_fields[field_875ed31]\" id=\"form-field-field_875ed31\" rows=\"2\" placeholder=\"Norm\u00e1l, lakt\u00f3zmentes, glut\u00e9nmentes, veget\u00e1ri\u00e1nus, egy\u00e9b...\"><\/textarea>\t\t\t\t<\/div>\n\t\t\t\t\t\t\t\t<div class=\"elementor-field-type-text elementor-field-group elementor-column elementor-field-group-field_d2ba591 elementor-col-100\">\n\t\t\t\t\t\t\t\t\t\t\t\t<label for=\"form-field-field_d2ba591\" class=\"elementor-field-label\">\n\t\t\t\t\t\t\t\tSz\u00e1ll\u00e1s\t\t\t\t\t\t\t<\/label>\n\t\t\t\t\t\t\t\t\t\t\t\t\t\t<input size=\"1\" type=\"text\" name=\"form_fields[field_d2ba591]\" id=\"form-field-field_d2ba591\" class=\"elementor-field elementor-size-sm  elementor-field-textual\" placeholder=\"K\u00e9rek\/nem k\u00e9rek sz\u00e1ll\u00e1st.\">\n\t\t\t\t\t\t\t\t\t\t\t<\/div>\n\t\t\t\t\t\t\t\t<div class=\"elementor-field-group elementor-column elementor-field-type-submit elementor-col-100 e-form__buttons\">\n\t\t\t\t\t<button class=\"elementor-button elementor-size-sm\" type=\"submit\">\n\t\t\t\t\t\t<span class=\"elementor-button-content-wrapper\">\n\t\t\t\t\t\t\t\t\t\t\t\t\t\t\t\t\t\t\t\t\t\t<span class=\"elementor-button-text\">K\u00fcld\u00e9s<\/span>\n\t\t\t\t\t\t\t\t\t\t\t\t\t<\/span>\n\t\t\t\t\t<\/button>\n\t\t\t\t<\/div>\n\t\t\t<\/div>\n\t\t<\/form>\n\t\t\t\t\t\t<\/div>\n\t\t\t\t<\/div>\n\t\t\t\t\t<\/div>\n\t\t<\/div>\n\t\t\t\t\t<\/div>\n\t\t<\/section>\n\t\t\t\t<section class=\"elementor-section elementor-top-section elementor-element elementor-element-135936a elementor-section-boxed elementor-section-height-default elementor-section-height-default\" data-id=\"135936a\" data-element_type=\"section\" data-e-type=\"section\">\n\t\t\t\t\t\t<div class=\"elementor-container elementor-column-gap-default\">\n\t\t\t\t\t<div class=\"elementor-column elementor-col-100 elementor-top-column elementor-element elementor-element-79ca0d4a\" data-id=\"79ca0d4a\" data-element_type=\"column\" data-e-type=\"column\">\n\t\t\t<div class=\"elementor-widget-wrap elementor-element-populated\">\n\t\t\t\t\t\t<div class=\"elementor-element elementor-element-428e652c elementor-widget elementor-widget-text-editor\" data-id=\"428e652c\" data-element_type=\"widget\" data-e-type=\"widget\" data-widget_type=\"text-editor.default\">\n\t\t\t\t<div class=\"elementor-widget-container\">\n\t\t\t\t\t\t\t\t\t<p>Miut\u00e1n elk\u00fcldted sz\u00e1momra a jelentkez\u00e9si lapot, r\u00f6vid id\u0151n bel\u00fcl felveszem veled a kapcsolatot, \u00e9s t\u00e1j\u00e9koztatlak a r\u00e9szletekr\u0151l.\u00a0<\/p><p>Arr\u00f3l, hogy milyen t\u00edpus\u00fa cip\u0151k k\u00f6z\u00fcl v\u00e1laszthatsz, hogyan tudod megn\u00e9zni \u00e9s kiv\u00e1lasztani a gyapj\u00fat \u00e9s a cip\u0151talpakat.<\/p>\t\t\t\t\t\t\t\t<\/div>\n\t\t\t\t<\/div>\n\t\t\t\t\t<\/div>\n\t\t<\/div>\n\t\t\t\t\t<\/div>\n\t\t<\/section>\n\t\t\t\t<\/div>\n\t\t","protected":false},"excerpt":{"rendered":"<p>Itt tudsz jelentkezni \ud83d\ude42 Miut\u00e1n elk\u00fcldted sz\u00e1momra a jelentkez\u00e9si lapot, r\u00f6vid id\u0151n bel\u00fcl felveszem veled a kapcsolatot, \u00e9s t\u00e1j\u00e9koztatlak a r\u00e9szletekr\u0151l.\u00a0 Arr\u00f3l, hogy milyen t\u00edpus\u00fa cip\u0151k k\u00f6z\u00fcl v\u00e1laszthatsz, hogyan tudod megn\u00e9zni \u00e9s kiv\u00e1lasztani a gyapj\u00fat \u00e9s a cip\u0151talpakat.<\/p>","protected":false},"author":1,"featured_media":0,"parent":0,"menu_order":0,"comment_status":"closed","ping_status":"closed","template":"","meta":{"site-sidebar-layout":"no-sidebar","site-content-layout":"page-builder","ast-site-content-layout":"full-width-container","site-content-style":"default","site-sidebar-style":"default","ast-global-header-display":"","ast-banner-title-visibility":"","ast-main-header-display":"","ast-hfb-above-header-display":"","ast-hfb-below-header-display":"","ast-hfb-mobile-header-display":"","site-post-title":"","ast-breadcrumbs-content":"","ast-featured-img":"disabled","footer-sml-layout":"","ast-disable-related-posts":"","theme-transparent-header-meta":"","adv-header-id-meta":"","stick-header-meta":"","header-above-stick-meta":"","header-main-stick-meta":"","header-below-stick-meta":"","astra-migrate-meta-layouts":"set","ast-page-background-enabled":"default","ast-page-background-meta":{"desktop":{"background-color":"","background-image":"","background-repeat":"repeat","background-position":"center center","background-size":"auto","background-attachment":"scroll","background-type":"","background-media":"","overlay-type":"","overlay-color":"","overlay-opacity":"","overlay-gradient":""},"tablet":{"background-color":"","background-image":"","background-repeat":"repeat","background-position":"center center","background-size":"auto","background-attachment":"scroll","background-type":"","background-media":"","overlay-type":"","overlay-color":"","overlay-opacity":"","overlay-gradient":""},"mobile":{"background-color":"","background-image":"","background-repeat":"repeat","background-position":"center center","background-size":"auto","background-attachment":"scroll","background-type":"","background-media":"","overlay-type":"","overlay-color":"","overlay-opacity":"","overlay-gradient":""}},"ast-content-background-meta":{"desktop":{"background-color":"var(--ast-global-color-5)","background-image":"","background-repeat":"repeat","background-position":"center center","background-size":"auto","background-attachment":"scroll","background-type":"","background-media":"","overlay-type":"","overlay-color":"","overlay-opacity":"","overlay-gradient":""},"tablet":{"background-color":"var(--ast-global-color-5)","background-image":"","background-repeat":"repeat","background-position":"center center","background-size":"auto","background-attachment":"scroll","background-type":"","background-media":"","overlay-type":"","overlay-color":"","overlay-opacity":"","overlay-gradient":""},"mobile":{"background-color":"var(--ast-global-color-5)","background-image":"","background-repeat":"repeat","background-position":"center center","background-size":"auto","background-attachment":"scroll","background-type":"","background-media":"","overlay-type":"","overlay-color":"","overlay-opacity":"","overlay-gradient":""}},"footnotes":""},"class_list":["post-6653","page","type-page","status-publish","hentry"],"yoast_head":"<!-- This site is optimized with the Yoast SEO Premium plugin v27.3 (Yoast SEO v27.3) - https:\/\/yoast.com\/product\/yoast-seo-premium-wordpress\/ -->\n<title>Jelentkez\u00e9si lap, Szatm\u00e1rn\u00e9meti -<\/title>\n<meta name=\"robots\" content=\"index, follow, max-snippet:-1, max-image-preview:large, max-video-preview:-1\" \/>\n<link rel=\"canonical\" href=\"https:\/\/tunderiportekak.hu\/de\/jelentkezesi-lap-szatmarnemeti\/\" \/>\n<meta property=\"og:locale\" content=\"de_DE\" \/>\n<meta property=\"og:type\" content=\"article\" \/>\n<meta property=\"og:title\" content=\"Jelentkez\u00e9si lap, Szatm\u00e1rn\u00e9meti\" \/>\n<meta property=\"og:description\" content=\"Itt tudsz jelentkezni \ud83d\ude42 Miut\u00e1n elk\u00fcldted sz\u00e1momra a jelentkez\u00e9si lapot, r\u00f6vid id\u0151n bel\u00fcl felveszem veled a kapcsolatot, \u00e9s t\u00e1j\u00e9koztatlak a r\u00e9szletekr\u0151l.\u00a0 Arr\u00f3l, hogy milyen t\u00edpus\u00fa cip\u0151k k\u00f6z\u00fcl v\u00e1laszthatsz, hogyan tudod megn\u00e9zni \u00e9s kiv\u00e1lasztani a gyapj\u00fat \u00e9s a cip\u0151talpakat.\" \/>\n<meta property=\"og:url\" content=\"https:\/\/tunderiportekak.hu\/de\/jelentkezesi-lap-szatmarnemeti\/\" \/>\n<meta property=\"article:modified_time\" content=\"2026-04-29T15:43:23+00:00\" \/>\n<meta name=\"twitter:card\" content=\"summary_large_image\" \/>\n<meta name=\"twitter:label1\" content=\"Gesch\u00e4tzte Lesezeit\" \/>\n\t<meta name=\"twitter:data1\" content=\"1\u00a0Minute\" \/>\n<script type=\"application\/ld+json\" class=\"yoast-schema-graph\">{\"@context\":\"https:\\\/\\\/schema.org\",\"@graph\":[{\"@type\":\"WebPage\",\"@id\":\"https:\\\/\\\/tunderiportekak.hu\\\/jelentkezesi-lap-szatmarnemeti\\\/\",\"url\":\"https:\\\/\\\/tunderiportekak.hu\\\/jelentkezesi-lap-szatmarnemeti\\\/\",\"name\":\"Jelentkez\u00e9si lap, Szatm\u00e1rn\u00e9meti -\",\"isPartOf\":{\"@id\":\"https:\\\/\\\/tunderiportekak.hu\\\/#website\"},\"datePublished\":\"2026-04-29T14:46:11+00:00\",\"dateModified\":\"2026-04-29T15:43:23+00:00\",\"breadcrumb\":{\"@id\":\"https:\\\/\\\/tunderiportekak.hu\\\/jelentkezesi-lap-szatmarnemeti\\\/#breadcrumb\"},\"inLanguage\":\"de\",\"potentialAction\":[{\"@type\":\"ReadAction\",\"target\":[\"https:\\\/\\\/tunderiportekak.hu\\\/jelentkezesi-lap-szatmarnemeti\\\/\"]}]},{\"@type\":\"BreadcrumbList\",\"@id\":\"https:\\\/\\\/tunderiportekak.hu\\\/jelentkezesi-lap-szatmarnemeti\\\/#breadcrumb\",\"itemListElement\":[{\"@type\":\"ListItem\",\"position\":1,\"name\":\"Home\",\"item\":\"https:\\\/\\\/tunderiportekak.hu\\\/\"},{\"@type\":\"ListItem\",\"position\":2,\"name\":\"Jelentkez\u00e9si lap, Szatm\u00e1rn\u00e9meti\"}]},{\"@type\":\"WebSite\",\"@id\":\"https:\\\/\\\/tunderiportekak.hu\\\/#website\",\"url\":\"https:\\\/\\\/tunderiportekak.hu\\\/\",\"name\":\"\",\"description\":\"Nemezcip\u0151 k\u00e9sz\u00edt\u0151 \u00e9lm\u00e9nyprogramok\",\"potentialAction\":[{\"@type\":\"SearchAction\",\"target\":{\"@type\":\"EntryPoint\",\"urlTemplate\":\"https:\\\/\\\/tunderiportekak.hu\\\/?s={search_term_string}\"},\"query-input\":{\"@type\":\"PropertyValueSpecification\",\"valueRequired\":true,\"valueName\":\"search_term_string\"}}],\"inLanguage\":\"de\"}]}<\/script>\n<!-- \/ Yoast SEO Premium plugin. -->","yoast_head_json":{"title":"Jelentkez\u00e9si lap, Szatm\u00e1rn\u00e9meti -","robots":{"index":"index","follow":"follow","max-snippet":"max-snippet:-1","max-image-preview":"max-image-preview:large","max-video-preview":"max-video-preview:-1"},"canonical":"https:\/\/tunderiportekak.hu\/de\/jelentkezesi-lap-szatmarnemeti\/","og_locale":"de_DE","og_type":"article","og_title":"Jelentkez\u00e9si lap, Szatm\u00e1rn\u00e9meti","og_description":"Itt tudsz jelentkezni \ud83d\ude42 Miut\u00e1n elk\u00fcldted sz\u00e1momra a jelentkez\u00e9si lapot, r\u00f6vid id\u0151n bel\u00fcl felveszem veled a kapcsolatot, \u00e9s t\u00e1j\u00e9koztatlak a r\u00e9szletekr\u0151l.\u00a0 Arr\u00f3l, hogy milyen t\u00edpus\u00fa cip\u0151k k\u00f6z\u00fcl v\u00e1laszthatsz, hogyan tudod megn\u00e9zni \u00e9s kiv\u00e1lasztani a gyapj\u00fat \u00e9s a cip\u0151talpakat.","og_url":"https:\/\/tunderiportekak.hu\/de\/jelentkezesi-lap-szatmarnemeti\/","article_modified_time":"2026-04-29T15:43:23+00:00","twitter_card":"summary_large_image","twitter_misc":{"Gesch\u00e4tzte Lesezeit":"1\u00a0Minute"},"schema":{"@context":"https:\/\/schema.org","@graph":[{"@type":"WebPage","@id":"https:\/\/tunderiportekak.hu\/jelentkezesi-lap-szatmarnemeti\/","url":"https:\/\/tunderiportekak.hu\/jelentkezesi-lap-szatmarnemeti\/","name":"Jelentkez\u00e9si lap, Szatm\u00e1rn\u00e9meti -","isPartOf":{"@id":"https:\/\/tunderiportekak.hu\/#website"},"datePublished":"2026-04-29T14:46:11+00:00","dateModified":"2026-04-29T15:43:23+00:00","breadcrumb":{"@id":"https:\/\/tunderiportekak.hu\/jelentkezesi-lap-szatmarnemeti\/#breadcrumb"},"inLanguage":"de","potentialAction":[{"@type":"ReadAction","target":["https:\/\/tunderiportekak.hu\/jelentkezesi-lap-szatmarnemeti\/"]}]},{"@type":"BreadcrumbList","@id":"https:\/\/tunderiportekak.hu\/jelentkezesi-lap-szatmarnemeti\/#breadcrumb","itemListElement":[{"@type":"ListItem","position":1,"name":"Home","item":"https:\/\/tunderiportekak.hu\/"},{"@type":"ListItem","position":2,"name":"Jelentkez\u00e9si lap, Szatm\u00e1rn\u00e9meti"}]},{"@type":"WebSite","@id":"https:\/\/tunderiportekak.hu\/#website","url":"https:\/\/tunderiportekak.hu\/","name":"","description":"Erlebnisprogramme Filzschuhherstellung","potentialAction":[{"@type":"SearchAction","target":{"@type":"EntryPoint","urlTemplate":"https:\/\/tunderiportekak.hu\/?s={search_term_string}"},"query-input":{"@type":"PropertyValueSpecification","valueRequired":true,"valueName":"search_term_string"}}],"inLanguage":"de"}]}},"_links":{"self":[{"href":"https:\/\/tunderiportekak.hu\/de\/wp-json\/wp\/v2\/pages\/6653","targetHints":{"allow":["GET"]}}],"collection":[{"href":"https:\/\/tunderiportekak.hu\/de\/wp-json\/wp\/v2\/pages"}],"about":[{"href":"https:\/\/tunderiportekak.hu\/de\/wp-json\/wp\/v2\/types\/page"}],"author":[{"embeddable":true,"href":"https:\/\/tunderiportekak.hu\/de\/wp-json\/wp\/v2\/users\/1"}],"replies":[{"embeddable":true,"href":"https:\/\/tunderiportekak.hu\/de\/wp-json\/wp\/v2\/comments?post=6653"}],"version-history":[{"count":17,"href":"https:\/\/tunderiportekak.hu\/de\/wp-json\/wp\/v2\/pages\/6653\/revisions"}],"predecessor-version":[{"id":6686,"href":"https:\/\/tunderiportekak.hu\/de\/wp-json\/wp\/v2\/pages\/6653\/revisions\/6686"}],"wp:attachment":[{"href":"https:\/\/tunderiportekak.hu\/de\/wp-json\/wp\/v2\/media?parent=6653"}],"curies":[{"name":"wp","href":"https:\/\/api.w.org\/{rel}","templated":true}]}}