{"id":4259,"date":"2024-08-09T14:08:12","date_gmt":"2024-08-09T14:08:12","guid":{"rendered":"https:\/\/tunderiportekak.hu\/?page_id=4259"},"modified":"2024-08-09T14:30:58","modified_gmt":"2024-08-09T14:30:58","slug":"blog","status":"publish","type":"page","link":"https:\/\/tunderiportekak.hu\/de\/blog\/","title":{"rendered":"Blog"},"content":{"rendered":"<div data-elementor-type=\"wp-page\" data-elementor-id=\"4259\" class=\"elementor elementor-4259\" data-elementor-post-type=\"page\">\n\t\t\t\t\t\t<section class=\"elementor-section elementor-top-section elementor-element elementor-element-531d16c elementor-section-full_width elementor-section-height-default elementor-section-height-default\" data-id=\"531d16c\" data-element_type=\"section\" data-e-type=\"section\">\n\t\t\t\t\t\t<div class=\"elementor-container elementor-column-gap-wide\">\n\t\t\t\t\t<div class=\"elementor-column elementor-col-50 elementor-top-column elementor-element elementor-element-1368d06d\" data-id=\"1368d06d\" data-element_type=\"column\" data-e-type=\"column\">\n\t\t\t<div class=\"elementor-widget-wrap elementor-element-populated\">\n\t\t\t\t\t\t<div class=\"elementor-element elementor-element-245cd7f7 elementor-widget__width-initial elementor-widget elementor-widget-text-editor\" data-id=\"245cd7f7\" data-element_type=\"widget\" data-e-type=\"widget\" data-widget_type=\"text-editor.default\">\n\t\t\t\t<div class=\"elementor-widget-container\">\n\t\t\t\t\t\t\t\t\t<h1 style=\"text-align: center;\"><span style=\"vertical-align: inherit; color: #99cc00;\"><span style=\"vertical-align: inherit;\"><br><\/span><\/span><\/h1><h1 style=\"text-align: center;\"><span style=\"vertical-align: inherit; color: #99cc00;\"><span style=\"vertical-align: inherit;\"><br><\/span><\/span><\/h1><h1 style=\"text-align: center;\"><span style=\"color: rgb(153, 204, 0); font-size: 1.5625rem; font-style: inherit; letter-spacing: 0px; background-color: var(--ast-global-color-4);\">&#8222;A REMEKM\u0170R\u0150L \u00c9S A&nbsp; T\u00dcND\u00c9RIR\u0150L<\/span><br><\/h1>\n<h6>Ahhoz, hogy egy emberi alkot\u00e1s remekbe siker\u00fclj\u00f6n, sid\u0151tlen ragyog\u00e1ssal k\u00e1pr\u00e1ztassa \u00e9s gy\u00f6ny\u00f6rk\u00f6dtesse az embereket, a tehets\u00e9g, a t\u00e9ma, a kivitel t\u00f6k\u00e9letess\u00e9ge mellett kell valami m\u00e1s is. A remekm\u0171ben van valamilyen t\u00fcnd\u00e9ri elem is, mely csod\u00e1latos f\u00e9ny\u00e9vel \u00e1tsug\u00e1rzik az eg\u00e9szen, oly gy\u00f6ng\u00e9den \u00e9s megejt\u0151en, mint ahogyan az \u00e9szaki f\u00e9ny vil\u00e1g\u00edt a ny\u00e1ri \u00e9jszak\u00e1ban, val\u00f3szer\u0171tlen\u00fcl s m\u00e9gis f\u00e9nyszer\u0171en, mert l\u00e1tni \u00e9s olvasni is lehet mellette. A remekm\u0171 legyen val\u00f3s\u00e1gos, pontos, okos, c\u00e9ltudatos, ar\u00e1nyos, gondosan megmunk\u00e1lt, h\u0171s\u00e9gesen kivitelezett &#8211; s legyen m\u00e9g valami m\u00e1s is. T\u00fcnd\u00e9ri is legyen. S minden \u00f6ntudatoss\u00e1g mellett \u00f6nfeledt is legyen. M\u00e9rn\u00f6ki szab\u00e1lyok szerint \u00e9p\u00fclj\u00f6n, de k\u00e1osz is legyen benne, egy k\u00e1v\u00e9skan\u00e1lra val\u00f3 az \u0151sk\u00f6db\u0151l, mely a csillagk\u00e9pek nyom\u00e1ban porzik, arany szemcs\u00e9kkel. T\u00fcnd\u00e9ri n\u00e9lk\u00fcl csak &#8222;nagy&#8221; vagy &#8222;t\u00f6k\u00e9letes&#8221; m\u0171vek vannak. Az igazi remekm\u0171 n\u00e9ha nem is olyan t\u00f6k\u00e9letes. Csak sug\u00e1rzik, a &#8222;csak \u00e1lom&#8221; is benne van, a csillagok f\u00e9nye, a t\u00fcnd\u00e9ri. S a feladatnak ez a r\u00e9sze, amikor a m\u0171v\u00e9sz m\u00e1r nem tud m\u0171v\u00e9n seg\u00edteni; az utols\u00f3 ecsetvon\u00e1st, a t\u00fcnd\u00e9rit az Isten v\u00e9gzi el.&#8221;<\/h6>\n<div>&nbsp;<span style=\"background-color: var(--ast-global-color-4); color: var(--ast-global-color-3); letter-spacing: 0px;\">&nbsp;<\/span><\/div>\n<h5 style=\"text-align: right;\">&#8211; M\u00c1RAI S\u00c1NDOR &#8211;<\/h5>\t\t\t\t\t\t\t\t<\/div>\n\t\t\t\t<\/div>\n\t\t\t\t\t<\/div>\n\t\t<\/div>\n\t\t\t\t<div class=\"elementor-column elementor-col-50 elementor-top-column elementor-element elementor-element-249a0a2f\" data-id=\"249a0a2f\" data-element_type=\"column\" data-e-type=\"column\">\n\t\t\t<div class=\"elementor-widget-wrap elementor-element-populated\">\n\t\t\t\t\t\t<div class=\"elementor-element elementor-element-4135b1d7 elementor-cta--valign-bottom elementor-cta--layout-image-above elementor-widget__width-initial elementor-cta--skin-classic elementor-animated-content elementor-bg-transform elementor-bg-transform-zoom-in elementor-widget elementor-widget-call-to-action\" data-id=\"4135b1d7\" data-element_type=\"widget\" data-e-type=\"widget\" data-widget_type=\"call-to-action.default\">\n\t\t\t\t<div class=\"elementor-widget-container\">\n\t\t\t\t\t\t\t<div class=\"elementor-cta\">\n\t\t\t\t\t<div class=\"elementor-cta__bg-wrapper\">\n\t\t\t\t<div class=\"elementor-cta__bg elementor-bg\" style=\"background-image: url(https:\/\/tunderiportekak.hu\/wp-content\/uploads\/2023\/09\/IMG_0075-1024x1024.webp);\" role=\"img\" aria-label=\"IMG_0075\"><\/div>\n\t\t\t\t<div class=\"elementor-cta__bg-overlay\"><\/div>\n\t\t\t<\/div>\n\t\t\t\t\t\t\t<div class=\"elementor-cta__content\">\n\t\t\t\t\n\t\t\t\t\t\t\t\t\t<h1 class=\"elementor-cta__title elementor-cta__content-item elementor-content-item\">\n\t\t\t\t\t\tL\u00c9LEKNYUGTAT\u00d3 ALKOT\u00c1S\t\t\t\t\t<\/h1>\n\t\t\t\t\n\t\t\t\t\t\t\t\t\t<div class=\"elementor-cta__description elementor-cta__content-item elementor-content-item\">\n\t\t\t\t\t\tV\u00e1laszd ki az \u00e9lm\u00e9nyprogramodat!\t\t\t\t\t<\/div>\n\t\t\t\t\n\t\t\t\t\t\t\t\t\t<div class=\"elementor-cta__button-wrapper elementor-cta__content-item elementor-content-item\">\n\t\t\t\t\t<a class=\"elementor-cta__button elementor-button elementor-size-lg\" href=\"https:\/\/tunderiportekak.hu\/de\/elmenyprogramok\/\">\n\t\t\t\t\t\tID\u0150PONTOK\t\t\t\t\t<\/a>\n\t\t\t\t\t<\/div>\n\t\t\t\t\t\t\t<\/div>\n\t\t\t\t\t\t\t<div class=\"elementor-ribbon\">\n\t\t\t\t<div class=\"elementor-ribbon-inner\">\n\t\t\t\t\tK\u00e9nyelem\t\t\t\t<\/div>\n\t\t\t<\/div>\n\t\t\t\t<\/div>\n\t\t\t\t\t\t<\/div>\n\t\t\t\t<\/div>\n\t\t\t\t\t<\/div>\n\t\t<\/div>\n\t\t\t\t\t<\/div>\n\t\t<\/section>\n\t\t\t\t<\/div>","protected":false},"excerpt":{"rendered":"<p>&#8222;A REMEKM\u0170R\u0150L \u00c9S A&nbsp; T\u00dcND\u00c9RIR\u0150L Ahhoz, hogy egy emberi alkot\u00e1s remekbe siker\u00fclj\u00f6n, sid\u0151tlen ragyog\u00e1ssal k\u00e1pr\u00e1ztassa \u00e9s gy\u00f6ny\u00f6rk\u00f6dtesse az embereket, a tehets\u00e9g, a t\u00e9ma, a kivitel t\u00f6k\u00e9letess\u00e9ge mellett kell valami m\u00e1s is. A remekm\u0171ben van valamilyen t\u00fcnd\u00e9ri elem is, mely csod\u00e1latos f\u00e9ny\u00e9vel \u00e1tsug\u00e1rzik az eg\u00e9szen, oly gy\u00f6ng\u00e9den \u00e9s megejt\u0151en, mint ahogyan az \u00e9szaki f\u00e9ny vil\u00e1g\u00edt a [&hellip;]<\/p>\n","protected":false},"author":1,"featured_media":0,"parent":0,"menu_order":0,"comment_status":"closed","ping_status":"closed","template":"","meta":{"site-sidebar-layout":"no-sidebar","site-content-layout":"page-builder","ast-site-content-layout":"full-width-container","site-content-style":"default","site-sidebar-style":"default","ast-global-header-display":"","ast-banner-title-visibility":"","ast-main-header-display":"","ast-hfb-above-header-display":"","ast-hfb-below-header-display":"","ast-hfb-mobile-header-display":"","site-post-title":"disabled","ast-breadcrumbs-content":"","ast-featured-img":"disabled","footer-sml-layout":"","ast-disable-related-posts":"","theme-transparent-header-meta":"","adv-header-id-meta":"","stick-header-meta":"","header-above-stick-meta":"","header-main-stick-meta":"","header-below-stick-meta":"","astra-migrate-meta-layouts":"set","ast-page-background-enabled":"default","ast-page-background-meta":{"desktop":{"background-color":"","background-image":"","background-repeat":"repeat","background-position":"center center","background-size":"auto","background-attachment":"scroll","background-type":"","background-media":"","overlay-type":"","overlay-color":"","overlay-opacity":"","overlay-gradient":""},"tablet":{"background-color":"","background-image":"","background-repeat":"repeat","background-position":"center center","background-size":"auto","background-attachment":"scroll","background-type":"","background-media":"","overlay-type":"","overlay-color":"","overlay-opacity":"","overlay-gradient":""},"mobile":{"background-color":"","background-image":"","background-repeat":"repeat","background-position":"center center","background-size":"auto","background-attachment":"scroll","background-type":"","background-media":"","overlay-type":"","overlay-color":"","overlay-opacity":"","overlay-gradient":""}},"ast-content-background-meta":{"desktop":{"background-color":"var(--ast-global-color-5)","background-image":"","background-repeat":"repeat","background-position":"center center","background-size":"auto","background-attachment":"scroll","background-type":"","background-media":"","overlay-type":"","overlay-color":"","overlay-opacity":"","overlay-gradient":""},"tablet":{"background-color":"var(--ast-global-color-5)","background-image":"","background-repeat":"repeat","background-position":"center center","background-size":"auto","background-attachment":"scroll","background-type":"","background-media":"","overlay-type":"","overlay-color":"","overlay-opacity":"","overlay-gradient":""},"mobile":{"background-color":"var(--ast-global-color-5)","background-image":"","background-repeat":"repeat","background-position":"center center","background-size":"auto","background-attachment":"scroll","background-type":"","background-media":"","overlay-type":"","overlay-color":"","overlay-opacity":"","overlay-gradient":""}},"footnotes":""},"class_list":["post-4259","page","type-page","status-publish","hentry"],"yoast_head":"<!-- This site is optimized with the Yoast SEO Premium plugin v27.3 (Yoast SEO v27.3) - https:\/\/yoast.com\/product\/yoast-seo-premium-wordpress\/ -->\n<title>Blog -<\/title>\n<meta name=\"robots\" content=\"index, follow, max-snippet:-1, max-image-preview:large, max-video-preview:-1\" \/>\n<link rel=\"canonical\" href=\"https:\/\/tunderiportekak.hu\/de\/blog\/\" \/>\n<meta property=\"og:locale\" content=\"de_DE\" \/>\n<meta property=\"og:type\" content=\"article\" \/>\n<meta property=\"og:title\" content=\"Blog\" \/>\n<meta property=\"og:description\" content=\"&#8222;A REMEKM\u0170R\u0150L \u00c9S A&nbsp; T\u00dcND\u00c9RIR\u0150L Ahhoz, hogy egy emberi alkot\u00e1s remekbe siker\u00fclj\u00f6n, sid\u0151tlen ragyog\u00e1ssal k\u00e1pr\u00e1ztassa \u00e9s gy\u00f6ny\u00f6rk\u00f6dtesse az embereket, a tehets\u00e9g, a t\u00e9ma, a kivitel t\u00f6k\u00e9letess\u00e9ge mellett kell valami m\u00e1s is. A remekm\u0171ben van valamilyen t\u00fcnd\u00e9ri elem is, mely csod\u00e1latos f\u00e9ny\u00e9vel \u00e1tsug\u00e1rzik az eg\u00e9szen, oly gy\u00f6ng\u00e9den \u00e9s megejt\u0151en, mint ahogyan az \u00e9szaki f\u00e9ny vil\u00e1g\u00edt a [&hellip;]\" \/>\n<meta property=\"og:url\" content=\"https:\/\/tunderiportekak.hu\/de\/blog\/\" \/>\n<meta property=\"article:modified_time\" content=\"2024-08-09T14:30:58+00:00\" \/>\n<meta name=\"twitter:card\" content=\"summary_large_image\" \/>\n<meta name=\"twitter:label1\" content=\"Gesch\u00e4tzte Lesezeit\" \/>\n\t<meta name=\"twitter:data1\" content=\"1\u00a0Minute\" \/>\n<script type=\"application\/ld+json\" class=\"yoast-schema-graph\">{\"@context\":\"https:\\\/\\\/schema.org\",\"@graph\":[{\"@type\":\"WebPage\",\"@id\":\"https:\\\/\\\/tunderiportekak.hu\\\/blog\\\/\",\"url\":\"https:\\\/\\\/tunderiportekak.hu\\\/blog\\\/\",\"name\":\"Blog -\",\"isPartOf\":{\"@id\":\"https:\\\/\\\/tunderiportekak.hu\\\/#website\"},\"datePublished\":\"2024-08-09T14:08:12+00:00\",\"dateModified\":\"2024-08-09T14:30:58+00:00\",\"breadcrumb\":{\"@id\":\"https:\\\/\\\/tunderiportekak.hu\\\/blog\\\/#breadcrumb\"},\"inLanguage\":\"de\",\"potentialAction\":[{\"@type\":\"ReadAction\",\"target\":[\"https:\\\/\\\/tunderiportekak.hu\\\/blog\\\/\"]}]},{\"@type\":\"BreadcrumbList\",\"@id\":\"https:\\\/\\\/tunderiportekak.hu\\\/blog\\\/#breadcrumb\",\"itemListElement\":[{\"@type\":\"ListItem\",\"position\":1,\"name\":\"Home\",\"item\":\"https:\\\/\\\/tunderiportekak.hu\\\/\"},{\"@type\":\"ListItem\",\"position\":2,\"name\":\"Blog\"}]},{\"@type\":\"WebSite\",\"@id\":\"https:\\\/\\\/tunderiportekak.hu\\\/#website\",\"url\":\"https:\\\/\\\/tunderiportekak.hu\\\/\",\"name\":\"\",\"description\":\"Nemezcip\u0151 k\u00e9sz\u00edt\u0151 \u00e9lm\u00e9nyprogramok\",\"potentialAction\":[{\"@type\":\"SearchAction\",\"target\":{\"@type\":\"EntryPoint\",\"urlTemplate\":\"https:\\\/\\\/tunderiportekak.hu\\\/?s={search_term_string}\"},\"query-input\":{\"@type\":\"PropertyValueSpecification\",\"valueRequired\":true,\"valueName\":\"search_term_string\"}}],\"inLanguage\":\"de\"}]}<\/script>\n<!-- \/ Yoast SEO Premium plugin. -->","yoast_head_json":{"title":"Blog -","robots":{"index":"index","follow":"follow","max-snippet":"max-snippet:-1","max-image-preview":"max-image-preview:large","max-video-preview":"max-video-preview:-1"},"canonical":"https:\/\/tunderiportekak.hu\/de\/blog\/","og_locale":"de_DE","og_type":"article","og_title":"Blog","og_description":"&#8222;A REMEKM\u0170R\u0150L \u00c9S A&nbsp; T\u00dcND\u00c9RIR\u0150L Ahhoz, hogy egy emberi alkot\u00e1s remekbe siker\u00fclj\u00f6n, sid\u0151tlen ragyog\u00e1ssal k\u00e1pr\u00e1ztassa \u00e9s gy\u00f6ny\u00f6rk\u00f6dtesse az embereket, a tehets\u00e9g, a t\u00e9ma, a kivitel t\u00f6k\u00e9letess\u00e9ge mellett kell valami m\u00e1s is. A remekm\u0171ben van valamilyen t\u00fcnd\u00e9ri elem is, mely csod\u00e1latos f\u00e9ny\u00e9vel \u00e1tsug\u00e1rzik az eg\u00e9szen, oly gy\u00f6ng\u00e9den \u00e9s megejt\u0151en, mint ahogyan az \u00e9szaki f\u00e9ny vil\u00e1g\u00edt a [&hellip;]","og_url":"https:\/\/tunderiportekak.hu\/de\/blog\/","article_modified_time":"2024-08-09T14:30:58+00:00","twitter_card":"summary_large_image","twitter_misc":{"Gesch\u00e4tzte Lesezeit":"1\u00a0Minute"},"schema":{"@context":"https:\/\/schema.org","@graph":[{"@type":"WebPage","@id":"https:\/\/tunderiportekak.hu\/blog\/","url":"https:\/\/tunderiportekak.hu\/blog\/","name":"Blog -","isPartOf":{"@id":"https:\/\/tunderiportekak.hu\/#website"},"datePublished":"2024-08-09T14:08:12+00:00","dateModified":"2024-08-09T14:30:58+00:00","breadcrumb":{"@id":"https:\/\/tunderiportekak.hu\/blog\/#breadcrumb"},"inLanguage":"de","potentialAction":[{"@type":"ReadAction","target":["https:\/\/tunderiportekak.hu\/blog\/"]}]},{"@type":"BreadcrumbList","@id":"https:\/\/tunderiportekak.hu\/blog\/#breadcrumb","itemListElement":[{"@type":"ListItem","position":1,"name":"Home","item":"https:\/\/tunderiportekak.hu\/"},{"@type":"ListItem","position":2,"name":"Blog"}]},{"@type":"WebSite","@id":"https:\/\/tunderiportekak.hu\/#website","url":"https:\/\/tunderiportekak.hu\/","name":"","description":"Erlebnisprogramme Filzschuhherstellung","potentialAction":[{"@type":"SearchAction","target":{"@type":"EntryPoint","urlTemplate":"https:\/\/tunderiportekak.hu\/?s={search_term_string}"},"query-input":{"@type":"PropertyValueSpecification","valueRequired":true,"valueName":"search_term_string"}}],"inLanguage":"de"}]}},"_links":{"self":[{"href":"https:\/\/tunderiportekak.hu\/de\/wp-json\/wp\/v2\/pages\/4259","targetHints":{"allow":["GET"]}}],"collection":[{"href":"https:\/\/tunderiportekak.hu\/de\/wp-json\/wp\/v2\/pages"}],"about":[{"href":"https:\/\/tunderiportekak.hu\/de\/wp-json\/wp\/v2\/types\/page"}],"author":[{"embeddable":true,"href":"https:\/\/tunderiportekak.hu\/de\/wp-json\/wp\/v2\/users\/1"}],"replies":[{"embeddable":true,"href":"https:\/\/tunderiportekak.hu\/de\/wp-json\/wp\/v2\/comments?post=4259"}],"version-history":[{"count":14,"href":"https:\/\/tunderiportekak.hu\/de\/wp-json\/wp\/v2\/pages\/4259\/revisions"}],"predecessor-version":[{"id":4274,"href":"https:\/\/tunderiportekak.hu\/de\/wp-json\/wp\/v2\/pages\/4259\/revisions\/4274"}],"wp:attachment":[{"href":"https:\/\/tunderiportekak.hu\/de\/wp-json\/wp\/v2\/media?parent=4259"}],"curies":[{"name":"wp","href":"https:\/\/api.w.org\/{rel}","templated":true}]}}