{"id":4017,"date":"2024-07-07T10:05:30","date_gmt":"2024-07-07T10:05:30","guid":{"rendered":"https:\/\/tunderiportekak.hu\/?page_id=4017"},"modified":"2024-07-07T10:09:14","modified_gmt":"2024-07-07T10:09:14","slug":"regisztracios-lap","status":"publish","type":"page","link":"https:\/\/tunderiportekak.hu\/de\/regisztracios-lap\/","title":{"rendered":"Regisztr\u00e1ci\u00f3s lap"},"content":{"rendered":"\t\t<div data-elementor-type=\"wp-page\" data-elementor-id=\"4017\" class=\"elementor elementor-4017\" data-elementor-post-type=\"page\">\n\t\t\t\t\t\t<section class=\"elementor-section elementor-top-section elementor-element elementor-element-5fdc5dcc elementor-section-boxed elementor-section-height-default elementor-section-height-default\" data-id=\"5fdc5dcc\" data-element_type=\"section\" data-e-type=\"section\">\n\t\t\t\t\t\t<div class=\"elementor-container elementor-column-gap-wide\">\n\t\t\t\t\t<div class=\"elementor-column elementor-col-100 elementor-top-column elementor-element elementor-element-21ee431b\" data-id=\"21ee431b\" data-element_type=\"column\" data-e-type=\"column\">\n\t\t\t<div class=\"elementor-widget-wrap elementor-element-populated\">\n\t\t\t\t\t\t<div class=\"elementor-element elementor-element-7848e142 elementor-widget elementor-widget-text-editor\" data-id=\"7848e142\" data-element_type=\"widget\" data-e-type=\"widget\" data-widget_type=\"text-editor.default\">\n\t\t\t\t<div class=\"elementor-widget-container\">\n\t\t\t\t\t\t\t\t\t<h2 style=\"text-align: center;\"><span style=\"vertical-align: inherit; color: #99cc00;\"><span style=\"vertical-align: inherit;\">Regisztr\u00e1ci\u00f3s lap az online k\u00f6nyvbemutat\u00f3hoz<\/span><\/span>\u00a0<\/h2><p style=\"text-align: center;\">\u00a0<\/p>\t\t\t\t\t\t\t\t<\/div>\n\t\t\t\t<\/div>\n\t\t\t\t\t<\/div>\n\t\t<\/div>\n\t\t\t\t\t<\/div>\n\t\t<\/section>\n\t\t\t\t<section class=\"elementor-section elementor-top-section elementor-element elementor-element-53e290e8 elementor-section-boxed elementor-section-height-default elementor-section-height-default\" data-id=\"53e290e8\" data-element_type=\"section\" data-e-type=\"section\">\n\t\t\t\t\t\t<div class=\"elementor-container elementor-column-gap-default\">\n\t\t\t\t\t<div class=\"elementor-column elementor-col-50 elementor-top-column elementor-element elementor-element-1c353409\" data-id=\"1c353409\" data-element_type=\"column\" data-e-type=\"column\">\n\t\t\t<div class=\"elementor-widget-wrap elementor-element-populated\">\n\t\t\t\t\t\t<div class=\"elementor-element elementor-element-4657cf12 elementor-button-align-center elementor-widget__width-auto elementor-widget elementor-widget-form\" data-id=\"4657cf12\" data-element_type=\"widget\" data-e-type=\"widget\" data-settings=\"{&quot;step_next_label&quot;:&quot;K\\u00f6vetkez\\u0151&quot;,&quot;step_previous_label&quot;:&quot;El\\u0151z\\u0151&quot;,&quot;button_width&quot;:&quot;100&quot;,&quot;step_type&quot;:&quot;number_text&quot;,&quot;step_icon_shape&quot;:&quot;circle&quot;}\" data-widget_type=\"form.default\">\n\t\t\t\t<div class=\"elementor-widget-container\">\n\t\t\t\t\t\t\t<form class=\"elementor-form\" method=\"post\" name=\"\u00daj \u0171rlap\" aria-label=\"\u00daj \u0171rlap\">\n\t\t\t<input type=\"hidden\" name=\"post_id\" value=\"4017\"\/>\n\t\t\t<input type=\"hidden\" name=\"form_id\" value=\"4657cf12\"\/>\n\t\t\t<input type=\"hidden\" name=\"referer_title\" value=\"\" \/>\n\n\t\t\t\n\t\t\t<div class=\"elementor-form-fields-wrapper elementor-labels-above\">\n\t\t\t\t\t\t\t\t<div class=\"elementor-field-type-text elementor-field-group elementor-column elementor-field-group-name elementor-col-100\">\n\t\t\t\t\t\t\t\t\t\t\t\t<label for=\"form-field-name\" class=\"elementor-field-label\">\n\t\t\t\t\t\t\t\tN\u00e9v\t\t\t\t\t\t\t<\/label>\n\t\t\t\t\t\t\t\t\t\t\t\t\t\t<input size=\"1\" type=\"text\" name=\"form_fields[name]\" id=\"form-field-name\" class=\"elementor-field elementor-size-sm  elementor-field-textual\" placeholder=\"N\u00e9v\">\n\t\t\t\t\t\t\t\t\t\t\t<\/div>\n\t\t\t\t\t\t\t\t<div class=\"elementor-field-type-tel elementor-field-group elementor-column elementor-field-group-field_fb5f8e4 elementor-col-100\">\n\t\t\t\t\t\t\t\t\t\t\t\t<label for=\"form-field-field_fb5f8e4\" class=\"elementor-field-label\">\n\t\t\t\t\t\t\t\tTelefonsz\u00e1m\t\t\t\t\t\t\t<\/label>\n\t\t\t\t\t\t\t\t<input size=\"1\" type=\"tel\" name=\"form_fields[field_fb5f8e4]\" id=\"form-field-field_fb5f8e4\" class=\"elementor-field elementor-size-sm  elementor-field-textual\" placeholder=\"Telefonsz\u00e1m\" pattern=\"[0-9()#&amp;+*-=.]+\" title=\"Only numbers and phone characters (#, -, *, etc) are accepted.\">\n\n\t\t\t\t\t\t<\/div>\n\t\t\t\t\t\t\t\t<div class=\"elementor-field-type-email elementor-field-group elementor-column elementor-field-group-email elementor-col-100 elementor-field-required\">\n\t\t\t\t\t\t\t\t\t\t\t\t<label for=\"form-field-email\" class=\"elementor-field-label\">\n\t\t\t\t\t\t\t\tEmail\t\t\t\t\t\t\t<\/label>\n\t\t\t\t\t\t\t\t\t\t\t\t\t\t<input size=\"1\" type=\"email\" name=\"form_fields[email]\" id=\"form-field-email\" class=\"elementor-field elementor-size-sm  elementor-field-textual\" placeholder=\"Email\" required=\"required\">\n\t\t\t\t\t\t\t\t\t\t\t<\/div>\n\t\t\t\t\t\t\t\t<div class=\"elementor-field-type-text elementor-field-group elementor-column elementor-field-group-field_ba267f3 elementor-col-100\">\n\t\t\t\t\t\t\t\t\t\t\t\t<label for=\"form-field-field_ba267f3\" class=\"elementor-field-label\">\n\t\t\t\t\t\t\t\tProgram\t\t\t\t\t\t\t<\/label>\n\t\t\t\t\t\t\t\t\t\t\t\t\t\t<input size=\"1\" type=\"text\" name=\"form_fields[field_ba267f3]\" id=\"form-field-field_ba267f3\" class=\"elementor-field elementor-size-sm  elementor-field-textual\" placeholder=\"Online K\u00f6nyvbemutat\u00f3\">\n\t\t\t\t\t\t\t\t\t\t\t<\/div>\n\t\t\t\t\t\t\t\t<div class=\"elementor-field-group elementor-column elementor-field-type-submit elementor-col-100 e-form__buttons\">\n\t\t\t\t\t<button class=\"elementor-button elementor-size-sm\" type=\"submit\">\n\t\t\t\t\t\t<span class=\"elementor-button-content-wrapper\">\n\t\t\t\t\t\t\t\t\t\t\t\t\t\t\t\t\t\t\t\t\t\t<span class=\"elementor-button-text\">K\u00fcld\u00e9s<\/span>\n\t\t\t\t\t\t\t\t\t\t\t\t\t<\/span>\n\t\t\t\t\t<\/button>\n\t\t\t\t<\/div>\n\t\t\t<\/div>\n\t\t<\/form>\n\t\t\t\t\t\t<\/div>\n\t\t\t\t<\/div>\n\t\t\t\t\t<\/div>\n\t\t<\/div>\n\t\t\t\t<div class=\"elementor-column elementor-col-50 elementor-top-column elementor-element elementor-element-1b8b4bd7\" data-id=\"1b8b4bd7\" data-element_type=\"column\" data-e-type=\"column\">\n\t\t\t<div class=\"elementor-widget-wrap elementor-element-populated\">\n\t\t\t\t\t\t<div class=\"elementor-element elementor-element-4435e2d2 elementor-widget elementor-widget-text-editor\" data-id=\"4435e2d2\" data-element_type=\"widget\" data-e-type=\"widget\" data-widget_type=\"text-editor.default\">\n\t\t\t\t<div class=\"elementor-widget-container\">\n\t\t\t\t\t\t\t\t\t<h2><strong><span style=\"color: #99cc00;\">Az online k\u00f6nyvbemutat\u00f3 id\u0151pontja: 2024. j\u00falius 13. szombat, 18.00 \u00f3ra.<\/span><\/strong><\/h2><h3><span style=\"color: var(--ast-global-color-2); font-size: 2rem; font-style: inherit; letter-spacing: 0px; background-color: var(--ast-global-color-4);\">Miut\u00e1n elk\u00fcldted sz\u00e1momra a regisztr\u00e1ci\u00f3s lapot, r\u00f6vid id\u0151n bel\u00fcl felveszem veled a kapcsolatot, \u00e9s k\u00fcld\u00f6m a google meet linkj\u00e9t.<\/span><\/h3>\t\t\t\t\t\t\t\t<\/div>\n\t\t\t\t<\/div>\n\t\t\t\t\t<\/div>\n\t\t<\/div>\n\t\t\t\t\t<\/div>\n\t\t<\/section>\n\t\t\t\t<section class=\"elementor-section elementor-top-section elementor-element elementor-element-b513f05 elementor-section-boxed elementor-section-height-default elementor-section-height-default\" data-id=\"b513f05\" data-element_type=\"section\" data-e-type=\"section\">\n\t\t\t\t\t\t<div class=\"elementor-container elementor-column-gap-wide\">\n\t\t\t\t\t<div class=\"elementor-column elementor-col-50 elementor-top-column elementor-element elementor-element-3b2597f2\" data-id=\"3b2597f2\" data-element_type=\"column\" data-e-type=\"column\">\n\t\t\t<div class=\"elementor-widget-wrap elementor-element-populated\">\n\t\t\t\t\t\t<div class=\"elementor-element elementor-element-4195e0fb elementor-widget elementor-widget-text-editor\" data-id=\"4195e0fb\" data-element_type=\"widget\" data-e-type=\"widget\" data-widget_type=\"text-editor.default\">\n\t\t\t\t<div class=\"elementor-widget-container\">\n\t\t\t\t\t\t\t\t\t<p style=\"text-align: center;\"><span style=\"vertical-align: inherit; color: #99cc00;\"><span style=\"vertical-align: inherit;\">A K\u00d6NYV<\/span><\/span><\/p>\n<h5 style=\"text-align: center;\">Ki ne szeretne m\u00e9g egy cip\u0151t? Kedves h\u00f6lgy t\u00e1rsaim, Ti, akik minden \u00e9vszakban szeretitek a harmonikus \u00f6lt\u00f6zk\u00f6d\u00e9st; vagy uraim, akik keresitek AZT a k\u00e9nyelmes l\u00e1bbelit, melyben mindig remek\u00fcl \u00e9rzitek magatokat! Mi\u00e9rt ne k\u00e9sz\u00edthetn\u00e9nk el magunknak?<\/h5>\n<p style=\"font-size: 16px; font-style: normal; font-weight: 400;\">N\u00e9h\u00e1ny \u00e9vvel ezel\u0151tt, amikor el\u0151sz\u00f6r tal\u00e1lkoztam a nemezl\u00e1bbelik k\u00e9sz\u00edt\u00e9s\u00e9vel, azonnal elvar\u00e1zsolt ez a m\u0171faj. Az\u00f3ta szenved\u00e9lyemm\u00e9 v\u00e1lt. Este nemezcip\u0151kkel a fejemben alszom el \u00e9s reggel \u00fagy \u00e9bredek, hogy m\u00e1r l\u00e1tom magam el\u0151tt a meg\u00e1lmodott cip\u0151k megval\u00f3s\u00edt\u00e1s\u00e1nak m\u00f3dj\u00e1t.<\/p>\n<p style=\"font-size: 16px; font-style: normal; font-weight: 400;\">Elkezdtem egy id\u0151 ut\u00e1n rendszerezni a nemezl\u00e1bbelikkel kapcsolatos tud\u00e1st, \u00e9s egy id\u0151 ut\u00e1n oly nagyra n\u0151tt az anyag, hogy elhat\u00e1roztam, k\u00f6zkinccs\u00e9 teszem. Hiszen a tud\u00e1s akkor az igazi, ha megosztjuk azt m\u00e1sokkal.<\/p>\n<p style=\"font-size: 16px; font-style: normal; font-weight: 400;\">Ez a k\u00f6nyv egy gyakorlati \u00fatmutat\u00f3. Az \u00e1ltal\u00e1nos nemezcip\u0151 k\u00e9sz\u00edt\u0151 fejezetek ut\u00e1n bemutatom 9 l\u00e1bbeli elk\u00e9sz\u00edt\u00e9s\u00e9t.&nbsp;<\/p>\n<p style=\"font-size: 16px; font-style: normal; font-weight: 400;\">Miel\u0151tt belev\u00e1gn\u00e1nk valamely l\u00e1bbeli elk\u00e9sz\u00edt\u00e9s\u00e9be, \u00e9rdemes azokat a fejezeteket elolvasni, ahol a nemezl\u00e1bbeli k\u00e9sz\u00edt\u00e9s alapjait, \u00e1ltal\u00e1noss\u00e1gait r\u00e9szletezem, hogy ut\u00e1na g\u00f6rd\u00fcl\u00e9kenyen menjen a munka.<\/p>\t\t\t\t\t\t\t\t<\/div>\n\t\t\t\t<\/div>\n\t\t\t\t\t<\/div>\n\t\t<\/div>\n\t\t\t\t<div class=\"elementor-column elementor-col-50 elementor-top-column elementor-element elementor-element-23701937\" data-id=\"23701937\" data-element_type=\"column\" data-e-type=\"column\">\n\t\t\t<div class=\"elementor-widget-wrap elementor-element-populated\">\n\t\t\t\t\t\t<div class=\"elementor-element elementor-element-7f280a4d elementor-cta--valign-bottom elementor-cta--layout-image-above elementor-widget__width-initial elementor-cta--skin-classic elementor-animated-content elementor-bg-transform elementor-bg-transform-zoom-in elementor-widget elementor-widget-call-to-action\" data-id=\"7f280a4d\" data-element_type=\"widget\" data-e-type=\"widget\" data-widget_type=\"call-to-action.default\">\n\t\t\t\t<div class=\"elementor-widget-container\">\n\t\t\t\t\t\t\t<div class=\"elementor-cta\">\n\t\t\t\t\t<div class=\"elementor-cta__bg-wrapper\">\n\t\t\t\t<div class=\"elementor-cta__bg elementor-bg\" style=\"background-image: url(https:\/\/tunderiportekak.hu\/wp-content\/uploads\/2024\/01\/Cimlap.jpg);\" role=\"img\" aria-label=\"C\u00edmlap\"><\/div>\n\t\t\t\t<div class=\"elementor-cta__bg-overlay\"><\/div>\n\t\t\t<\/div>\n\t\t\t\t\t\t\t<div class=\"elementor-cta__content\">\n\t\t\t\t\n\t\t\t\t\t\t\t\t\t<h1 class=\"elementor-cta__title elementor-cta__content-item elementor-content-item\">\n\t\t\t\t\t\tM\u00e1r kaphat\u00f3!\t\t\t\t\t<\/h1>\n\t\t\t\t\n\t\t\t\t\n\t\t\t\t\t\t\t\t\t<div class=\"elementor-cta__button-wrapper elementor-cta__content-item elementor-content-item \">\n\t\t\t\t\t<a class=\"elementor-cta__button elementor-button elementor-size-lg\" href=\"https:\/\/tunderiportekak.hu\/termek\/nemezlabbelik-konnyu-nyari-napokra-atmeneti-huvos-idore-es-otthoni-hasznalatra\/\">\n\t\t\t\t\t\tv\u00e1s\u00e1rl\u00e1s\t\t\t\t\t<\/a>\n\t\t\t\t\t<\/div>\n\t\t\t\t\t\t\t<\/div>\n\t\t\t\t\t\t\t<div class=\"elementor-ribbon\">\n\t\t\t\t<div class=\"elementor-ribbon-inner\">\n\t\t\t\t\tHamarosan\t\t\t\t<\/div>\n\t\t\t<\/div>\n\t\t\t\t<\/div>\n\t\t\t\t\t\t<\/div>\n\t\t\t\t<\/div>\n\t\t\t\t\t<\/div>\n\t\t<\/div>\n\t\t\t\t\t<\/div>\n\t\t<\/section>\n\t\t\t\t<\/div>\n\t\t","protected":false},"excerpt":{"rendered":"<p>Regisztr\u00e1ci\u00f3s lap az online k\u00f6nyvbemutat\u00f3hoz\u00a0 \u00a0 Az online k\u00f6nyvbemutat\u00f3 id\u0151pontja: 2024. j\u00falius 13. szombat, 18.00 \u00f3ra. Miut\u00e1n elk\u00fcldted sz\u00e1momra a regisztr\u00e1ci\u00f3s lapot, r\u00f6vid id\u0151n bel\u00fcl felveszem veled a kapcsolatot, \u00e9s k\u00fcld\u00f6m a google meet linkj\u00e9t. A K\u00d6NYV Ki ne szeretne m\u00e9g egy cip\u0151t? Kedves h\u00f6lgy t\u00e1rsaim, Ti, akik minden \u00e9vszakban szeretitek a harmonikus \u00f6lt\u00f6zk\u00f6d\u00e9st; vagy [&hellip;]<\/p>\n","protected":false},"author":1,"featured_media":0,"parent":0,"menu_order":0,"comment_status":"closed","ping_status":"closed","template":"","meta":{"site-sidebar-layout":"no-sidebar","site-content-layout":"page-builder","ast-site-content-layout":"full-width-container","site-content-style":"default","site-sidebar-style":"default","ast-global-header-display":"","ast-banner-title-visibility":"","ast-main-header-display":"","ast-hfb-above-header-display":"","ast-hfb-below-header-display":"","ast-hfb-mobile-header-display":"","site-post-title":"disabled","ast-breadcrumbs-content":"","ast-featured-img":"disabled","footer-sml-layout":"","ast-disable-related-posts":"","theme-transparent-header-meta":"","adv-header-id-meta":"","stick-header-meta":"","header-above-stick-meta":"","header-main-stick-meta":"","header-below-stick-meta":"","astra-migrate-meta-layouts":"set","ast-page-background-enabled":"default","ast-page-background-meta":{"desktop":{"background-color":"","background-image":"","background-repeat":"repeat","background-position":"center center","background-size":"auto","background-attachment":"scroll","background-type":"","background-media":"","overlay-type":"","overlay-color":"","overlay-opacity":"","overlay-gradient":""},"tablet":{"background-color":"","background-image":"","background-repeat":"repeat","background-position":"center center","background-size":"auto","background-attachment":"scroll","background-type":"","background-media":"","overlay-type":"","overlay-color":"","overlay-opacity":"","overlay-gradient":""},"mobile":{"background-color":"","background-image":"","background-repeat":"repeat","background-position":"center center","background-size":"auto","background-attachment":"scroll","background-type":"","background-media":"","overlay-type":"","overlay-color":"","overlay-opacity":"","overlay-gradient":""}},"ast-content-background-meta":{"desktop":{"background-color":"var(--ast-global-color-5)","background-image":"","background-repeat":"repeat","background-position":"center center","background-size":"auto","background-attachment":"scroll","background-type":"","background-media":"","overlay-type":"","overlay-color":"","overlay-opacity":"","overlay-gradient":""},"tablet":{"background-color":"var(--ast-global-color-5)","background-image":"","background-repeat":"repeat","background-position":"center center","background-size":"auto","background-attachment":"scroll","background-type":"","background-media":"","overlay-type":"","overlay-color":"","overlay-opacity":"","overlay-gradient":""},"mobile":{"background-color":"var(--ast-global-color-5)","background-image":"","background-repeat":"repeat","background-position":"center center","background-size":"auto","background-attachment":"scroll","background-type":"","background-media":"","overlay-type":"","overlay-color":"","overlay-opacity":"","overlay-gradient":""}},"footnotes":""},"class_list":["post-4017","page","type-page","status-publish","hentry"],"yoast_head":"<!-- This site is optimized with the Yoast SEO Premium plugin v27.3 (Yoast SEO v27.3) - https:\/\/yoast.com\/product\/yoast-seo-premium-wordpress\/ -->\n<title>Regisztr\u00e1ci\u00f3s lap -<\/title>\n<meta name=\"robots\" content=\"index, follow, max-snippet:-1, max-image-preview:large, max-video-preview:-1\" \/>\n<link rel=\"canonical\" href=\"https:\/\/tunderiportekak.hu\/de\/regisztracios-lap\/\" \/>\n<meta property=\"og:locale\" content=\"de_DE\" \/>\n<meta property=\"og:type\" content=\"article\" \/>\n<meta property=\"og:title\" content=\"Regisztr\u00e1ci\u00f3s lap\" \/>\n<meta property=\"og:description\" content=\"Regisztr\u00e1ci\u00f3s lap az online k\u00f6nyvbemutat\u00f3hoz\u00a0 \u00a0 Az online k\u00f6nyvbemutat\u00f3 id\u0151pontja: 2024. j\u00falius 13. szombat, 18.00 \u00f3ra. Miut\u00e1n elk\u00fcldted sz\u00e1momra a regisztr\u00e1ci\u00f3s lapot, r\u00f6vid id\u0151n bel\u00fcl felveszem veled a kapcsolatot, \u00e9s k\u00fcld\u00f6m a google meet linkj\u00e9t. A K\u00d6NYV Ki ne szeretne m\u00e9g egy cip\u0151t? Kedves h\u00f6lgy t\u00e1rsaim, Ti, akik minden \u00e9vszakban szeretitek a harmonikus \u00f6lt\u00f6zk\u00f6d\u00e9st; vagy [&hellip;]\" \/>\n<meta property=\"og:url\" content=\"https:\/\/tunderiportekak.hu\/de\/regisztracios-lap\/\" \/>\n<meta property=\"article:modified_time\" content=\"2024-07-07T10:09:14+00:00\" \/>\n<meta name=\"twitter:card\" content=\"summary_large_image\" \/>\n<meta name=\"twitter:label1\" content=\"Gesch\u00e4tzte Lesezeit\" \/>\n\t<meta name=\"twitter:data1\" content=\"2\u00a0Minuten\" \/>\n<script type=\"application\/ld+json\" class=\"yoast-schema-graph\">{\"@context\":\"https:\\\/\\\/schema.org\",\"@graph\":[{\"@type\":\"WebPage\",\"@id\":\"https:\\\/\\\/tunderiportekak.hu\\\/regisztracios-lap\\\/\",\"url\":\"https:\\\/\\\/tunderiportekak.hu\\\/regisztracios-lap\\\/\",\"name\":\"Regisztr\u00e1ci\u00f3s lap -\",\"isPartOf\":{\"@id\":\"https:\\\/\\\/tunderiportekak.hu\\\/#website\"},\"datePublished\":\"2024-07-07T10:05:30+00:00\",\"dateModified\":\"2024-07-07T10:09:14+00:00\",\"breadcrumb\":{\"@id\":\"https:\\\/\\\/tunderiportekak.hu\\\/regisztracios-lap\\\/#breadcrumb\"},\"inLanguage\":\"de\",\"potentialAction\":[{\"@type\":\"ReadAction\",\"target\":[\"https:\\\/\\\/tunderiportekak.hu\\\/regisztracios-lap\\\/\"]}]},{\"@type\":\"BreadcrumbList\",\"@id\":\"https:\\\/\\\/tunderiportekak.hu\\\/regisztracios-lap\\\/#breadcrumb\",\"itemListElement\":[{\"@type\":\"ListItem\",\"position\":1,\"name\":\"Home\",\"item\":\"https:\\\/\\\/tunderiportekak.hu\\\/\"},{\"@type\":\"ListItem\",\"position\":2,\"name\":\"Regisztr\u00e1ci\u00f3s lap\"}]},{\"@type\":\"WebSite\",\"@id\":\"https:\\\/\\\/tunderiportekak.hu\\\/#website\",\"url\":\"https:\\\/\\\/tunderiportekak.hu\\\/\",\"name\":\"\",\"description\":\"Nemezcip\u0151 k\u00e9sz\u00edt\u0151 \u00e9lm\u00e9nyprogramok\",\"potentialAction\":[{\"@type\":\"SearchAction\",\"target\":{\"@type\":\"EntryPoint\",\"urlTemplate\":\"https:\\\/\\\/tunderiportekak.hu\\\/?s={search_term_string}\"},\"query-input\":{\"@type\":\"PropertyValueSpecification\",\"valueRequired\":true,\"valueName\":\"search_term_string\"}}],\"inLanguage\":\"de\"}]}<\/script>\n<!-- \/ Yoast SEO Premium plugin. -->","yoast_head_json":{"title":"Regisztr\u00e1ci\u00f3s lap -","robots":{"index":"index","follow":"follow","max-snippet":"max-snippet:-1","max-image-preview":"max-image-preview:large","max-video-preview":"max-video-preview:-1"},"canonical":"https:\/\/tunderiportekak.hu\/de\/regisztracios-lap\/","og_locale":"de_DE","og_type":"article","og_title":"Regisztr\u00e1ci\u00f3s lap","og_description":"Regisztr\u00e1ci\u00f3s lap az online k\u00f6nyvbemutat\u00f3hoz\u00a0 \u00a0 Az online k\u00f6nyvbemutat\u00f3 id\u0151pontja: 2024. j\u00falius 13. szombat, 18.00 \u00f3ra. Miut\u00e1n elk\u00fcldted sz\u00e1momra a regisztr\u00e1ci\u00f3s lapot, r\u00f6vid id\u0151n bel\u00fcl felveszem veled a kapcsolatot, \u00e9s k\u00fcld\u00f6m a google meet linkj\u00e9t. A K\u00d6NYV Ki ne szeretne m\u00e9g egy cip\u0151t? Kedves h\u00f6lgy t\u00e1rsaim, Ti, akik minden \u00e9vszakban szeretitek a harmonikus \u00f6lt\u00f6zk\u00f6d\u00e9st; vagy [&hellip;]","og_url":"https:\/\/tunderiportekak.hu\/de\/regisztracios-lap\/","article_modified_time":"2024-07-07T10:09:14+00:00","twitter_card":"summary_large_image","twitter_misc":{"Gesch\u00e4tzte Lesezeit":"2\u00a0Minuten"},"schema":{"@context":"https:\/\/schema.org","@graph":[{"@type":"WebPage","@id":"https:\/\/tunderiportekak.hu\/regisztracios-lap\/","url":"https:\/\/tunderiportekak.hu\/regisztracios-lap\/","name":"Regisztr\u00e1ci\u00f3s lap -","isPartOf":{"@id":"https:\/\/tunderiportekak.hu\/#website"},"datePublished":"2024-07-07T10:05:30+00:00","dateModified":"2024-07-07T10:09:14+00:00","breadcrumb":{"@id":"https:\/\/tunderiportekak.hu\/regisztracios-lap\/#breadcrumb"},"inLanguage":"de","potentialAction":[{"@type":"ReadAction","target":["https:\/\/tunderiportekak.hu\/regisztracios-lap\/"]}]},{"@type":"BreadcrumbList","@id":"https:\/\/tunderiportekak.hu\/regisztracios-lap\/#breadcrumb","itemListElement":[{"@type":"ListItem","position":1,"name":"Home","item":"https:\/\/tunderiportekak.hu\/"},{"@type":"ListItem","position":2,"name":"Regisztr\u00e1ci\u00f3s lap"}]},{"@type":"WebSite","@id":"https:\/\/tunderiportekak.hu\/#website","url":"https:\/\/tunderiportekak.hu\/","name":"","description":"Erlebnisprogramme Filzschuhherstellung","potentialAction":[{"@type":"SearchAction","target":{"@type":"EntryPoint","urlTemplate":"https:\/\/tunderiportekak.hu\/?s={search_term_string}"},"query-input":{"@type":"PropertyValueSpecification","valueRequired":true,"valueName":"search_term_string"}}],"inLanguage":"de"}]}},"_links":{"self":[{"href":"https:\/\/tunderiportekak.hu\/de\/wp-json\/wp\/v2\/pages\/4017","targetHints":{"allow":["GET"]}}],"collection":[{"href":"https:\/\/tunderiportekak.hu\/de\/wp-json\/wp\/v2\/pages"}],"about":[{"href":"https:\/\/tunderiportekak.hu\/de\/wp-json\/wp\/v2\/types\/page"}],"author":[{"embeddable":true,"href":"https:\/\/tunderiportekak.hu\/de\/wp-json\/wp\/v2\/users\/1"}],"replies":[{"embeddable":true,"href":"https:\/\/tunderiportekak.hu\/de\/wp-json\/wp\/v2\/comments?post=4017"}],"version-history":[{"count":8,"href":"https:\/\/tunderiportekak.hu\/de\/wp-json\/wp\/v2\/pages\/4017\/revisions"}],"predecessor-version":[{"id":4034,"href":"https:\/\/tunderiportekak.hu\/de\/wp-json\/wp\/v2\/pages\/4017\/revisions\/4034"}],"wp:attachment":[{"href":"https:\/\/tunderiportekak.hu\/de\/wp-json\/wp\/v2\/media?parent=4017"}],"curies":[{"name":"wp","href":"https:\/\/api.w.org\/{rel}","templated":true}]}}