{"id":3179,"date":"2024-01-12T12:49:15","date_gmt":"2024-01-12T12:49:15","guid":{"rendered":"https:\/\/shop.tunderiportekak.hu\/?page_id=3179"},"modified":"2024-01-12T13:18:15","modified_gmt":"2024-01-12T13:18:15","slug":"rolam","status":"publish","type":"page","link":"https:\/\/tunderiportekak.hu\/de\/rolam\/","title":{"rendered":"R\u00f3lam"},"content":{"rendered":"<div data-elementor-type=\"wp-page\" data-elementor-id=\"3179\" class=\"elementor elementor-3179\" data-elementor-post-type=\"page\">\n\t\t\t\t\t\t<section class=\"elementor-section elementor-top-section elementor-element elementor-element-5efbb61f elementor-section-boxed elementor-section-height-default elementor-section-height-default\" data-id=\"5efbb61f\" data-element_type=\"section\" data-e-type=\"section\">\n\t\t\t\t\t\t<div class=\"elementor-container elementor-column-gap-wide\">\n\t\t\t\t\t<div class=\"elementor-column elementor-col-50 elementor-top-column elementor-element elementor-element-2e2f2dc3\" data-id=\"2e2f2dc3\" data-element_type=\"column\" data-e-type=\"column\">\n\t\t\t<div class=\"elementor-widget-wrap elementor-element-populated\">\n\t\t\t\t\t\t<div class=\"elementor-element elementor-element-51baaa04 elementor-widget elementor-widget-text-editor\" data-id=\"51baaa04\" data-element_type=\"widget\" data-e-type=\"widget\" data-widget_type=\"text-editor.default\">\n\t\t\t\t<div class=\"elementor-widget-container\">\n\t\t\t\t\t\t\t\t\t<p style=\"margin-bottom: 12pt; line-height: normal;\"><span style=\"font-size: 14.0pt; font-family: 'Times New Roman',serif; mso-fareast-font-family: 'Times New Roman'; mso-fareast-language: HU;\">Ich bin M\u00f3nika Szabolcsi, eine Filzmacherin, aber mein gr\u00f6\u00dftes Interesse gilt der Herstellung von Filzschuhen. Es ist f\u00fcr mich sehr wichtig, das Wissen weiterzugeben und die traditionellen Techniken f\u00fcr die n\u00e4chsten Generationen zu bewahren.<\/span><\/p><p style=\"margin-bottom: 12pt; line-height: normal;\"><span style=\"font-size: 14.0pt; font-family: 'Times New Roman',serif; mso-fareast-font-family: 'Times New Roman'; mso-fareast-language: HU;\">F\u00fcr mich begann das Filzen als Hobby, das sich zu einer Liebe zum Schaffen entwickelte, sp\u00e4ter zur Kunst des Gestaltens, und jetzt ist es zu einer Leidenschaft geworden. Filzen ist ein st\u00e4ndiges Lernen, Wissen erweitern, experimentieren. Filz ist eine M\u00f6glichkeit. Das Wunderbare an Filz ist, dass man damit alles machen kann, sei es ein Kinderspielzeug, eine Tasche, ein Kleidungsst\u00fcck, ein Accessoire oder sogar Schuhe. So ist man st\u00e4ndig dabei, die Filzm\u00f6glichkeiten zu durchst\u00f6bern und nat\u00fcrlich alles auszuprobieren. In der Berufsausbildung des Hauses der Traditionen lernte ich die grundlegenden Techniken, traditionelle Formen und Muster. Wann immer ich konnte, ging ich zu Meistern im In- und Ausland, von denen ich viel gelernt habe: Bea N\u00e9meth , Mih\u00e1ly Vetr\u00f3, Istv\u00e1n Vid\u00e1k, Mari Nagy, Judit P\u00f3cs, Viktoria und Szergej Zsezsera, M\u00e1rti Csille, Nadia Szab\u00f3, Gabriella Kov\u00e1cs, Erika Kosty\u00e1l und Corinna Nitschmann.<\/span><\/p><p style=\"margin-bottom: 12pt; line-height: normal;\"><span style=\"font-size: 14.0pt; font-family: 'Times New Roman',serif; mso-fareast-font-family: 'Times New Roman'; mso-fareast-language: HU;\">Ich hatte auch die Gelegenheit, modernere Techniken kennenzulernen, aber die gr\u00f6\u00dfte Katharsis war f\u00fcr mich die Stiefelherstellung. Ich traf meine ukrainischen Ausbilder zum ersten Mal im Januar 2017 und sie f\u00fchrten mich in die Herstellung von Schuhen, Stiefeln und Schn\u00fcrtiefel aus Filz ein. Die Stiefel - die ich seitdem im Winter trage - sind fantastisch, weil sie Gummisohlen haben, so dass sie bei nassem Wetter in der Stadt isoliert und warm sind. Das ist besonders praktisch f\u00fcr Menschen, deren Fu\u00dfform aus irgendeinem Grund vom Durchschnitt abweicht, denn in diesem Fall filzt man die Schuhe direkt auf den Fu\u00df des Modells. <\/span><\/p><p><span style=\"font-size: 14.0pt; font-family: 'Times New Roman',serif; mso-fareast-font-family: 'Times New Roman'; mso-fareast-language: HU;\">Es dauert mindestens eine Woche, um ein Paar Filzschuhe herzustellen, nicht nur wegen der L\u00e4nge der Arbeit, sondern auch wegen der wichtigen Trocknungszeit (man kann die Sohle nur auf trockene Filzschuhe n\u00e4hen). Ich lege gro\u00dfen Wert auf das Design. Die Benutzerfreundlichkeit und die \u00c4sthetik der Filzschuhe sind mir sehr wichtig. Und das Wichtigste ist, dass diese beiden Dinge im Einklang miteinander stehen. <\/span><\/p><p><span style=\"font-size: 14.0pt; font-family: 'Times New Roman',serif; mso-fareast-font-family: 'Times New Roman'; mso-fareast-language: HU;\">Ausstellungen<\/span><\/p><p><span style=\"font-size: 14.0pt; font-family: 'Times New Roman',serif; mso-fareast-font-family: 'Times New Roman'; mso-fareast-language: HU;\">In den letzten Jahren wurden meine Filzobjekte im Museum f\u00fcr Volkskunst und Handwerk in der Ausstellung \"Vom Spielzeug bis zum Handwerk \" ausgestellt, und ich war Einzelausstellerin im Lokal \"Ersatzschl\u00fcssel\", wo der Schwerpunkt auf weiblicher Vielfalt und weiblichen Symbolen auf Filzobjekten lag. Einige meiner Arbeiten wurden f\u00fcr eine Wanderausstellung nach Serbien gebracht, die vom Haus der Traditionen als Teil eines Programms zur F\u00f6rderung des Handwerks organisiert wurde. Ich habe auch mehrmals am Fest des Handwerks teilgenommen, indem ich ein Volksspielhaus betrieben und Handwerksvorf\u00fchrungen gegeben habe. Einige meiner Arbeiten waren in der Ausstellung \"Handgemache Meisterwerke, Nationaler Salon\" in der Kunsthalle, und zuletzt in der\u00a0<span style=\"color: #1c1e21; background: white;\">XVII. Nationalen Ausstellung f\u00fcr Volkskunst, Mittelungarische Regionalausstellung, im Schloss Zichy, Zs\u00e1mb\u00e9k, und im Haus der Traditionen bei der Ausstellung \"Lebendige Volkskunst\".<\/span><\/span><\/p>\t\t\t\t\t\t\t\t<\/div>\n\t\t\t\t<\/div>\n\t\t\t\t\t<\/div>\n\t\t<\/div>\n\t\t\t\t<div class=\"elementor-column elementor-col-50 elementor-top-column elementor-element elementor-element-53bca77a\" data-id=\"53bca77a\" data-element_type=\"column\" data-e-type=\"column\">\n\t\t\t<div class=\"elementor-widget-wrap elementor-element-populated\">\n\t\t\t\t\t\t<div class=\"elementor-element elementor-element-17ec289 elementor-cta--skin-classic elementor-animated-content elementor-bg-transform elementor-bg-transform-zoom-in elementor-widget elementor-widget-call-to-action\" data-id=\"17ec289\" data-element_type=\"widget\" data-e-type=\"widget\" data-widget_type=\"call-to-action.default\">\n\t\t\t\t<div class=\"elementor-widget-container\">\n\t\t\t\t\t\t\t<div class=\"elementor-cta\">\n\t\t\t\t\t<div class=\"elementor-cta__bg-wrapper\">\n\t\t\t\t<div class=\"elementor-cta__bg elementor-bg\" style=\"background-image: url(https:\/\/tunderiportekak.hu\/wp-content\/uploads\/2024\/01\/Portre.jpg);\" role=\"img\" aria-label=\"Portr\u00e9\"><\/div>\n\t\t\t\t<div class=\"elementor-cta__bg-overlay\"><\/div>\n\t\t\t<\/div>\n\t\t\t\t\t\t\t<div class=\"elementor-cta__content\">\n\t\t\t\t\n\t\t\t\t\n\t\t\t\t\t\t\t\t\t<div class=\"elementor-cta__description elementor-cta__content-item elementor-content-item\">\n\t\t\t\t\t\tHerzlich Willkommen zu einem Erlebniskurs nach eigener Wahl\t\t\t\t\t<\/div>\n\t\t\t\t\n\t\t\t\t\t\t\t\t\t<div class=\"elementor-cta__button-wrapper elementor-cta__content-item elementor-content-item\">\n\t\t\t\t\t<a class=\"elementor-cta__button elementor-button elementor-size-\" href=\"\/de\/idopontok\/\">\n\t\t\t\t\t\tTermine\t\t\t\t\t<\/a>\n\t\t\t\t\t<\/div>\n\t\t\t\t\t\t\t<\/div>\n\t\t\t\t\t\t<\/div>\n\t\t\t\t\t\t<\/div>\n\t\t\t\t<\/div>\n\t\t\t\t\t<\/div>\n\t\t<\/div>\n\t\t\t\t\t<\/div>\n\t\t<\/section>\n\t\t\t\t<\/div>","protected":false},"excerpt":{"rendered":"<p>Szabolcsi M\u00f3nika vagyok, nemezk\u00e9sz\u00edt\u0151, de legkin\u00e1bb nemezl\u00e1bbelik k\u00e9sz\u00edt\u00e9s\u00e9vel foglalkozom. Nagyon fontos sz\u00e1momra a tud\u00e1s \u00e1tad\u00e1sa, a hagyom\u00e1nyos technik\u00e1k meg\u0151rz\u00e9se a k\u00f6vetkez\u0151 nemzed\u00e9kek r\u00e9sz\u00e9re. Sz\u00e1momra a nemezk\u00e9sz\u00edt\u00e9s hobbik\u00e9nt indult, amelyb\u0151l kialakult az alkot\u00e1s szeretete, k\u00e9s\u0151bb az alkot\u00e1s m\u0171v\u00e9szete, m\u00e1ra pedig szenved\u00e9lyemm\u00e9 v\u00e1lt. A nemezk\u00e9sz\u00edt\u00e9s folyamatos tanul\u00e1s, a tud\u00e1s b\u0151v\u00edt\u00e9se, k\u00eds\u00e9rletez\u00e9s. A nemez, maga a lehet\u0151s\u00e9g. Csod\u00e1ja [&hellip;]<\/p>\n","protected":false},"author":1,"featured_media":0,"parent":0,"menu_order":0,"comment_status":"closed","ping_status":"closed","template":"","meta":{"site-sidebar-layout":"no-sidebar","site-content-layout":"page-builder","ast-site-content-layout":"full-width-container","site-content-style":"default","site-sidebar-style":"default","ast-global-header-display":"","ast-banner-title-visibility":"","ast-main-header-display":"","ast-hfb-above-header-display":"","ast-hfb-below-header-display":"","ast-hfb-mobile-header-display":"","site-post-title":"disabled","ast-breadcrumbs-content":"","ast-featured-img":"disabled","footer-sml-layout":"","ast-disable-related-posts":"","theme-transparent-header-meta":"","adv-header-id-meta":"","stick-header-meta":"","header-above-stick-meta":"","header-main-stick-meta":"","header-below-stick-meta":"","astra-migrate-meta-layouts":"set","ast-page-background-enabled":"default","ast-page-background-meta":{"desktop":{"background-color":"","background-image":"","background-repeat":"repeat","background-position":"center center","background-size":"auto","background-attachment":"scroll","background-type":"","background-media":"","overlay-type":"","overlay-color":"","overlay-opacity":"","overlay-gradient":""},"tablet":{"background-color":"","background-image":"","background-repeat":"repeat","background-position":"center center","background-size":"auto","background-attachment":"scroll","background-type":"","background-media":"","overlay-type":"","overlay-color":"","overlay-opacity":"","overlay-gradient":""},"mobile":{"background-color":"","background-image":"","background-repeat":"repeat","background-position":"center center","background-size":"auto","background-attachment":"scroll","background-type":"","background-media":"","overlay-type":"","overlay-color":"","overlay-opacity":"","overlay-gradient":""}},"ast-content-background-meta":{"desktop":{"background-color":"var(--ast-global-color-5)","background-image":"","background-repeat":"repeat","background-position":"center center","background-size":"auto","background-attachment":"scroll","background-type":"","background-media":"","overlay-type":"","overlay-color":"","overlay-opacity":"","overlay-gradient":""},"tablet":{"background-color":"var(--ast-global-color-5)","background-image":"","background-repeat":"repeat","background-position":"center center","background-size":"auto","background-attachment":"scroll","background-type":"","background-media":"","overlay-type":"","overlay-color":"","overlay-opacity":"","overlay-gradient":""},"mobile":{"background-color":"var(--ast-global-color-5)","background-image":"","background-repeat":"repeat","background-position":"center center","background-size":"auto","background-attachment":"scroll","background-type":"","background-media":"","overlay-type":"","overlay-color":"","overlay-opacity":"","overlay-gradient":""}},"footnotes":""},"class_list":["post-3179","page","type-page","status-publish","hentry"],"yoast_head":"<!-- This site is optimized with the Yoast SEO Premium plugin v27.3 (Yoast SEO v27.3) - https:\/\/yoast.com\/product\/yoast-seo-premium-wordpress\/ -->\n<title>R\u00f3lam -<\/title>\n<meta name=\"robots\" content=\"index, follow, max-snippet:-1, max-image-preview:large, max-video-preview:-1\" \/>\n<link rel=\"canonical\" href=\"https:\/\/tunderiportekak.hu\/de\/rolam\/\" \/>\n<meta property=\"og:locale\" content=\"de_DE\" \/>\n<meta property=\"og:type\" content=\"article\" \/>\n<meta property=\"og:title\" content=\"R\u00f3lam\" \/>\n<meta property=\"og:description\" content=\"Szabolcsi M\u00f3nika vagyok, nemezk\u00e9sz\u00edt\u0151, de legkin\u00e1bb nemezl\u00e1bbelik k\u00e9sz\u00edt\u00e9s\u00e9vel foglalkozom. Nagyon fontos sz\u00e1momra a tud\u00e1s \u00e1tad\u00e1sa, a hagyom\u00e1nyos technik\u00e1k meg\u0151rz\u00e9se a k\u00f6vetkez\u0151 nemzed\u00e9kek r\u00e9sz\u00e9re. Sz\u00e1momra a nemezk\u00e9sz\u00edt\u00e9s hobbik\u00e9nt indult, amelyb\u0151l kialakult az alkot\u00e1s szeretete, k\u00e9s\u0151bb az alkot\u00e1s m\u0171v\u00e9szete, m\u00e1ra pedig szenved\u00e9lyemm\u00e9 v\u00e1lt. A nemezk\u00e9sz\u00edt\u00e9s folyamatos tanul\u00e1s, a tud\u00e1s b\u0151v\u00edt\u00e9se, k\u00eds\u00e9rletez\u00e9s. A nemez, maga a lehet\u0151s\u00e9g. Csod\u00e1ja [&hellip;]\" \/>\n<meta property=\"og:url\" content=\"https:\/\/tunderiportekak.hu\/de\/rolam\/\" \/>\n<meta property=\"article:modified_time\" content=\"2024-01-12T13:18:15+00:00\" \/>\n<meta name=\"twitter:card\" content=\"summary_large_image\" \/>\n<meta name=\"twitter:label1\" content=\"Gesch\u00e4tzte Lesezeit\" \/>\n\t<meta name=\"twitter:data1\" content=\"3\u00a0Minuten\" \/>\n<script type=\"application\/ld+json\" class=\"yoast-schema-graph\">{\"@context\":\"https:\\\/\\\/schema.org\",\"@graph\":[{\"@type\":\"WebPage\",\"@id\":\"https:\\\/\\\/tunderiportekak.hu\\\/rolam\\\/\",\"url\":\"https:\\\/\\\/tunderiportekak.hu\\\/rolam\\\/\",\"name\":\"R\u00f3lam -\",\"isPartOf\":{\"@id\":\"https:\\\/\\\/tunderiportekak.hu\\\/#website\"},\"datePublished\":\"2024-01-12T12:49:15+00:00\",\"dateModified\":\"2024-01-12T13:18:15+00:00\",\"breadcrumb\":{\"@id\":\"https:\\\/\\\/tunderiportekak.hu\\\/rolam\\\/#breadcrumb\"},\"inLanguage\":\"de\",\"potentialAction\":[{\"@type\":\"ReadAction\",\"target\":[\"https:\\\/\\\/tunderiportekak.hu\\\/rolam\\\/\"]}]},{\"@type\":\"BreadcrumbList\",\"@id\":\"https:\\\/\\\/tunderiportekak.hu\\\/rolam\\\/#breadcrumb\",\"itemListElement\":[{\"@type\":\"ListItem\",\"position\":1,\"name\":\"Home\",\"item\":\"https:\\\/\\\/tunderiportekak.hu\\\/\"},{\"@type\":\"ListItem\",\"position\":2,\"name\":\"R\u00f3lam\"}]},{\"@type\":\"WebSite\",\"@id\":\"https:\\\/\\\/tunderiportekak.hu\\\/#website\",\"url\":\"https:\\\/\\\/tunderiportekak.hu\\\/\",\"name\":\"\",\"description\":\"Nemezcip\u0151 k\u00e9sz\u00edt\u0151 \u00e9lm\u00e9nyprogramok\",\"potentialAction\":[{\"@type\":\"SearchAction\",\"target\":{\"@type\":\"EntryPoint\",\"urlTemplate\":\"https:\\\/\\\/tunderiportekak.hu\\\/?s={search_term_string}\"},\"query-input\":{\"@type\":\"PropertyValueSpecification\",\"valueRequired\":true,\"valueName\":\"search_term_string\"}}],\"inLanguage\":\"de\"}]}<\/script>\n<!-- \/ Yoast SEO Premium plugin. -->","yoast_head_json":{"title":"R\u00f3lam -","robots":{"index":"index","follow":"follow","max-snippet":"max-snippet:-1","max-image-preview":"max-image-preview:large","max-video-preview":"max-video-preview:-1"},"canonical":"https:\/\/tunderiportekak.hu\/de\/rolam\/","og_locale":"de_DE","og_type":"article","og_title":"R\u00f3lam","og_description":"Szabolcsi M\u00f3nika vagyok, nemezk\u00e9sz\u00edt\u0151, de legkin\u00e1bb nemezl\u00e1bbelik k\u00e9sz\u00edt\u00e9s\u00e9vel foglalkozom. Nagyon fontos sz\u00e1momra a tud\u00e1s \u00e1tad\u00e1sa, a hagyom\u00e1nyos technik\u00e1k meg\u0151rz\u00e9se a k\u00f6vetkez\u0151 nemzed\u00e9kek r\u00e9sz\u00e9re. Sz\u00e1momra a nemezk\u00e9sz\u00edt\u00e9s hobbik\u00e9nt indult, amelyb\u0151l kialakult az alkot\u00e1s szeretete, k\u00e9s\u0151bb az alkot\u00e1s m\u0171v\u00e9szete, m\u00e1ra pedig szenved\u00e9lyemm\u00e9 v\u00e1lt. A nemezk\u00e9sz\u00edt\u00e9s folyamatos tanul\u00e1s, a tud\u00e1s b\u0151v\u00edt\u00e9se, k\u00eds\u00e9rletez\u00e9s. A nemez, maga a lehet\u0151s\u00e9g. Csod\u00e1ja [&hellip;]","og_url":"https:\/\/tunderiportekak.hu\/de\/rolam\/","article_modified_time":"2024-01-12T13:18:15+00:00","twitter_card":"summary_large_image","twitter_misc":{"Gesch\u00e4tzte Lesezeit":"3\u00a0Minuten"},"schema":{"@context":"https:\/\/schema.org","@graph":[{"@type":"WebPage","@id":"https:\/\/tunderiportekak.hu\/rolam\/","url":"https:\/\/tunderiportekak.hu\/rolam\/","name":"R\u00f3lam -","isPartOf":{"@id":"https:\/\/tunderiportekak.hu\/#website"},"datePublished":"2024-01-12T12:49:15+00:00","dateModified":"2024-01-12T13:18:15+00:00","breadcrumb":{"@id":"https:\/\/tunderiportekak.hu\/rolam\/#breadcrumb"},"inLanguage":"de","potentialAction":[{"@type":"ReadAction","target":["https:\/\/tunderiportekak.hu\/rolam\/"]}]},{"@type":"BreadcrumbList","@id":"https:\/\/tunderiportekak.hu\/rolam\/#breadcrumb","itemListElement":[{"@type":"ListItem","position":1,"name":"Home","item":"https:\/\/tunderiportekak.hu\/"},{"@type":"ListItem","position":2,"name":"R\u00f3lam"}]},{"@type":"WebSite","@id":"https:\/\/tunderiportekak.hu\/#website","url":"https:\/\/tunderiportekak.hu\/","name":"","description":"Erlebnisprogramme Filzschuhherstellung","potentialAction":[{"@type":"SearchAction","target":{"@type":"EntryPoint","urlTemplate":"https:\/\/tunderiportekak.hu\/?s={search_term_string}"},"query-input":{"@type":"PropertyValueSpecification","valueRequired":true,"valueName":"search_term_string"}}],"inLanguage":"de"}]}},"_links":{"self":[{"href":"https:\/\/tunderiportekak.hu\/de\/wp-json\/wp\/v2\/pages\/3179","targetHints":{"allow":["GET"]}}],"collection":[{"href":"https:\/\/tunderiportekak.hu\/de\/wp-json\/wp\/v2\/pages"}],"about":[{"href":"https:\/\/tunderiportekak.hu\/de\/wp-json\/wp\/v2\/types\/page"}],"author":[{"embeddable":true,"href":"https:\/\/tunderiportekak.hu\/de\/wp-json\/wp\/v2\/users\/1"}],"replies":[{"embeddable":true,"href":"https:\/\/tunderiportekak.hu\/de\/wp-json\/wp\/v2\/comments?post=3179"}],"version-history":[{"count":0,"href":"https:\/\/tunderiportekak.hu\/de\/wp-json\/wp\/v2\/pages\/3179\/revisions"}],"wp:attachment":[{"href":"https:\/\/tunderiportekak.hu\/de\/wp-json\/wp\/v2\/media?parent=3179"}],"curies":[{"name":"wp","href":"https:\/\/api.w.org\/{rel}","templated":true}]}}