{"id":2920,"date":"2024-01-10T13:09:43","date_gmt":"2024-01-10T13:09:43","guid":{"rendered":"https:\/\/shop.tunderiportekak.hu\/?page_id=2920"},"modified":"2024-01-10T13:26:19","modified_gmt":"2024-01-10T13:26:19","slug":"csinald-magad-doboz-bakancs-vagy-csizma-keszitesehez","status":"publish","type":"page","link":"https:\/\/tunderiportekak.hu\/de\/csinald-magad-doboz-bakancs-vagy-csizma-keszitesehez\/","title":{"rendered":"Csin\u00e1ld magad doboz, bakancs vagy csizma k\u00e9sz\u00edt\u00e9s\u00e9hez"},"content":{"rendered":"<div data-elementor-type=\"wp-page\" data-elementor-id=\"2920\" class=\"elementor elementor-2920\" data-elementor-post-type=\"page\">\n\t\t\t\t\t\t<section class=\"elementor-section elementor-top-section elementor-element elementor-element-57832125 elementor-section-boxed elementor-section-height-default elementor-section-height-default\" data-id=\"57832125\" data-element_type=\"section\" data-e-type=\"section\">\n\t\t\t\t\t\t<div class=\"elementor-container elementor-column-gap-wide\">\n\t\t\t\t\t<div class=\"elementor-column elementor-col-50 elementor-top-column elementor-element elementor-element-37dc6063\" data-id=\"37dc6063\" data-element_type=\"column\" data-e-type=\"column\">\n\t\t\t<div class=\"elementor-widget-wrap elementor-element-populated\">\n\t\t\t\t\t\t<div class=\"elementor-element elementor-element-7e2a4ecb elementor-widget elementor-widget-text-editor\" data-id=\"7e2a4ecb\" data-element_type=\"widget\" data-e-type=\"widget\" data-widget_type=\"text-editor.default\">\n\t\t\t\t<div class=\"elementor-widget-container\">\n\t\t\t\t\t\t\t\t\t<h1 style=\"text-align: center;\"><span style=\"color: #99cc00;\">Csin\u00e1ld magad doboz, bakancs vagy csizma k\u00e9sz\u00edt\u00e9s\u00e9hez<\/span><\/h1><p style=\"line-height: normal;\"><span style=\"font-size: 14.0pt; font-family: 'Times New Roman',serif; mso-fareast-font-family: 'Times New Roman'; mso-fareast-language: HU;\">Egy komoly meglepet\u00e9ssel k\u00e9sz\u00fcltem sz\u00e1motokra, az \u00e1ltalam kor\u00e1bban elk\u00e9sz\u00edtett nemezl\u00e1bbeli-k\u00e9sz\u00edt\u0151 vide\u00f3s oktat\u00f3anyagok mell\u00e9.<\/span><\/p><p style=\"line-height: normal;\"><span style=\"font-size: 14.0pt; font-family: 'Times New Roman',serif; mso-fareast-font-family: 'Times New Roman'; mso-fareast-language: HU;\">Mivel t\u00f6bb olyan visszajelz\u00e9st kaptam, hogy neh\u00e9zs\u00e9gek mer\u00fcltek fel a l\u00e1bbeli-alapanyagok beszerz\u00e9sekor, \u00fagy gondoltam, \u00f6ssze\u00e1ll\u00edtok egy-egy \u201eCsin\u00e1ld magad doboz\u201d-t minden tanfolyamhoz.<\/span><\/p><p style=\"line-height: normal;\"><span style=\"font-size: 14.0pt; font-family: 'Times New Roman',serif; mso-fareast-font-family: 'Times New Roman'; mso-fareast-language: HU;\">Amikor valaki szem\u00e9lyesen j\u00f6n hozz\u00e1m, akkor a l\u00e1bbelij\u00e9hez minden alapanyag rendelkez\u00e9sre \u00e1ll a M\u0171helyemben: ugyanezt a k\u00e9nyelmet szeretn\u00e9m biztos\u00edtani nektek a vide\u00f3s oktat\u00f3anyagok mell\u00e9 \u00f6sszek\u00e9sz\u00edtett tematikus dobozokkal. <\/span><\/p><p><span style=\"font-size: 14.0pt; line-height: 107%; font-family: 'Times New Roman',serif; mso-fareast-font-family: 'Times New Roman'; mso-ansi-language: HU; mso-fareast-language: HU; mso-bidi-language: AR-SA;\">Egy alkot\u00f3doboz a szersz\u00e1mok \u00e9s a ragaszt\u00f3 kiv\u00e9tel\u00e9vel minden olyan alapanyagot tartalmaz, amely az adott l\u00e1bbeli elk\u00e9sz\u00edt\u00e9s\u00e9hez sz\u00fcks\u00e9ges, bele\u00e9rtve az \u00e1ltalad kiv\u00e1lasztott sz\u00edn\u0171 gyapj\u00fat, cip\u0151talpat vagy talpanyagokat is.<\/span><\/p>\t\t\t\t\t\t\t\t<\/div>\n\t\t\t\t<\/div>\n\t\t\t\t\t<\/div>\n\t\t<\/div>\n\t\t\t\t<div class=\"elementor-column elementor-col-50 elementor-top-column elementor-element elementor-element-276ae25c\" data-id=\"276ae25c\" data-element_type=\"column\" data-e-type=\"column\">\n\t\t\t<div class=\"elementor-widget-wrap elementor-element-populated\">\n\t\t\t\t\t\t<div class=\"elementor-element elementor-element-39b2a77c elementor-cta--valign-bottom elementor-cta--skin-classic elementor-animated-content elementor-bg-transform elementor-bg-transform-zoom-in elementor-widget elementor-widget-call-to-action\" data-id=\"39b2a77c\" data-element_type=\"widget\" data-e-type=\"widget\" data-widget_type=\"call-to-action.default\">\n\t\t\t\t<div class=\"elementor-widget-container\">\n\t\t\t\t\t\t\t<div class=\"elementor-cta\">\n\t\t\t\t\t<div class=\"elementor-cta__bg-wrapper\">\n\t\t\t\t<div class=\"elementor-cta__bg elementor-bg\" style=\"background-image: url(https:\/\/tunderiportekak.hu\/wp-content\/uploads\/2023\/10\/20201122_093845-1024x768.jpg);\" role=\"img\" aria-label=\"20201122_093845\"><\/div>\n\t\t\t\t<div class=\"elementor-cta__bg-overlay\"><\/div>\n\t\t\t<\/div>\n\t\t\t\t\t\t\t<div class=\"elementor-cta__content\">\n\t\t\t\t\n\t\t\t\t\t\t\t\t\t<h1 class=\"elementor-cta__title elementor-cta__content-item elementor-content-item\">\n\t\t\t\t\t\tTartalmazza a sz\u00fcks\u00e9ges alapanyagokat\t\t\t\t\t<\/h1>\n\t\t\t\t\n\t\t\t\t\t\t\t\t\t<div class=\"elementor-cta__description elementor-cta__content-item elementor-content-item\">\n\t\t\t\t\t\tK\u00fcld\u00f6m a gyapj\u00fat, cip\u0151talpat \u00e9s talpanyagokat, cip\u0151varr\u00f3 c\u00e9rn\u00e1t \u00e9s ringliket a k\u00edv\u00e1nt mennyis\u00e9gben\t\t\t\t\t<\/div>\n\t\t\t\t\n\t\t\t\t\t\t\t\t\t<div class=\"elementor-cta__button-wrapper elementor-cta__content-item elementor-content-item\">\n\t\t\t\t\t<a class=\"elementor-cta__button elementor-button elementor-size-lg\" href=\"\/de\/jelentkezesilap\/?preview_id=2529&#038;preview_nonce=8f95b59dd4&#038;preview=true\">\n\t\t\t\t\t\tWeiteres\t\t\t\t\t<\/a>\n\t\t\t\t\t<\/div>\n\t\t\t\t\t\t\t<\/div>\n\t\t\t\t\t\t\t<div class=\"elementor-ribbon\">\n\t\t\t\t<div class=\"elementor-ribbon-inner\">\n\t\t\t\t\t2 napos\t\t\t\t<\/div>\n\t\t\t<\/div>\n\t\t\t\t<\/div>\n\t\t\t\t\t\t<\/div>\n\t\t\t\t<\/div>\n\t\t\t\t\t<\/div>\n\t\t<\/div>\n\t\t\t\t\t<\/div>\n\t\t<\/section>\n\t\t\t\t<\/div>","protected":false},"excerpt":{"rendered":"<p>Csin\u00e1ld magad doboz, bakancs vagy csizma k\u00e9sz\u00edt\u00e9s\u00e9hez Egy komoly meglepet\u00e9ssel k\u00e9sz\u00fcltem sz\u00e1motokra, az \u00e1ltalam kor\u00e1bban elk\u00e9sz\u00edtett nemezl\u00e1bbeli-k\u00e9sz\u00edt\u0151 vide\u00f3s oktat\u00f3anyagok mell\u00e9. Mivel t\u00f6bb olyan visszajelz\u00e9st kaptam, hogy neh\u00e9zs\u00e9gek mer\u00fcltek fel a l\u00e1bbeli-alapanyagok beszerz\u00e9sekor, \u00fagy gondoltam, \u00f6ssze\u00e1ll\u00edtok egy-egy \u201eCsin\u00e1ld magad doboz\u201d-t minden tanfolyamhoz. Amikor valaki szem\u00e9lyesen j\u00f6n hozz\u00e1m, akkor a l\u00e1bbelij\u00e9hez minden alapanyag rendelkez\u00e9sre \u00e1ll a M\u0171helyemben: [&hellip;]<\/p>\n","protected":false},"author":1,"featured_media":0,"parent":0,"menu_order":0,"comment_status":"closed","ping_status":"closed","template":"","meta":{"site-sidebar-layout":"no-sidebar","site-content-layout":"page-builder","ast-site-content-layout":"full-width-container","site-content-style":"default","site-sidebar-style":"default","ast-global-header-display":"","ast-banner-title-visibility":"","ast-main-header-display":"","ast-hfb-above-header-display":"","ast-hfb-below-header-display":"","ast-hfb-mobile-header-display":"","site-post-title":"disabled","ast-breadcrumbs-content":"","ast-featured-img":"disabled","footer-sml-layout":"","ast-disable-related-posts":"","theme-transparent-header-meta":"","adv-header-id-meta":"","stick-header-meta":"","header-above-stick-meta":"","header-main-stick-meta":"","header-below-stick-meta":"","astra-migrate-meta-layouts":"set","ast-page-background-enabled":"default","ast-page-background-meta":{"desktop":{"background-color":"","background-image":"","background-repeat":"repeat","background-position":"center center","background-size":"auto","background-attachment":"scroll","background-type":"","background-media":"","overlay-type":"","overlay-color":"","overlay-opacity":"","overlay-gradient":""},"tablet":{"background-color":"","background-image":"","background-repeat":"repeat","background-position":"center center","background-size":"auto","background-attachment":"scroll","background-type":"","background-media":"","overlay-type":"","overlay-color":"","overlay-opacity":"","overlay-gradient":""},"mobile":{"background-color":"","background-image":"","background-repeat":"repeat","background-position":"center center","background-size":"auto","background-attachment":"scroll","background-type":"","background-media":"","overlay-type":"","overlay-color":"","overlay-opacity":"","overlay-gradient":""}},"ast-content-background-meta":{"desktop":{"background-color":"var(--ast-global-color-5)","background-image":"","background-repeat":"repeat","background-position":"center center","background-size":"auto","background-attachment":"scroll","background-type":"","background-media":"","overlay-type":"","overlay-color":"","overlay-opacity":"","overlay-gradient":""},"tablet":{"background-color":"var(--ast-global-color-5)","background-image":"","background-repeat":"repeat","background-position":"center center","background-size":"auto","background-attachment":"scroll","background-type":"","background-media":"","overlay-type":"","overlay-color":"","overlay-opacity":"","overlay-gradient":""},"mobile":{"background-color":"var(--ast-global-color-5)","background-image":"","background-repeat":"repeat","background-position":"center center","background-size":"auto","background-attachment":"scroll","background-type":"","background-media":"","overlay-type":"","overlay-color":"","overlay-opacity":"","overlay-gradient":""}},"footnotes":""},"class_list":["post-2920","page","type-page","status-publish","hentry"],"yoast_head":"<!-- This site is optimized with the Yoast SEO Premium plugin v27.3 (Yoast SEO v27.3) - https:\/\/yoast.com\/product\/yoast-seo-premium-wordpress\/ -->\n<title>Csin\u00e1ld magad doboz, bakancs vagy csizma k\u00e9sz\u00edt\u00e9s\u00e9hez -<\/title>\n<meta name=\"robots\" content=\"index, follow, max-snippet:-1, max-image-preview:large, max-video-preview:-1\" \/>\n<link rel=\"canonical\" href=\"https:\/\/tunderiportekak.hu\/de\/csinald-magad-doboz-bakancs-vagy-csizma-keszitesehez\/\" \/>\n<meta property=\"og:locale\" content=\"de_DE\" \/>\n<meta property=\"og:type\" content=\"article\" \/>\n<meta property=\"og:title\" content=\"Csin\u00e1ld magad doboz, bakancs vagy csizma k\u00e9sz\u00edt\u00e9s\u00e9hez\" \/>\n<meta property=\"og:description\" content=\"Csin\u00e1ld magad doboz, bakancs vagy csizma k\u00e9sz\u00edt\u00e9s\u00e9hez Egy komoly meglepet\u00e9ssel k\u00e9sz\u00fcltem sz\u00e1motokra, az \u00e1ltalam kor\u00e1bban elk\u00e9sz\u00edtett nemezl\u00e1bbeli-k\u00e9sz\u00edt\u0151 vide\u00f3s oktat\u00f3anyagok mell\u00e9. Mivel t\u00f6bb olyan visszajelz\u00e9st kaptam, hogy neh\u00e9zs\u00e9gek mer\u00fcltek fel a l\u00e1bbeli-alapanyagok beszerz\u00e9sekor, \u00fagy gondoltam, \u00f6ssze\u00e1ll\u00edtok egy-egy \u201eCsin\u00e1ld magad doboz\u201d-t minden tanfolyamhoz. Amikor valaki szem\u00e9lyesen j\u00f6n hozz\u00e1m, akkor a l\u00e1bbelij\u00e9hez minden alapanyag rendelkez\u00e9sre \u00e1ll a M\u0171helyemben: [&hellip;]\" \/>\n<meta property=\"og:url\" content=\"https:\/\/tunderiportekak.hu\/de\/csinald-magad-doboz-bakancs-vagy-csizma-keszitesehez\/\" \/>\n<meta property=\"article:modified_time\" content=\"2024-01-10T13:26:19+00:00\" \/>\n<meta name=\"twitter:card\" content=\"summary_large_image\" \/>\n<meta name=\"twitter:label1\" content=\"Gesch\u00e4tzte Lesezeit\" \/>\n\t<meta name=\"twitter:data1\" content=\"1\u00a0Minute\" \/>\n<script type=\"application\/ld+json\" class=\"yoast-schema-graph\">{\"@context\":\"https:\\\/\\\/schema.org\",\"@graph\":[{\"@type\":\"WebPage\",\"@id\":\"https:\\\/\\\/tunderiportekak.hu\\\/csinald-magad-doboz-bakancs-vagy-csizma-keszitesehez\\\/\",\"url\":\"https:\\\/\\\/tunderiportekak.hu\\\/csinald-magad-doboz-bakancs-vagy-csizma-keszitesehez\\\/\",\"name\":\"Csin\u00e1ld magad doboz, bakancs vagy csizma k\u00e9sz\u00edt\u00e9s\u00e9hez -\",\"isPartOf\":{\"@id\":\"https:\\\/\\\/tunderiportekak.hu\\\/#website\"},\"datePublished\":\"2024-01-10T13:09:43+00:00\",\"dateModified\":\"2024-01-10T13:26:19+00:00\",\"breadcrumb\":{\"@id\":\"https:\\\/\\\/tunderiportekak.hu\\\/csinald-magad-doboz-bakancs-vagy-csizma-keszitesehez\\\/#breadcrumb\"},\"inLanguage\":\"de\",\"potentialAction\":[{\"@type\":\"ReadAction\",\"target\":[\"https:\\\/\\\/tunderiportekak.hu\\\/csinald-magad-doboz-bakancs-vagy-csizma-keszitesehez\\\/\"]}]},{\"@type\":\"BreadcrumbList\",\"@id\":\"https:\\\/\\\/tunderiportekak.hu\\\/csinald-magad-doboz-bakancs-vagy-csizma-keszitesehez\\\/#breadcrumb\",\"itemListElement\":[{\"@type\":\"ListItem\",\"position\":1,\"name\":\"Home\",\"item\":\"https:\\\/\\\/tunderiportekak.hu\\\/\"},{\"@type\":\"ListItem\",\"position\":2,\"name\":\"Csin\u00e1ld magad doboz, bakancs vagy csizma k\u00e9sz\u00edt\u00e9s\u00e9hez\"}]},{\"@type\":\"WebSite\",\"@id\":\"https:\\\/\\\/tunderiportekak.hu\\\/#website\",\"url\":\"https:\\\/\\\/tunderiportekak.hu\\\/\",\"name\":\"\",\"description\":\"Nemezcip\u0151 k\u00e9sz\u00edt\u0151 \u00e9lm\u00e9nyprogramok\",\"potentialAction\":[{\"@type\":\"SearchAction\",\"target\":{\"@type\":\"EntryPoint\",\"urlTemplate\":\"https:\\\/\\\/tunderiportekak.hu\\\/?s={search_term_string}\"},\"query-input\":{\"@type\":\"PropertyValueSpecification\",\"valueRequired\":true,\"valueName\":\"search_term_string\"}}],\"inLanguage\":\"de\"}]}<\/script>\n<!-- \/ Yoast SEO Premium plugin. -->","yoast_head_json":{"title":"Csin\u00e1ld magad doboz, bakancs vagy csizma k\u00e9sz\u00edt\u00e9s\u00e9hez -","robots":{"index":"index","follow":"follow","max-snippet":"max-snippet:-1","max-image-preview":"max-image-preview:large","max-video-preview":"max-video-preview:-1"},"canonical":"https:\/\/tunderiportekak.hu\/de\/csinald-magad-doboz-bakancs-vagy-csizma-keszitesehez\/","og_locale":"de_DE","og_type":"article","og_title":"Csin\u00e1ld magad doboz, bakancs vagy csizma k\u00e9sz\u00edt\u00e9s\u00e9hez","og_description":"Csin\u00e1ld magad doboz, bakancs vagy csizma k\u00e9sz\u00edt\u00e9s\u00e9hez Egy komoly meglepet\u00e9ssel k\u00e9sz\u00fcltem sz\u00e1motokra, az \u00e1ltalam kor\u00e1bban elk\u00e9sz\u00edtett nemezl\u00e1bbeli-k\u00e9sz\u00edt\u0151 vide\u00f3s oktat\u00f3anyagok mell\u00e9. Mivel t\u00f6bb olyan visszajelz\u00e9st kaptam, hogy neh\u00e9zs\u00e9gek mer\u00fcltek fel a l\u00e1bbeli-alapanyagok beszerz\u00e9sekor, \u00fagy gondoltam, \u00f6ssze\u00e1ll\u00edtok egy-egy \u201eCsin\u00e1ld magad doboz\u201d-t minden tanfolyamhoz. Amikor valaki szem\u00e9lyesen j\u00f6n hozz\u00e1m, akkor a l\u00e1bbelij\u00e9hez minden alapanyag rendelkez\u00e9sre \u00e1ll a M\u0171helyemben: [&hellip;]","og_url":"https:\/\/tunderiportekak.hu\/de\/csinald-magad-doboz-bakancs-vagy-csizma-keszitesehez\/","article_modified_time":"2024-01-10T13:26:19+00:00","twitter_card":"summary_large_image","twitter_misc":{"Gesch\u00e4tzte Lesezeit":"1\u00a0Minute"},"schema":{"@context":"https:\/\/schema.org","@graph":[{"@type":"WebPage","@id":"https:\/\/tunderiportekak.hu\/csinald-magad-doboz-bakancs-vagy-csizma-keszitesehez\/","url":"https:\/\/tunderiportekak.hu\/csinald-magad-doboz-bakancs-vagy-csizma-keszitesehez\/","name":"Csin\u00e1ld magad doboz, bakancs vagy csizma k\u00e9sz\u00edt\u00e9s\u00e9hez -","isPartOf":{"@id":"https:\/\/tunderiportekak.hu\/#website"},"datePublished":"2024-01-10T13:09:43+00:00","dateModified":"2024-01-10T13:26:19+00:00","breadcrumb":{"@id":"https:\/\/tunderiportekak.hu\/csinald-magad-doboz-bakancs-vagy-csizma-keszitesehez\/#breadcrumb"},"inLanguage":"de","potentialAction":[{"@type":"ReadAction","target":["https:\/\/tunderiportekak.hu\/csinald-magad-doboz-bakancs-vagy-csizma-keszitesehez\/"]}]},{"@type":"BreadcrumbList","@id":"https:\/\/tunderiportekak.hu\/csinald-magad-doboz-bakancs-vagy-csizma-keszitesehez\/#breadcrumb","itemListElement":[{"@type":"ListItem","position":1,"name":"Home","item":"https:\/\/tunderiportekak.hu\/"},{"@type":"ListItem","position":2,"name":"Csin\u00e1ld magad doboz, bakancs vagy csizma k\u00e9sz\u00edt\u00e9s\u00e9hez"}]},{"@type":"WebSite","@id":"https:\/\/tunderiportekak.hu\/#website","url":"https:\/\/tunderiportekak.hu\/","name":"","description":"Erlebnisprogramme Filzschuhherstellung","potentialAction":[{"@type":"SearchAction","target":{"@type":"EntryPoint","urlTemplate":"https:\/\/tunderiportekak.hu\/?s={search_term_string}"},"query-input":{"@type":"PropertyValueSpecification","valueRequired":true,"valueName":"search_term_string"}}],"inLanguage":"de"}]}},"_links":{"self":[{"href":"https:\/\/tunderiportekak.hu\/de\/wp-json\/wp\/v2\/pages\/2920","targetHints":{"allow":["GET"]}}],"collection":[{"href":"https:\/\/tunderiportekak.hu\/de\/wp-json\/wp\/v2\/pages"}],"about":[{"href":"https:\/\/tunderiportekak.hu\/de\/wp-json\/wp\/v2\/types\/page"}],"author":[{"embeddable":true,"href":"https:\/\/tunderiportekak.hu\/de\/wp-json\/wp\/v2\/users\/1"}],"replies":[{"embeddable":true,"href":"https:\/\/tunderiportekak.hu\/de\/wp-json\/wp\/v2\/comments?post=2920"}],"version-history":[{"count":0,"href":"https:\/\/tunderiportekak.hu\/de\/wp-json\/wp\/v2\/pages\/2920\/revisions"}],"wp:attachment":[{"href":"https:\/\/tunderiportekak.hu\/de\/wp-json\/wp\/v2\/media?parent=2920"}],"curies":[{"name":"wp","href":"https:\/\/api.w.org\/{rel}","templated":true}]}}