{"id":2837,"date":"2024-01-09T14:24:12","date_gmt":"2024-01-09T14:24:12","guid":{"rendered":"https:\/\/shop.tunderiportekak.hu\/?page_id=2837"},"modified":"2026-04-09T09:18:44","modified_gmt":"2026-04-09T07:18:44","slug":"finom-nemeztopanok-elmenyprogram","status":"publish","type":"page","link":"https:\/\/tunderiportekak.hu\/de\/finom-nemeztopanok-elmenyprogram\/","title":{"rendered":"Finom nemeztop\u00e1nok \u00e9lm\u00e9nyprogram"},"content":{"rendered":"\t\t<div data-elementor-type=\"wp-page\" data-elementor-id=\"2837\" class=\"elementor elementor-2837\" data-elementor-post-type=\"page\">\n\t\t\t\t\t\t<section class=\"elementor-section elementor-top-section elementor-element elementor-element-2321565 elementor-section-boxed elementor-section-height-default elementor-section-height-default\" data-id=\"2321565\" data-element_type=\"section\" data-e-type=\"section\">\n\t\t\t\t\t\t<div class=\"elementor-container elementor-column-gap-wide\">\n\t\t\t\t\t<div class=\"elementor-column elementor-col-50 elementor-top-column elementor-element elementor-element-51f09b9\" data-id=\"51f09b9\" data-element_type=\"column\" data-e-type=\"column\">\n\t\t\t<div class=\"elementor-widget-wrap elementor-element-populated\">\n\t\t\t\t\t\t<div class=\"elementor-element elementor-element-1cb5f39 elementor-widget elementor-widget-text-editor\" data-id=\"1cb5f39\" data-element_type=\"widget\" data-e-type=\"widget\" data-widget_type=\"text-editor.default\">\n\t\t\t\t<div class=\"elementor-widget-container\">\n\t\t\t\t\t\t\t\t\t<h1 style=\"text-align: center;\"><span style=\"background-color: var(--ast-global-color-4); color: #99cc00; font-size: 1.5625rem; text-align: center;\">\u00a0FINOM NEMEZTOP\u00c1NOK, NEMEZCIP\u0150 K\u00c9SZ\u00cdT\u0150 \u00c9LM\u00c9NYPROGRAM\u00a0<\/span><\/h1><h1 style=\"text-align: justify; font-style: normal; letter-spacing: normal;\"><span style=\"color: #99cc00; font-family: Roboto Slab, sans-serif;\"><span style=\"font-size: 16px;\"><b>Betelt<\/b><\/span><\/span><\/h1><h1 style=\"font-style: normal; letter-spacing: normal; text-align: center;\"><span style=\"font-family: 'Roboto Slab', sans-serif; font-weight: bold; text-align: justify; background-color: var(--ast-global-color-4); color: var(--ast-global-color-3); font-size: 1rem; letter-spacing: 0px;\">2026. \u00e1prilis 6-7. h\u00e9tf\u0151-kedd, 10.00-18.00 \u00f3r\u00e1ig\u00a0<\/span><\/h1><p><span style=\"font-family: 'Roboto Slab', sans-serif;\">A program d\u00edja 47.000 forint, mely az alapanyagok k\u00f6lts\u00e9g\u00e9t is tartalmazza. Semmit sem kell magaddal hozni, a m\u0171helyben minden rendelkez\u00e9sre \u00e1ll!<\/span><\/p><p><span style=\"font-style: inherit; font-weight: inherit; letter-spacing: 0px;\">&#8211; Teljesen egyedi cip\u0151, amit te tervezel \u00e9s k\u00e9sz\u00edtesz el.<\/span><\/p><p><span style=\"font-style: inherit; font-weight: inherit; letter-spacing: 0px;\">&#8211; Saj\u00e1t sablonk\u00e9sz\u00edt\u00e9s, hogy k\u00e9s\u0151bb is egyszer\u0171en elk\u00e9sz\u00edthesd.<\/span><\/p><p>&#8211; Kih\u00edv\u00e1s, alkot\u00e1s \u00e9s sok nevet\u00e9s a m\u0171helyben.<\/p><p><b style=\"font-style: inherit; letter-spacing: 0px;\">&#8211; Most m\u00e1r barefoot v\u00e1ltozatban is elk\u00e9sz\u00edtheted! Ha szereted a term\u00e9szetes mozg\u00e1st, \u00e9s \u00fagy j\u00e1rn\u00e1l, mintha egy puha felh\u0151n l\u00e9pkedn\u00e9l, itt a lehet\u0151s\u00e9g!<\/b><\/p><p>Ha k\u00e9szen \u00e1llsz arra, hogy saj\u00e1t l\u00e1badra szabott mesterm\u0171vet alkoss, jelentkezz most! K\u00e9sz\u00edts cip\u0151t \u00fagy, hogy senki m\u00e1snak ne legyen ugyanilyen \u2013 csak neked!<\/p>\t\t\t\t\t\t\t\t<\/div>\n\t\t\t\t<\/div>\n\t\t\t\t\t<\/div>\n\t\t<\/div>\n\t\t\t\t<div class=\"elementor-column elementor-col-50 elementor-top-column elementor-element elementor-element-5aaee4d\" data-id=\"5aaee4d\" data-element_type=\"column\" data-e-type=\"column\">\n\t\t\t<div class=\"elementor-widget-wrap elementor-element-populated\">\n\t\t\t\t\t\t<div class=\"elementor-element elementor-element-9657c23 elementor-cta--layout-image-above elementor-cta--skin-classic elementor-animated-content elementor-bg-transform elementor-bg-transform-zoom-in elementor-widget elementor-widget-call-to-action\" data-id=\"9657c23\" data-element_type=\"widget\" data-e-type=\"widget\" data-widget_type=\"call-to-action.default\">\n\t\t\t\t<div class=\"elementor-widget-container\">\n\t\t\t\t\t\t\t<div class=\"elementor-cta\">\n\t\t\t\t\t<div class=\"elementor-cta__bg-wrapper\">\n\t\t\t\t<div class=\"elementor-cta__bg elementor-bg\" style=\"background-image: url(https:\/\/tunderiportekak.hu\/wp-content\/uploads\/2026\/03\/20200510_0927351.jpg);\" role=\"img\" aria-label=\"20200510_092735[1]\"><\/div>\n\t\t\t\t<div class=\"elementor-cta__bg-overlay\"><\/div>\n\t\t\t<\/div>\n\t\t\t\t\t\t\t<div class=\"elementor-cta__content\">\n\t\t\t\t\n\t\t\t\t\t\t\t\t\t<h1 class=\"elementor-cta__title elementor-cta__content-item elementor-content-item\">\n\t\t\t\t\t\tEgyedis\u00e9g\t\t\t\t\t<\/h1>\n\t\t\t\t\n\t\t\t\t\t\t\t\t\t<div class=\"elementor-cta__description elementor-cta__content-item elementor-content-item\">\n\t\t\t\t\t\tNincs k\u00e9t egyforma nemezcip\u0151!\t\t\t\t\t<\/div>\n\t\t\t\t\n\t\t\t\t\t\t\t\t\t<div class=\"elementor-cta__button-wrapper elementor-cta__content-item elementor-content-item \">\n\t\t\t\t\t<a class=\"elementor-cta__button elementor-button elementor-size-lg\" href=\"\/jelentkezesilap\/\">\n\t\t\t\t\t\tJelentkezem\t\t\t\t\t<\/a>\n\t\t\t\t\t<\/div>\n\t\t\t\t\t\t\t<\/div>\n\t\t\t\t\t\t\t<div class=\"elementor-ribbon elementor-ribbon-right\">\n\t\t\t\t<div class=\"elementor-ribbon-inner\">\n\t\t\t\t\t2 napos\t\t\t\t<\/div>\n\t\t\t<\/div>\n\t\t\t\t<\/div>\n\t\t\t\t\t\t<\/div>\n\t\t\t\t<\/div>\n\t\t\t\t\t<\/div>\n\t\t<\/div>\n\t\t\t\t\t<\/div>\n\t\t<\/section>\n\t\t\t\t<section class=\"elementor-section elementor-top-section elementor-element elementor-element-6b761ea8 elementor-section-boxed elementor-section-height-default elementor-section-height-default\" data-id=\"6b761ea8\" data-element_type=\"section\" data-e-type=\"section\">\n\t\t\t\t\t\t<div class=\"elementor-container elementor-column-gap-wide\">\n\t\t\t\t\t<div class=\"elementor-column elementor-col-50 elementor-top-column elementor-element elementor-element-10df7cad\" data-id=\"10df7cad\" data-element_type=\"column\" data-e-type=\"column\">\n\t\t\t<div class=\"elementor-widget-wrap elementor-element-populated\">\n\t\t\t\t\t\t<div class=\"elementor-element elementor-element-7cb31e20 elementor-widget elementor-widget-text-editor\" data-id=\"7cb31e20\" data-element_type=\"widget\" data-e-type=\"widget\" data-widget_type=\"text-editor.default\">\n\t\t\t\t<div class=\"elementor-widget-container\">\n\t\t\t\t\t\t\t\t\t<h1 style=\"text-align: center;\"><span style=\"background-color: var(--ast-global-color-4); color: #99cc00; font-size: 1.5625rem; text-align: center;\">NEMEZCIP\u0150 K\u00c9SZ\u00cdT\u0150 \u00c9LM\u00c9NYPROGRAM\u00a0<\/span><\/h1><h5><span style=\"color: #99cc00;\">1 szabad hely van m\u00e9g<\/span><\/h5><h1 style=\"font-style: normal; letter-spacing: normal; text-align: center;\"><span style=\"font-family: 'Roboto Slab', sans-serif; font-weight: bold; text-align: justify; background-color: var(--ast-global-color-4); color: var(--ast-global-color-3); font-size: 1rem; letter-spacing: 0px;\">2026. \u00e1prilis 14. kedd \u00e9s \u00e1prilis 16. cs\u00fct\u00f6rt\u00f6k, 10.00-18.00 \u00f3r\u00e1ig\u00a0<\/span><\/h1><p><span style=\"font-family: 'Roboto Slab', sans-serif;\">A program d\u00edja 47.000 forint, mely az alapanyagok k\u00f6lts\u00e9g\u00e9t is tartalmazza. Semmit sem kell magaddal hozni, a m\u0171helyben minden rendelkez\u00e9sre \u00e1ll!<\/span><\/p><p><span style=\"font-style: inherit; font-weight: inherit; letter-spacing: 0px;\">&#8211; Teljesen egyedi cip\u0151, amit te tervezel \u00e9s k\u00e9sz\u00edtesz el.<\/span><\/p><p><span style=\"font-style: inherit; font-weight: inherit; letter-spacing: 0px;\">&#8211; Saj\u00e1t sablonk\u00e9sz\u00edt\u00e9s, hogy k\u00e9s\u0151bb is egyszer\u0171en elk\u00e9sz\u00edthesd.<\/span><\/p><p>&#8211; Kih\u00edv\u00e1s, alkot\u00e1s \u00e9s sok nevet\u00e9s a m\u0171helyben.<\/p><p><b style=\"font-style: inherit; letter-spacing: 0px;\">&#8211; Most m\u00e1r barefoot v\u00e1ltozatban is elk\u00e9sz\u00edtheted! Ha szereted a term\u00e9szetes mozg\u00e1st, \u00e9s \u00fagy j\u00e1rn\u00e1l, mintha egy puha felh\u0151n l\u00e9pkedn\u00e9l, itt a lehet\u0151s\u00e9g!<\/b><\/p><p>Ha k\u00e9szen \u00e1llsz arra, hogy saj\u00e1t l\u00e1badra szabott mesterm\u0171vet alkoss, jelentkezz most! K\u00e9sz\u00edts cip\u0151t \u00fagy, hogy senki m\u00e1snak ne legyen ugyanilyen \u2013 csak neked!<\/p>\t\t\t\t\t\t\t\t<\/div>\n\t\t\t\t<\/div>\n\t\t\t\t\t<\/div>\n\t\t<\/div>\n\t\t\t\t<div class=\"elementor-column elementor-col-50 elementor-top-column elementor-element elementor-element-30a5a44d\" data-id=\"30a5a44d\" data-element_type=\"column\" data-e-type=\"column\">\n\t\t\t<div class=\"elementor-widget-wrap elementor-element-populated\">\n\t\t\t\t\t\t<div class=\"elementor-element elementor-element-22fa260c elementor-cta--layout-image-above elementor-cta--skin-classic elementor-animated-content elementor-bg-transform elementor-bg-transform-zoom-in elementor-widget elementor-widget-call-to-action\" data-id=\"22fa260c\" data-element_type=\"widget\" data-e-type=\"widget\" data-widget_type=\"call-to-action.default\">\n\t\t\t\t<div class=\"elementor-widget-container\">\n\t\t\t\t\t\t\t<div class=\"elementor-cta\">\n\t\t\t\t\t<div class=\"elementor-cta__bg-wrapper\">\n\t\t\t\t<div class=\"elementor-cta__bg elementor-bg\" style=\"background-image: url(https:\/\/tunderiportekak.hu\/wp-content\/uploads\/2025\/07\/9e353602-e8d9-4bc6-a499-ce4329352932-1024x768.jpg);\" role=\"img\" aria-label=\"9e353602-e8d9-4bc6-a499-ce4329352932\"><\/div>\n\t\t\t\t<div class=\"elementor-cta__bg-overlay\"><\/div>\n\t\t\t<\/div>\n\t\t\t\t\t\t\t<div class=\"elementor-cta__content\">\n\t\t\t\t\n\t\t\t\t\t\t\t\t\t<h1 class=\"elementor-cta__title elementor-cta__content-item elementor-content-item\">\n\t\t\t\t\t\tEgyedis\u00e9g\t\t\t\t\t<\/h1>\n\t\t\t\t\n\t\t\t\t\t\t\t\t\t<div class=\"elementor-cta__description elementor-cta__content-item elementor-content-item\">\n\t\t\t\t\t\tNincs k\u00e9t egyforma nemezcip\u0151!\t\t\t\t\t<\/div>\n\t\t\t\t\n\t\t\t\t\t\t\t\t\t<div class=\"elementor-cta__button-wrapper elementor-cta__content-item elementor-content-item \">\n\t\t\t\t\t<a class=\"elementor-cta__button elementor-button elementor-size-lg\" href=\"\/jelentkezesilap\/\">\n\t\t\t\t\t\tJelentkezem\t\t\t\t\t<\/a>\n\t\t\t\t\t<\/div>\n\t\t\t\t\t\t\t<\/div>\n\t\t\t\t\t\t\t<div class=\"elementor-ribbon elementor-ribbon-right\">\n\t\t\t\t<div class=\"elementor-ribbon-inner\">\n\t\t\t\t\t2 napos\t\t\t\t<\/div>\n\t\t\t<\/div>\n\t\t\t\t<\/div>\n\t\t\t\t\t\t<\/div>\n\t\t\t\t<\/div>\n\t\t\t\t\t<\/div>\n\t\t<\/div>\n\t\t\t\t\t<\/div>\n\t\t<\/section>\n\t\t\t\t<section class=\"elementor-section elementor-top-section elementor-element elementor-element-78a05107 elementor-section-boxed elementor-section-height-default elementor-section-height-default\" data-id=\"78a05107\" data-element_type=\"section\" data-e-type=\"section\">\n\t\t\t\t\t\t<div class=\"elementor-container elementor-column-gap-wide\">\n\t\t\t\t\t<div class=\"elementor-column elementor-col-50 elementor-top-column elementor-element elementor-element-6f3e02c4\" data-id=\"6f3e02c4\" data-element_type=\"column\" data-e-type=\"column\">\n\t\t\t<div class=\"elementor-widget-wrap elementor-element-populated\">\n\t\t\t\t\t\t<div class=\"elementor-element elementor-element-34f40826 elementor-widget elementor-widget-text-editor\" data-id=\"34f40826\" data-element_type=\"widget\" data-e-type=\"widget\" data-widget_type=\"text-editor.default\">\n\t\t\t\t<div class=\"elementor-widget-container\">\n\t\t\t\t\t\t\t\t\t<h1 style=\"text-align: center;\"><span style=\"background-color: var(--ast-global-color-4); color: #99cc00; font-size: 1.5625rem; text-align: center;\">\u00a0NEMEZCIP\u0150 K\u00c9SZ\u00cdT\u0150 \u00c9LM\u00c9NYPROGRAM\u00a0<\/span><\/h1><h1 style=\"font-style: normal; letter-spacing: normal; text-align: left;\"><span style=\"color: #99cc00; font-family: Roboto Slab, sans-serif;\"><span style=\"font-size: 16px;\">4 szabad hely van m\u00e9g<\/span><\/span><\/h1><h1 style=\"font-style: normal; letter-spacing: normal; text-align: center;\"><span style=\"font-family: 'Roboto Slab', sans-serif; font-weight: bold; text-align: justify; background-color: var(--ast-global-color-4); color: var(--ast-global-color-3); font-size: 1rem; letter-spacing: 0px;\">2026. m\u00e1jus 30-31. szombat-vas\u00e1rnap, 10.00-18.00 \u00f3r\u00e1ig\u00a0<\/span><\/h1><p><span style=\"font-family: 'Roboto Slab', sans-serif;\">A program d\u00edja 47.000 forint, mely az alapanyagok k\u00f6lts\u00e9g\u00e9t is tartalmazza. Semmit sem kell magaddal hozni, a m\u0171helyben minden rendelkez\u00e9sre \u00e1ll!<\/span><\/p><p><span style=\"font-style: inherit; font-weight: inherit; letter-spacing: 0px;\">&#8211; Teljesen egyedi cip\u0151, amit te tervezel \u00e9s k\u00e9sz\u00edtesz el.<\/span><\/p><p><span style=\"font-style: inherit; font-weight: inherit; letter-spacing: 0px;\">&#8211; Saj\u00e1t sablonk\u00e9sz\u00edt\u00e9s, hogy k\u00e9s\u0151bb is egyszer\u0171en elk\u00e9sz\u00edthesd.<\/span><\/p><p>&#8211; Kih\u00edv\u00e1s, alkot\u00e1s \u00e9s sok nevet\u00e9s a m\u0171helyben.<\/p><p><b style=\"font-style: inherit; letter-spacing: 0px;\">&#8211; Most m\u00e1r barefoot v\u00e1ltozatban is elk\u00e9sz\u00edtheted! Ha szereted a term\u00e9szetes mozg\u00e1st, \u00e9s \u00fagy j\u00e1rn\u00e1l, mintha egy puha felh\u0151n l\u00e9pkedn\u00e9l, itt a lehet\u0151s\u00e9g!<\/b><\/p><p>Ha k\u00e9szen \u00e1llsz arra, hogy saj\u00e1t l\u00e1badra szabott mesterm\u0171vet alkoss, jelentkezz most! K\u00e9sz\u00edts cip\u0151t \u00fagy, hogy senki m\u00e1snak ne legyen ugyanilyen \u2013 csak neked!30<\/p>\t\t\t\t\t\t\t\t<\/div>\n\t\t\t\t<\/div>\n\t\t\t\t\t<\/div>\n\t\t<\/div>\n\t\t\t\t<div class=\"elementor-column elementor-col-50 elementor-top-column elementor-element elementor-element-789150cc\" data-id=\"789150cc\" data-element_type=\"column\" data-e-type=\"column\">\n\t\t\t<div class=\"elementor-widget-wrap elementor-element-populated\">\n\t\t\t\t\t\t<div class=\"elementor-element elementor-element-65a23aac elementor-cta--layout-image-above elementor-cta--skin-classic elementor-animated-content elementor-bg-transform elementor-bg-transform-zoom-in elementor-widget elementor-widget-call-to-action\" data-id=\"65a23aac\" data-element_type=\"widget\" data-e-type=\"widget\" data-widget_type=\"call-to-action.default\">\n\t\t\t\t<div class=\"elementor-widget-container\">\n\t\t\t\t\t\t\t<div class=\"elementor-cta\">\n\t\t\t\t\t<div class=\"elementor-cta__bg-wrapper\">\n\t\t\t\t<div class=\"elementor-cta__bg elementor-bg\" style=\"background-image: url(https:\/\/tunderiportekak.hu\/wp-content\/uploads\/2024\/09\/IMG_0020_2-1024x1024.webp);\" role=\"img\" aria-label=\"IMG_0020_2\"><\/div>\n\t\t\t\t<div class=\"elementor-cta__bg-overlay\"><\/div>\n\t\t\t<\/div>\n\t\t\t\t\t\t\t<div class=\"elementor-cta__content\">\n\t\t\t\t\n\t\t\t\t\t\t\t\t\t<h1 class=\"elementor-cta__title elementor-cta__content-item elementor-content-item\">\n\t\t\t\t\t\tEgyedis\u00e9g\t\t\t\t\t<\/h1>\n\t\t\t\t\n\t\t\t\t\t\t\t\t\t<div class=\"elementor-cta__description elementor-cta__content-item elementor-content-item\">\n\t\t\t\t\t\tNincs k\u00e9t egyforma nemezcip\u0151!\t\t\t\t\t<\/div>\n\t\t\t\t\n\t\t\t\t\t\t\t\t\t<div class=\"elementor-cta__button-wrapper elementor-cta__content-item elementor-content-item \">\n\t\t\t\t\t<a class=\"elementor-cta__button elementor-button elementor-size-lg\" href=\"\/jelentkezesilap\/\">\n\t\t\t\t\t\tJelentkezem\t\t\t\t\t<\/a>\n\t\t\t\t\t<\/div>\n\t\t\t\t\t\t\t<\/div>\n\t\t\t\t\t\t\t<div class=\"elementor-ribbon elementor-ribbon-right\">\n\t\t\t\t<div class=\"elementor-ribbon-inner\">\n\t\t\t\t\t2 napos\t\t\t\t<\/div>\n\t\t\t<\/div>\n\t\t\t\t<\/div>\n\t\t\t\t\t\t<\/div>\n\t\t\t\t<\/div>\n\t\t\t\t\t<\/div>\n\t\t<\/div>\n\t\t\t\t\t<\/div>\n\t\t<\/section>\n\t\t\t\t<\/div>\n\t\t","protected":false},"excerpt":{"rendered":"<p>\u00a0FINOM NEMEZTOP\u00c1NOK, NEMEZCIP\u0150 K\u00c9SZ\u00cdT\u0150 \u00c9LM\u00c9NYPROGRAM\u00a0 Betelt 2026. \u00e1prilis 6-7. h\u00e9tf\u0151-kedd, 10.00-18.00 \u00f3r\u00e1ig\u00a0 A program d\u00edja 47.000 forint, mely az alapanyagok k\u00f6lts\u00e9g\u00e9t is tartalmazza. Semmit sem kell magaddal hozni, a m\u0171helyben minden rendelkez\u00e9sre \u00e1ll! &#8211; Teljesen egyedi cip\u0151, amit te tervezel \u00e9s k\u00e9sz\u00edtesz el. &#8211; Saj\u00e1t sablonk\u00e9sz\u00edt\u00e9s, hogy k\u00e9s\u0151bb is egyszer\u0171en elk\u00e9sz\u00edthesd. &#8211; Kih\u00edv\u00e1s, alkot\u00e1s \u00e9s [&hellip;]<\/p>\n","protected":false},"author":1,"featured_media":0,"parent":0,"menu_order":0,"comment_status":"closed","ping_status":"closed","template":"","meta":{"site-sidebar-layout":"no-sidebar","site-content-layout":"page-builder","ast-site-content-layout":"full-width-container","site-content-style":"default","site-sidebar-style":"default","ast-global-header-display":"","ast-banner-title-visibility":"","ast-main-header-display":"","ast-hfb-above-header-display":"","ast-hfb-below-header-display":"","ast-hfb-mobile-header-display":"","site-post-title":"disabled","ast-breadcrumbs-content":"","ast-featured-img":"disabled","footer-sml-layout":"","ast-disable-related-posts":"","theme-transparent-header-meta":"","adv-header-id-meta":"","stick-header-meta":"","header-above-stick-meta":"","header-main-stick-meta":"","header-below-stick-meta":"","astra-migrate-meta-layouts":"default","ast-page-background-enabled":"default","ast-page-background-meta":{"desktop":{"background-color":"","background-image":"","background-repeat":"repeat","background-position":"center center","background-size":"auto","background-attachment":"scroll","background-type":"","background-media":"","overlay-type":"","overlay-color":"","overlay-opacity":"","overlay-gradient":""},"tablet":{"background-color":"","background-image":"","background-repeat":"repeat","background-position":"center center","background-size":"auto","background-attachment":"scroll","background-type":"","background-media":"","overlay-type":"","overlay-color":"","overlay-opacity":"","overlay-gradient":""},"mobile":{"background-color":"","background-image":"","background-repeat":"repeat","background-position":"center center","background-size":"auto","background-attachment":"scroll","background-type":"","background-media":"","overlay-type":"","overlay-color":"","overlay-opacity":"","overlay-gradient":""}},"ast-content-background-meta":{"desktop":{"background-color":"var(--ast-global-color-5)","background-image":"","background-repeat":"repeat","background-position":"center center","background-size":"auto","background-attachment":"scroll","background-type":"","background-media":"","overlay-type":"","overlay-color":"","overlay-opacity":"","overlay-gradient":""},"tablet":{"background-color":"var(--ast-global-color-5)","background-image":"","background-repeat":"repeat","background-position":"center center","background-size":"auto","background-attachment":"scroll","background-type":"","background-media":"","overlay-type":"","overlay-color":"","overlay-opacity":"","overlay-gradient":""},"mobile":{"background-color":"var(--ast-global-color-5)","background-image":"","background-repeat":"repeat","background-position":"center center","background-size":"auto","background-attachment":"scroll","background-type":"","background-media":"","overlay-type":"","overlay-color":"","overlay-opacity":"","overlay-gradient":""}},"footnotes":""},"class_list":["post-2837","page","type-page","status-publish","hentry"],"yoast_head":"<!-- This site is optimized with the Yoast SEO Premium plugin v27.3 (Yoast SEO v27.3) - https:\/\/yoast.com\/product\/yoast-seo-premium-wordpress\/ -->\n<title>Finom nemeztop\u00e1nok \u00e9lm\u00e9nyprogram -<\/title>\n<meta name=\"robots\" content=\"index, follow, max-snippet:-1, max-image-preview:large, max-video-preview:-1\" \/>\n<link rel=\"canonical\" href=\"https:\/\/tunderiportekak.hu\/de\/finom-nemeztopanok-elmenyprogram\/\" \/>\n<meta property=\"og:locale\" content=\"de_DE\" \/>\n<meta property=\"og:type\" content=\"article\" \/>\n<meta property=\"og:title\" content=\"Finom nemeztop\u00e1nok \u00e9lm\u00e9nyprogram\" \/>\n<meta property=\"og:description\" content=\"\u00a0FINOM NEMEZTOP\u00c1NOK, NEMEZCIP\u0150 K\u00c9SZ\u00cdT\u0150 \u00c9LM\u00c9NYPROGRAM\u00a0 Betelt 2026. \u00e1prilis 6-7. h\u00e9tf\u0151-kedd, 10.00-18.00 \u00f3r\u00e1ig\u00a0 A program d\u00edja 47.000 forint, mely az alapanyagok k\u00f6lts\u00e9g\u00e9t is tartalmazza. Semmit sem kell magaddal hozni, a m\u0171helyben minden rendelkez\u00e9sre \u00e1ll! &#8211; Teljesen egyedi cip\u0151, amit te tervezel \u00e9s k\u00e9sz\u00edtesz el. &#8211; Saj\u00e1t sablonk\u00e9sz\u00edt\u00e9s, hogy k\u00e9s\u0151bb is egyszer\u0171en elk\u00e9sz\u00edthesd. &#8211; Kih\u00edv\u00e1s, alkot\u00e1s \u00e9s [&hellip;]\" \/>\n<meta property=\"og:url\" content=\"https:\/\/tunderiportekak.hu\/de\/finom-nemeztopanok-elmenyprogram\/\" \/>\n<meta property=\"article:modified_time\" content=\"2026-04-09T07:18:44+00:00\" \/>\n<meta name=\"twitter:card\" content=\"summary_large_image\" \/>\n<meta name=\"twitter:label1\" content=\"Gesch\u00e4tzte Lesezeit\" \/>\n\t<meta name=\"twitter:data1\" content=\"2\u00a0Minuten\" \/>\n<script type=\"application\/ld+json\" class=\"yoast-schema-graph\">{\"@context\":\"https:\\\/\\\/schema.org\",\"@graph\":[{\"@type\":\"WebPage\",\"@id\":\"https:\\\/\\\/tunderiportekak.hu\\\/finom-nemeztopanok-elmenyprogram\\\/\",\"url\":\"https:\\\/\\\/tunderiportekak.hu\\\/finom-nemeztopanok-elmenyprogram\\\/\",\"name\":\"Finom nemeztop\u00e1nok \u00e9lm\u00e9nyprogram -\",\"isPartOf\":{\"@id\":\"https:\\\/\\\/tunderiportekak.hu\\\/#website\"},\"datePublished\":\"2024-01-09T14:24:12+00:00\",\"dateModified\":\"2026-04-09T07:18:44+00:00\",\"breadcrumb\":{\"@id\":\"https:\\\/\\\/tunderiportekak.hu\\\/finom-nemeztopanok-elmenyprogram\\\/#breadcrumb\"},\"inLanguage\":\"de\",\"potentialAction\":[{\"@type\":\"ReadAction\",\"target\":[\"https:\\\/\\\/tunderiportekak.hu\\\/finom-nemeztopanok-elmenyprogram\\\/\"]}]},{\"@type\":\"BreadcrumbList\",\"@id\":\"https:\\\/\\\/tunderiportekak.hu\\\/finom-nemeztopanok-elmenyprogram\\\/#breadcrumb\",\"itemListElement\":[{\"@type\":\"ListItem\",\"position\":1,\"name\":\"Home\",\"item\":\"https:\\\/\\\/tunderiportekak.hu\\\/\"},{\"@type\":\"ListItem\",\"position\":2,\"name\":\"Finom nemeztop\u00e1nok \u00e9lm\u00e9nyprogram\"}]},{\"@type\":\"WebSite\",\"@id\":\"https:\\\/\\\/tunderiportekak.hu\\\/#website\",\"url\":\"https:\\\/\\\/tunderiportekak.hu\\\/\",\"name\":\"\",\"description\":\"Nemezcip\u0151 k\u00e9sz\u00edt\u0151 \u00e9lm\u00e9nyprogramok\",\"potentialAction\":[{\"@type\":\"SearchAction\",\"target\":{\"@type\":\"EntryPoint\",\"urlTemplate\":\"https:\\\/\\\/tunderiportekak.hu\\\/?s={search_term_string}\"},\"query-input\":{\"@type\":\"PropertyValueSpecification\",\"valueRequired\":true,\"valueName\":\"search_term_string\"}}],\"inLanguage\":\"de\"}]}<\/script>\n<!-- \/ Yoast SEO Premium plugin. -->","yoast_head_json":{"title":"Finom nemeztop\u00e1nok \u00e9lm\u00e9nyprogram -","robots":{"index":"index","follow":"follow","max-snippet":"max-snippet:-1","max-image-preview":"max-image-preview:large","max-video-preview":"max-video-preview:-1"},"canonical":"https:\/\/tunderiportekak.hu\/de\/finom-nemeztopanok-elmenyprogram\/","og_locale":"de_DE","og_type":"article","og_title":"Finom nemeztop\u00e1nok \u00e9lm\u00e9nyprogram","og_description":"\u00a0FINOM NEMEZTOP\u00c1NOK, NEMEZCIP\u0150 K\u00c9SZ\u00cdT\u0150 \u00c9LM\u00c9NYPROGRAM\u00a0 Betelt 2026. \u00e1prilis 6-7. h\u00e9tf\u0151-kedd, 10.00-18.00 \u00f3r\u00e1ig\u00a0 A program d\u00edja 47.000 forint, mely az alapanyagok k\u00f6lts\u00e9g\u00e9t is tartalmazza. Semmit sem kell magaddal hozni, a m\u0171helyben minden rendelkez\u00e9sre \u00e1ll! &#8211; Teljesen egyedi cip\u0151, amit te tervezel \u00e9s k\u00e9sz\u00edtesz el. &#8211; Saj\u00e1t sablonk\u00e9sz\u00edt\u00e9s, hogy k\u00e9s\u0151bb is egyszer\u0171en elk\u00e9sz\u00edthesd. &#8211; Kih\u00edv\u00e1s, alkot\u00e1s \u00e9s [&hellip;]","og_url":"https:\/\/tunderiportekak.hu\/de\/finom-nemeztopanok-elmenyprogram\/","article_modified_time":"2026-04-09T07:18:44+00:00","twitter_card":"summary_large_image","twitter_misc":{"Gesch\u00e4tzte Lesezeit":"2\u00a0Minuten"},"schema":{"@context":"https:\/\/schema.org","@graph":[{"@type":"WebPage","@id":"https:\/\/tunderiportekak.hu\/finom-nemeztopanok-elmenyprogram\/","url":"https:\/\/tunderiportekak.hu\/finom-nemeztopanok-elmenyprogram\/","name":"Finom nemeztop\u00e1nok \u00e9lm\u00e9nyprogram -","isPartOf":{"@id":"https:\/\/tunderiportekak.hu\/#website"},"datePublished":"2024-01-09T14:24:12+00:00","dateModified":"2026-04-09T07:18:44+00:00","breadcrumb":{"@id":"https:\/\/tunderiportekak.hu\/finom-nemeztopanok-elmenyprogram\/#breadcrumb"},"inLanguage":"de","potentialAction":[{"@type":"ReadAction","target":["https:\/\/tunderiportekak.hu\/finom-nemeztopanok-elmenyprogram\/"]}]},{"@type":"BreadcrumbList","@id":"https:\/\/tunderiportekak.hu\/finom-nemeztopanok-elmenyprogram\/#breadcrumb","itemListElement":[{"@type":"ListItem","position":1,"name":"Home","item":"https:\/\/tunderiportekak.hu\/"},{"@type":"ListItem","position":2,"name":"Finom nemeztop\u00e1nok \u00e9lm\u00e9nyprogram"}]},{"@type":"WebSite","@id":"https:\/\/tunderiportekak.hu\/#website","url":"https:\/\/tunderiportekak.hu\/","name":"","description":"Erlebnisprogramme Filzschuhherstellung","potentialAction":[{"@type":"SearchAction","target":{"@type":"EntryPoint","urlTemplate":"https:\/\/tunderiportekak.hu\/?s={search_term_string}"},"query-input":{"@type":"PropertyValueSpecification","valueRequired":true,"valueName":"search_term_string"}}],"inLanguage":"de"}]}},"_links":{"self":[{"href":"https:\/\/tunderiportekak.hu\/de\/wp-json\/wp\/v2\/pages\/2837","targetHints":{"allow":["GET"]}}],"collection":[{"href":"https:\/\/tunderiportekak.hu\/de\/wp-json\/wp\/v2\/pages"}],"about":[{"href":"https:\/\/tunderiportekak.hu\/de\/wp-json\/wp\/v2\/types\/page"}],"author":[{"embeddable":true,"href":"https:\/\/tunderiportekak.hu\/de\/wp-json\/wp\/v2\/users\/1"}],"replies":[{"embeddable":true,"href":"https:\/\/tunderiportekak.hu\/de\/wp-json\/wp\/v2\/comments?post=2837"}],"version-history":[{"count":96,"href":"https:\/\/tunderiportekak.hu\/de\/wp-json\/wp\/v2\/pages\/2837\/revisions"}],"predecessor-version":[{"id":6627,"href":"https:\/\/tunderiportekak.hu\/de\/wp-json\/wp\/v2\/pages\/2837\/revisions\/6627"}],"wp:attachment":[{"href":"https:\/\/tunderiportekak.hu\/de\/wp-json\/wp\/v2\/media?parent=2837"}],"curies":[{"name":"wp","href":"https:\/\/api.w.org\/{rel}","templated":true}]}}