{"id":2822,"date":"2024-01-09T14:04:36","date_gmt":"2024-01-09T14:04:36","guid":{"rendered":"https:\/\/shop.tunderiportekak.hu\/?page_id=2822"},"modified":"2026-04-09T09:19:29","modified_gmt":"2026-04-09T07:19:29","slug":"atmeneti-nemezcipo-keszito-elmenyprogram","status":"publish","type":"page","link":"https:\/\/tunderiportekak.hu\/de\/atmeneti-nemezcipo-keszito-elmenyprogram\/","title":{"rendered":"\u00c1tmeneti nemezcip\u0151 k\u00e9sz\u00edt\u0151 \u00e9lm\u00e9nyprogram"},"content":{"rendered":"","protected":false},"excerpt":{"rendered":"","protected":false},"author":1,"featured_media":0,"parent":0,"menu_order":0,"comment_status":"closed","ping_status":"closed","template":"","meta":{"site-sidebar-layout":"no-sidebar","site-content-layout":"page-builder","ast-site-content-layout":"full-width-container","site-content-style":"default","site-sidebar-style":"default","ast-global-header-display":"","ast-banner-title-visibility":"","ast-main-header-display":"","ast-hfb-above-header-display":"","ast-hfb-below-header-display":"","ast-hfb-mobile-header-display":"","site-post-title":"disabled","ast-breadcrumbs-content":"","ast-featured-img":"disabled","footer-sml-layout":"","ast-disable-related-posts":"","theme-transparent-header-meta":"","adv-header-id-meta":"","stick-header-meta":"","header-above-stick-meta":"","header-main-stick-meta":"","header-below-stick-meta":"","astra-migrate-meta-layouts":"set","ast-page-background-enabled":"default","ast-page-background-meta":{"desktop":{"background-color":"","background-image":"","background-repeat":"repeat","background-position":"center center","background-size":"auto","background-attachment":"scroll","background-type":"","background-media":"","overlay-type":"","overlay-color":"","overlay-opacity":"","overlay-gradient":""},"tablet":{"background-color":"","background-image":"","background-repeat":"repeat","background-position":"center center","background-size":"auto","background-attachment":"scroll","background-type":"","background-media":"","overlay-type":"","overlay-color":"","overlay-opacity":"","overlay-gradient":""},"mobile":{"background-color":"","background-image":"","background-repeat":"repeat","background-position":"center center","background-size":"auto","background-attachment":"scroll","background-type":"","background-media":"","overlay-type":"","overlay-color":"","overlay-opacity":"","overlay-gradient":""}},"ast-content-background-meta":{"desktop":{"background-color":"var(--ast-global-color-5)","background-image":"","background-repeat":"repeat","background-position":"center center","background-size":"auto","background-attachment":"scroll","background-type":"","background-media":"","overlay-type":"","overlay-color":"","overlay-opacity":"","overlay-gradient":""},"tablet":{"background-color":"var(--ast-global-color-5)","background-image":"","background-repeat":"repeat","background-position":"center center","background-size":"auto","background-attachment":"scroll","background-type":"","background-media":"","overlay-type":"","overlay-color":"","overlay-opacity":"","overlay-gradient":""},"mobile":{"background-color":"var(--ast-global-color-5)","background-image":"","background-repeat":"repeat","background-position":"center center","background-size":"auto","background-attachment":"scroll","background-type":"","background-media":"","overlay-type":"","overlay-color":"","overlay-opacity":"","overlay-gradient":""}},"footnotes":""},"class_list":["post-2822","page","type-page","status-publish","hentry"],"yoast_head":"<!-- This site is optimized with the Yoast SEO Premium plugin v27.3 (Yoast SEO v27.3) - https:\/\/yoast.com\/product\/yoast-seo-premium-wordpress\/ -->\n<title>\u00c1tmeneti nemezcip\u0151 k\u00e9sz\u00edt\u0151 \u00e9lm\u00e9nyprogram -<\/title>\n<meta name=\"robots\" content=\"index, follow, max-snippet:-1, max-image-preview:large, max-video-preview:-1\" \/>\n<link rel=\"canonical\" href=\"https:\/\/tunderiportekak.hu\/de\/atmeneti-nemezcipo-keszito-elmenyprogram\/\" \/>\n<meta property=\"og:locale\" content=\"de_DE\" \/>\n<meta property=\"og:type\" content=\"article\" \/>\n<meta property=\"og:title\" content=\"\u00c1tmeneti nemezcip\u0151 k\u00e9sz\u00edt\u0151 \u00e9lm\u00e9nyprogram\" \/>\n<meta property=\"og:url\" content=\"https:\/\/tunderiportekak.hu\/de\/atmeneti-nemezcipo-keszito-elmenyprogram\/\" \/>\n<meta property=\"article:modified_time\" content=\"2026-04-09T07:19:29+00:00\" \/>\n<meta name=\"twitter:card\" content=\"summary_large_image\" \/>\n<meta name=\"twitter:label1\" content=\"Gesch\u00e4tzte Lesezeit\" \/>\n\t<meta name=\"twitter:data1\" content=\"2\u00a0Minuten\" \/>\n<script type=\"application\/ld+json\" class=\"yoast-schema-graph\">{\"@context\":\"https:\\\/\\\/schema.org\",\"@graph\":[{\"@type\":\"WebPage\",\"@id\":\"https:\\\/\\\/tunderiportekak.hu\\\/atmeneti-nemezcipo-keszito-elmenyprogram\\\/\",\"url\":\"https:\\\/\\\/tunderiportekak.hu\\\/atmeneti-nemezcipo-keszito-elmenyprogram\\\/\",\"name\":\"\u00c1tmeneti nemezcip\u0151 k\u00e9sz\u00edt\u0151 \u00e9lm\u00e9nyprogram -\",\"isPartOf\":{\"@id\":\"https:\\\/\\\/tunderiportekak.hu\\\/#website\"},\"datePublished\":\"2024-01-09T14:04:36+00:00\",\"dateModified\":\"2026-04-09T07:19:29+00:00\",\"breadcrumb\":{\"@id\":\"https:\\\/\\\/tunderiportekak.hu\\\/atmeneti-nemezcipo-keszito-elmenyprogram\\\/#breadcrumb\"},\"inLanguage\":\"de\",\"potentialAction\":[{\"@type\":\"ReadAction\",\"target\":[\"https:\\\/\\\/tunderiportekak.hu\\\/atmeneti-nemezcipo-keszito-elmenyprogram\\\/\"]}]},{\"@type\":\"BreadcrumbList\",\"@id\":\"https:\\\/\\\/tunderiportekak.hu\\\/atmeneti-nemezcipo-keszito-elmenyprogram\\\/#breadcrumb\",\"itemListElement\":[{\"@type\":\"ListItem\",\"position\":1,\"name\":\"Home\",\"item\":\"https:\\\/\\\/tunderiportekak.hu\\\/\"},{\"@type\":\"ListItem\",\"position\":2,\"name\":\"\u00c1tmeneti nemezcip\u0151 k\u00e9sz\u00edt\u0151 \u00e9lm\u00e9nyprogram\"}]},{\"@type\":\"WebSite\",\"@id\":\"https:\\\/\\\/tunderiportekak.hu\\\/#website\",\"url\":\"https:\\\/\\\/tunderiportekak.hu\\\/\",\"name\":\"\",\"description\":\"Nemezcip\u0151 k\u00e9sz\u00edt\u0151 \u00e9lm\u00e9nyprogramok\",\"potentialAction\":[{\"@type\":\"SearchAction\",\"target\":{\"@type\":\"EntryPoint\",\"urlTemplate\":\"https:\\\/\\\/tunderiportekak.hu\\\/?s={search_term_string}\"},\"query-input\":{\"@type\":\"PropertyValueSpecification\",\"valueRequired\":true,\"valueName\":\"search_term_string\"}}],\"inLanguage\":\"de\"}]}<\/script>\n<!-- \/ Yoast SEO Premium plugin. -->","yoast_head_json":{"title":"\u00c1tmeneti nemezcip\u0151 k\u00e9sz\u00edt\u0151 \u00e9lm\u00e9nyprogram -","robots":{"index":"index","follow":"follow","max-snippet":"max-snippet:-1","max-image-preview":"max-image-preview:large","max-video-preview":"max-video-preview:-1"},"canonical":"https:\/\/tunderiportekak.hu\/de\/atmeneti-nemezcipo-keszito-elmenyprogram\/","og_locale":"de_DE","og_type":"article","og_title":"\u00c1tmeneti nemezcip\u0151 k\u00e9sz\u00edt\u0151 \u00e9lm\u00e9nyprogram","og_url":"https:\/\/tunderiportekak.hu\/de\/atmeneti-nemezcipo-keszito-elmenyprogram\/","article_modified_time":"2026-04-09T07:19:29+00:00","twitter_card":"summary_large_image","twitter_misc":{"Gesch\u00e4tzte Lesezeit":"2\u00a0Minuten"},"schema":{"@context":"https:\/\/schema.org","@graph":[{"@type":"WebPage","@id":"https:\/\/tunderiportekak.hu\/atmeneti-nemezcipo-keszito-elmenyprogram\/","url":"https:\/\/tunderiportekak.hu\/atmeneti-nemezcipo-keszito-elmenyprogram\/","name":"\u00c1tmeneti nemezcip\u0151 k\u00e9sz\u00edt\u0151 \u00e9lm\u00e9nyprogram -","isPartOf":{"@id":"https:\/\/tunderiportekak.hu\/#website"},"datePublished":"2024-01-09T14:04:36+00:00","dateModified":"2026-04-09T07:19:29+00:00","breadcrumb":{"@id":"https:\/\/tunderiportekak.hu\/atmeneti-nemezcipo-keszito-elmenyprogram\/#breadcrumb"},"inLanguage":"de","potentialAction":[{"@type":"ReadAction","target":["https:\/\/tunderiportekak.hu\/atmeneti-nemezcipo-keszito-elmenyprogram\/"]}]},{"@type":"BreadcrumbList","@id":"https:\/\/tunderiportekak.hu\/atmeneti-nemezcipo-keszito-elmenyprogram\/#breadcrumb","itemListElement":[{"@type":"ListItem","position":1,"name":"Home","item":"https:\/\/tunderiportekak.hu\/"},{"@type":"ListItem","position":2,"name":"\u00c1tmeneti nemezcip\u0151 k\u00e9sz\u00edt\u0151 \u00e9lm\u00e9nyprogram"}]},{"@type":"WebSite","@id":"https:\/\/tunderiportekak.hu\/#website","url":"https:\/\/tunderiportekak.hu\/","name":"","description":"Erlebnisprogramme Filzschuhherstellung","potentialAction":[{"@type":"SearchAction","target":{"@type":"EntryPoint","urlTemplate":"https:\/\/tunderiportekak.hu\/?s={search_term_string}"},"query-input":{"@type":"PropertyValueSpecification","valueRequired":true,"valueName":"search_term_string"}}],"inLanguage":"de"}]}},"_links":{"self":[{"href":"https:\/\/tunderiportekak.hu\/de\/wp-json\/wp\/v2\/pages\/2822","targetHints":{"allow":["GET"]}}],"collection":[{"href":"https:\/\/tunderiportekak.hu\/de\/wp-json\/wp\/v2\/pages"}],"about":[{"href":"https:\/\/tunderiportekak.hu\/de\/wp-json\/wp\/v2\/types\/page"}],"author":[{"embeddable":true,"href":"https:\/\/tunderiportekak.hu\/de\/wp-json\/wp\/v2\/users\/1"}],"replies":[{"embeddable":true,"href":"https:\/\/tunderiportekak.hu\/de\/wp-json\/wp\/v2\/comments?post=2822"}],"version-history":[{"count":291,"href":"https:\/\/tunderiportekak.hu\/de\/wp-json\/wp\/v2\/pages\/2822\/revisions"}],"predecessor-version":[{"id":6630,"href":"https:\/\/tunderiportekak.hu\/de\/wp-json\/wp\/v2\/pages\/2822\/revisions\/6630"}],"wp:attachment":[{"href":"https:\/\/tunderiportekak.hu\/de\/wp-json\/wp\/v2\/media?parent=2822"}],"curies":[{"name":"wp","href":"https:\/\/api.w.org\/{rel}","templated":true}]}}