{"id":2751,"date":"2024-01-07T15:07:59","date_gmt":"2024-01-07T15:07:59","guid":{"rendered":"https:\/\/shop.tunderiportekak.hu\/?page_id=2751"},"modified":"2024-07-19T15:29:01","modified_gmt":"2024-07-19T15:29:01","slug":"kapcsolat","status":"publish","type":"page","link":"https:\/\/tunderiportekak.hu\/de\/kapcsolat\/","title":{"rendered":"Kapcsolat"},"content":{"rendered":"<div data-elementor-type=\"wp-page\" data-elementor-id=\"2751\" class=\"elementor elementor-2751\" data-elementor-post-type=\"page\">\n\t\t\t\t\t\t<section class=\"elementor-section elementor-top-section elementor-element elementor-element-2c1493d elementor-section-boxed elementor-section-height-default elementor-section-height-default\" data-id=\"2c1493d\" data-element_type=\"section\" data-e-type=\"section\">\n\t\t\t\t\t\t<div class=\"elementor-container elementor-column-gap-wide\">\n\t\t\t\t\t<div class=\"elementor-column elementor-col-50 elementor-top-column elementor-element elementor-element-35381399\" data-id=\"35381399\" data-element_type=\"column\" data-e-type=\"column\">\n\t\t\t<div class=\"elementor-widget-wrap elementor-element-populated\">\n\t\t\t\t\t\t<div class=\"elementor-element elementor-element-292a6f05 elementor-widget elementor-widget-text-editor\" data-id=\"292a6f05\" data-element_type=\"widget\" data-e-type=\"widget\" data-widget_type=\"text-editor.default\">\n\t\t\t\t<div class=\"elementor-widget-container\">\n\t\t\t\t\t\t\t\t\t<h1 style=\"text-align: center;\"><font color=\"#99cc00\">IMPRESSZUM<\/font><\/h1>\n<div>\n<p style=\"text-align: left;\">Szolg\u00e1ltat\u00f3 neve: Bull Consulting Kft.<\/p><p style=\"text-align: left;\">Szolg\u00e1ltat\u00f3 sz\u00e9khelye: 1153 Budapest, E\u00f6tv\u00f6s utca 76. fszt. 10.<\/p><p style=\"text-align: left;\"><span style=\"font-style: inherit; font-weight: inherit; background-color: var(--ast-global-color-4); color: var(--ast-global-color-3); letter-spacing: 0px;\">C\u00e9gjegyz\u00e9ksz\u00e1m: 01-09-873765, bejegyezte a F\u0151v\u00e1rosi T\u00f6rv\u00e9nysz\u00e9k C\u00e9gb\u00edr\u00f3s\u00e1ga<\/span><br><\/p><p style=\"text-align: left;\">Ad\u00f3sz\u00e1m: 13798149-2-42<\/p><p style=\"text-align: left;\"><span style=\"font-style: inherit; font-weight: inherit; background-color: var(--ast-global-color-4); color: var(--ast-global-color-3); letter-spacing: 0px;\">T\u00e1rhelyszolg\u00e1ltat\u00f3 adatai: Sybell Informatikai Kft.; sz\u00e9khely: 1158 Budapest, K\u00e9sm\u00e1rk u. 7\/b. II. emelet 206.;<\/span><\/p><p style=\"text-align: left;\">hello@sybell.hu<\/p>\n<p style=\"font-size: 16px; font-style: normal; font-weight: 400; text-align: left;\"><span style=\"background-color: var(--ast-global-color-4); color: var(--ast-global-color-3); letter-spacing: 0px;\">El\u00e9rhet\u0151s\u00e9gek:&nbsp;<\/span><span style=\"background-color: var(--ast-global-color-4); color: var(--ast-global-color-3); letter-spacing: 0px;\">Szabolcsi M\u00f3nika,&nbsp;<\/span><\/p><p style=\"font-size: 16px; font-style: normal; font-weight: 400; text-align: left;\"><span style=\"background-color: var(--ast-global-color-4); color: var(--ast-global-color-3); letter-spacing: 0px;\">C\u00edm: 1153 Budapest, E\u00f6tv\u00f6s u. 70.<\/span><\/p><p style=\"font-size: 16px; font-style: normal; font-weight: 400; text-align: left;\">Telefon: 20\/4411-365<br>E-mail: mszabolcsi77@gmail.com<br>Facebook: https:\/\/www.facebook.com\/tunderiportekak\/?ref=bookmarks<br>Instagram: https:\/\/www.instagram.com\/tunderiportekak\/?hl=hu<\/p>\n<p style=\"font-size: 16px; font-style: normal; font-weight: 400; text-align: left;\">YouTube: https:\/\/www.youtube.com\/channel\/UCABGU3idzUChA6qS1SwT0vw?view_as=subscriber<\/p>\n<p style=\"font-size: 16px; font-style: normal; font-weight: 400; text-align: left;\"><span style=\"font-weight: bold;\">A T\u00fcnd\u00e9ri Port\u00e9k\u00e1k m\u0171helye csak el\u0151re egyeztetett id\u0151pontban l\u00e1togathat\u00f3!<\/span><\/p>\n<p style=\"font-size: 16px; font-style: normal; font-weight: 400; text-align: left;\">Banksz\u00e1mla adatok utal\u00e1shoz:<br>Bull Consulting Kft.<br>OTP 11713005-20401142-00000000<\/p>\n<\/div>\t\t\t\t\t\t\t\t<\/div>\n\t\t\t\t<\/div>\n\t\t\t\t\t<\/div>\n\t\t<\/div>\n\t\t\t\t<div class=\"elementor-column elementor-col-50 elementor-top-column elementor-element elementor-element-4ddbea63\" data-id=\"4ddbea63\" data-element_type=\"column\" data-e-type=\"column\">\n\t\t\t<div class=\"elementor-widget-wrap elementor-element-populated\">\n\t\t\t\t\t\t<div class=\"elementor-element elementor-element-aebc12b elementor-cta--valign-bottom elementor-cta--skin-classic elementor-animated-content elementor-bg-transform elementor-bg-transform-zoom-in elementor-widget elementor-widget-call-to-action\" data-id=\"aebc12b\" data-element_type=\"widget\" data-e-type=\"widget\" data-widget_type=\"call-to-action.default\">\n\t\t\t\t<div class=\"elementor-widget-container\">\n\t\t\t\t\t\t\t<div class=\"elementor-cta\">\n\t\t\t\t\t<div class=\"elementor-cta__bg-wrapper\">\n\t\t\t\t<div class=\"elementor-cta__bg elementor-bg\" style=\"background-image: url(https:\/\/tunderiportekak.hu\/wp-content\/uploads\/2024\/01\/Muhely2-1024x576.jpg);\" role=\"img\" aria-label=\"M\u0171hely2\"><\/div>\n\t\t\t\t<div class=\"elementor-cta__bg-overlay\"><\/div>\n\t\t\t<\/div>\n\t\t\t\t\t\t\t<div class=\"elementor-cta__content\">\n\t\t\t\t\n\t\t\t\t\t\t\t\t\t<h1 class=\"elementor-cta__title elementor-cta__content-item elementor-content-item\">\n\t\t\t\t\t\tBudapest, XV. ker\u00fclet\u00e9nek kertv\u00e1ros\u00e1ban\t\t\t\t\t<\/h1>\n\t\t\t\t\n\t\t\t\t\t\t\t\t\t<div class=\"elementor-cta__description elementor-cta__content-item elementor-content-item\">\n\t\t\t\t\t\tL\u00e9leknyugtat\u00f3 alkot\u00e1s.\t\t\t\t\t<\/div>\n\t\t\t\t\n\t\t\t\t\t\t\t\t\t<div class=\"elementor-cta__button-wrapper elementor-cta__content-item elementor-content-item\">\n\t\t\t\t\t<a class=\"elementor-cta__button elementor-button elementor-size-lg\" href=\"\/de\/jelentkezesilap\/\">\n\t\t\t\t\t\tJelentkezem\t\t\t\t\t<\/a>\n\t\t\t\t\t<\/div>\n\t\t\t\t\t\t\t<\/div>\n\t\t\t\t\t\t<\/div>\n\t\t\t\t\t\t<\/div>\n\t\t\t\t<\/div>\n\t\t\t\t\t<\/div>\n\t\t<\/div>\n\t\t\t\t\t<\/div>\n\t\t<\/section>\n\t\t\t\t<\/div>","protected":false},"excerpt":{"rendered":"<p>IMPRESSZUM Szolg\u00e1ltat\u00f3 neve: Bull Consulting Kft. Szolg\u00e1ltat\u00f3 sz\u00e9khelye: 1153 Budapest, E\u00f6tv\u00f6s utca 76. fszt. 10. C\u00e9gjegyz\u00e9ksz\u00e1m: 01-09-873765, bejegyezte a F\u0151v\u00e1rosi T\u00f6rv\u00e9nysz\u00e9k C\u00e9gb\u00edr\u00f3s\u00e1ga Ad\u00f3sz\u00e1m: 13798149-2-42 T\u00e1rhelyszolg\u00e1ltat\u00f3 adatai: Sybell Informatikai Kft.; sz\u00e9khely: 1158 Budapest, K\u00e9sm\u00e1rk u. 7\/b. II. emelet 206.; hello@sybell.hu El\u00e9rhet\u0151s\u00e9gek:&nbsp;Szabolcsi M\u00f3nika,&nbsp; C\u00edm: 1153 Budapest, E\u00f6tv\u00f6s u. 70. Telefon: 20\/4411-365E-mail: mszabolcsi77@gmail.comFacebook: https:\/\/www.facebook.com\/tunderiportekak\/?ref=bookmarksInstagram: https:\/\/www.instagram.com\/tunderiportekak\/?hl=hu YouTube: https:\/\/www.youtube.com\/channel\/UCABGU3idzUChA6qS1SwT0vw?view_as=subscriber A [&hellip;]<\/p>\n","protected":false},"author":1,"featured_media":0,"parent":0,"menu_order":0,"comment_status":"closed","ping_status":"closed","template":"","meta":{"site-sidebar-layout":"no-sidebar","site-content-layout":"page-builder","ast-site-content-layout":"full-width-container","site-content-style":"default","site-sidebar-style":"default","ast-global-header-display":"","ast-banner-title-visibility":"","ast-main-header-display":"","ast-hfb-above-header-display":"","ast-hfb-below-header-display":"","ast-hfb-mobile-header-display":"","site-post-title":"disabled","ast-breadcrumbs-content":"","ast-featured-img":"disabled","footer-sml-layout":"","ast-disable-related-posts":"","theme-transparent-header-meta":"","adv-header-id-meta":"","stick-header-meta":"","header-above-stick-meta":"","header-main-stick-meta":"","header-below-stick-meta":"","astra-migrate-meta-layouts":"set","ast-page-background-enabled":"default","ast-page-background-meta":{"desktop":{"background-color":"","background-image":"","background-repeat":"repeat","background-position":"center center","background-size":"auto","background-attachment":"scroll","background-type":"","background-media":"","overlay-type":"","overlay-color":"","overlay-opacity":"","overlay-gradient":""},"tablet":{"background-color":"","background-image":"","background-repeat":"repeat","background-position":"center center","background-size":"auto","background-attachment":"scroll","background-type":"","background-media":"","overlay-type":"","overlay-color":"","overlay-opacity":"","overlay-gradient":""},"mobile":{"background-color":"","background-image":"","background-repeat":"repeat","background-position":"center center","background-size":"auto","background-attachment":"scroll","background-type":"","background-media":"","overlay-type":"","overlay-color":"","overlay-opacity":"","overlay-gradient":""}},"ast-content-background-meta":{"desktop":{"background-color":"var(--ast-global-color-5)","background-image":"","background-repeat":"repeat","background-position":"center center","background-size":"auto","background-attachment":"scroll","background-type":"","background-media":"","overlay-type":"","overlay-color":"","overlay-opacity":"","overlay-gradient":""},"tablet":{"background-color":"var(--ast-global-color-5)","background-image":"","background-repeat":"repeat","background-position":"center center","background-size":"auto","background-attachment":"scroll","background-type":"","background-media":"","overlay-type":"","overlay-color":"","overlay-opacity":"","overlay-gradient":""},"mobile":{"background-color":"var(--ast-global-color-5)","background-image":"","background-repeat":"repeat","background-position":"center center","background-size":"auto","background-attachment":"scroll","background-type":"","background-media":"","overlay-type":"","overlay-color":"","overlay-opacity":"","overlay-gradient":""}},"footnotes":""},"class_list":["post-2751","page","type-page","status-publish","hentry"],"yoast_head":"<!-- This site is optimized with the Yoast SEO Premium plugin v27.3 (Yoast SEO v27.3) - https:\/\/yoast.com\/product\/yoast-seo-premium-wordpress\/ -->\n<title>Kapcsolat -<\/title>\n<meta name=\"robots\" content=\"index, follow, max-snippet:-1, max-image-preview:large, max-video-preview:-1\" \/>\n<link rel=\"canonical\" href=\"https:\/\/tunderiportekak.hu\/de\/kapcsolat\/\" \/>\n<meta property=\"og:locale\" content=\"de_DE\" \/>\n<meta property=\"og:type\" content=\"article\" \/>\n<meta property=\"og:title\" content=\"Kapcsolat\" \/>\n<meta property=\"og:description\" content=\"IMPRESSZUM Szolg\u00e1ltat\u00f3 neve: Bull Consulting Kft. Szolg\u00e1ltat\u00f3 sz\u00e9khelye: 1153 Budapest, E\u00f6tv\u00f6s utca 76. fszt. 10. C\u00e9gjegyz\u00e9ksz\u00e1m: 01-09-873765, bejegyezte a F\u0151v\u00e1rosi T\u00f6rv\u00e9nysz\u00e9k C\u00e9gb\u00edr\u00f3s\u00e1ga Ad\u00f3sz\u00e1m: 13798149-2-42 T\u00e1rhelyszolg\u00e1ltat\u00f3 adatai: Sybell Informatikai Kft.; sz\u00e9khely: 1158 Budapest, K\u00e9sm\u00e1rk u. 7\/b. II. emelet 206.; hello@sybell.hu El\u00e9rhet\u0151s\u00e9gek:&nbsp;Szabolcsi M\u00f3nika,&nbsp; C\u00edm: 1153 Budapest, E\u00f6tv\u00f6s u. 70. Telefon: 20\/4411-365E-mail: mszabolcsi77@gmail.comFacebook: https:\/\/www.facebook.com\/tunderiportekak\/?ref=bookmarksInstagram: https:\/\/www.instagram.com\/tunderiportekak\/?hl=hu YouTube: https:\/\/www.youtube.com\/channel\/UCABGU3idzUChA6qS1SwT0vw?view_as=subscriber A [&hellip;]\" \/>\n<meta property=\"og:url\" content=\"https:\/\/tunderiportekak.hu\/de\/kapcsolat\/\" \/>\n<meta property=\"article:modified_time\" content=\"2024-07-19T15:29:01+00:00\" \/>\n<meta name=\"twitter:card\" content=\"summary_large_image\" \/>\n<meta name=\"twitter:label1\" content=\"Gesch\u00e4tzte Lesezeit\" \/>\n\t<meta name=\"twitter:data1\" content=\"1\u00a0Minute\" \/>\n<script type=\"application\/ld+json\" class=\"yoast-schema-graph\">{\"@context\":\"https:\\\/\\\/schema.org\",\"@graph\":[{\"@type\":\"WebPage\",\"@id\":\"https:\\\/\\\/tunderiportekak.hu\\\/kapcsolat\\\/\",\"url\":\"https:\\\/\\\/tunderiportekak.hu\\\/kapcsolat\\\/\",\"name\":\"Kapcsolat -\",\"isPartOf\":{\"@id\":\"https:\\\/\\\/tunderiportekak.hu\\\/#website\"},\"datePublished\":\"2024-01-07T15:07:59+00:00\",\"dateModified\":\"2024-07-19T15:29:01+00:00\",\"breadcrumb\":{\"@id\":\"https:\\\/\\\/tunderiportekak.hu\\\/kapcsolat\\\/#breadcrumb\"},\"inLanguage\":\"de\",\"potentialAction\":[{\"@type\":\"ReadAction\",\"target\":[\"https:\\\/\\\/tunderiportekak.hu\\\/kapcsolat\\\/\"]}]},{\"@type\":\"BreadcrumbList\",\"@id\":\"https:\\\/\\\/tunderiportekak.hu\\\/kapcsolat\\\/#breadcrumb\",\"itemListElement\":[{\"@type\":\"ListItem\",\"position\":1,\"name\":\"Home\",\"item\":\"https:\\\/\\\/tunderiportekak.hu\\\/\"},{\"@type\":\"ListItem\",\"position\":2,\"name\":\"Kapcsolat\"}]},{\"@type\":\"WebSite\",\"@id\":\"https:\\\/\\\/tunderiportekak.hu\\\/#website\",\"url\":\"https:\\\/\\\/tunderiportekak.hu\\\/\",\"name\":\"\",\"description\":\"Nemezcip\u0151 k\u00e9sz\u00edt\u0151 \u00e9lm\u00e9nyprogramok\",\"potentialAction\":[{\"@type\":\"SearchAction\",\"target\":{\"@type\":\"EntryPoint\",\"urlTemplate\":\"https:\\\/\\\/tunderiportekak.hu\\\/?s={search_term_string}\"},\"query-input\":{\"@type\":\"PropertyValueSpecification\",\"valueRequired\":true,\"valueName\":\"search_term_string\"}}],\"inLanguage\":\"de\"}]}<\/script>\n<!-- \/ Yoast SEO Premium plugin. -->","yoast_head_json":{"title":"Kapcsolat -","robots":{"index":"index","follow":"follow","max-snippet":"max-snippet:-1","max-image-preview":"max-image-preview:large","max-video-preview":"max-video-preview:-1"},"canonical":"https:\/\/tunderiportekak.hu\/de\/kapcsolat\/","og_locale":"de_DE","og_type":"article","og_title":"Kapcsolat","og_description":"IMPRESSZUM Szolg\u00e1ltat\u00f3 neve: Bull Consulting Kft. Szolg\u00e1ltat\u00f3 sz\u00e9khelye: 1153 Budapest, E\u00f6tv\u00f6s utca 76. fszt. 10. C\u00e9gjegyz\u00e9ksz\u00e1m: 01-09-873765, bejegyezte a F\u0151v\u00e1rosi T\u00f6rv\u00e9nysz\u00e9k C\u00e9gb\u00edr\u00f3s\u00e1ga Ad\u00f3sz\u00e1m: 13798149-2-42 T\u00e1rhelyszolg\u00e1ltat\u00f3 adatai: Sybell Informatikai Kft.; sz\u00e9khely: 1158 Budapest, K\u00e9sm\u00e1rk u. 7\/b. II. emelet 206.; hello@sybell.hu El\u00e9rhet\u0151s\u00e9gek:&nbsp;Szabolcsi M\u00f3nika,&nbsp; C\u00edm: 1153 Budapest, E\u00f6tv\u00f6s u. 70. Telefon: 20\/4411-365E-mail: mszabolcsi77@gmail.comFacebook: https:\/\/www.facebook.com\/tunderiportekak\/?ref=bookmarksInstagram: https:\/\/www.instagram.com\/tunderiportekak\/?hl=hu YouTube: https:\/\/www.youtube.com\/channel\/UCABGU3idzUChA6qS1SwT0vw?view_as=subscriber A [&hellip;]","og_url":"https:\/\/tunderiportekak.hu\/de\/kapcsolat\/","article_modified_time":"2024-07-19T15:29:01+00:00","twitter_card":"summary_large_image","twitter_misc":{"Gesch\u00e4tzte Lesezeit":"1\u00a0Minute"},"schema":{"@context":"https:\/\/schema.org","@graph":[{"@type":"WebPage","@id":"https:\/\/tunderiportekak.hu\/kapcsolat\/","url":"https:\/\/tunderiportekak.hu\/kapcsolat\/","name":"Kapcsolat -","isPartOf":{"@id":"https:\/\/tunderiportekak.hu\/#website"},"datePublished":"2024-01-07T15:07:59+00:00","dateModified":"2024-07-19T15:29:01+00:00","breadcrumb":{"@id":"https:\/\/tunderiportekak.hu\/kapcsolat\/#breadcrumb"},"inLanguage":"de","potentialAction":[{"@type":"ReadAction","target":["https:\/\/tunderiportekak.hu\/kapcsolat\/"]}]},{"@type":"BreadcrumbList","@id":"https:\/\/tunderiportekak.hu\/kapcsolat\/#breadcrumb","itemListElement":[{"@type":"ListItem","position":1,"name":"Home","item":"https:\/\/tunderiportekak.hu\/"},{"@type":"ListItem","position":2,"name":"Kapcsolat"}]},{"@type":"WebSite","@id":"https:\/\/tunderiportekak.hu\/#website","url":"https:\/\/tunderiportekak.hu\/","name":"","description":"Erlebnisprogramme Filzschuhherstellung","potentialAction":[{"@type":"SearchAction","target":{"@type":"EntryPoint","urlTemplate":"https:\/\/tunderiportekak.hu\/?s={search_term_string}"},"query-input":{"@type":"PropertyValueSpecification","valueRequired":true,"valueName":"search_term_string"}}],"inLanguage":"de"}]}},"_links":{"self":[{"href":"https:\/\/tunderiportekak.hu\/de\/wp-json\/wp\/v2\/pages\/2751","targetHints":{"allow":["GET"]}}],"collection":[{"href":"https:\/\/tunderiportekak.hu\/de\/wp-json\/wp\/v2\/pages"}],"about":[{"href":"https:\/\/tunderiportekak.hu\/de\/wp-json\/wp\/v2\/types\/page"}],"author":[{"embeddable":true,"href":"https:\/\/tunderiportekak.hu\/de\/wp-json\/wp\/v2\/users\/1"}],"replies":[{"embeddable":true,"href":"https:\/\/tunderiportekak.hu\/de\/wp-json\/wp\/v2\/comments?post=2751"}],"version-history":[{"count":3,"href":"https:\/\/tunderiportekak.hu\/de\/wp-json\/wp\/v2\/pages\/2751\/revisions"}],"predecessor-version":[{"id":4131,"href":"https:\/\/tunderiportekak.hu\/de\/wp-json\/wp\/v2\/pages\/2751\/revisions\/4131"}],"wp:attachment":[{"href":"https:\/\/tunderiportekak.hu\/de\/wp-json\/wp\/v2\/media?parent=2751"}],"curies":[{"name":"wp","href":"https:\/\/api.w.org\/{rel}","templated":true}]}}