{"id":2263,"date":"2023-10-16T15:11:36","date_gmt":"2023-10-16T15:11:36","guid":{"rendered":"https:\/\/shop.tunderiportekak.hu\/?p=2263"},"modified":"2024-01-11T13:59:52","modified_gmt":"2024-01-11T13:59:52","slug":"a-remekmurol-es-a-tunderirol","status":"publish","type":"page","link":"https:\/\/tunderiportekak.hu\/de\/a-remekmurol-es-a-tunderirol\/","title":{"rendered":"A remekm\u0171r\u0151l \u00e9s a t\u00fcnd\u00e9rir\u0151l"},"content":{"rendered":"<div data-elementor-type=\"wp-post\" data-elementor-id=\"2263\" class=\"elementor elementor-2263\" data-elementor-post-type=\"page\">\n\t\t\t\t\t\t<section class=\"elementor-section elementor-top-section elementor-element elementor-element-483bc04 elementor-section-boxed elementor-section-height-default elementor-section-height-default\" data-id=\"483bc04\" data-element_type=\"section\" data-e-type=\"section\">\n\t\t\t\t\t\t<div class=\"elementor-container elementor-column-gap-default\">\n\t\t\t\t\t<div class=\"elementor-column elementor-col-100 elementor-top-column elementor-element elementor-element-3ff46de\" data-id=\"3ff46de\" data-element_type=\"column\" data-e-type=\"column\">\n\t\t\t<div class=\"elementor-widget-wrap elementor-element-populated\">\n\t\t\t\t\t\t<div class=\"elementor-element elementor-element-5cbb390 elementor-cta--skin-classic elementor-animated-content elementor-bg-transform elementor-bg-transform-zoom-in elementor-widget elementor-widget-call-to-action\" data-id=\"5cbb390\" data-element_type=\"widget\" data-e-type=\"widget\" data-widget_type=\"call-to-action.default\">\n\t\t\t\t<div class=\"elementor-widget-container\">\n\t\t\t\t\t\t\t<div class=\"elementor-cta\">\n\t\t\t\t\t<div class=\"elementor-cta__bg-wrapper\">\n\t\t\t\t<div class=\"elementor-cta__bg elementor-bg\" style=\"background-image: url(https:\/\/tunderiportekak.hu\/wp-content\/uploads\/2023\/10\/20200508_141123-1024x768.jpg);\" role=\"img\" aria-label=\"20200508_141123\"><\/div>\n\t\t\t\t<div class=\"elementor-cta__bg-overlay\"><\/div>\n\t\t\t<\/div>\n\t\t\t\t\t\t\t<div class=\"elementor-cta__content\">\n\t\t\t\t\n\t\t\t\t\t\t\t\t\t<h2 class=\"elementor-cta__title elementor-cta__content-item elementor-content-item\">\n\t\t\t\t\t\tA remekm\u0171r\u0151l \u00e9s a t\u00fcnd\u00e9rir\u0151l\t\t\t\t\t<\/h2>\n\t\t\t\t\n\t\t\t\t\t\t\t\t\t<div class=\"elementor-cta__description elementor-cta__content-item elementor-content-item\">\n\t\t\t\t\t\t\u201cAhhoz, hogy egy emberi alkot\u00e1s remekbe siker\u00fclj\u00f6n, s id\u0151tlen ragyog\u00e1ssal k\u00e1pr\u00e1ztassa \u00e9s gy\u00f6ny\u00f6rk\u00f6dtesse az embereket, a tehets\u00e9g, a t\u00e9ma, a kivitel t\u00f6k\u00e9letess\u00e9ge mellett kell valami m\u00e1s is. A remekm\u0171ben van valamilyen t\u00fcnd\u00e9ri elem is, mely csod\u00e1latos f\u00e9ny\u00e9vel \u00e1tsug\u00e1rzik az eg\u00e9szen, oly gy\u00f6ng\u00e9den \u00e9s megejt\u0151en, mint ahogyan az \u00e9szaki f\u00e9ny vil\u00e1g\u00edt a ny\u00e1ri \u00e9jszak\u00e1ban, val\u00f3szer\u0171tlen\u00fcl s m\u00e9gis f\u00e9nyszer\u0171en, mert l\u00e1tni \u00e9s olvasni is lehet mellette. A remekm\u0171 legyen val\u00f3s\u00e1gos, pontos, okos, c\u00e9ltudatos, ar\u00e1nyos, gondosan megmunk\u00e1lt, h\u0171s\u00e9gesen kivitelezett \u2013 s legyen m\u00e9g valami m\u00e1s is. T\u00fcnd\u00e9ri is legyen. S minden \u00f6ntudatoss\u00e1g mellett \u00f6nfeledt is legyen. M\u00e9rn\u00f6ki szab\u00e1lyok szerint \u00e9p\u00fclj\u00f6n, de k\u00e1osz is legyen benne, egy k\u00e1v\u00e9skan\u00e1lra val\u00f3 az \u0151sk\u00f6db\u0151l, mely a csillagk\u00e9pek nyom\u00e1ban porzik, arany szemcs\u00e9kkel. T\u00fcnd\u00e9ri n\u00e9lk\u00fcl csak \u201enagy\u201d vagy \u201et\u00f6k\u00e9letes\u201d m\u0171vek vannak. Az igazi remekm\u0171 n\u00e9ha nem is olyan t\u00f6k\u00e9letes. Csak sug\u00e1rzik, a \u201ecsak \u00e1lom\u201d is benne van, a csillagok f\u00e9nye, a t\u00fcnd\u00e9ri. S a feladatnak ez a r\u00e9sze, amikor a m\u0171v\u00e9sz m\u00e1r nem tud m\u0171v\u00e9n seg\u00edteni; az utols\u00f3 ecsetvon\u00e1st, a t\u00fcnd\u00e9rit az Isten v\u00e9gzi el.\u201d<br>\n\n(M\u00e1rai S\u00e1ndor - F\u00fcves k\u00f6nyv)<br>\t\t\t\t\t<\/div>\n\t\t\t\t\n\t\t\t\t\t\t\t<\/div>\n\t\t\t\t\t\t<\/div>\n\t\t\t\t\t\t<\/div>\n\t\t\t\t<\/div>\n\t\t\t\t\t<\/div>\n\t\t<\/div>\n\t\t\t\t\t<\/div>\n\t\t<\/section>\n\t\t\t\t<\/div>","protected":false},"excerpt":{"rendered":"<p>A remekm\u0171r\u0151l \u00e9s a t\u00fcnd\u00e9rir\u0151l \u201cAhhoz, hogy egy emberi alkot\u00e1s remekbe siker\u00fclj\u00f6n, s id\u0151tlen ragyog\u00e1ssal k\u00e1pr\u00e1ztassa \u00e9s gy\u00f6ny\u00f6rk\u00f6dtesse az embereket, a tehets\u00e9g, a t\u00e9ma, a kivitel t\u00f6k\u00e9letess\u00e9ge mellett kell valami m\u00e1s is. A remekm\u0171ben van valamilyen t\u00fcnd\u00e9ri elem is, mely csod\u00e1latos f\u00e9ny\u00e9vel \u00e1tsug\u00e1rzik az eg\u00e9szen, oly gy\u00f6ng\u00e9den \u00e9s megejt\u0151en, mint ahogyan az \u00e9szaki f\u00e9ny vil\u00e1g\u00edt [&hellip;]<\/p>\n","protected":false},"author":1,"featured_media":0,"parent":0,"menu_order":0,"comment_status":"open","ping_status":"open","template":"","meta":{"site-sidebar-layout":"default","site-content-layout":"","ast-site-content-layout":"default","site-content-style":"default","site-sidebar-style":"default","ast-global-header-display":"","ast-banner-title-visibility":"","ast-main-header-display":"","ast-hfb-above-header-display":"","ast-hfb-below-header-display":"","ast-hfb-mobile-header-display":"","site-post-title":"","ast-breadcrumbs-content":"","ast-featured-img":"","footer-sml-layout":"","ast-disable-related-posts":"","theme-transparent-header-meta":"","adv-header-id-meta":"","stick-header-meta":"","header-above-stick-meta":"","header-main-stick-meta":"","header-below-stick-meta":"","astra-migrate-meta-layouts":"set","ast-page-background-enabled":"default","ast-page-background-meta":{"desktop":{"background-color":"","background-image":"","background-repeat":"repeat","background-position":"center center","background-size":"auto","background-attachment":"scroll","background-type":"","background-media":"","overlay-type":"","overlay-color":"","overlay-opacity":"","overlay-gradient":""},"tablet":{"background-color":"","background-image":"","background-repeat":"repeat","background-position":"center center","background-size":"auto","background-attachment":"scroll","background-type":"","background-media":"","overlay-type":"","overlay-color":"","overlay-opacity":"","overlay-gradient":""},"mobile":{"background-color":"","background-image":"","background-repeat":"repeat","background-position":"center center","background-size":"auto","background-attachment":"scroll","background-type":"","background-media":"","overlay-type":"","overlay-color":"","overlay-opacity":"","overlay-gradient":""}},"ast-content-background-meta":{"desktop":{"background-color":"var(--ast-global-color-5)","background-image":"","background-repeat":"repeat","background-position":"center center","background-size":"auto","background-attachment":"scroll","background-type":"","background-media":"","overlay-type":"","overlay-color":"","overlay-opacity":"","overlay-gradient":""},"tablet":{"background-color":"var(--ast-global-color-5)","background-image":"","background-repeat":"repeat","background-position":"center center","background-size":"auto","background-attachment":"scroll","background-type":"","background-media":"","overlay-type":"","overlay-color":"","overlay-opacity":"","overlay-gradient":""},"mobile":{"background-color":"var(--ast-global-color-5)","background-image":"","background-repeat":"repeat","background-position":"center center","background-size":"auto","background-attachment":"scroll","background-type":"","background-media":"","overlay-type":"","overlay-color":"","overlay-opacity":"","overlay-gradient":""}},"footnotes":""},"class_list":["post-2263","page","type-page","status-publish","hentry"],"yoast_head":"<!-- This site is optimized with the Yoast SEO Premium plugin v27.3 (Yoast SEO v27.3) - https:\/\/yoast.com\/product\/yoast-seo-premium-wordpress\/ -->\n<title>A remekm\u0171r\u0151l \u00e9s a t\u00fcnd\u00e9rir\u0151l -<\/title>\n<meta name=\"robots\" content=\"index, follow, max-snippet:-1, max-image-preview:large, max-video-preview:-1\" \/>\n<link rel=\"canonical\" href=\"https:\/\/tunderiportekak.hu\/de\/a-remekmurol-es-a-tunderirol\/\" \/>\n<meta property=\"og:locale\" content=\"de_DE\" \/>\n<meta property=\"og:type\" content=\"article\" \/>\n<meta property=\"og:title\" content=\"A remekm\u0171r\u0151l \u00e9s a t\u00fcnd\u00e9rir\u0151l\" \/>\n<meta property=\"og:description\" content=\"A remekm\u0171r\u0151l \u00e9s a t\u00fcnd\u00e9rir\u0151l \u201cAhhoz, hogy egy emberi alkot\u00e1s remekbe siker\u00fclj\u00f6n, s id\u0151tlen ragyog\u00e1ssal k\u00e1pr\u00e1ztassa \u00e9s gy\u00f6ny\u00f6rk\u00f6dtesse az embereket, a tehets\u00e9g, a t\u00e9ma, a kivitel t\u00f6k\u00e9letess\u00e9ge mellett kell valami m\u00e1s is. A remekm\u0171ben van valamilyen t\u00fcnd\u00e9ri elem is, mely csod\u00e1latos f\u00e9ny\u00e9vel \u00e1tsug\u00e1rzik az eg\u00e9szen, oly gy\u00f6ng\u00e9den \u00e9s megejt\u0151en, mint ahogyan az \u00e9szaki f\u00e9ny vil\u00e1g\u00edt [&hellip;]\" \/>\n<meta property=\"og:url\" content=\"https:\/\/tunderiportekak.hu\/de\/a-remekmurol-es-a-tunderirol\/\" \/>\n<meta property=\"article:modified_time\" content=\"2024-01-11T13:59:52+00:00\" \/>\n<meta name=\"twitter:card\" content=\"summary_large_image\" \/>\n<meta name=\"twitter:label1\" content=\"Gesch\u00e4tzte Lesezeit\" \/>\n\t<meta name=\"twitter:data1\" content=\"1\u00a0Minute\" \/>\n<script type=\"application\/ld+json\" class=\"yoast-schema-graph\">{\"@context\":\"https:\\\/\\\/schema.org\",\"@graph\":[{\"@type\":\"WebPage\",\"@id\":\"https:\\\/\\\/tunderiportekak.hu\\\/a-remekmurol-es-a-tunderirol\\\/\",\"url\":\"https:\\\/\\\/tunderiportekak.hu\\\/a-remekmurol-es-a-tunderirol\\\/\",\"name\":\"A remekm\u0171r\u0151l \u00e9s a t\u00fcnd\u00e9rir\u0151l -\",\"isPartOf\":{\"@id\":\"https:\\\/\\\/tunderiportekak.hu\\\/#website\"},\"datePublished\":\"2023-10-16T15:11:36+00:00\",\"dateModified\":\"2024-01-11T13:59:52+00:00\",\"breadcrumb\":{\"@id\":\"https:\\\/\\\/tunderiportekak.hu\\\/a-remekmurol-es-a-tunderirol\\\/#breadcrumb\"},\"inLanguage\":\"de\",\"potentialAction\":[{\"@type\":\"ReadAction\",\"target\":[\"https:\\\/\\\/tunderiportekak.hu\\\/a-remekmurol-es-a-tunderirol\\\/\"]}]},{\"@type\":\"BreadcrumbList\",\"@id\":\"https:\\\/\\\/tunderiportekak.hu\\\/a-remekmurol-es-a-tunderirol\\\/#breadcrumb\",\"itemListElement\":[{\"@type\":\"ListItem\",\"position\":1,\"name\":\"Home\",\"item\":\"https:\\\/\\\/tunderiportekak.hu\\\/\"},{\"@type\":\"ListItem\",\"position\":2,\"name\":\"A remekm\u0171r\u0151l \u00e9s a t\u00fcnd\u00e9rir\u0151l\"}]},{\"@type\":\"WebSite\",\"@id\":\"https:\\\/\\\/tunderiportekak.hu\\\/#website\",\"url\":\"https:\\\/\\\/tunderiportekak.hu\\\/\",\"name\":\"\",\"description\":\"Nemezcip\u0151 k\u00e9sz\u00edt\u0151 \u00e9lm\u00e9nyprogramok\",\"potentialAction\":[{\"@type\":\"SearchAction\",\"target\":{\"@type\":\"EntryPoint\",\"urlTemplate\":\"https:\\\/\\\/tunderiportekak.hu\\\/?s={search_term_string}\"},\"query-input\":{\"@type\":\"PropertyValueSpecification\",\"valueRequired\":true,\"valueName\":\"search_term_string\"}}],\"inLanguage\":\"de\"}]}<\/script>\n<!-- \/ Yoast SEO Premium plugin. -->","yoast_head_json":{"title":"A remekm\u0171r\u0151l \u00e9s a t\u00fcnd\u00e9rir\u0151l -","robots":{"index":"index","follow":"follow","max-snippet":"max-snippet:-1","max-image-preview":"max-image-preview:large","max-video-preview":"max-video-preview:-1"},"canonical":"https:\/\/tunderiportekak.hu\/de\/a-remekmurol-es-a-tunderirol\/","og_locale":"de_DE","og_type":"article","og_title":"A remekm\u0171r\u0151l \u00e9s a t\u00fcnd\u00e9rir\u0151l","og_description":"A remekm\u0171r\u0151l \u00e9s a t\u00fcnd\u00e9rir\u0151l \u201cAhhoz, hogy egy emberi alkot\u00e1s remekbe siker\u00fclj\u00f6n, s id\u0151tlen ragyog\u00e1ssal k\u00e1pr\u00e1ztassa \u00e9s gy\u00f6ny\u00f6rk\u00f6dtesse az embereket, a tehets\u00e9g, a t\u00e9ma, a kivitel t\u00f6k\u00e9letess\u00e9ge mellett kell valami m\u00e1s is. A remekm\u0171ben van valamilyen t\u00fcnd\u00e9ri elem is, mely csod\u00e1latos f\u00e9ny\u00e9vel \u00e1tsug\u00e1rzik az eg\u00e9szen, oly gy\u00f6ng\u00e9den \u00e9s megejt\u0151en, mint ahogyan az \u00e9szaki f\u00e9ny vil\u00e1g\u00edt [&hellip;]","og_url":"https:\/\/tunderiportekak.hu\/de\/a-remekmurol-es-a-tunderirol\/","article_modified_time":"2024-01-11T13:59:52+00:00","twitter_card":"summary_large_image","twitter_misc":{"Gesch\u00e4tzte Lesezeit":"1\u00a0Minute"},"schema":{"@context":"https:\/\/schema.org","@graph":[{"@type":"WebPage","@id":"https:\/\/tunderiportekak.hu\/a-remekmurol-es-a-tunderirol\/","url":"https:\/\/tunderiportekak.hu\/a-remekmurol-es-a-tunderirol\/","name":"A remekm\u0171r\u0151l \u00e9s a t\u00fcnd\u00e9rir\u0151l -","isPartOf":{"@id":"https:\/\/tunderiportekak.hu\/#website"},"datePublished":"2023-10-16T15:11:36+00:00","dateModified":"2024-01-11T13:59:52+00:00","breadcrumb":{"@id":"https:\/\/tunderiportekak.hu\/a-remekmurol-es-a-tunderirol\/#breadcrumb"},"inLanguage":"de","potentialAction":[{"@type":"ReadAction","target":["https:\/\/tunderiportekak.hu\/a-remekmurol-es-a-tunderirol\/"]}]},{"@type":"BreadcrumbList","@id":"https:\/\/tunderiportekak.hu\/a-remekmurol-es-a-tunderirol\/#breadcrumb","itemListElement":[{"@type":"ListItem","position":1,"name":"Home","item":"https:\/\/tunderiportekak.hu\/"},{"@type":"ListItem","position":2,"name":"A remekm\u0171r\u0151l \u00e9s a t\u00fcnd\u00e9rir\u0151l"}]},{"@type":"WebSite","@id":"https:\/\/tunderiportekak.hu\/#website","url":"https:\/\/tunderiportekak.hu\/","name":"","description":"Erlebnisprogramme Filzschuhherstellung","potentialAction":[{"@type":"SearchAction","target":{"@type":"EntryPoint","urlTemplate":"https:\/\/tunderiportekak.hu\/?s={search_term_string}"},"query-input":{"@type":"PropertyValueSpecification","valueRequired":true,"valueName":"search_term_string"}}],"inLanguage":"de"}]}},"_links":{"self":[{"href":"https:\/\/tunderiportekak.hu\/de\/wp-json\/wp\/v2\/pages\/2263","targetHints":{"allow":["GET"]}}],"collection":[{"href":"https:\/\/tunderiportekak.hu\/de\/wp-json\/wp\/v2\/pages"}],"about":[{"href":"https:\/\/tunderiportekak.hu\/de\/wp-json\/wp\/v2\/types\/page"}],"author":[{"embeddable":true,"href":"https:\/\/tunderiportekak.hu\/de\/wp-json\/wp\/v2\/users\/1"}],"replies":[{"embeddable":true,"href":"https:\/\/tunderiportekak.hu\/de\/wp-json\/wp\/v2\/comments?post=2263"}],"version-history":[{"count":1,"href":"https:\/\/tunderiportekak.hu\/de\/wp-json\/wp\/v2\/pages\/2263\/revisions"}],"predecessor-version":[{"id":3781,"href":"https:\/\/tunderiportekak.hu\/de\/wp-json\/wp\/v2\/pages\/2263\/revisions\/3781"}],"wp:attachment":[{"href":"https:\/\/tunderiportekak.hu\/de\/wp-json\/wp\/v2\/media?parent=2263"}],"curies":[{"name":"wp","href":"https:\/\/api.w.org\/{rel}","templated":true}]}}